{"id":95,"date":"2023-04-03T19:30:48","date_gmt":"2023-04-03T17:30:48","guid":{"rendered":"https:\/\/consolatozurigo.esteri.it\/?page_id=95"},"modified":"2024-05-20T12:53:34","modified_gmt":"2024-05-20T10:53:34","slug":"visti","status":"publish","type":"page","link":"https:\/\/consbuenosaires.esteri.it\/it\/servizi-consolari-e-visti\/servizi-per-il-cittadino-straniero\/visti\/","title":{"rendered":"Visti"},"content":{"rendered":"<p>Il Consolato Generale d\u2019Italia in Buenos Aires \u00e8 competente, per <strong><u>tutto il territorio argentino<\/u><\/strong>, al rilascio dei visti di ingresso in Italia ai cittadini stranieri soggetti all\u2019obbligo di Visto.<\/p>\n<p>I cittadini argentini e non in possesso della cittadinanza italiana non hanno bisogno di un visto per soggiorni di breve durata (fino a un massimo di 90 giorni ogni 180 giorni). Per poter rimanere sul territorio italiano sar\u00e0 sufficiente un passaporto in corso di validit\u00e0, ossia con una validit\u00e0 residua di almeno tre mesi dalla data prevista per la partenza dal territorio degli Stati membri dell&#8217;area Schengen e che non sia stato emesso da oltre dieci anni.<\/p>\n<p>I visti d\u2019ingresso rilasciati possono essere preliminarmente suddivisi in due principali categorie: i <strong>visti Schengen<\/strong>, che sono di <strong>breve soggiorno<\/strong>, con una <strong>durata massima di 90 giorni, ogni 180 giorni <\/strong>ed i <strong>visti nazionali<\/strong>, di <strong>lungo soggiorno<\/strong>, con una <strong>durata da 91 a 365 giorni<\/strong>, finalizzati ad uno stabile trasferimento in Italia da parte del richiedente (visti per lavoro, studio, motivi religiosi o familiari, ecc), attraverso il successivo ottenimento di una Carta o un Permesso di soggiorno, rilasciato dalla Questura italiana competente per territorio.<\/p>\n<p>Tutti i richiedenti di VSU (<a href=\"https:\/\/e-applicationvisa.esteri.it\/\">Visto Schengen Uniforme<\/a> (di tipo \u201cC\u201d), valido per il transito ed il soggiorno nel territorio di tutti gli Stati membri, con durata massima di 90 giorni ogni 180 giorni, a prescindere dal luogo di residenza, dovranno recarsi direttamente presso il Consolato Generale a Buenos Aires, poich\u00e9 si dovranno acquisire le relative impronte digitali.<\/p>\n<p>Per soggiorni superiori a 90 giorni, i cittadini stranieri devono invece fare richiesta di visto d\u2019ingresso nazionale, ad eccezione dei cittadini dei Paesi UE o appartenenti allo spazio Schengen, nonch\u00e9 della Citt\u00e0 del Vaticano e San Marino.<\/p>\n<p><strong>Documentazione<\/strong><strong>\u00a0<\/strong><\/p>\n<p>Si raccomanda di prendere attenta visione, sul sito ufficiale \u201c<a href=\"http:\/\/vistoperitalia.esteri.it\/obblighidoveri\/it\">Il Visto per l\u2019Italia<\/a>\u201d, dei diritti e doveri dello straniero relativi all\u2019ingresso e al soggiorno in Italia e nel resto del territorio Schengen, in base alla tipologia di visto posseduta.<\/p>\n<p>&nbsp;<\/p>\n<p><strong>Procedura<\/strong><\/p>\n<p><u>RESIDENTI PRESSO LE CIRCOSCRIZIONI CONSOLARI DI BUENOS AIRES, LOMAS DE ZAMORA, MORON E LA PLATA<\/u>: Gli interessati dovranno prenotare un appuntamento con il sistema <a href=\"https:\/\/prenotami.esteri.it\/\"><strong>Prenot@mi<\/strong><\/a> e seguire le indicazioni successive.<\/p>\n<p><u>RESIDENTI PRESSO LE ALTRE CIRCOSCRIZIONI CONSOLARI<\/u>:<\/p>\n<p>Gli interessati dovranno presentare la documentazione presso l\u2019Ufficio Consolare della rispettiva circoscrizione di residenza.<\/p>\n<p>I documenti saranno inviati al Consolato Generale in Buenos Aires che, dopo avere esaminato la domanda, in caso di esito favorevole, proceder\u00e0 all\u2019apposizione del visto e alla restituzione al Consolato competente.<\/p>\n<p>Gli interessati <u>RESIDENTI PRESSO LE ALTRE CIRCOSCRIZIONI CONSOLARI<\/u>, in caso di urgenza, possono anche prenotare un appuntamento con il sistema <a href=\"https:\/\/prenotami.esteri.it\/\"><strong>Prenot@mi<\/strong><\/a> e seguire le indicazioni successive.<\/p>\n<p>&nbsp;<\/p>\n<p><strong>Appuntamenti<\/strong><\/p>\n<p><strong>\u00a0<\/strong>Gli appuntamenti sono resi disponibili tramite il portale <a href=\"https:\/\/prenotami.esteri.it\/\"><strong>Prenot@mi<\/strong><\/a>.<\/p>\n<p><strong>\u00a0<\/strong><strong>Pagamento<\/strong><\/p>\n<p><strong>\u00a0<\/strong>La modalit\u00e0 del pagamento verr\u00e0 comunicata al richiedente del servizio dall\u2019Ufficio di competenza.<\/p>\n<p><strong>\u00a0<\/strong><strong>Email: <\/strong><a href=\"mailto:visti.buenosaires@esteri.it\"><strong>visti.buenosaires@esteri.it<\/strong><\/a><\/p>\n<p><strong>\u00a0<\/strong><\/p>\n<p>*Le informazioni fornite su questo sito si riferiscono unicamente ai titolari di documento di viaggio ordinario. I titolari di passaporto diplomatico o di servizio sono pregati di prendere contatto con le Rappresentanze Diplomatiche o Consolari italiane per ottenere le specifiche informazioni.<\/p>\n<p>* Le informazioni riportate nel sito, dirette a facilitare il cittadino straniero che intenda chiedere un visto per recarsi in Italia, hanno valore puramente indicativo e non esaustivo. Per ulteriori elementi, gli interessati possono rivolgersi direttamente alla Rappresentanza Diplomatica o Consolare italiana competente per il luogo di stabile residenza.<\/p>\n<p>&nbsp;<\/p>\n","protected":false},"excerpt":{"rendered":"Il Consolato Generale d\u2019Italia in Buenos Aires \u00e8 competente, per tutto il territorio argentino, al rilascio dei visti di ingresso in Italia ai cittadini stranieri soggetti all\u2019obbligo di Visto. I cittadini argentini e non in possesso della cittadinanza italiana non hanno bisogno di un visto per soggiorni di breve durata (fino a un massimo di [&hellip;]","protected":false},"author":1,"featured_media":0,"parent":62,"menu_order":0,"comment_status":"closed","ping_status":"closed","template":"","meta":{"footnotes":""},"class_list":["post-95","page","type-page","status-publish","hentry"],"_links":{"self":[{"href":"https:\/\/consbuenosaires.esteri.it\/it\/wp-json\/wp\/v2\/pages\/95","targetHints":{"allow":["GET"]}}],"collection":[{"href":"https:\/\/consbuenosaires.esteri.it\/it\/wp-json\/wp\/v2\/pages"}],"about":[{"href":"https:\/\/consbuenosaires.esteri.it\/it\/wp-json\/wp\/v2\/types\/page"}],"author":[{"embeddable":true,"href":"https:\/\/consbuenosaires.esteri.it\/it\/wp-json\/wp\/v2\/users\/1"}],"replies":[{"embeddable":true,"href":"https:\/\/consbuenosaires.esteri.it\/it\/wp-json\/wp\/v2\/comments?post=95"}],"version-history":[{"count":4,"href":"https:\/\/consbuenosaires.esteri.it\/it\/wp-json\/wp\/v2\/pages\/95\/revisions"}],"predecessor-version":[{"id":3966,"href":"https:\/\/consbuenosaires.esteri.it\/it\/wp-json\/wp\/v2\/pages\/95\/revisions\/3966"}],"up":[{"embeddable":true,"href":"https:\/\/consbuenosaires.esteri.it\/it\/wp-json\/wp\/v2\/pages\/62"}],"wp:attachment":[{"href":"https:\/\/consbuenosaires.esteri.it\/it\/wp-json\/wp\/v2\/media?parent=95"}],"curies":[{"name":"wp","href":"https:\/\/api.w.org\/{rel}","templated":true}]}}