{"id":9185,"date":"2025-10-31T11:07:37","date_gmt":"2025-10-31T14:07:37","guid":{"rendered":"https:\/\/consbuenosaires.esteri.it\/?page_id=9185"},"modified":"2026-02-27T10:14:41","modified_gmt":"2026-02-27T13:14:41","slug":"carta-didentita-elettronica-cie","status":"publish","type":"page","link":"https:\/\/consbuenosaires.esteri.it\/it\/servizi-consolari-e-visti\/servizi-per-il-cittadino-italiano\/carta-didentita-elettronica-cie\/","title":{"rendered":"Carta d\u2019Identit\u00e0 elettronica (CIE)"},"content":{"rendered":"<p>La Legge n.11\/2026, entrata in vigore lo scorso 19 febbraio, introduce la <strong>possibilit\u00e0 per il cittadino iscritto all\u2019Anagrafe degli Italiani Residenti all\u2019Estero (AIRE)<\/strong> \u2013 <u>a decorrere dal 1 giugno 2026<\/u> \u2013 di presentare domanda per il rilascio della carta d\u2019identit\u00e0 elettronica <strong>presso qualsiasi Comune italiano<\/strong>.<\/p>\n<p>La carta d\u2019identit\u00e0 sar\u00e0 consegnata con le medesime modalit\u00e0 previste in caso di domanda presentata tramite l\u2019Ufficio consolare, con facolt\u00e0 per l\u2019interessato d ritirarla personalmente presso il Comune ovvero di richiederne la spedizione all\u2019estero.<\/p>\n<ol>\n<li><strong>Che cos\u2019\u00e8 la CIE?<\/strong><\/li>\n<\/ol>\n<p>\u00c8 un documento personale di riconoscimento valido per identificarsi e circolare all\u2019interno dell\u2019Unione Europea, in alcuni Stati aderenti all\u2019accordo di Schengen (ad es. Islanda, Norvegia e Svizzera) e in altri Stati con cui sono stati raggiunti accordi bilaterali (vedasi le singole \u201cschede Paese\u201d sul sito\u00a0<a href=\"http:\/\/www.viaggiaresicuri.it\/\">www.viaggiaresicuri.it<\/a>).<\/p>\n<p>Con la CIE \u00e8 possibile altres\u00ec accedere ad alcuni servizi digitali della Pubblica Amministrazione (INPS, Comuni, Agenzia delle Entrate, \u201cIO App\u201d).<\/p>\n<p><strong><u>La CIE non sostituisce il passaporto n\u00e9 \u00e8 sufficiente per viaggiare dall\u2019Italia all\u2019Argentina e viceversa.<\/u><\/strong><\/p>\n<ol start=\"2\">\n<li><strong> A chi pu\u00f2 essere rilasciata la CIE?<br \/>\n<\/strong><\/li>\n<\/ol>\n<p>La richiesta pu\u00f2 essere presentata al Consolato Generale <strong><u>esclusivamente dai cittadini italiani regolarmente residenti in questa Circoscrizione Consolare<\/u><\/strong><u>\u00a0<strong>con iscrizione AIRE completata<\/strong><\/u> (si ricorda a questo proposito, che per iscrizione all\u2019AIRE si intende l\u2019iscrizione nel suddetto registro <u>da parte del Comune italiano competente).<\/u><\/p>\n<p><strong>Nel caso si sia cambiato indirizzo di residenza<\/strong>\u00a0(rispetto a quello comunicato in precedenza all\u2019Ufficio Consolare), \u00e8 necessario chiedere la variazione di indirizzo tramite il portale\u00a0<a href=\"https:\/\/serviziconsolarionline.esteri.it\/ScoFE\/index.sco\"><strong>FAST IT<\/strong><\/a>\u00a0<u>prima <\/u>di procedere alla richiesta di rilascio della CIE.<\/p>\n<p>In sintesi, ai fini dell\u2019emissione della CIE <strong>(<u>che non viene materialmente rilasciata dal Consolato Generale, bens\u00ec spedita all\u2019utente dall\u2019Italia, v. punto 10<\/u>)<\/strong>, \u00e8 indispensabile che il richiedente:<\/p>\n<ul>\n<li>sia cittadino italiano regolarmente residente nella Circoscrizione Consolare;<\/li>\n<li>sia iscritto AIRE e il suo nominativo sia inserito nell\u2019apposito applicativo da parte del Comune italiano di riferimento;<\/li>\n<li>abbia l\u2019atto di nascita trascritto in Italia, in quanto gli estremi della trascrizione devono essere riportati sulla CIE;<\/li>\n<li>abbia aggiornato il proprio indirizzo di residenza.<\/li>\n<\/ul>\n<ol start=\"3\">\n<li><strong> Quando si pu\u00f2 richiedere la CIE?<\/strong><\/li>\n<\/ol>\n<ul>\n<li>per primo rilascio;<\/li>\n<li>in caso di furto, smarrimento o deterioramento della precedente Carta d\u2019Identit\u00e0, cartacea o elettronica;<\/li>\n<li>in sostituzione di una Carta di Identit\u00e0 cartacea valida (<u>v. Avviso su Carta d\u2019Identit\u00e0 Cartacea<\/u>);<\/li>\n<\/ul>\n<ol start=\"4\">\n<li><strong> Come si richiede?<\/strong><\/li>\n<\/ol>\n<p>La richiesta deve essere presentata utilizzando esclusivamente la piattaforma\u00a0<a href=\"https:\/\/prenotami.esteri.it\/\">Prenot@Mi<\/a>.<\/p>\n<p><u>ATTENZIONE: nel caso in cui, a seguito di verifiche, emergessero elementi ostativi alla lavorazione della pratica (v. punto 2), il connazionale sar\u00e0 informato sulle motivazioni e dovr\u00e0 regolarizzare la propria posizione in base a quanto comunicato dal Consolato Generale. Soltanto una volta regolarizzata la propria posizione, potr\u00e0 ripetere la procedura sul portale <\/u><a href=\"https:\/\/prenotami.esteri.it\/\">Prenot@Mi<\/a><u>.<\/u><\/p>\n<ol start=\"5\">\n<li><strong> \u00c8 possibile chiedere l\u2019appuntamento per i figli minori?<\/strong><\/li>\n<\/ol>\n<p>S\u00ec.\u00a0In fase di prenotazione dell\u2019appuntamento bisogner\u00e0\u00a0<strong>compilare una scheda per ciascuna persona che richiede la CIE. <\/strong>Per maggiori informazioni sull\u2019assenso v. punto 9.<\/p>\n<ol start=\"6\">\n<li><strong> Qual \u00e8 la documentazione necessaria da portare con s\u00e9 al momento dell\u2019appuntamento per richiedere la CIE?<br \/>\n<\/strong><\/li>\n<\/ol>\n<p>Il richiedente deve presentarsi munito di:<\/p>\n<ol>\n<li>Modulo di richiesta della CIE compilato: <strong>\u00a0<a href=\"https:\/\/consbuenosaires.esteri.it\/wp-content\/uploads\/2025\/10\/CIE-Modello-maggiorennI.pdf\">Modulo per maggiorenne<\/a> &#8211; <a href=\"https:\/\/consbuenosaires.esteri.it\/wp-content\/uploads\/2025\/10\/CIE-Modello-minori.pdf\">Modulo per minorenne<\/a><\/strong><\/li>\n<li>Due fotografie formato tessera (3,5 cm x 4,0 cm) recenti e conformi agli\u00a0<strong><a href=\"https:\/\/consbuenosaires.esteri.it\/wp-content\/uploads\/2025\/10\/photograph_guidelines_it.pdf\"><u>standard internazionali ICAO<\/u><\/a><\/strong> (non digitali, a colori, su fondo bianco, che ritraggano il viso di fronte, a media distanza, con l\u2019arco sopraccigliare scoperto, espressione neutra e bocca chiusa);<\/li>\n<li>DNI argentino in corso di validit\u00e0 e\/o Carta d\u2019Identit\u00e0 italiana precedente;<\/li>\n<li>Dichiarazione di smarrimento\/furto della precedente Carta d\u2019Identit\u00e0 cartacea (CIC), se del caso (si attira l\u2019attenzione sulle conseguenze previste dalla normativa in caso di dichiarazione mendace);<\/li>\n<li>Atto di assenso di entrambi i genitori nel caso in cui il richiedente sia un minore (v. punto 9);<\/li>\n<li>Carta di debito Visa per il pagamento in pesos da effettuare in Consolato o ricevuta cartacea del bonifico effettuato nei tre giorni lavorativi precedenti l\u2019appuntamento (v. punto 7).<strong>\u00a0<\/strong><\/li>\n<\/ol>\n<ol start=\"7\">\n<li><strong> Pagamento<\/strong><\/li>\n<\/ol>\n<p><strong>\u00a0<\/strong>Il titolare dell\u2019appuntamento potr\u00e0\u00a0pagare:<\/p>\n<ul>\n<li><strong>tramite POS esclusivamente con Carta di debito Visa<\/strong> in sede di presentazione presso il Consolato (non sar\u00e0 possibile procedere con carte di credito, Prepago, Mercado Pago o altri circuiti). Pagando tramite POS, la commissione dell\u2019esercente (1% +IVA) sar\u00e0 a carico dell\u2019utente;<\/li>\n<li><strong>mediante bonifico bancario<\/strong>: in questo caso, occorrer\u00e0 presentare il giorno dell\u2019appuntamento la ricevuta\u00a0<strong>cartacea del pagamento<\/strong>. Nel bonifico \u2013 che dovr\u00e0 essere effettuato\u00a0nei tre giorni lavorativi precedenti a quello dell\u2019appuntamento \u2013 dovranno essere obbligatoriamente indicati i seguenti dati:<\/li>\n<\/ul>\n<p>CBU: 0340160200100586462020<br \/>\nCUIT Consolato: 30-69118445-1<br \/>\nCausale: Cognome e Nome del richiedente \u2013 rilascio CIE<\/p>\n<p>Il pagamento dovr\u00e0 essere effettuato in pesos argentini, per l\u2019importo vigente alla data dell\u2019appuntamento di ritiro, reperibile alla pagina web di questo Consolato Generale, al seguente link:\u00a0<a href=\"https:\/\/consbuenosaires.esteri.it\/it\/servizi-consolari-e-visti\/servizi-per-il-cittadino-italiano\/altri-servizi\/tariffe-consolari\/\"><strong>Tariffe Consolari<\/strong><\/a><\/p>\n<ol start=\"8\">\n<li><strong>Quali operazioni saranno effettuate il giorno dell\u2019appuntamento?<\/strong><\/li>\n<\/ol>\n<p>L\u2019operatore acquisir\u00e0 la documentazione indicata al punto 6, effettuer\u00e0 il riconoscimento del richiedente, la verifica della foto ed acquisir\u00e0 le sue impronte digitali e la sua firma.<\/p>\n<ol start=\"9\">\n<li><strong>Che cos\u2019\u00e8 l\u2019atto di assenso per i minori?<\/strong><\/li>\n<\/ol>\n<p>Per il <strong>rilascio della CIE ai minori <\/strong>\u2013 cos\u00ec come avviene per il passaporto &#8211; permane invariato <u>l\u2019obbligo di presentare il consenso di entrambi i genitori o di chi esercita la responsabilit\u00e0 genitoriale.<\/u><\/p>\n<p>Il consenso pu\u00f2 essere espresso in una delle seguenti modalit\u00e0:<\/p>\n<ul>\n<li>personalmente in Consolato, il giorno dell\u2019appuntamento, presentando un proprio documento d\u2019identit\u00e0 valido (in originale e copia semplice);<\/li>\n<li>presso un Ufficio della Pubblica Amministrazione italiana autorizzato all\u2019autentica di firme (ad esempio Questura o altra Sede diplomatica\/consolare);<\/li>\n<li>tramite atto notarile redatto davanti a un notaio argentino, legalizzato con Apostille e tradotto in italiano.<\/li>\n<\/ul>\n<p>I genitori cittadini di un Paese dell\u2019Unione Europea possono invece esprimere il consenso compilando, firmando e presentando l\u2019apposito <strong><a href=\"https:\/\/consbuenosaires.esteri.it\/wp-content\/uploads\/2025\/10\/CIE-Atto-di-assenso.pdf\">modulo<\/a><\/strong>\u00a0 e allegando la copia di un documento d\u2019identit\u00e0 valido emesso da un Paese UE, sul quale sia visibile la firma del dichiarante.<\/p>\n<p>In presenza di un pericolo attuale e concreto che, a causa del trasferimento all\u2019estero, un genitore possa sottrarsi ai propri obblighi verso i figli, l\u2019altro genitore pu\u00f2 chiedere al giudice competente di inibire il rilascio del documento.<\/p>\n<p>Si ricorda che a partire dal 14 giugno 2023, in base al D.L. 69\/2023, non \u00e8 pi\u00f9 richiesto il consenso dell\u2019altro genitore per il rilascio del proprio documento di identit\u00e0 (CIE o passaporto).<\/p>\n<ol start=\"10\">\n<li><strong> Come si riceve la Carta d\u2019identit\u00e0 elettronica?<\/strong><\/li>\n<\/ol>\n<p>La Carta d\u2019Identit\u00e0 Elettronica <strong><u>non viene rilasciata\/consegnata dal Consolato Generale.<\/u><\/strong><\/p>\n<p>La CIE \u00e8 emessa dal Ministero dell\u2019Interno e prodotta in Italia dall\u2019Istituto Poligrafico e Zecca dello Stato che la <strong><u>spedisce tramite Poste Italiane, a mezzo posta raccomandata, all\u2019indirizzo di residenza dichiarato dal richiedente<\/u><\/strong>.<\/p>\n<p>Il connazionale potr\u00e0 seguire la spedizione autonomamente online, attraverso il codice di tracciamento, che sar\u00e0 consegnato ai richiedenti il giorno dell\u2019appuntamento.<\/p>\n<p>Nel caso di <strong>consegna errata o di assenza del connazionale il giorno della consegna<\/strong>, \u00e8 prevista una giacenza presso l\u2019Ufficio Postale di Correo Argentino, la cui durata varia (si raccomanda all\u2019utente di verificare direttamente con il servizio postale) al termine della quale il plico contenente la CIE viene rispedito in Italia.<\/p>\n<p><u>Si raccomanda pertanto di monitorare con attenzione lo stato della spedizione.<\/u><\/p>\n<p><u>Il Consolato Generale non si fa carico di eventuali problemi di spedizione, per i quali \u00e8 necessario rivolgersi a Poste Italiane.<\/u><\/p>\n<p><u>La competenza del Consolato Generale termina il giorno dell\u2019appuntamento con l\u2019invio della richiesta della CIE in Italia. Eventuali ulteriori quesiti in merito alla CIE dovranno essere diretti all\u2019indirizzo e-mail dedicato del Ministero dell\u2019Interno: cie.cittadini@interno.it<\/u><\/p>\n<ol start=\"11\">\n<li><strong> Quanto tempo vale la CIE?<\/strong><\/li>\n<\/ol>\n<p>La validit\u00e0 della Carta d\u2018identit\u00e0 varia a seconda dell\u2019et\u00e0 del titolare:<\/p>\n<p>\u2013 3 anni per i minori di et\u00e0 compresa tra 0 e 3 anni (non compiuti);<br \/>\n\u2013 5 anni per i minori di et\u00e0 compresa tra 3 e 18 anni (non compiuti);<br \/>\n\u2013 10 anni di validit\u00e0 per i maggiorenni.<\/p>\n<p><strong>12. Devo chiedere una nuova carta se cambio indirizzo?<br \/>\n<\/strong>No. La carta d\u2019identit\u00e0 \u00e8 un documento di identit\u00e0 e non di residenza.<\/p>\n<p style=\"text-align: center;\" align=\"center\"><strong><u><span style=\"font-size: 14.0pt; font-family: 'Tahoma',sans-serif; color: red; background: white;\"><strong><u>AVVISO<\/u><\/strong><\/span><\/u><\/strong><\/p>\n<p style=\"text-align: justify;\" align=\"center\"><strong><u><span style=\"font-size: 14.0pt; font-family: 'Tahoma',sans-serif; color: red; background: white;\"><strong><u>Le carte d\u2019identit\u00e0 cartacee (CIC) italiane non saranno pi\u00f9 valide a partire dal 3 agosto 2026.<\/u><\/strong><\/span><\/u><\/strong><\/p>\n<p style=\"text-align: justify;\" align=\"center\"><u><span style=\"font-size: 14.0pt; font-family: 'Tahoma',sans-serif; color: red; background: white;\">I connazionali iscritti all\u2019AIRE presso questo Consolato Generale in possesso di CIC <strong><u>con scadenza successiva alla data del 3 agosto 2026<\/u><\/strong> sono invitati a prenotare un appuntamento per il rilascio della Carta d\u2019Identit\u00e0 elettronica attraverso il portale\u00a0<a href=\"https:\/\/prenotami.esteri.it\/\">Prenot@Mi<\/a>, nel quale \u00e8 stato creato un apposito servizio <strong><u>\u201cSostituzione Carta d\u2019Identita\u2019 cartacea vigente con Carta d\u2019Identit\u00e0 elettronica\u201d).<\/u><\/strong><\/span><\/u><\/p>\n<p style=\"text-align: justify;\" align=\"center\"><u><span style=\"font-size: 14.0pt; font-family: 'Tahoma',sans-serif; color: red; background: white;\">L\u2019utente &#8211; nei campi obbligatori \u2013 dovr\u00e0 indicare il<\/span><\/u><strong><u><span style=\"font-size: 14.0pt; font-family: 'Tahoma',sans-serif; color: red; background: white;\"><strong><u>numero della Carta d\u2019Identit\u00e0 cartacea della quale \u00e8 in possesso<\/u><\/strong><\/span><\/u><\/strong><u><span style=\"font-size: 14.0pt; font-family: 'Tahoma',sans-serif; color: red; background: white;\">e caricarne <\/span><\/u><strong><u><span style=\"font-size: 14.0pt; font-family: 'Tahoma',sans-serif; color: red; background: white;\"><strong><u>copia scansionata<\/u><\/strong><u>.<\/u><\/span><\/u><\/strong><\/p>\n<p style=\"text-align: justify;\" align=\"center\"><u><span style=\"font-size: 14.0pt; font-family: 'Tahoma',sans-serif; color: red; background: white;\"><u>L\u2019utente che intenda sostituire la Carta d\u2019Identit\u00e0 cartacea con quella elettronica dovr\u00e0 effettuare il relativo pagamento (v. punto 7).<\/u><\/span><\/u><\/p>\n<p style=\"text-align: justify;\">e-mail dell\u2019Ufficio: <a href=\"mailto:consgenbuenosaires.cie@esteri.it\">consgenbuenosaires.cie@esteri.it<\/a><\/p>\n<p style=\"text-align: justify;\">Per maggiori informazioni, si prega di consultare la normativa di riferimento.<\/p>\n","protected":false},"excerpt":{"rendered":"La Legge n.11\/2026, entrata in vigore lo scorso 19 febbraio, introduce la possibilit\u00e0 per il cittadino iscritto all\u2019Anagrafe degli Italiani Residenti all\u2019Estero (AIRE) \u2013 a decorrere dal 1 giugno 2026 \u2013 di presentare domanda per il rilascio della carta d\u2019identit\u00e0 elettronica presso qualsiasi Comune italiano. La carta d\u2019identit\u00e0 sar\u00e0 consegnata con le medesime modalit\u00e0 previste [&hellip;]","protected":false},"author":6,"featured_media":0,"parent":59,"menu_order":0,"comment_status":"closed","ping_status":"closed","template":"","meta":{"footnotes":""},"class_list":["post-9185","page","type-page","status-publish","hentry"],"_links":{"self":[{"href":"https:\/\/consbuenosaires.esteri.it\/it\/wp-json\/wp\/v2\/pages\/9185","targetHints":{"allow":["GET"]}}],"collection":[{"href":"https:\/\/consbuenosaires.esteri.it\/it\/wp-json\/wp\/v2\/pages"}],"about":[{"href":"https:\/\/consbuenosaires.esteri.it\/it\/wp-json\/wp\/v2\/types\/page"}],"author":[{"embeddable":true,"href":"https:\/\/consbuenosaires.esteri.it\/it\/wp-json\/wp\/v2\/users\/6"}],"replies":[{"embeddable":true,"href":"https:\/\/consbuenosaires.esteri.it\/it\/wp-json\/wp\/v2\/comments?post=9185"}],"version-history":[{"count":6,"href":"https:\/\/consbuenosaires.esteri.it\/it\/wp-json\/wp\/v2\/pages\/9185\/revisions"}],"predecessor-version":[{"id":10379,"href":"https:\/\/consbuenosaires.esteri.it\/it\/wp-json\/wp\/v2\/pages\/9185\/revisions\/10379"}],"up":[{"embeddable":true,"href":"https:\/\/consbuenosaires.esteri.it\/it\/wp-json\/wp\/v2\/pages\/59"}],"wp:attachment":[{"href":"https:\/\/consbuenosaires.esteri.it\/it\/wp-json\/wp\/v2\/media?parent=9185"}],"curies":[{"name":"wp","href":"https:\/\/api.w.org\/{rel}","templated":true}]}}