{"id":91,"date":"2023-04-03T19:29:59","date_gmt":"2023-04-03T17:29:59","guid":{"rendered":"https:\/\/consolatozurigo.esteri.it\/?page_id=91"},"modified":"2024-10-16T19:32:16","modified_gmt":"2024-10-16T17:32:16","slug":"autoveicoli-e-patenti-di-guida","status":"publish","type":"page","link":"https:\/\/consbuenosaires.esteri.it\/it\/servizi-consolari-e-visti\/servizi-per-il-cittadino-italiano\/autoveicoli-e-patenti-di-guida\/","title":{"rendered":"Autoveicoli e Patenti di guida"},"content":{"rendered":"<p><span style=\"text-decoration: underline;\"><strong>Rinnovo\/Conversione Patente di Guida Italiana<\/strong><\/span><\/p>\n<p><strong>Requisiti<\/strong><\/p>\n<p>Il rinnovo della patente italiana pu\u00f2 essere richiesto <span style=\"text-decoration: underline;\">esclusivamente<\/span> da cittadini italiani residenti in questa circoscrizione consolare e regolarmente iscritti all\u2019AIRE, ovvero da cittadini dimoranti all\u2019estero per un periodo di almeno 6 mesi, o da cittadini iscritti nello schedario consolare con procedura avviata d&#8217;iscrizione all\u2019AIRE.<\/p>\n<p><span style=\"text-decoration: underline;\">Per poter rinnovare la patente, la stessa non deve essere scaduta da oltre 5 anni<\/span>.<\/p>\n<p>&nbsp;<\/p>\n<p><strong>Documentazione<\/strong><\/p>\n<p>L\u2019interessato dovr\u00e0 presentarsi munito di:<\/p>\n<ul>\n<li>documento valido di identit\u00e0 (DNI, C\u00e9dula Mercosur, passaporto e\/o carta di\u2019identit\u00e0 italiana);<\/li>\n<li>una prova di effettiva residenza nella circoscrizione consolare (quale DNI anche se provvisorio o utenze);<\/li>\n<li>patente guida in originale + 1 fotocopia;<\/li>\n<li>certificato medico rilasciato da medico di riferimento di questo Consolato Generale. *Il certificato medico \u00e8 a pagamento, a carico del richiedente e il costo va corrisposto direttamente al medico.<\/li>\n<\/ul>\n<p>I medici di riferimento del Consolato sono:<\/p>\n<p><strong>Dr. EDUARDO MANZINI<br \/>\n<\/strong>Callao 492 \u2013 8\u00ba \u201cA\u201d<br \/>\nC1022AAR C.A. Buenos Aires<br \/>\nTelefono: 4371-8812<br \/>\nCellulare: 15\u00a0 4420-4011<\/p>\n<p><strong>Dr. GUSTAVO MAID<\/strong><br \/>\nPer\u00f3n 4190 &#8211;\u00a0Buenos Aires<br \/>\nTelefono: 6064-4544<br \/>\nCellulare: 15 5341 7025<\/p>\n<p>&nbsp;<\/p>\n<p><span style=\"text-decoration: underline;\"><strong>Richiesta Radiazione dal PRA (Pubblico Registro Automobilistico)<\/strong><\/span><\/p>\n<p>In caso di richiesta di radiazione per definitiva esportazione all\u2019estero l\u2019interessato\/avente titolo dovr\u00e0 presentare all\u2019Ufficio Notarile i seguenti documenti:<\/p>\n<ul>\n<li>nota di presentazione della formalit\u00e0 &#8211; se in possesso del Certificato di Propriet\u00e0, come nota viene utilizzato il retro del Certificato. In assenza del Certificato di propriet\u00e0 dovr\u00e0 utilizzare la nota NP3 C in doppio originale, scaricabile dal <strong><a href=\"http:\/\/www.aci.it\/i-servizi\/guide-utili\/guida-pratiche-auto.html\">sito.<\/a><\/strong> La nota deve essere compilata e sottoscritta dall\u2019intestatario\/avente titolo;<\/li>\n<li>fotocopia della carta di circolazione estera emessa dallo Stato dove il veicolo esportato \u00e8 stato reimmatricolato o attestazione di avvenuto ritiro della carta di circolazione italiana a seguito di reimmatricolazione estera rilasciato dalle competenti autorit\u00e0. Se il veicolo \u00e8 stato esportato in un Paese extra Unione Europea, occorre anche la traduzione dei suddetti documenti.<\/li>\n<li>carta di circolazione italiana in originale &#8211; i Paesi extra UE in alcuni casi possono restituire la carta di circolazione originale italiana.\u00a0 In tali casi si dovr\u00e0 presentare la carta di circolazione in originale;<\/li>\n<li>certificato di Propriet\u00e0 (CdP)\/Foglio Complementare &#8211; se il CdP e\u2019 stato ritirato dall\u2019autorit\u00e0 estera che ha reimmatricolato il veicolo. Il titolare deve sottoscrivere una Dichiarazione sostitutiva di atto notorio in cui si dichiara che il CdP \u00e8 stato ritirato dalle autorit\u00e0 estere;<\/li>\n<li>targhe &#8211; in caso di radiazione effettuata dopo la re-immatricolazione all\u2019estero non \u00e8 necessario restituire le targhe originarie italiane. Qualora il titolare presentasse le targhe italiane, perch\u00e9 le Autorit\u00e0 estere le hanno restituite alla parte in fase di re immatricolazione, il Consolato provvede al ritiro ed alla distruzione inviando al PRA una dichiarazione di avvenuto ritiro e distruzione;<\/li>\n<li>titolo di vendita &#8211; se la radiazione \u00e8 presentata da un soggetto non intestatario al PRA dovr\u00e0 essere allegato il titolo di vendita in originale;<\/li>\n<li>fotocopia del documento di identit\u00e0\/riconoscimento;<\/li>\n<li>copia della ricevuta del vaglia internazionale o del bonifico bancario.<\/li>\n<\/ul>\n<p>&nbsp;<\/p>\n<p><strong>Appuntamenti<br \/>\n<\/strong><\/p>\n<p>Gli appuntamenti sono resi disponibili ogni settimana, da domenica a gioved\u00ec, alle ore 19, tramite il portale <a href=\"https:\/\/prenotami.esteri.it\/\"><strong>Prenot@mi<\/strong><\/a> con l\u2019opzione \u201c<strong>Notarile<\/strong>\u201d.<\/p>\n<p>L\u2019appuntamento \u00e8 virtuale, in quanto nel giorno indicato dovr\u00e0 essere consegnata la documentazione in formato word via email (<a href=\"mailto:notarile.buenosaires@esteri.it\">notarile.buenosaires@esteri.it<\/a>). Solo in un secondo momento, a seguito di contatto da parte dell\u2019Ufficio, si potr\u00e0 consegnare la documentazione in cartaceo.<\/p>\n<p>&nbsp;<\/p>\n<p><strong>Pagamento<\/strong><\/p>\n<p>La modalit\u00e0 del pagamento verr\u00e0 comunicata al richiedente del servizio dall\u2019Ufficio di competenza.<\/p>\n<p><strong><a href=\"https:\/\/www.aci.it\/i-servizi\/guide-utili\/guida-pratiche-auto\/esportazione.html\">Ulteriori informazioni<\/a><\/strong><\/p>\n<p>&nbsp;<\/p>\n<p><span style=\"text-decoration: underline;\"><span class=\"text\">Informazioni utili su altre pratiche non realizzate da questo Consolato Generale:<\/span><\/span><\/p>\n<p><strong>Validit\u00e0 della patente Italiana per residenti temporanei<\/strong><\/p>\n<p>Per circolare temporaneamente in Argentina occorre essere in possesso della patente internazionale (permesso internazionale di guida) accompagnata da quella italiana in corso di validit\u00e0. Lo scopo della patente internazionale \u00e8 quello di fornire alle Autorit\u00e0 straniere l&#8217;esatta interpretazione della patente di guida in possesso del titolare.<\/p>\n<p>La patente internazionale, o permesso internazionale, \u00e8 un documento per guidare in tutti i Paesi europei ed in alcuni extra-europei. Viene rilasciata dagli Uffici della motorizzazione e deve essere sempre accompagnata dalla patente italiana in corso di validit\u00e0.<\/p>\n<p>Analogamente per brevi soggiorni in Italia (ad esempio per vacanze) \u00e8 sufficiente munirsi della patente di guida (tradotta in italiano e legalizzata) da esibire a richiesta degli organi di sicurezza italiani. In caso di rientro definitivo, si pu\u00f2 guidare in Italia con la patente straniera fino ad un anno massimo dalla data di rientro, dopodich\u00e9 occorrer\u00e0 richiedere la sostituzione della patente estera ottenuta in sede di conversione.<\/p>\n<p>&nbsp;<\/p>\n<p><strong>Conversione della Patente di Guida italiana in &#8220;Registro de Conducir&#8221; argentino<\/strong><\/p>\n<p>Coloro che trasferiscono la residenza dall\u2019Italia all\u2019Argentina possono richiedere la conversione della patente di guida italiana in \u201clicencia de conducir argentina\u201d senza sostenere esami. <span style=\"text-decoration: underline;\">La richiesta va presentata alla <a href=\"https:\/\/buenosaires.gob.ar\">DIRECCI\u00d3N DE TR\u00c1NSITO<\/a><\/span>.<\/p>\n<p>L\u2019utente che desideri procedere alla conversione della sua patente di guida italiana in Argentina, al fine di ottenere l\u2019attestazione contenente i dati della patente di cui \u00e8 titolare, dovr\u00e0 presentare, direttamente o tramite delegato, apposita istanza presso gli Uffici della Motorizzazione Civile, corredata della documentazione attestante il versamento dell&#8217;imposta di bollo e dei diritti previsti da disposizioni di legge.<\/p>\n<p>Visto che tale attivit\u00e0 di certificazione non \u00e8 legata n\u00e9 al luogo di residenza del richiedente, n\u00e9 all&#8217;Ufficio della Motorizzazione Civile che ha rilasciato la patente, sar\u00e0 possibile rivolgersi indifferentemente a qualsiasi Ufficio della Motorizzazione sul territorio italiano.<\/p>\n<p>Tale certificato, per avere valore legale, deve essere \u201cApostillato\u201d in Italia e dovr\u00e0 essere tradotto in Argentina da un traduttore pubblico. Ove richiesto, questo Consolato provveder\u00e0 ad autenticare la firma del delegante.<\/p>\n<p><strong>Documentazione<\/strong><\/p>\n<ul>\n<li>certificato rilasciato dalla Policia Federal attestante il domicilio in CABA;<\/li>\n<li>passaporto e DNI;<\/li>\n<li>patente Italiana e traduzione allo spagnolo da traduttore pubblico;<\/li>\n<li>certificato, rilasciato dall\u2019Ufficio della Motorizzazione italiana che ha emesso la patente, che attesti la validit\u00e0 della stessa, apostillato in Italia e tradotto allo spagnolo da traduttore pubblico.<\/li>\n<\/ul>\n<p>*<span style=\"text-decoration: underline;\">La validit\u00e0 di tale documento (&#8220;Registro de conducir&#8221;) coincide con la scadenza del visto temporaneo di entrata in Argentina.<\/span><\/p>\n<p>&nbsp;<\/p>\n<p><strong>Conversione del &#8220;Registro de Conducir argentino&#8221; in Patente di Guida italiana<\/strong><\/p>\n<p>Al fine di poter svolgere presso le competenti Autorit\u00e0 italiane le pratiche relative alla conversione della patente argentina in quella italiana, <span style=\"text-decoration: underline;\">il titolare dovr\u00e0 presentare presso la Rappresentanza Consolare della Repubblica Argentina in territorio italiano<\/span>:<\/p>\n<ul>\n<li>\u201ccertificado de legalidad\u201d emesso dalla \u201cDirecci\u00f3n de Tr\u00e1nsito\u201d che a suo tempo ha rilasciato la patente guida. *Tale Certificato dovr\u00e0 essere apostillado dal Ministerio de Relaciones Exteriores o Colegio de Escribanos e tradotto al italiano;<\/li>\n<li>passaporto argentino in corso di validit\u00e0 e\/o DNI + fotocopia;<\/li>\n<li>certificato di residenza italiano (rilasciato dal Comune competente territorialmente).<\/li>\n<\/ul>\n<p>*<span style=\"text-decoration: underline;\">Si prega comunque di confermare i requisiti sopra riportati direttamente ai recapiti delle Rappresentanze Consolari Argentine in Italia competente territorialmente in base alla residenza del richiedente.<\/span><\/p>\n","protected":false},"excerpt":{"rendered":"Rinnovo\/Conversione Patente di Guida Italiana Requisiti Il rinnovo della patente italiana pu\u00f2 essere richiesto esclusivamente da cittadini italiani residenti in questa circoscrizione consolare e regolarmente iscritti all\u2019AIRE, ovvero da cittadini dimoranti all\u2019estero per un periodo di almeno 6 mesi, o da cittadini iscritti nello schedario consolare con procedura avviata d&#8217;iscrizione all\u2019AIRE. Per poter rinnovare la [&hellip;]","protected":false},"author":1,"featured_media":0,"parent":59,"menu_order":16,"comment_status":"closed","ping_status":"closed","template":"","meta":{"footnotes":""},"class_list":["post-91","page","type-page","status-publish","hentry"],"_links":{"self":[{"href":"https:\/\/consbuenosaires.esteri.it\/it\/wp-json\/wp\/v2\/pages\/91","targetHints":{"allow":["GET"]}}],"collection":[{"href":"https:\/\/consbuenosaires.esteri.it\/it\/wp-json\/wp\/v2\/pages"}],"about":[{"href":"https:\/\/consbuenosaires.esteri.it\/it\/wp-json\/wp\/v2\/types\/page"}],"author":[{"embeddable":true,"href":"https:\/\/consbuenosaires.esteri.it\/it\/wp-json\/wp\/v2\/users\/1"}],"replies":[{"embeddable":true,"href":"https:\/\/consbuenosaires.esteri.it\/it\/wp-json\/wp\/v2\/comments?post=91"}],"version-history":[{"count":4,"href":"https:\/\/consbuenosaires.esteri.it\/it\/wp-json\/wp\/v2\/pages\/91\/revisions"}],"predecessor-version":[{"id":5371,"href":"https:\/\/consbuenosaires.esteri.it\/it\/wp-json\/wp\/v2\/pages\/91\/revisions\/5371"}],"up":[{"embeddable":true,"href":"https:\/\/consbuenosaires.esteri.it\/it\/wp-json\/wp\/v2\/pages\/59"}],"wp:attachment":[{"href":"https:\/\/consbuenosaires.esteri.it\/it\/wp-json\/wp\/v2\/media?parent=91"}],"curies":[{"name":"wp","href":"https:\/\/api.w.org\/{rel}","templated":true}]}}