{"id":875,"date":"2023-06-07T20:07:06","date_gmt":"2023-06-07T18:07:06","guid":{"rendered":"https:\/\/consbuenosaires.esteri.it\/?page_id=875"},"modified":"2023-06-07T20:07:06","modified_gmt":"2023-06-07T18:07:06","slug":"elezioni-europee","status":"publish","type":"page","link":"https:\/\/consbuenosaires.esteri.it\/it\/servizi-consolari-e-visti\/servizi-per-il-cittadino-italiano\/servizi-elettorali\/elezioni-europee\/","title":{"rendered":"Elezioni Europee"},"content":{"rendered":"<p>Ai sensi del Decreto-legge 24 giugno 1994, n. 408 possono votare all\u2019estero per l\u2019elezione dei rappresentanti italiani al Parlamento europeo:<\/p>\n<ul>\n<li>i cittadini italiani residenti in uno Stato dell\u2019Unione europea e regolarmente iscritti all\u2019AIRE;<\/li>\n<li>i cittadini italiani ed i familiari con essi conviventi che si trovano temporaneamente nei Paesi UE per motivi di studio o di lavoro, presentando &#8211; entro i termini di legge &#8211; apposita domanda al Sindaco del Comune italiano nelle cui liste elettorali sono iscritti.<\/li>\n<\/ul>\n<p>Il voto all\u2019estero per i rappresentanti italiani si esercita presso i seggi appositamente istituiti dagli Uffici consolari. L\u2019elettore riceve a casa da parte del Ministero dell\u2019Interno italiano il certificato elettorale, con l\u2019indicazione del seggio presso il quale votare, della data e dell\u2019orario delle votazioni.<\/p>\n<p>Qualora l\u2019elettore non riceva il certificato elettorale entro il 5\u00b0 giorno antecedente quello delle votazioni, potr\u00e0 contattare l\u2019Ufficio consolare competente per verificare la propria posizione elettorale e richiedere il certificato sostitutivo per l\u2019ammissione al voto.<\/p>\n<p>L\u2019elettore italiano residente all\u2019estero o temporaneamente in un Paese dell\u2019UE per motivi di studio o lavoro (che abbia presentato domanda di voto all\u2019estero nei termini previsti), se rientra in Italia, pu\u00f2 votare presso il proprio Comune di iscrizione elettorale: in tal caso deve farne esplicita richiesta, entro il giorno precedente quello della votazione, al Sindaco del suddetto Comune.<\/p>\n<p>L\u2019elettore italiano residente all\u2019estero pu\u00f2 anche optare per il voto per i candidati del Paese in cui risiede; in tal caso voter\u00e0 presso i seggi istituiti dalle Autorit\u00e0 del Paese di residenza estera.<\/p>\n<p>Il doppio voto \u00e8 vietato: se si vota\u00a0 a favore di un candidato italiano non si potr\u00e0 esprimere il voto anche per il candidato locale e viceversa.<\/p>\n<p>&nbsp;<\/p>\n<p><strong>Voto dei temporanei all&#8217;estero in paesi extra-UE<\/strong><\/p>\n<p>In occasione delle ultime votazioni, all\u2019elezione dei rappresentanti italiani per il Parlamento Europeo hanno partecipato &#8211; in virt\u00f9 di un provvedimento normativo ad hoc, valido esclusivamente per la consultazione del 2009 &#8211; anche le seguenti categorie di elettori temporaneamente in Paesi extra-europei per motivi di servizio, che hanno espresso il proprio voto per corrispondenza:<\/p>\n<ul>\n<li>appartenenti\u00a0 alle\u00a0 Forze\u00a0 armate\u00a0 e\u00a0 alle\u00a0 Forze\u00a0 di\u00a0 polizia temporaneamente\u00a0 fuori\u00a0 dal territorio dell&#8217;Unione europea in quanto impegnati nello svolgimento di missioni internazionali;<\/li>\n<li>dipendenti\u00a0 di\u00a0 Amministrazioni\u00a0 dello\u00a0 Stato, di regioni o di province\u00a0 autonome,\u00a0 temporaneamente fuori dal territorio dell&#8217;Unione europea per motivi di servizio, qualora la durata prevista della loro permanenza all&#8217;estero, secondo quanto attestato dall&#8217;Amministrazione di\u00a0 appartenenza,\u00a0 sia\u00a0 superiore\u00a0 a\u00a0 tre\u00a0 mesi, nonch\u00e9, qualora non iscritti alle anagrafi dei cittadini italiani residenti all&#8217;estero, i loro familiari conviventi;<\/li>\n<li>professori\u00a0 universitari, ordinari ed associati, ricercatori e professori\u00a0 aggregati, di cui all&#8217;articolo 1, comma 10, della legge 4 novembre\u00a0 2005,\u00a0 n.\u00a0 230,\u00a0 che\u00a0 si\u00a0 trovano\u00a0 in\u00a0 servizio\u00a0 fuori\u00a0 dal territorio\u00a0 dell&#8217;Unione\u00a0 europea\u00a0 presso\u00a0 istituti\u00a0 universitari e di ricerca\u00a0 per\u00a0 una\u00a0 durata complessiva all&#8217;estero di almeno sei mesi e che,\u00a0 alla\u00a0 data\u00a0 del\u00a0 decreto\u00a0 del\u00a0 Presidente\u00a0 della\u00a0 Repubblica di convocazione\u00a0 dei\u00a0 comizi,\u00a0 si trovano all&#8217;estero da almeno tre mesi, nonch\u00e9,\u00a0 qualora\u00a0 non iscritti nelle anagrafi dei cittadini italiani all&#8217;estero, i loro familiari conviventi.<\/li>\n<\/ul>\n","protected":false},"excerpt":{"rendered":"Ai sensi del Decreto-legge 24 giugno 1994, n. 408 possono votare all\u2019estero per l\u2019elezione dei rappresentanti italiani al Parlamento europeo: i cittadini italiani residenti in uno Stato dell\u2019Unione europea e regolarmente iscritti all\u2019AIRE; i cittadini italiani ed i familiari con essi conviventi che si trovano temporaneamente nei Paesi UE per motivi di studio o di [&hellip;]","protected":false},"author":5,"featured_media":0,"parent":88,"menu_order":0,"comment_status":"closed","ping_status":"closed","template":"","meta":{"footnotes":""},"class_list":["post-875","page","type-page","status-publish","hentry"],"_links":{"self":[{"href":"https:\/\/consbuenosaires.esteri.it\/it\/wp-json\/wp\/v2\/pages\/875","targetHints":{"allow":["GET"]}}],"collection":[{"href":"https:\/\/consbuenosaires.esteri.it\/it\/wp-json\/wp\/v2\/pages"}],"about":[{"href":"https:\/\/consbuenosaires.esteri.it\/it\/wp-json\/wp\/v2\/types\/page"}],"author":[{"embeddable":true,"href":"https:\/\/consbuenosaires.esteri.it\/it\/wp-json\/wp\/v2\/users\/5"}],"replies":[{"embeddable":true,"href":"https:\/\/consbuenosaires.esteri.it\/it\/wp-json\/wp\/v2\/comments?post=875"}],"version-history":[{"count":0,"href":"https:\/\/consbuenosaires.esteri.it\/it\/wp-json\/wp\/v2\/pages\/875\/revisions"}],"up":[{"embeddable":true,"href":"https:\/\/consbuenosaires.esteri.it\/it\/wp-json\/wp\/v2\/pages\/88"}],"wp:attachment":[{"href":"https:\/\/consbuenosaires.esteri.it\/it\/wp-json\/wp\/v2\/media?parent=875"}],"curies":[{"name":"wp","href":"https:\/\/api.w.org\/{rel}","templated":true}]}}