{"id":87,"date":"2023-04-03T19:29:13","date_gmt":"2023-04-03T17:29:13","guid":{"rendered":"https:\/\/consolatozurigo.esteri.it\/?page_id=87"},"modified":"2025-01-08T16:16:27","modified_gmt":"2025-01-08T15:16:27","slug":"assistenza-ai-cittadini-allestero","status":"publish","type":"page","link":"https:\/\/consbuenosaires.esteri.it\/it\/servizi-consolari-e-visti\/servizi-per-il-cittadino-italiano\/assistenza-ai-cittadini-allestero\/","title":{"rendered":"Assistenza ai cittadini all&#8217;estero"},"content":{"rendered":"<p><span style=\"text-decoration: underline;\">L&#8217;Ufficio Assistenza ricever\u00e0 il pubblico senza previo appuntamento il mercoled\u00ec dalle ore 9 alle ore 13.<\/span><\/p>\n<p>L&#8217;apertura \u00e8 rivolta a coloro che devono effettuare gli accertamenti delle condizioni di ammissibilit\u00e0 per ricevere dal Consolato Generale un aiuto di tipo economico (denominato \u201csussidio\u201d) o di altro tipo (ricovero in una struttura di tipo geriatrica, assistenza medica, ecc.).<\/p>\n<p>&nbsp;<\/p>\n<p>Gli interessati possono presentarsi personalmente, senza appuntamento, muniti di:<\/p>\n<ul>\n<li>documento d\u2019identit\u00e0 in corso di validit\u00e0 (originale e copia);<\/li>\n<li>passaporto italiano (se in corso di validit\u00e0);<\/li>\n<li>ricevute delle entrate di tutto il gruppo familiare convivente: stipendi, pensioni argentine o straniere, affitti, ecc.;<\/li>\n<li>CUIL di tutti gli adulti conviventi che non possiedano ricevuta di entrate proprie;<\/li>\n<li>ricevute di tutti i pagamenti effettuati per la casa di ognuna delle utenze (gas, luce, acqua, telefono fisso e cellulare) e delle tasse provinciali e municipali;<\/li>\n<li>ricevuta di affitto (se del caso);<\/li>\n<li>certificato medico;<\/li>\n<li>certificato di spese mediche (che indichino eventuali spese di trasporto, medicine, assistenza, ecc.);<\/li>\n<li>CBU.<\/li>\n<\/ul>\n<p>&nbsp;<\/p>\n<p>Possono presentare una richiesta all\u2019Ufficio Assistenza i cittadini italiani che:<\/p>\n<ol>\n<li>risultino essere residenti in via permanente nella circoscrizione consolare di Buenos Aires, pertanto in possesso di regolare DNI;<\/li>\n<li>cittadini temporaneamente presenti in questa circoscrizione consolare (per es. per motivi di studio o lavoro per un periodo non superiore ai 6 mesi, ovvero turisti);<\/li>\n<\/ol>\n<p>*<span style=\"text-decoration: underline;\">Nel caso di cittadini italiani di passaggio, l\u2019Ufficio valuter\u00e0 caso per caso l\u2019effettiva necessit\u00e0 ed urgenza del servizio richiesto<\/span>.<\/p>\n<p>&nbsp;<\/p>\n<p><strong>Email: <a href=\"mailto:assistenza.buenosaires@esteri.it\">assistenza.buenosaires@esteri.it<\/a><\/strong><\/p>\n<p>&nbsp;<\/p>\n<p><strong><a href=\"https:\/\/www.esteri.it\/it\/servizi-consolari-e-visti\/italiani-all-estero\/assistenzacittadiniestero\/\">Ulteriori informazioni<\/a><\/strong><\/p>\n","protected":false},"excerpt":{"rendered":"L&#8217;Ufficio Assistenza ricever\u00e0 il pubblico senza previo appuntamento il mercoled\u00ec dalle ore 9 alle ore 13. L&#8217;apertura \u00e8 rivolta a coloro che devono effettuare gli accertamenti delle condizioni di ammissibilit\u00e0 per ricevere dal Consolato Generale un aiuto di tipo economico (denominato \u201csussidio\u201d) o di altro tipo (ricovero in una struttura di tipo geriatrica, assistenza medica, [&hellip;]","protected":false},"author":1,"featured_media":0,"parent":59,"menu_order":8,"comment_status":"closed","ping_status":"closed","template":"","meta":{"footnotes":""},"class_list":["post-87","page","type-page","status-publish","hentry"],"_links":{"self":[{"href":"https:\/\/consbuenosaires.esteri.it\/it\/wp-json\/wp\/v2\/pages\/87","targetHints":{"allow":["GET"]}}],"collection":[{"href":"https:\/\/consbuenosaires.esteri.it\/it\/wp-json\/wp\/v2\/pages"}],"about":[{"href":"https:\/\/consbuenosaires.esteri.it\/it\/wp-json\/wp\/v2\/types\/page"}],"author":[{"embeddable":true,"href":"https:\/\/consbuenosaires.esteri.it\/it\/wp-json\/wp\/v2\/users\/1"}],"replies":[{"embeddable":true,"href":"https:\/\/consbuenosaires.esteri.it\/it\/wp-json\/wp\/v2\/comments?post=87"}],"version-history":[{"count":2,"href":"https:\/\/consbuenosaires.esteri.it\/it\/wp-json\/wp\/v2\/pages\/87\/revisions"}],"predecessor-version":[{"id":6046,"href":"https:\/\/consbuenosaires.esteri.it\/it\/wp-json\/wp\/v2\/pages\/87\/revisions\/6046"}],"up":[{"embeddable":true,"href":"https:\/\/consbuenosaires.esteri.it\/it\/wp-json\/wp\/v2\/pages\/59"}],"wp:attachment":[{"href":"https:\/\/consbuenosaires.esteri.it\/it\/wp-json\/wp\/v2\/media?parent=87"}],"curies":[{"name":"wp","href":"https:\/\/api.w.org\/{rel}","templated":true}]}}