{"id":85,"date":"2023-04-03T19:28:49","date_gmt":"2023-04-03T17:28:49","guid":{"rendered":"https:\/\/consolatozurigo.esteri.it\/?page_id=85"},"modified":"2025-02-11T19:10:50","modified_gmt":"2025-02-11T18:10:50","slug":"anagrafe-degli-italiani-residenti-allestero-aire","status":"publish","type":"page","link":"https:\/\/consbuenosaires.esteri.it\/it\/servizi-consolari-e-visti\/servizi-per-il-cittadino-italiano\/anagrafe-degli-italiani-residenti-allestero-aire\/","title":{"rendered":"Anagrafe degli Italiani residenti all\u2019estero (A.I.R.E.)"},"content":{"rendered":"<p><strong>L&#8217;iscrizione all&#8217;Anagrafe degli Italiani Residenti all&#8217;Estero (A.I.R.E.) \u00e8 un diritto-dovere di ogni cittadino italiano. \u00c8 altres\u00ec un requisito di legge registrarsi nell\u2019anagrafe consolare e mantenere il proprio fascicolo personale aggiornato, comunicando, ad esempio, cambi di domicilio, di stato civile, trasferimenti, rimpatri ecc.<\/strong><\/p>\n<p>Questo Ufficio del Consolato Generale esamina e invia le richieste dei cittadini al competente Comune in Italia per l\u2019iscrizione o l\u2019aggiornamento della posizione A.I.R.E. o per comunicare un rientro in Italia.<\/p>\n<p><strong>Tutti gli utenti, inclusi i residenti presso le Circoscrizioni del Vice Consolato Onorario a San Isidro, ed i Corrispondenti Consolari a Tres de Febrero, Zarate e Merlo dovranno creare un profilo utente personale tramite il<\/strong>\u00a0<strong>portale\u00a0\u201c<\/strong><a href=\"https:\/\/serviziconsolarionline.esteri.it\/\"><strong>Fast It<\/strong><\/a><strong>\u201d<\/strong><strong>. I cittadini residenti all\u2019interno della circoscrizione del Vice Consolato Onorario a San Isidro, avranno anche la possibilit\u00e0 di richiedere l\u2019iscrizione o l\u2019aggiornamento della posizione nell\u2019Anagrafe degli Italiani Residenti all\u2019Estero (A.I.R.E.) presso il VCO.<\/strong><\/p>\n<p>\u00c8 importante che, al momento della registrazione sul portale, i dati anagrafici siano indicati in modo corretto e dettagliato, senza includere caratteri speciali (ad esempio, \u00d1).<\/p>\n<p>Una volta conclusa la registrazione si potr\u00e0 accedere al portale e, nella sezione &#8220;<span style=\"text-decoration: underline;\">Registro Consolare e A.I.R.E.<\/span>&#8220;, saranno disponibili i seguenti servizi:<\/p>\n<ul>\n<li>richiesta di iscrizione all&#8217;Anagrafe degli Italiani all&#8217;Estero (A.I.R.E.);<\/li>\n<li>visualizzazione della propria scheda anagrafica;<\/li>\n<li>comunicazione di variazione di residenza;<\/li>\n<\/ul>\n<p>&nbsp;<\/p>\n<p>\u00c8 inoltre possibile presentare la propria dichiarazione di trasferimento\/rimpatrio definitivo in Italia tramite email a <a href=\"mailto:buenosaires.fastit@esteri.it\">buenosaires.fastit@esteri.it<\/a>, indicando nell&#8217;oggetto: <strong><span style=\"text-decoration: underline;\">TRASFERIMENTO\/RIMPATRIO in Italia<\/span> <\/strong>e allegando la documentazione di seguito:<\/p>\n<ul>\n<li><strong><a href=\"https:\/\/consbuenosaires.esteri.it\/wp-content\/uploads\/2023\/05\/Modulo-trasferimento-rimpatrio-in-Italia.pdf\">dichiarazione di trasferimento\/rimpatrio<\/a><\/strong>, che andr\u00e0 compilato in tutti i campi e sottoscritto;<\/li>\n<li>copia di un documento d\u2019identit\u00e0 in corso di validit\u00e0.<strong><br \/>\n<\/strong><\/li>\n<\/ul>\n<p>A seguito di questa procedura, il cittadino italiano potr\u00e0 richiedere il <span style=\"text-decoration: underline;\">Rimpatrio di masserizie<\/span>.<\/p>\n<p>&nbsp;<\/p>\n<p>Si ricorda di visionare gli <a href=\"https:\/\/consbuenosaires.esteri.it\/it\/news\/dal_consolato\/2024\/01\/aggiornamenti-normativi-su-regime-sanzionatorio-per-mancata-iscrizione-allaire\/\">AGGIORNAMENTI NORMATIVI SU REGIME SANZIONATORIO PER MANCATA ISCRIZIONE ALL\u2019A.I.R.E.<\/a><\/p>\n<p>&nbsp;<\/p>\n<p><strong>Email dell&#8217;Ufficio: <a href=\"mailto:buenosaires.fastit@esteri.it\">buenosaires.fastit@esteri.it<\/a><\/strong><\/p>\n<p><a href=\"https:\/\/www.youtube.com\/playlist?list=PLjJM0zO_UjsxXlAnyrDQW9jJvxHnXhIy1\"><strong>Vedi i video tutorial<\/strong><\/a><\/p>\n<p><a href=\"https:\/\/www.esteri.it\/it\/servizi-consolari-e-visti\/italiani-all-estero\/aire_0\/\"><strong>Ulteriori informazioni<\/strong><\/a><\/p>\n","protected":false},"excerpt":{"rendered":"L&#8217;iscrizione all&#8217;Anagrafe degli Italiani Residenti all&#8217;Estero (A.I.R.E.) \u00e8 un diritto-dovere di ogni cittadino italiano. \u00c8 altres\u00ec un requisito di legge registrarsi nell\u2019anagrafe consolare e mantenere il proprio fascicolo personale aggiornato, comunicando, ad esempio, cambi di domicilio, di stato civile, trasferimenti, rimpatri ecc. Questo Ufficio del Consolato Generale esamina e invia le richieste dei cittadini al [&hellip;]","protected":false},"author":1,"featured_media":0,"parent":59,"menu_order":4,"comment_status":"closed","ping_status":"closed","template":"","meta":{"footnotes":""},"class_list":["post-85","page","type-page","status-publish","hentry"],"_links":{"self":[{"href":"https:\/\/consbuenosaires.esteri.it\/it\/wp-json\/wp\/v2\/pages\/85","targetHints":{"allow":["GET"]}}],"collection":[{"href":"https:\/\/consbuenosaires.esteri.it\/it\/wp-json\/wp\/v2\/pages"}],"about":[{"href":"https:\/\/consbuenosaires.esteri.it\/it\/wp-json\/wp\/v2\/types\/page"}],"author":[{"embeddable":true,"href":"https:\/\/consbuenosaires.esteri.it\/it\/wp-json\/wp\/v2\/users\/1"}],"replies":[{"embeddable":true,"href":"https:\/\/consbuenosaires.esteri.it\/it\/wp-json\/wp\/v2\/comments?post=85"}],"version-history":[{"count":6,"href":"https:\/\/consbuenosaires.esteri.it\/it\/wp-json\/wp\/v2\/pages\/85\/revisions"}],"predecessor-version":[{"id":6254,"href":"https:\/\/consbuenosaires.esteri.it\/it\/wp-json\/wp\/v2\/pages\/85\/revisions\/6254"}],"up":[{"embeddable":true,"href":"https:\/\/consbuenosaires.esteri.it\/it\/wp-json\/wp\/v2\/pages\/59"}],"wp:attachment":[{"href":"https:\/\/consbuenosaires.esteri.it\/it\/wp-json\/wp\/v2\/media?parent=85"}],"curies":[{"name":"wp","href":"https:\/\/api.w.org\/{rel}","templated":true}]}}