{"id":8090,"date":"2025-07-02T18:12:33","date_gmt":"2025-07-02T16:12:33","guid":{"rendered":"https:\/\/consbuenosaires.esteri.it\/?page_id=8090"},"modified":"2026-03-03T10:45:46","modified_gmt":"2026-03-03T13:45:46","slug":"acquisto-della-cittadinanza-per-beneficio-di-legge-figli-minori-nati-allestero","status":"publish","type":"page","link":"https:\/\/consbuenosaires.esteri.it\/it\/servizi-consolari-e-visti\/servizi-per-il-cittadino-straniero\/cittadinanza\/acquisto-della-cittadinanza-per-beneficio-di-legge-figli-minori-nati-allestero\/","title":{"rendered":"Acquisto della cittadinanza per \u201cbeneficio di legge\u201d (figli minori nati all\u2019estero)"},"content":{"rendered":"<p><strong>Normativa e requisiti<\/strong><\/p>\n<p>In due casi, previsti dal comma 1-bis dell\u2019articolo 4 della legge n. 91\/1992 e dall\u2019articolo 1, comma 1-ter della legge n. 74\/2025, i <strong>figli minorenni nati all\u2019estero<\/strong> da genitore cittadino che non trasmette automaticamente la cittadinanza possono acquistare la cittadinanza italiana per \u201cbeneficio di legge\u201d.<\/p>\n<p>Il <strong>minore<\/strong> che eventualmente ne benefici, <strong>non<\/strong> sar\u00e0 <strong>cittadino per nascita<\/strong> o <em>iure sanguinis<\/em>.<\/p>\n<p>Egli, in base all\u2019articolo 15 della legge n. 91\/1992, non acquista la cittadinanza dal giorno della nascita, ma dal giorno successivo alla presentazione della dichiarazione prevista dalla legge.<\/p>\n<p><a name=\"primo-caso\"><\/a><strong>Il Primo Caso<\/strong> (<u>comma 1-bis dell\u2019articolo 4 della legge n. 91\/1992<\/u>) prevede i seguenti requisiti che devono essere posseduti <strong>congiuntamente<\/strong>:<\/p>\n<ul>\n<li><strong>uno dei genitori \u00e8<\/strong> <strong>cittadino <u>per nascita<\/u>. <\/strong>Si escludono quindi i casi di cittadini per naturalizzazione ai sensi dell\u2019articolo 9 della legge n. 91\/1992 o \u201cper beneficio di legge\u201d ai sensi dell\u2019articolo 4 della legge n. 91\/1992 o per matrimonio ai sensi dell\u2019articolo 5 della legge n. 91\/1992 o dell\u2019articolo 10 della legge n. 555\/1912 o per <em>iuris communicatio<\/em>.<\/li>\n<li><strong><u>entrambi<\/u><\/strong> i genitori (incluso il genitore eventualmente straniero) o il tutore presentano una <strong>dichiarazione di volont\u00e0 di acquisto della cittadinanza entro <span style=\"text-decoration: underline;\">tre anni<\/span> dalla nascita<\/strong> (o dalla data successiva in cui \u00e8 stabilita la filiazione da cittadino italiano o in cui \u00e8 decisa l\u2019adozione da parte di cittadino italiano durante la minore et\u00e0 del figlio). In caso di riconoscimento della filiazione in tempi successivi da parte di genitori entrambi cittadini italiani per nascita, il termine di <span style=\"text-decoration: underline;\"><strong>tre anni<\/strong><\/span> decorrer\u00e0 dal primo riconoscimento (perch\u00e9 gi\u00e0 il primo riconoscimento comporta la trasmissione della cittadinanza). Se invece avviene prima il riconoscimento da parte di genitore straniero (o cittadino italiano non per nascita ma ad altro titolo), il termine di <strong><span style=\"text-decoration: underline;\">tre anni<\/span><\/strong>\u00a0 sar\u00e0 computato a partire dal riconoscimento da parte del secondo genitore cittadino per nascita.<\/li>\n<li><strong>La dichiarazione di volont\u00e0 di acquisto della cittadinanza deve essere formale e avvenire di persona, alla presenza del dipendente del Consolato Generale delegato all\u2019esercizio delle funzioni di Stato Civile.<\/strong> Se i genitori non rendono la dichiarazione contestualmente, il requisito di legge si considera soddisfatto alla data in cui \u00e8 presentata la dichiarazione del secondo genitore. Se la filiazione (anche adottiva) \u00e8 stabilita nei confronti di una sola persona (o se l\u2019altro genitore \u00e8 deceduto), sar\u00e0 sufficiente la dichiarazione di un solo genitore.<\/li>\n<\/ul>\n<p>Nel caso di stabilimento della residenza legale del minore in Italia, la dichiarazione pu\u00f2 essere presentata anche successivamente al termine di <span style=\"text-decoration: underline;\"><strong>tre anni<\/strong><\/span> dalla nascita, ma la residenza deve perdurare per almeno due anni continuativi dopo la dichiarazione di volont\u00e0 di acquisto della cittadinanza presentata dai genitori.<\/p>\n<p><strong><span style=\"text-decoration: underline;\">In questo caso non \u00e9 dovuto alcun pagamento.<\/span><\/strong><\/p>\n<p><a name=\"secondo-caso\"><\/a><strong>Il secondo caso<\/strong> <strong>(<u>comma 1-ter dell\u2019articolo 1 della legge n. 74\/2025<\/u>) <\/strong>si applica quando sussistono <strong>tutte <\/strong>le condizioni seguenti:<\/p>\n<ul>\n<li>persone <strong><u>minorenni alla data di entrata in vigore della legge 74\/2025, <\/u><\/strong>cio\u00e8 persone che non avevano compiuto il 18\u00b0 anno di et\u00e0 al <strong>24 maggio 2025<\/strong>;<\/li>\n<li><strong>figli di cittadini <u>per nascita<\/u><\/strong> <strong>che si trovano nelle condizioni previste dalle lettere a), a-bis) e b) dell\u2019articolo 3-bis della legge n. 91\/1992. <\/strong>In altri termini, i genitori devono essere riconosciuti cittadini sulla base di domanda amministrativa o giudiziale presentata entro le 23:59 (ora italiana) del 27 marzo 2025 o sulla base di domanda presentata sulla base di appuntamento comunicato dall\u2019Ufficio consolare o dal Comune entro la medesima data;<\/li>\n<li><strong><u>la dichiarazione dei genitori o del tutore deve essere presentata all\u2019Ufficio consolare entro il 31 maggio 2029. Se l\u2019interessato, minorenne alla data del 24 maggio 2025, diviene nel frattempo maggiorenne, la dichiarazione dovr\u00e0 essere presentata da lui personalmente entro il medesimo termine.<\/u><\/strong><\/li>\n<\/ul>\n<p><strong><u>Anche in questo caso non \u00e8 dovuto alcun pagamento.<\/u><\/strong><\/p>\n<p>Eventuali richieste di rimborso del pagamento di 250 euro effettuato tramite bonifico al Ministero dell\u2019Interno dovranno essere presentate al Consolato Generale d\u2019Italia a Buenos Aires \u2013 all\u2019indirizzo <a href=\"mailto:buenosaires.statociv@esteri.it\"><strong>buenosaires.statociv@esteri.it<\/strong><\/a> &#8211; utilizzando l\u2019apposito\u00a0<a href=\"https:\/\/consbuenosaires.esteri.it\/wp-content\/uploads\/2025\/12\/Modello-richiesta-rimborso-contributo-cittadinanza_0.pdf\">\u201c<em>modello richiesta rimborso contributo cittadinanza<\/em>\u201d<\/a>. Il Consolato Generale provveder\u00e0 all\u2019inoltro al competente Ministero dell\u2019Interno.<\/p>\n<p>Per ulteriori informazioni sull\u2019istanza di richiesta del rimborso, si prega di consultare la pagina web del Ministero dell\u2019Interno\u00a0<a href=\"https:\/\/libertaciviliimmigrazione.dlci.interno.gov.it\/notizie\/richiedere-il-rimborso-il-contributo-di-cittadinanza\">https:\/\/libertaciviliimmigrazione.dlci.interno.gov.it\/notizie\/richiedere-il-rimborso-il-contributo-di-cittadinanza<\/a><\/p>\n<p>Le dichiarazioni di cui ai casi precedenti dovranno essere rese di presenza in Consolato davanti al dipendente delegato alle funzioni di Stato Civile. A tal fine il Consolato Generale ha predisposto sul portale \u201cFast It\u201d due nuovi servizi:<\/p>\n<ul>\n<li>Atto di nascita &#8211; Art. 4, c. 1-bis L. 91\/1992<\/li>\n<li>Atto di nascita &#8211; Art. 1, c. 1-ter D.L. 36\/2025<\/li>\n<\/ul>\n<p>Nel primo servizio (\u201cAtto di nascita &#8211; Art. 4, c. 1-bis L. 91\/1992\u201d) rientrano le richieste relative al \u201c<a href=\"https:\/\/consbuenosaires.esteri.it\/it\/servizi-consolari-e-visti\/servizi-per-il-cittadino-straniero\/cittadinanza\/acquisto-della-cittadinanza-per-beneficio-di-legge-figli-minori-nati-allestero#primo-caso\"><strong>primo caso<\/strong><\/a>\u201d precedentemente descritto.<\/p>\n<p>Nel secondo servizio (\u201cAtto di Nascita &#8211; Art. 1 c. 1-ter D.L. 36\/2025\u201d) rientrano le richieste relative al \u201c<a href=\"https:\/\/consbuenosaires.esteri.it\/it\/servizi-consolari-e-visti\/servizi-per-il-cittadino-straniero\/cittadinanza\/acquisto-della-cittadinanza-per-beneficio-di-legge-figli-minori-nati-allestero#secondo-caso\"><strong>secondo caso<\/strong><\/a>\u201d. <strong><u>La scadenza perentoria di presentazione dell\u2019istanza, in questo caso, \u00e8 il 31 maggio 2029.<\/u><\/strong><\/p>\n<p style=\"text-align: justify;\">Nel caso in cui l\u2019interessato non fosse ancora registrato al portale <strong><a href=\"https:\/\/serviziconsolari.esteri.it\">FastIt<\/a><\/strong>, dovr\u00e0 preliminarmente effettuare la registrazione seguendo il link indicato. Una volta registrato nel portale, dovr\u00e0 accedere e richiedere la visualizzazione della scheda anagrafica oppure procedere con l\u2019iscrizione all\u2019AIRE, al termine di una di queste procedure, verr\u00e0 generato un codice di richiesta. Successivamente, sar\u00e0 necessario inviare una e-mail all\u2019indirizzo <strong>consgenbuenosaires.consolare@esteri.it<\/strong>, indicando nell\u2019oggetto il nome e il cognome del richiedente (minorenne) unitamente al codice di richiesta. In allegato, dovr\u00e0 essere trasmesso l\u2019atto di nascita del minore per il quale si richiede l\u2019acquisto della cittadinanza italiana per \u201cBeneficio di Legge\u201d<\/p>\n<p>Una volta verificata la correttezza formale e sostanziale della documentazione, verr\u00e0 inviato all\u2019interessato un <strong>\u201cCodice Pratica\u201d<\/strong> con il quale si dovr\u00e0 richiedere un appuntamento attraverso il portale <strong><a href=\"https:\/\/prenotami.esteri.it\">Prenot@mi<\/a><\/strong> per il servizio<strong> \u201cAcquisto della cittadinanza per beneficio di legge (figli minorenni nati all\u2019estero) &#8211; Art. 4, c. 1-bis L. 91\/1992 e Art. 1 c. 1-ter D.L. 36\/2025\u201d<\/strong>.<\/p>\n<p>Entrambi i genitori del minore (o lo stesso richiedente minorenne al 24.05.2025 ma maggiorenne al giorno dell\u2019appuntamento) dovranno presentarsi in Consolato presentando la documentazione richiesta &#8211; di seguito descritta.<\/p>\n<p>Il dipendente delegato alle funzioni di Stato Civile verifica la correttezza formale e sostanziale della documentazione e in tal caso controfirma la richiesta dei genitori.<\/p>\n<p><span style=\"text-decoration: underline;\"><strong>Documentazione<\/strong><\/span><\/p>\n<p>Documentazione necessaria per avviare la pratica di acquisto della cittadinanza per beneficio di legge, da caricare sul portale Fast-It:<\/p>\n<ol>\n<li><a href=\"https:\/\/consbuenosaires.esteri.it\/wp-content\/uploads\/2025\/08\/b_-_dichiarazione_-_autocertificazione_per_laccesso_ai_servizi_consolari_-_integrato_con_privacy.pdf\"><strong>autocertificazione<\/strong><\/a>\u00a0debitamente compilata e firmata (nel caso in cui non si conosca il Comune di riferimento in Italia, il relativo campo pu\u00f2 essere non completato);<\/li>\n<li>copia del DNI fronte\/retro di tutto il nucleo familiare (ove risulti lo stesso indirizzo);<\/li>\n<li>documentazione attestante la residenza nella Circoscrizione consolare di Buenos Aires (luce, gas, telefono fisso, internet, TV via cavo, o contratto d\u2019affitto registrato su ARCA (Ex-AFIP);<\/li>\n<li>Documentazione relativa al richiedente:<\/li>\n<\/ol>\n<ul>\n<li style=\"list-style-type: none;\">\n<ul>\n<li><strong>atti di Stato Civile (nascita) <\/strong>o \u201c<em>partidas<\/em>\u201d (non certificati):\n<ul>\n<li style=\"list-style-type: none;\">\n<ul>\n<li>emessi con sistema GEDO con traduzione integrale (sia dell\u2019atto che della firma digitale emessa dal locale ufficio del \u201cRegistro Civil\u201d) o emessi con firma olografata muniti di Apostille digitale emessa dal Ministero degli Affari Esteri o dal Colegio de Escribanos con traduzione integrale (sia dell\u2019atto che dell\u2019Apostille Digitale).<\/li>\n<li>apostillati se formati in uno Stato diverso dall\u2019Argentina;<\/li>\n<li>tradotti in italiano (la traduzione dovr\u00e0 essere effettuata nello Stato dove l\u2019atto \u00e8 formato e debitamente legalizzata se non effettuata in Argentina);<\/li>\n<\/ul>\n<\/li>\n<\/ul>\n<\/li>\n<\/ul>\n<\/li>\n<\/ul>\n<ul>\n<li style=\"list-style-type: none;\">\n<ul>\n<li><strong>eventuali sentenze<\/strong> (ad esempio di adozione*, riconoscimento giudiziale) dovranno essere presentate:\n<ul>\n<li style=\"list-style-type: none;\">\n<ul>\n<li>in originale e in formato integrale (devono riportare <em>AUTOS; VISTOS; CONSIDERANDO; FALLO<\/em>);<\/li>\n<li>recanti \u201cAttestazione di passaggio in giudicato\u201d (vale a dire che la sentenza \u00e8 \u201c<em>FIRME<\/em>\u201d, o \u201c<em>CONSENTIDA<\/em>\u201d, o \u201c<em>EJECUTORIADA<\/em>\u201d o che riveste il carattere di \u201c<em>COSA JUZGADA<\/em>\u201d, con indicazione della data a partire dalla quale la sentenza \u00e8 definitiva);<\/li>\n<li>apostillate;<\/li>\n<li>tradotte in lingua italiana (la traduzione dovr\u00e0 essere effettuata nello Stato dove l\u2019atto \u00e8 formato e debitamente legalizzata se non effettuata in Argentina);<\/li>\n<li>corredate da \u201cIstanza di trascrizione\u201d debitamente firmata dall\u2019istante;<\/li>\n<\/ul>\n<\/li>\n<\/ul>\n<\/li>\n<\/ul>\n<\/li>\n<\/ul>\n<p>*SENTENZA DI ADOZIONE:<\/p>\n<ul>\n<li>deve specificare lo stato di abbandono del minore o l\u2019autorizzazione del genitore o dei genitori biologici ai fini dell\u2019adozione;<\/li>\n<li>documentazione comprovante la residenza da almeno due anni in Argentina previa all\u2019adozione del minore da parte dei genitori adottanti (\u00e8 necessario il \u201ccertificato dei movimenti migratori\u201d che \u00e8 possibile richiedere alla locale Direzione \u201cMigraciones\u201d).<\/li>\n<\/ul>\n","protected":false},"excerpt":{"rendered":"Normativa e requisiti In due casi, previsti dal comma 1-bis dell\u2019articolo 4 della legge n. 91\/1992 e dall\u2019articolo 1, comma 1-ter della legge n. 74\/2025, i figli minorenni nati all\u2019estero da genitore cittadino che non trasmette automaticamente la cittadinanza possono acquistare la cittadinanza italiana per \u201cbeneficio di legge\u201d. Il minore che eventualmente ne benefici, non [&hellip;]","protected":false},"author":6,"featured_media":0,"parent":96,"menu_order":3,"comment_status":"closed","ping_status":"closed","template":"","meta":{"footnotes":""},"class_list":["post-8090","page","type-page","status-publish","hentry"],"_links":{"self":[{"href":"https:\/\/consbuenosaires.esteri.it\/it\/wp-json\/wp\/v2\/pages\/8090","targetHints":{"allow":["GET"]}}],"collection":[{"href":"https:\/\/consbuenosaires.esteri.it\/it\/wp-json\/wp\/v2\/pages"}],"about":[{"href":"https:\/\/consbuenosaires.esteri.it\/it\/wp-json\/wp\/v2\/types\/page"}],"author":[{"embeddable":true,"href":"https:\/\/consbuenosaires.esteri.it\/it\/wp-json\/wp\/v2\/users\/6"}],"replies":[{"embeddable":true,"href":"https:\/\/consbuenosaires.esteri.it\/it\/wp-json\/wp\/v2\/comments?post=8090"}],"version-history":[{"count":6,"href":"https:\/\/consbuenosaires.esteri.it\/it\/wp-json\/wp\/v2\/pages\/8090\/revisions"}],"predecessor-version":[{"id":10466,"href":"https:\/\/consbuenosaires.esteri.it\/it\/wp-json\/wp\/v2\/pages\/8090\/revisions\/10466"}],"up":[{"embeddable":true,"href":"https:\/\/consbuenosaires.esteri.it\/it\/wp-json\/wp\/v2\/pages\/96"}],"wp:attachment":[{"href":"https:\/\/consbuenosaires.esteri.it\/it\/wp-json\/wp\/v2\/media?parent=8090"}],"curies":[{"name":"wp","href":"https:\/\/api.w.org\/{rel}","templated":true}]}}