{"id":805,"date":"2023-05-31T17:43:53","date_gmt":"2023-05-31T15:43:53","guid":{"rendered":"https:\/\/consbuenosaires.esteri.it\/?page_id=805"},"modified":"2023-07-13T17:10:48","modified_gmt":"2023-07-13T15:10:48","slug":"atti-notarili","status":"publish","type":"page","link":"https:\/\/consbuenosaires.esteri.it\/it\/servizi-consolari-e-visti\/servizi-per-il-cittadino-italiano\/servizi-notarili\/atti-notarili\/","title":{"rendered":"Atti notarili"},"content":{"rendered":"<p>Si tratta di atti <span style=\"text-decoration: underline;\">redatti in lingua italiana<\/span> per i quali \u00e8 richiesta la conoscenza della lingua e la presenza fisica del dichiarante, munito di un documento di identit\u00e0, presso gli uffici del Consolato Generale.<\/p>\n<p>Per la preparazione della documentazione, data la complessit\u00e0 della materia, si consiglia di consultarsi preventivamente con il legale o notaio che in Italia dovr\u00e0 ricevere l&#8217;atto firmato presso l&#8217;Ufficio Consolare, per avere da questi indicazioni di massima su eventuali specifici contenuti che l&#8217;atto stesso dovr\u00e0 riportare e farsi eventualmente mandare bozza dei contenuti.<\/p>\n<p><span style=\"text-decoration: underline;\">Il giorno dell\u2019appuntamento virtuale occorre inviare via mail a <a href=\"mailto:notarile.buenosaires@esteri.it\">notarile.buenosaires@esteri.it<\/a> in formato word i contenuti relativi agli atti da redigere a cura dell&#8217;Ufficio Notarile.<\/span><\/p>\n<p>I dati che dovranno essere forniti sono i seguenti:<\/p>\n<ul>\n<li>mandante (colui che d\u00e0 mandato\/procura): cognome e nome, luogo e data di nascita, luogo di residenza (citt\u00e0, via\/piazza, numero civico), codice fiscale italiano;<\/li>\n<li>mandatario (colui che riceve mandato\/procura): cognome e nome, luogo e data di nascita, luogo di residenza (citt\u00e0, via\/piazza, numero civico), codice fiscale italiano,<\/li>\n<li>oggetto dell&#8217;atto.<\/li>\n<\/ul>\n<p>&nbsp;<\/p>\n<p>Gli atti notarili possono avere per oggetto:<\/p>\n<ul>\n<li><strong>procura generale <\/strong>&#8211; (procura da utilizzare con estrema cautela dati gli ampissimi poteri che conferisce al mandatario): mandante + mandatario + 2 testimoni muniti di documento d\u2019identit\u00e0 valido;<\/li>\n<li><strong>procura speciale<\/strong> &#8211; da specificare se si tratta di:\n<ul>\n<li><span style=\"text-decoration: underline;\">liti<\/span>: mandante + mandatario (poich\u00e9 trattasi di un avvocato, fornire anche sede dello Studio legale) + generalit\u00e0 complete o estremi della persona o societ\u00e0 contro cui agire;<\/li>\n<li><span style=\"text-decoration: underline;\">acquisto o vendita beni immobili<\/span>: mandante + mandatario + descrizione dell&#8217;immobile (ubicazione-composizione) preferibilmente con gli estremi catastali;<\/li>\n<li><span style=\"text-decoration: underline;\">acquisto o vendita autoveicoli\/motocicli<\/span>: mandante + mandatario + descrizione del veicolo\/motociclo (marca, modello, targa);<\/li>\n<li><span style=\"text-decoration: underline;\">acquisto\/vendita\/scioglimento di societ\u00e0<\/span>: mandante + mandatario + descrizione della societ\u00e0;<\/li>\n<li><span style=\"text-decoration: underline;\">pratiche di successione e\/o atti di accettazione\/rinuncia relativi a <\/span><span style=\"text-decoration: underline;\">eredit\u00e0<\/span><strong>:<\/strong> mandante + mandatario + bene oggetto dell&#8217;eredit\u00e0 + generalit\u00e0 complete del &#8220;de cujus&#8221; (congiunto deceduto), compresi luogo e data di nascita e di decesso, + 2 testimoni muniti di documento d\u2019identit\u00e0 valido;<\/li>\n<li><span style=\"text-decoration: underline;\">donazione\/accettazione di donazione<\/span>: mandante + mandatario + beneficiario della donazione + descrizione dettagliata dei beni oggetto della donazione + 2 testimoni muniti di documento d\u2019identit\u00e0 valido.<\/li>\n<\/ul>\n<\/li>\n<li><strong>autorizzazione di viaggio a minori <\/strong>&#8211; pu\u00f2 essere richiesta solo per minori ITALIANI e NON residenti in Argentina. Qualora il minore fosse residente in loco, quindi in possesso di regolare DNI, l\u2019autorizzazione deve essere richiesta davanti ad un notaio argentino;<\/li>\n<li><strong>atto di assenso all\u2019emissione del passaporto o carta d\u2019identit\u00e0 <\/strong>&#8211; ai fini del rilascio del passaporto di figli minori residenti in altra circoscrizione. Si devono indicare nome, cognome, luogo e data di nascita e domicilio del richiedente il passaporto.<strong><br \/>\n<\/strong><\/li>\n<\/ul>\n<p>&nbsp;<\/p>\n<p><strong><a href=\"https:\/\/www.esteri.it\/it\/servizi-consolari-e-visti\/italiani-all-estero\/attinotarili\/\">Ulteriori informazioni<\/a><br \/>\n<\/strong><\/p>\n","protected":false},"excerpt":{"rendered":"Si tratta di atti redatti in lingua italiana per i quali \u00e8 richiesta la conoscenza della lingua e la presenza fisica del dichiarante, munito di un documento di identit\u00e0, presso gli uffici del Consolato Generale. Per la preparazione della documentazione, data la complessit\u00e0 della materia, si consiglia di consultarsi preventivamente con il legale o notaio [&hellip;]","protected":false},"author":5,"featured_media":0,"parent":89,"menu_order":0,"comment_status":"closed","ping_status":"closed","template":"","meta":{"footnotes":""},"class_list":["post-805","page","type-page","status-publish","hentry"],"_links":{"self":[{"href":"https:\/\/consbuenosaires.esteri.it\/it\/wp-json\/wp\/v2\/pages\/805","targetHints":{"allow":["GET"]}}],"collection":[{"href":"https:\/\/consbuenosaires.esteri.it\/it\/wp-json\/wp\/v2\/pages"}],"about":[{"href":"https:\/\/consbuenosaires.esteri.it\/it\/wp-json\/wp\/v2\/types\/page"}],"author":[{"embeddable":true,"href":"https:\/\/consbuenosaires.esteri.it\/it\/wp-json\/wp\/v2\/users\/5"}],"replies":[{"embeddable":true,"href":"https:\/\/consbuenosaires.esteri.it\/it\/wp-json\/wp\/v2\/comments?post=805"}],"version-history":[{"count":0,"href":"https:\/\/consbuenosaires.esteri.it\/it\/wp-json\/wp\/v2\/pages\/805\/revisions"}],"up":[{"embeddable":true,"href":"https:\/\/consbuenosaires.esteri.it\/it\/wp-json\/wp\/v2\/pages\/89"}],"wp:attachment":[{"href":"https:\/\/consbuenosaires.esteri.it\/it\/wp-json\/wp\/v2\/media?parent=805"}],"curies":[{"name":"wp","href":"https:\/\/api.w.org\/{rel}","templated":true}]}}