{"id":760,"date":"2023-05-24T17:40:35","date_gmt":"2023-05-24T15:40:35","guid":{"rendered":"https:\/\/consbuenosaires.esteri.it\/?page_id=760"},"modified":"2024-07-03T20:55:28","modified_gmt":"2024-07-03T18:55:28","slug":"visualizzazione-della-propria-scheda-anagrafica","status":"publish","type":"page","link":"https:\/\/consbuenosaires.esteri.it\/it\/servizi-consolari-e-visti\/servizi-per-il-cittadino-italiano\/anagrafe-degli-italiani-residenti-allestero-aire\/visualizzazione-della-propria-scheda-anagrafica\/","title":{"rendered":"Visualizzazione della propria scheda anagrafica"},"content":{"rendered":"<p>Il servizio <span style=\"text-decoration: underline;\">consente di visualizzare i propri dati presenti nello schedario consolare<\/span> <span class=\"text\">a coloro i quali sia gi\u00e0 stato <span style=\"text-decoration: underline;\">confermato il possesso della cittadinanza italiana<\/span><\/span>.<\/p>\n<p>In caso di <span style=\"text-decoration: underline;\">utenze con dati errati o non completi, non sar\u00e0 possibile visualizzare la scheda<\/span> e verr\u00e0 indicato dal portale di effettuare una nuova richiesta d&#8217;iscrizione all\u2019A.I.R.E. In questi casi <span style=\"text-decoration: underline;\">occorre cancellare l&#8217;account e crearne uno nuovo con i dati corretti<\/span>.<\/p>\n<p>Per effettuare la <strong>richiesta di visualizzazione della propria scheda anagrafica<\/strong> tramite il portale <strong><a href=\"https:\/\/serviziconsolari.esteri.it\/ScoFE\/index.sco\">Fast It<\/a><\/strong> occorre scansionare e allegare in un unico file in formato PDF<b>:<\/b><\/p>\n<ol>\n<li>fronte e retro del documento d\u2019identit\u00e0 (D.N.I. argentino in corso di validit\u00e0);<\/li>\n<li>o passaporto italiano in corso di validit\u00e0 (le pagine ove risultino i dati anagrafici e la foto).<\/li>\n<\/ol>\n<p>Le informazioni sullo stato della pratica saranno notificate tramite email una volta lavorata dal Consolato Generale. Sar\u00e0 altres\u00ec possibile controllare gli aggiornamenti nella sezione &#8220;ultime comunicazioni con il Consolato&#8221; tramite il portale <strong><a href=\"https:\/\/serviziconsolari.esteri.it\/ScoFE\/index.sco\">Fast It<\/a><\/strong> .<\/p>\n<p>La pratica potr\u00e0 essere considerata chiusa quando la richiesta risulti come: \u201c<strong>Definita<\/strong>\u201d<strong>.<\/strong><\/p>\n","protected":false},"excerpt":{"rendered":"Il servizio consente di visualizzare i propri dati presenti nello schedario consolare a coloro i quali sia gi\u00e0 stato confermato il possesso della cittadinanza italiana. In caso di utenze con dati errati o non completi, non sar\u00e0 possibile visualizzare la scheda e verr\u00e0 indicato dal portale di effettuare una nuova richiesta d&#8217;iscrizione all\u2019A.I.R.E. In questi [&hellip;]","protected":false},"author":5,"featured_media":0,"parent":85,"menu_order":0,"comment_status":"closed","ping_status":"closed","template":"","meta":{"footnotes":""},"class_list":["post-760","page","type-page","status-publish","hentry"],"_links":{"self":[{"href":"https:\/\/consbuenosaires.esteri.it\/it\/wp-json\/wp\/v2\/pages\/760","targetHints":{"allow":["GET"]}}],"collection":[{"href":"https:\/\/consbuenosaires.esteri.it\/it\/wp-json\/wp\/v2\/pages"}],"about":[{"href":"https:\/\/consbuenosaires.esteri.it\/it\/wp-json\/wp\/v2\/types\/page"}],"author":[{"embeddable":true,"href":"https:\/\/consbuenosaires.esteri.it\/it\/wp-json\/wp\/v2\/users\/5"}],"replies":[{"embeddable":true,"href":"https:\/\/consbuenosaires.esteri.it\/it\/wp-json\/wp\/v2\/comments?post=760"}],"version-history":[{"count":3,"href":"https:\/\/consbuenosaires.esteri.it\/it\/wp-json\/wp\/v2\/pages\/760\/revisions"}],"predecessor-version":[{"id":4602,"href":"https:\/\/consbuenosaires.esteri.it\/it\/wp-json\/wp\/v2\/pages\/760\/revisions\/4602"}],"up":[{"embeddable":true,"href":"https:\/\/consbuenosaires.esteri.it\/it\/wp-json\/wp\/v2\/pages\/85"}],"wp:attachment":[{"href":"https:\/\/consbuenosaires.esteri.it\/it\/wp-json\/wp\/v2\/media?parent=760"}],"curies":[{"name":"wp","href":"https:\/\/api.w.org\/{rel}","templated":true}]}}