{"id":718,"date":"2023-05-23T21:10:41","date_gmt":"2023-05-23T19:10:41","guid":{"rendered":"https:\/\/consbuenosaires.esteri.it\/?page_id=718"},"modified":"2024-05-03T15:30:19","modified_gmt":"2024-05-03T13:30:19","slug":"furto-e-smarrimento-del-passaporto","status":"publish","type":"page","link":"https:\/\/consbuenosaires.esteri.it\/it\/servizi-consolari-e-visti\/servizi-per-il-cittadino-italiano\/passaporti\/furto-e-smarrimento-del-passaporto\/","title":{"rendered":"Furto e smarrimento del passaporto"},"content":{"rendered":"<p class=\"corpoPagina\">In caso di furto o smarrimento del passaporto da parte di un connazionale, che sia residente in Italia o in altro Paese, in situazione di emergenza e per il quale non si faccia in tempo ad esperire la necessaria istruttoria per l\u2019emissione di un nuovo passaporto, potr\u00e0 essere rilasciato un documento di viaggio provvisorio (<strong><a href=\"https:\/\/consbuenosaires.esteri.it\/it\/servizi-consolari-e-visti\/servizi-per-il-cittadino-italiano\/emergency-travel-documents-etd\/\">Emergency Travel Document<\/a><\/strong>).<\/p>\n<p>Il connazionale potr\u00e0, in alternativa, ottenere un nuovo passaporto, scrivendo a <a href=\"mailto:passaporti.buenosaires@esteri.it\"><strong>passaporti.buenosaires@esteri.it<\/strong><\/a><strong>\u00a0<\/strong>allegando:<\/p>\n<ul>\n<li>denuncia di furto o smarrimento del passaporto resa presso le locali Autorit\u00e0 di Polizia;<\/li>\n<li>documento di riconoscimento con foto ed in corso di validit\u00e0.<\/li>\n<\/ul>\n<p>Una volta ottenuto riscontro, il connazionale verr\u00e0 convocato e dovr\u00e0 portare con s\u00e9:<\/p>\n<ul>\n<li>denuncia di furto o smarrimento del passaporto resa presso le locali Autorit\u00e0 di Polizia;<\/li>\n<li>documento di riconoscimento con foto ed in corso di validit\u00e0;<\/li>\n<li>2 fotografie uguali frontali, formato tessera (35&#215;40 mm) NON digitali, a colori, su fondo bianco.<\/li>\n<\/ul>\n<p>Si fa presente che, nel caso di connazionali non residenti presso la circoscrizione consolare di Buenos Aires, il Consolato Generale dovr\u00e0 anche richiedere all\u2019Autorit\u00e0 Italiana competente per residenza (Questura o Ufficio Consolare) il Nulla Osta e la delega per il rilascio del nuovo passaporto.<\/p>\n","protected":false},"excerpt":{"rendered":"In caso di furto o smarrimento del passaporto da parte di un connazionale, che sia residente in Italia o in altro Paese, in situazione di emergenza e per il quale non si faccia in tempo ad esperire la necessaria istruttoria per l\u2019emissione di un nuovo passaporto, potr\u00e0 essere rilasciato un documento di viaggio provvisorio (Emergency [&hellip;]","protected":false},"author":5,"featured_media":0,"parent":67,"menu_order":0,"comment_status":"closed","ping_status":"closed","template":"","meta":{"footnotes":""},"class_list":["post-718","page","type-page","status-publish","hentry"],"_links":{"self":[{"href":"https:\/\/consbuenosaires.esteri.it\/it\/wp-json\/wp\/v2\/pages\/718","targetHints":{"allow":["GET"]}}],"collection":[{"href":"https:\/\/consbuenosaires.esteri.it\/it\/wp-json\/wp\/v2\/pages"}],"about":[{"href":"https:\/\/consbuenosaires.esteri.it\/it\/wp-json\/wp\/v2\/types\/page"}],"author":[{"embeddable":true,"href":"https:\/\/consbuenosaires.esteri.it\/it\/wp-json\/wp\/v2\/users\/5"}],"replies":[{"embeddable":true,"href":"https:\/\/consbuenosaires.esteri.it\/it\/wp-json\/wp\/v2\/comments?post=718"}],"version-history":[{"count":1,"href":"https:\/\/consbuenosaires.esteri.it\/it\/wp-json\/wp\/v2\/pages\/718\/revisions"}],"predecessor-version":[{"id":3741,"href":"https:\/\/consbuenosaires.esteri.it\/it\/wp-json\/wp\/v2\/pages\/718\/revisions\/3741"}],"up":[{"embeddable":true,"href":"https:\/\/consbuenosaires.esteri.it\/it\/wp-json\/wp\/v2\/pages\/67"}],"wp:attachment":[{"href":"https:\/\/consbuenosaires.esteri.it\/it\/wp-json\/wp\/v2\/media?parent=718"}],"curies":[{"name":"wp","href":"https:\/\/api.w.org\/{rel}","templated":true}]}}