{"id":716,"date":"2023-05-23T21:08:44","date_gmt":"2023-05-23T19:08:44","guid":{"rendered":"https:\/\/consbuenosaires.esteri.it\/?page_id=716"},"modified":"2024-07-02T20:01:48","modified_gmt":"2024-07-02T18:01:48","slug":"passaporto-per-i-minori","status":"publish","type":"page","link":"https:\/\/consbuenosaires.esteri.it\/it\/servizi-consolari-e-visti\/servizi-per-il-cittadino-italiano\/passaporti\/passaporto-per-i-minori\/","title":{"rendered":"Passaporto per i minori"},"content":{"rendered":"<p><span style=\"text-decoration: underline;\">Tutti i minori devono essere in possesso di passaporto individuale; ai fini del rilascio, \u00e8 necessario l\u2019assenso di entrambi genitori (<strong><a title=\"vedi \" href=\"https:\/\/consbuenosaires.esteri.it\/it\/servizi-consolari-e-visti\/servizi-per-il-cittadino-italiano\/passaporti-e-carte-didentita\/assenso\/\">vedi &#8220;come si manifesta l&#8217;assenso&#8221;<\/a><\/strong>).<\/span><\/p>\n<p>Solo dal compimento dei 12 anni di et\u00e0 \u00e8 necessario acquisire le impronte e la firma digitalizzata.<\/p>\n<p>Per il rilascio di Passaporti a minori di anni 18,<strong> \u00e8 sempre necessaria la presenza personale del minorenne per il quale si richiede il passaporto.<\/strong><\/p>\n<p>&nbsp;<\/p>\n<p><strong>Dichiarazione di accompagnamento di minore<\/strong><\/p>\n<p>Fino al compimento dei 14 anni i minori italiani possono espatriare a condizione che viaggino accompagnati da almeno un genitore o da chi ne fa le veci, oppure che venga menzionato sul passaporto, o su una dichiarazione di accompagnamento rilasciata da chi pu\u00f2 dare l\u2019assenso o l\u2019autorizzazione ai sensi dell\u2019articolo 3, lettera a) della legge 21 novembre 1967, n. 1185, vistata da un\u2019autorit\u00e0 competente al rilascio (Questura in Italia, ufficio consolare all\u2019estero), il nome della persona, dell\u2019ente o della compagnia di trasporto a cui i minori medesimi sono affidati.<\/p>\n<ul>\n<li>la dichiarazione di accompagnamento pu\u00f2 riguardare un solo viaggio (da intendersi come andata e\/o ritorno) dal Paese di residenza del minore con destinazione determinata e non pu\u00f2 eccedere, di norma, il termine massimo di sei mesi;<\/li>\n<li>gli esercenti la responsabilit\u00e0 genitoriale o tutoria possono indicare fino ad un massimo di due accompagnatori, che saranno tuttavia alternativi fra di loro;<\/li>\n<li>nel rendere la dichiarazione di accompagnamento, gli esercenti la responsabilit\u00e0 genitoriale o tutoria possono chiedere che i nominativi degli accompagnatori, la durata del viaggio e la destinazione siano stampati sul passaporto del minore o in alternativa che tali dati siano riportati in una separata attestazione, che verr\u00e0 stampata dall\u2019Ufficio competente;<\/li>\n<li><strong>nel caso in cui il minore sia affidato ad un ente o ad una compagnia di trasporto, per garantire la completezza e la leggibilit\u00e0 dei dati relativi al viaggio, \u00e8 rilasciata unicamente l\u2019attestazione. Si suggerisce, prima di acquistare il biglietto della compagnia di trasporto di verificare che la stessa accetti che il minore sia ad essa affidato.<\/strong><\/li>\n<\/ul>\n<p><a href=\"https:\/\/consbuenosaires.esteri.it\/wp-content\/uploads\/2023\/06\/Dichiarazione-accompagnamento-per-minori.pdf\" target=\"_blank\" rel=\"noopener\"><strong>Scarica la dichiarazione di accompagnamento<\/strong><\/a> da presentare al Consolato Generale ai fini del rilascio dell\u2019attestazione di accompagnamento o della stampa sul passaporto.<\/p>\n","protected":false},"excerpt":{"rendered":"Tutti i minori devono essere in possesso di passaporto individuale; ai fini del rilascio, \u00e8 necessario l\u2019assenso di entrambi genitori (vedi &#8220;come si manifesta l&#8217;assenso&#8221;). Solo dal compimento dei 12 anni di et\u00e0 \u00e8 necessario acquisire le impronte e la firma digitalizzata. Per il rilascio di Passaporti a minori di anni 18, \u00e8 sempre necessaria [&hellip;]","protected":false},"author":5,"featured_media":0,"parent":67,"menu_order":0,"comment_status":"closed","ping_status":"closed","template":"","meta":{"footnotes":""},"class_list":["post-716","page","type-page","status-publish","hentry"],"_links":{"self":[{"href":"https:\/\/consbuenosaires.esteri.it\/it\/wp-json\/wp\/v2\/pages\/716","targetHints":{"allow":["GET"]}}],"collection":[{"href":"https:\/\/consbuenosaires.esteri.it\/it\/wp-json\/wp\/v2\/pages"}],"about":[{"href":"https:\/\/consbuenosaires.esteri.it\/it\/wp-json\/wp\/v2\/types\/page"}],"author":[{"embeddable":true,"href":"https:\/\/consbuenosaires.esteri.it\/it\/wp-json\/wp\/v2\/users\/5"}],"replies":[{"embeddable":true,"href":"https:\/\/consbuenosaires.esteri.it\/it\/wp-json\/wp\/v2\/comments?post=716"}],"version-history":[{"count":1,"href":"https:\/\/consbuenosaires.esteri.it\/it\/wp-json\/wp\/v2\/pages\/716\/revisions"}],"predecessor-version":[{"id":4547,"href":"https:\/\/consbuenosaires.esteri.it\/it\/wp-json\/wp\/v2\/pages\/716\/revisions\/4547"}],"up":[{"embeddable":true,"href":"https:\/\/consbuenosaires.esteri.it\/it\/wp-json\/wp\/v2\/pages\/67"}],"wp:attachment":[{"href":"https:\/\/consbuenosaires.esteri.it\/it\/wp-json\/wp\/v2\/media?parent=716"}],"curies":[{"name":"wp","href":"https:\/\/api.w.org\/{rel}","templated":true}]}}