{"id":67,"date":"2023-04-03T19:27:59","date_gmt":"2023-04-03T17:27:59","guid":{"rendered":"https:\/\/consolatozurigo.esteri.it\/?page_id=67"},"modified":"2025-10-07T13:39:24","modified_gmt":"2025-10-07T16:39:24","slug":"passaporti","status":"publish","type":"page","link":"https:\/\/consbuenosaires.esteri.it\/it\/servizi-consolari-e-visti\/servizi-per-il-cittadino-italiano\/passaporti\/","title":{"rendered":"Passaporti"},"content":{"rendered":"<p>Il passaporto \u00e8 un <strong>documento di viaggio e d&#8217;identit\u00e0<\/strong> che viene <strong>rilasciato ai cittadini italiani<\/strong> (la cui cittadinanza sia stata pertanto gi\u00e0 riconosciuta e l\u2019atto di nascita inviato in Italia per la trascrizione) <span style=\"text-decoration: underline;\">regolarmente residenti nella circoscrizione consolare, iscritti nell&#8217;Anagrafe Consolare e con una situazione di stato civile aggiornata<\/span>.<\/p>\n<p>L&#8217;Ufficio Passaporti del Consolato pu\u00f2 rilasciare il passaporto ai cittadini italiani non residenti nella circoscrizione consolare solo previa acquisizione agli atti del previsto nulla osta e delega da parte dell\u2019Autorit\u00e0 italiana competente per residenza (Questura o altro Consolato).<\/p>\n<p><span style=\"text-decoration: underline;\">I passaporti non sono rinnovabili e hanno una validit\u00e0 temporale differenziata in base all&#8217;et\u00e0<\/span>:<\/p>\n<ul>\n<li>tre anni per i minori da 0 a 3 anni;<\/li>\n<li>cinque anni per i minori da 3 a 18 anni;<\/li>\n<li>dieci anni per i maggiorenni.<\/li>\n<\/ul>\n<p>Se il richiedente ha dei figli minori, occorre compilare una <a href=\"https:\/\/consbuenosaires.esteri.it\/wp-content\/uploads\/2023\/06\/Dichiarazione_assenza_ostative_passaporto.pdf\" target=\"_blank\" rel=\"noopener\"><strong>dichiarazione sostitutiva di certificazione<\/strong><\/a> in merito all\u2019assenza di provvedimenti che possano inibire il rilascio del passaporto (come da disposizioni contenute nell\u2019art. 20 del <strong>Decreto Legge n. 69 del 13 giugno 2023<\/strong>).<\/p>\n<p><span style=\"text-decoration: underline;\"><strong>Resta invece obbligatorio l\u2019assenso di entrambi i genitori per il rilascio del passaporto al figlio minorenne<\/strong><\/span> (Vedi <strong>&#8220;<a href=\"https:\/\/consbuenosaires.esteri.it\/it\/servizi-consolari-e-visti\/servizi-per-il-cittadino-italiano\/passaporti-e-carte-didentita\/assenso\/\">come si manifesta l&#8217;assenso<\/a>&#8220;<\/strong>)<strong>.<\/strong><\/p>\n<p>In caso di decesso di uno dei genitori, \u00e8 necessario presentare l\u2019atto di morte dello stesso.<\/p>\n<p>Per ottenere il passaporto<strong> occorre prenotare un appuntamento di <a href=\"https:\/\/consbuenosaires.esteri.it\/it\/servizi-consolari-e-visti\/servizi-per-il-cittadino-italiano\/passaporti-e-carte-didentita\/domanda-passaporto\/\">DOMANDA PASSAPORTO <\/a><\/strong>(appuntamento virtuale),<strong> e solo successivamente <\/strong>&#8211; ricevuto un codice dal sistema &#8211; <strong>un appuntamento di <a href=\"https:\/\/consbuenosaires.esteri.it\/it\/servizi-consolari-e-visti\/servizi-per-il-cittadino-italiano\/passaporti-e-carte-didentita\/ritiro-passaporto\/\">RITIRO PASSAPORTO<\/a> <\/strong>(appuntamento presenziale).<\/p>\n<p><strong>Gli appuntamenti vengono resi disponibili da domenica a gioved\u00ec, ogni giorno, alle ore 19, sul portale <a href=\"https:\/\/prenotami.esteri.it\" target=\"_blank\" rel=\"noopener\">Prenot@mi<\/a>.<\/strong><\/p>\n<p>*Per informazioni sulle formalit\u00e0 richieste per l\u2019ingresso in qualsiasi Paese si suggerisce, prima di intraprendere il viaggio, di contattare sempre le Rappresentanze Diplomatiche dei Paesi di destinazione.<\/p>\n<p>*A causa dell\u2019elevato numero di richieste, si invitano gli interessati a presentare la domanda di passaporto con largo anticipo (almeno TRE MESI) prima della scadenza dello stesso.<\/p>\n<p>&nbsp;<\/p>\n<p><strong>Pagamento<\/strong><\/p>\n<p>Il titolare dell&#8217;appuntamento dovr\u00e0 <strong>pagare mediante bonifico bancario<\/strong> attraverso il servizio di home-banking e dovr\u00e0 presentare il giorno dell&#8217;appuntamento la ricevuta <strong>CARTACEA del pagamento<\/strong>.<\/p>\n<p>Il bonifico dovr\u00e0 essere effettuato<strong> prima del giorno dell&#8217;appuntamento<\/strong>\u00a0<strong>di ritiro <\/strong>e nel bonifico devono essere indicati tutti i dati richiesti nella email che \u00e8 stata inviata inviata insieme al codice di sicurezza.<\/p>\n<p>In via sperimentale, in alternativa al bonifico bancario, <strong><u>sar\u00e0 possibile realizzare il pagamento per il rilascio del passaporto anche tramite POS<\/u><\/strong>. Ci\u00f2 potr\u00e0 avvenire <strong>esclusivamente attraverso <u>carte di debito del circuito VISA<\/u><\/strong> (non sar\u00e0 possibile procedere con carte di credito, Prepago, Mercado Pago o altri circuiti). Pagando tramite POS, la commissione dell\u2019esercente (1% +IVA) sar\u00e0 a carico dell\u2019utente.<\/p>\n<p>Il pagamento dovr\u00e0 essere effettuato in Pesos argentini, per l\u2019importo vigente alla data dell\u2019appuntamento di ritiro, reperibile alla pagina web di questo Consolato Generale, al seguente link: <strong><a href=\"https:\/\/consbuenosaires.esteri.it\/it\/servizi-consolari-e-visti\/servizi-per-il-cittadino-italiano\/altri-servizi\/tariffe-consolari\/\" target=\"_blank\" rel=\"noopener\">Tariffe Consolari<\/a><\/strong><\/p>\n<p>&nbsp;<\/p>\n<p><strong>Email dell&#8217;Ufficio:<\/strong> <strong><a href=\"mailto:passaporti.buenosaires@esteri.it\">passaporti.buenosaires@esteri.it<\/a><\/strong><\/p>\n<p><strong><a href=\"https:\/\/www.youtube.com\/playlist?list=PLjJM0zO_UjsxmuFV9P3M7VE_WK-zL9Ky2\">Vedi il video tutorial<\/a><\/strong><\/p>\n<p><a href=\"https:\/\/www.esteri.it\/it\/servizi-consolari-e-visti\/italiani-all-estero\/documenti_di_viaggio\/passaporto\/\"><strong>Ulteriori informazioni<\/strong><\/a><\/p>\n","protected":false},"excerpt":{"rendered":"Il passaporto \u00e8 un documento di viaggio e d&#8217;identit\u00e0 che viene rilasciato ai cittadini italiani (la cui cittadinanza sia stata pertanto gi\u00e0 riconosciuta e l\u2019atto di nascita inviato in Italia per la trascrizione) regolarmente residenti nella circoscrizione consolare, iscritti nell&#8217;Anagrafe Consolare e con una situazione di stato civile aggiornata. L&#8217;Ufficio Passaporti del Consolato pu\u00f2 rilasciare [&hellip;]","protected":false},"author":1,"featured_media":0,"parent":59,"menu_order":0,"comment_status":"closed","ping_status":"closed","template":"","meta":{"footnotes":""},"class_list":["post-67","page","type-page","status-publish","hentry"],"_links":{"self":[{"href":"https:\/\/consbuenosaires.esteri.it\/it\/wp-json\/wp\/v2\/pages\/67","targetHints":{"allow":["GET"]}}],"collection":[{"href":"https:\/\/consbuenosaires.esteri.it\/it\/wp-json\/wp\/v2\/pages"}],"about":[{"href":"https:\/\/consbuenosaires.esteri.it\/it\/wp-json\/wp\/v2\/types\/page"}],"author":[{"embeddable":true,"href":"https:\/\/consbuenosaires.esteri.it\/it\/wp-json\/wp\/v2\/users\/1"}],"replies":[{"embeddable":true,"href":"https:\/\/consbuenosaires.esteri.it\/it\/wp-json\/wp\/v2\/comments?post=67"}],"version-history":[{"count":7,"href":"https:\/\/consbuenosaires.esteri.it\/it\/wp-json\/wp\/v2\/pages\/67\/revisions"}],"predecessor-version":[{"id":8940,"href":"https:\/\/consbuenosaires.esteri.it\/it\/wp-json\/wp\/v2\/pages\/67\/revisions\/8940"}],"up":[{"embeddable":true,"href":"https:\/\/consbuenosaires.esteri.it\/it\/wp-json\/wp\/v2\/pages\/59"}],"wp:attachment":[{"href":"https:\/\/consbuenosaires.esteri.it\/it\/wp-json\/wp\/v2\/media?parent=67"}],"curies":[{"name":"wp","href":"https:\/\/api.w.org\/{rel}","templated":true}]}}