{"id":62,"date":"2023-04-03T19:25:23","date_gmt":"2023-04-03T17:25:23","guid":{"rendered":"https:\/\/consolatozurigo.esteri.it\/?page_id=62"},"modified":"2023-05-17T21:12:32","modified_gmt":"2023-05-17T19:12:32","slug":"servizi-per-il-cittadino-straniero","status":"publish","type":"page","link":"https:\/\/consbuenosaires.esteri.it\/it\/servizi-consolari-e-visti\/servizi-per-il-cittadino-straniero\/","title":{"rendered":"Servizi per il cittadino straniero"},"content":{"rendered":"<p>Questo Consolato Generale eroga servizi anche a favore di cittadini stranieri, tra i quali l\u2019emissione dei visti di ingresso in Italia e nell\u2019area Schengen, il riconoscimento della cittadinanza ed il rilascio di documentazione amministrativa (conformit\u00e0 di traduzioni e legalizzazioni di documenti).<\/p>\n<p><span style=\"text-decoration: underline;\"><span class=\"text\"><strong>Nel men\u00f9 laterale sar\u00e0 possibile visualizzare le procedure per ogni singolo servizio.<\/strong> <\/span><\/span><\/p>\n","protected":false},"excerpt":{"rendered":"Questo Consolato Generale eroga servizi anche a favore di cittadini stranieri, tra i quali l\u2019emissione dei visti di ingresso in Italia e nell\u2019area Schengen, il riconoscimento della cittadinanza ed il rilascio di documentazione amministrativa (conformit\u00e0 di traduzioni e legalizzazioni di documenti). Nel men\u00f9 laterale sar\u00e0 possibile visualizzare le procedure per ogni singolo servizio.","protected":false},"author":1,"featured_media":0,"parent":16,"menu_order":2,"comment_status":"closed","ping_status":"closed","template":"","meta":{"footnotes":""},"class_list":["post-62","page","type-page","status-publish","hentry"],"_links":{"self":[{"href":"https:\/\/consbuenosaires.esteri.it\/it\/wp-json\/wp\/v2\/pages\/62","targetHints":{"allow":["GET"]}}],"collection":[{"href":"https:\/\/consbuenosaires.esteri.it\/it\/wp-json\/wp\/v2\/pages"}],"about":[{"href":"https:\/\/consbuenosaires.esteri.it\/it\/wp-json\/wp\/v2\/types\/page"}],"author":[{"embeddable":true,"href":"https:\/\/consbuenosaires.esteri.it\/it\/wp-json\/wp\/v2\/users\/1"}],"replies":[{"embeddable":true,"href":"https:\/\/consbuenosaires.esteri.it\/it\/wp-json\/wp\/v2\/comments?post=62"}],"version-history":[{"count":0,"href":"https:\/\/consbuenosaires.esteri.it\/it\/wp-json\/wp\/v2\/pages\/62\/revisions"}],"up":[{"embeddable":true,"href":"https:\/\/consbuenosaires.esteri.it\/it\/wp-json\/wp\/v2\/pages\/16"}],"wp:attachment":[{"href":"https:\/\/consbuenosaires.esteri.it\/it\/wp-json\/wp\/v2\/media?parent=62"}],"curies":[{"name":"wp","href":"https:\/\/api.w.org\/{rel}","templated":true}]}}