{"id":39,"date":"2023-04-03T19:16:29","date_gmt":"2023-04-03T17:16:29","guid":{"rendered":"https:\/\/consolatozurigo.esteri.it\/?page_id=39"},"modified":"2026-03-05T13:17:45","modified_gmt":"2026-03-05T16:17:45","slug":"la-rete-consolare","status":"publish","type":"page","link":"https:\/\/consbuenosaires.esteri.it\/it\/chi-siamo\/la-rete-consolare\/","title":{"rendered":"La Rete Consolare"},"content":{"rendered":"<p>La Circoscrizione del Consolato Generale a Buenos Aires si estende per l&#8217;intero territorio della Citt\u00e0 Autonoma di Buenos Aires e i partidos della Provincia di Buenos Aires di Avellaneda, Baradero, Campana, Escobar, Exaltaci\u00f3n de la Cruz, General Rodr\u00edguez, General San Mart\u00edn, Luj\u00e1n, Marcos Paz, Merlo, Moreno, Pilar, Jos\u00e9 C. Paz, Malvinas Argentinas, San Andr\u00e9s de Giles, San Antonio de Areco, San Fernando, San Isidro, San Miguel, San Pedro, Tigre, Tres de Febrero, Vicente L\u00f3pez, Z\u00e1rate.<\/p>\n<p>&nbsp;<\/p>\n<p>Nell&#8217;area di Buenos Aires operano altres\u00ec due Agenzie Consolari di prima categoria:<\/p>\n<p>&nbsp;<\/p>\n<p><strong><a title=\"Vai al sito web dell'Agenzia Consolare di Lomas de Zamora\" href=\"https:\/\/conslomasdezamora.esteri.it\/consolato_lomasdezamora\/it\" target=\"_blank\" rel=\"noopener\">AGENZIA CONSOLARE DI I\u00ba CATEGORIA &#8211; LOMAS DE ZAMORA<\/a><br \/>\n<\/strong><strong>Circoscrizione:<\/strong> le entit\u00e0 amministrative (Partidos) di Almirante Brown, Esteban Echeverr\u00eda, Ezeiza, Lan\u00fas, Lomas de Zamora, San Vicente e Presidente Per\u00f3n.<\/p>\n<p>&nbsp;<\/p>\n<p><strong><a title=\"Vai al sito web dell'Agenzia Consolare di Moron\" href=\"https:\/\/consmoron.esteri.it\/consolato_moron\/it\" target=\"_blank\" rel=\"noopener\">AGENZIA CONSOLARE DI I\u00ba CATEGORIA &#8211; MOR\u00d3N<\/a><\/strong><br \/>\n<strong>Circoscrizione:<\/strong> le entit\u00e0 amministrative (Partidos) di Hurlingham, Ituzaing\u00f3, La Matanza e Mor\u00f3n.<\/p>\n<p>&nbsp;<\/p>\n<p>Nonch\u00e9, nella stessa circoscrizione consolare di Buenos Aires, un Vice Consolato Onorario e tre Corrispondenti Consolari:<\/p>\n<p>&nbsp;<\/p>\n<h3><span style=\"text-decoration: underline;\"><strong>Vice Consolato Onorario in SAN ISIDRO <\/strong><\/span><\/h3>\n<p><strong>Circoscrizione:<\/strong>\u00a0le entit\u00e0 amministrative (\u201cPartidos\u201d) di San Isidro, San Fernando, Tigre e sezioni 1<sup>a<\/sup>, 2<sup>a <\/sup>e 3<sup>a<\/sup> delle isole del Delta del Paran\u00e0<\/p>\n<p><strong>Indirizzo:\u00a0Primera Junta 675, San Isidro <\/strong><\/p>\n<p><strong>Telefono:\u00a011 48735617<\/strong><\/p>\n<p><strong>Ricezione pubblico:<\/strong><strong>\u00a0<\/strong><strong>marted\u00ec e gioved\u00ec dalle ore 8.30 alle ore 12.30<\/strong><\/p>\n<p><a href=\"https:\/\/consbuenosaires.esteri.it\/wp-content\/uploads\/2025\/03\/Decreto-nomina-Ministero-2023_5064989231228-ESTRATTO_DLF-00000002.pdf\">Consulta il Decreto di Limitazione Funzioni del Vice Console Onorario di San Isidro<\/a><\/p>\n<p>In questa prima fase di rinnovata operativit\u00e0, offre i servizi di:<\/p>\n<ul>\n<li>rilascio del passaporto;<\/li>\n<li>aggiornamento dello stato civile;<\/li>\n<li>iscrizione e\/o aggiornamento dell\u2019Anagrafe degli Italiani residenti all\u2019estero (A.I.R.E.).<\/li>\n<\/ul>\n<p><strong>\u00a0<\/strong><\/p>\n<h3><span style=\"text-decoration: underline;\"><strong>Corrispondente Consolare\u00a0in\u00a0TRES DE FEBRERO<\/strong><\/span><\/h3>\n<p><strong>Circoscrizione:\u00a0le <\/strong>entit\u00e0 amministrative (\u201cPartidos\u201d) di Tres de Febrero, San Mart\u00edn, San Miguel, Jos\u00e9 C. Paz e Malvinas Argentinas<br \/>\n<strong>Indirizzo:\u00a0<\/strong>Campo de Mayo 6226, Villa Bosch<br \/>\n<strong>Telefono:<\/strong> 1150050331<\/p>\n<p><strong>Ricezione pubblico:<\/strong> marted\u00ec dalle ore 8:00 alle ore 12:00<\/p>\n<p>&nbsp;<\/p>\n<h3><span style=\"text-decoration: underline;\"><strong>Corrispondente Consolare in ZARATE<\/strong><\/span><\/h3>\n<p><strong>Circoscrizione:\u00a0le <\/strong>entit\u00e0 amministrative (\u201cPartidos\u201d) di\u00a0Bel\u00e9n de Escobar, Campana, Exaltaci\u00f3n de la Cruz, Pilar,\u00a0Z\u00e1rate, Baradero; San Pedro, San Antonio De Areco, le sezioni 4\u00b0 e 5\u00b0 delle isole del Delta del Paran\u00e0<br \/>\n<strong>Indirizzo:<\/strong>\u00a0Independencia 692, Z\u00e1rate<br \/>\n<strong>Telefono:<\/strong>\u00a0+54 34 87422763<\/p>\n<p><strong>Ricezione pubblico:<\/strong>\u00a0marted\u00ec dalle ore 8:30 alle ore 12:00<\/p>\n<p>&nbsp;<\/p>\n<h3><span style=\"text-decoration: underline;\"><strong>Corrispondente Consolare\u00a0in MERLO\u00a0<\/strong><\/span><\/h3>\n<p><strong>Circoscrizione:\u00a0le <\/strong>entit\u00e0 amministrative (\u201cPartidos\u201d)\u00a0di Moreno, Luj\u00e1n, General Rodriguez, Merlo e Marcos Paz<br \/>\n<strong>Indirizzo:<\/strong>\u00a0Vicente Lopez 37, Merlo<br \/>\n<strong>Telefono:<\/strong>\u00a0+54 22 04821978<\/p>\n<p><strong>Ricezione pubblico:<\/strong> luned\u00ec dalle ore 9:00 alle ore 12:00<\/p>\n<p>&nbsp;<\/p>\n<p>I Corrispondenti Consolari forniscono servizi ai cittadini italiani residenti nelle rispettive Circoscrizioni che riguardano unicamente l\u2019aggiornamento dello stato civile (<strong>matrimoni, divorzi, decessi, nascite di figli ancora minorenni<\/strong>).<\/p>\n<p>&nbsp;<\/p>\n","protected":false},"excerpt":{"rendered":"La Circoscrizione del Consolato Generale a Buenos Aires si estende per l&#8217;intero territorio della Citt\u00e0 Autonoma di Buenos Aires e i partidos della Provincia di Buenos Aires di Avellaneda, Baradero, Campana, Escobar, Exaltaci\u00f3n de la Cruz, General Rodr\u00edguez, General San Mart\u00edn, Luj\u00e1n, Marcos Paz, Merlo, Moreno, Pilar, Jos\u00e9 C. Paz, Malvinas Argentinas, San Andr\u00e9s de [&hellip;]","protected":false},"author":1,"featured_media":0,"parent":13,"menu_order":12,"comment_status":"closed","ping_status":"closed","template":"","meta":{"footnotes":""},"class_list":["post-39","page","type-page","status-publish","hentry"],"_links":{"self":[{"href":"https:\/\/consbuenosaires.esteri.it\/it\/wp-json\/wp\/v2\/pages\/39","targetHints":{"allow":["GET"]}}],"collection":[{"href":"https:\/\/consbuenosaires.esteri.it\/it\/wp-json\/wp\/v2\/pages"}],"about":[{"href":"https:\/\/consbuenosaires.esteri.it\/it\/wp-json\/wp\/v2\/types\/page"}],"author":[{"embeddable":true,"href":"https:\/\/consbuenosaires.esteri.it\/it\/wp-json\/wp\/v2\/users\/1"}],"replies":[{"embeddable":true,"href":"https:\/\/consbuenosaires.esteri.it\/it\/wp-json\/wp\/v2\/comments?post=39"}],"version-history":[{"count":6,"href":"https:\/\/consbuenosaires.esteri.it\/it\/wp-json\/wp\/v2\/pages\/39\/revisions"}],"predecessor-version":[{"id":10534,"href":"https:\/\/consbuenosaires.esteri.it\/it\/wp-json\/wp\/v2\/pages\/39\/revisions\/10534"}],"up":[{"embeddable":true,"href":"https:\/\/consbuenosaires.esteri.it\/it\/wp-json\/wp\/v2\/pages\/13"}],"wp:attachment":[{"href":"https:\/\/consbuenosaires.esteri.it\/it\/wp-json\/wp\/v2\/media?parent=39"}],"curies":[{"name":"wp","href":"https:\/\/api.w.org\/{rel}","templated":true}]}}