{"id":366,"date":"2023-05-11T20:53:56","date_gmt":"2023-05-11T18:53:56","guid":{"rendered":"https:\/\/consbuenosaires.esteri.it\/?page_id=366"},"modified":"2024-05-03T14:41:50","modified_gmt":"2024-05-03T12:41:50","slug":"servizio-di-call-center","status":"publish","type":"page","link":"https:\/\/consbuenosaires.esteri.it\/it\/chi-siamo\/contatti\/servizio-di-call-center\/","title":{"rendered":"Servizio di Call Center"},"content":{"rendered":"<div>\n<p>A partire dal <strong>1\u00ba luglio 2021<\/strong> \u00e8 attivo il servizio di assistenza telefonica del Consolato Generale d&#8217;Italia a Buenos Aires.<\/p>\n<p>Il servizio \u00e8 disponibile da <strong>luned\u00ec a venerd\u00ec<\/strong> (esclusi i giorni festivi), <strong>dalle ore 8 alle ore 12<\/strong> chiamando al seguente numero telefonico gratuito <strong>0800-345-5623.<\/strong><\/p>\n<p>Il Call Center fornisce informazioni generali relative soltanto ai servizi erogati dal Consolato Generale d\u2019 Italia a Buenos Aires su:<\/p>\n<ul>\n<li>PRENOT@MI<\/li>\n<li>FAST IT<\/li>\n<li>CITTADINANZA<\/li>\n<li>PASSAPORTI<\/li>\n<li>STATO CIVILE<\/li>\n<li>NOTARILE<\/li>\n<li>PENSIONI<\/li>\n<li>STUDI<\/li>\n<li>VISTI<\/li>\n<li>ASSISTENZA SOCIALE<\/li>\n<\/ul>\n<p>Per ragioni di riservatezza non si potranno fornire telefonicamente informazioni sull\u2019iter delle pratiche personali o di terzi in lavorazione.<\/p>\n<\/div>\n","protected":false},"excerpt":{"rendered":"A partire dal 1\u00ba luglio 2021 \u00e8 attivo il servizio di assistenza telefonica del Consolato Generale d&#8217;Italia a Buenos Aires. Il servizio \u00e8 disponibile da luned\u00ec a venerd\u00ec (esclusi i giorni festivi), dalle ore 8 alle ore 12 chiamando al seguente numero telefonico gratuito 0800-345-5623. Il Call Center fornisce informazioni generali relative soltanto ai servizi [&hellip;]","protected":false},"author":5,"featured_media":0,"parent":37,"menu_order":0,"comment_status":"closed","ping_status":"closed","template":"","meta":{"footnotes":""},"class_list":["post-366","page","type-page","status-publish","hentry"],"_links":{"self":[{"href":"https:\/\/consbuenosaires.esteri.it\/it\/wp-json\/wp\/v2\/pages\/366","targetHints":{"allow":["GET"]}}],"collection":[{"href":"https:\/\/consbuenosaires.esteri.it\/it\/wp-json\/wp\/v2\/pages"}],"about":[{"href":"https:\/\/consbuenosaires.esteri.it\/it\/wp-json\/wp\/v2\/types\/page"}],"author":[{"embeddable":true,"href":"https:\/\/consbuenosaires.esteri.it\/it\/wp-json\/wp\/v2\/users\/5"}],"replies":[{"embeddable":true,"href":"https:\/\/consbuenosaires.esteri.it\/it\/wp-json\/wp\/v2\/comments?post=366"}],"version-history":[{"count":2,"href":"https:\/\/consbuenosaires.esteri.it\/it\/wp-json\/wp\/v2\/pages\/366\/revisions"}],"predecessor-version":[{"id":3723,"href":"https:\/\/consbuenosaires.esteri.it\/it\/wp-json\/wp\/v2\/pages\/366\/revisions\/3723"}],"up":[{"embeddable":true,"href":"https:\/\/consbuenosaires.esteri.it\/it\/wp-json\/wp\/v2\/pages\/37"}],"wp:attachment":[{"href":"https:\/\/consbuenosaires.esteri.it\/it\/wp-json\/wp\/v2\/media?parent=366"}],"curies":[{"name":"wp","href":"https:\/\/api.w.org\/{rel}","templated":true}]}}