{"id":34,"date":"2023-04-03T19:15:16","date_gmt":"2023-04-03T17:15:16","guid":{"rendered":"https:\/\/consolatozurigo.esteri.it\/?page_id=34"},"modified":"2025-02-07T20:04:30","modified_gmt":"2025-02-07T19:04:30","slug":"il-console-generale","status":"publish","type":"page","link":"https:\/\/consbuenosaires.esteri.it\/it\/chi-siamo\/il-console-generale\/","title":{"rendered":"Il Console Generale"},"content":{"rendered":"<p><img loading=\"lazy\" decoding=\"async\" class=\"wp-image-1842 img-fluid aligncenter\" src=\"https:\/\/consbuenosaires.esteri.it\/wp-content\/uploads\/2023\/08\/Foto-Console-Generale-2023-245x300.jpeg\" alt=\"\" width=\"356\" height=\"436\" srcset=\"https:\/\/consbuenosaires.esteri.it\/wp-content\/uploads\/2023\/08\/Foto-Console-Generale-2023-245x300.jpeg 245w, https:\/\/consbuenosaires.esteri.it\/wp-content\/uploads\/2023\/08\/Foto-Console-Generale-2023-768x939.jpeg 768w, https:\/\/consbuenosaires.esteri.it\/wp-content\/uploads\/2023\/08\/Foto-Console-Generale-2023.jpeg 836w\" sizes=\"auto, (max-width: 356px) 100vw, 356px\" \/><\/p>\n<h4>Carmelo Barbera<\/h4>\n<p style=\"text-align: justify;\"><span style=\"font-size: large;\">Nato a Messina nel 1978, dopo la maturit\u00e0 classica si laurea in Scienze Internazionali e Diplomatiche presso l&#8217;Universit\u00e0 di Bologna, Sede di Forl\u00ec.<\/span><\/p>\n<p><span style=\"font-size: large;\">Entra in Carriera Diplomatica nel 2003, prestando servizio presso l\u2019Ispettorato Generale del Ministero e degli Uffici all\u2019Estero e successivamente all\u2019Unit\u00e0 di Coordinamento della Segreteria Generale.\u00a0 <\/span><\/p>\n<p><span style=\"font-size: large;\">Dal 2008 al 2011 \u00e8 Capo dell\u2019Ufficio Economico-Commerciale dell\u2019Ambasciata a Bucarest e dal 2011 al 2013 presta servizio presso l\u2019Ambasciata a Mosca.<\/span><\/p>\n<p><span style=\"font-size: large;\">Rientrato a Roma, dal 2013 al 2019 lavora presso l\u2019Ufficio Affari Diplomatici della Presidenza della Repubblica.<\/span><\/p>\n<p><span style=\"font-size: large;\">Nell\u2019estate del 2019 \u00e8 nuovamente destinato all\u2019estero, all\u2019Ambasciata d\u2019Italia a Washington. Da ottobre 2019 a giugno 2020 \u00e8 altres\u00ec \u201cTransatlantic Diplomatic Fellow\u201d presso il Dipartimento di Stato americano. Nel 2021 viene promosso Consigliere d\u2019Ambasciata.<\/span><\/p>\n<p><span style=\"font-size: large;\">Console Generale d\u2019Italia a Buenos Aires dal 21 agosto 2023.<\/span><\/p>\n<p><span style=\"font-size: large;\">Ufficiale dell\u2019Ordine al Merito della Repubblica Italiana.<\/span><\/p>\n<p><span style=\"font-size: large;\">Sposato, \u00e8 padre di due figlie.<\/span><\/p>\n<p><span style=\"font-size: large;\">Il Console Generale \u00e8 coadiuvato dal Console Lorenzo Conti e da una squadra di 45 persone.<\/span><\/p>\n<p style=\"text-align: justify;\"><a href=\"https:\/\/consbuenosaires.esteri.it\/it\/news\/dal_consolato\/2023\/08\/messaggio-di-saluto-del-nuovo-console-generale\/\" target=\"_blank\" rel=\"noopener\"><strong>Messaggio di saluto<\/strong><\/a><\/p>\n<p><strong><a href=\"https:\/\/consbuenosaires.esteri.it\/wp-content\/uploads\/2025\/02\/Lista_CONSOLI.pdf\" target=\"_blank\" rel=\"noopener\">Elenco dei Consoli Generali d&#8217;Italia a Buenos Aires<\/a><\/strong><\/p>\n","protected":false},"excerpt":{"rendered":"Carmelo Barbera Nato a Messina nel 1978, dopo la maturit\u00e0 classica si laurea in Scienze Internazionali e Diplomatiche presso l&#8217;Universit\u00e0 di Bologna, Sede di Forl\u00ec. Entra in Carriera Diplomatica nel 2003, prestando servizio presso l\u2019Ispettorato Generale del Ministero e degli Uffici all\u2019Estero e successivamente all\u2019Unit\u00e0 di Coordinamento della Segreteria Generale.\u00a0 Dal 2008 al 2011 \u00e8 [&hellip;]","protected":false},"author":1,"featured_media":0,"parent":13,"menu_order":0,"comment_status":"closed","ping_status":"closed","template":"","meta":{"footnotes":""},"class_list":["post-34","page","type-page","status-publish","hentry"],"_links":{"self":[{"href":"https:\/\/consbuenosaires.esteri.it\/it\/wp-json\/wp\/v2\/pages\/34","targetHints":{"allow":["GET"]}}],"collection":[{"href":"https:\/\/consbuenosaires.esteri.it\/it\/wp-json\/wp\/v2\/pages"}],"about":[{"href":"https:\/\/consbuenosaires.esteri.it\/it\/wp-json\/wp\/v2\/types\/page"}],"author":[{"embeddable":true,"href":"https:\/\/consbuenosaires.esteri.it\/it\/wp-json\/wp\/v2\/users\/1"}],"replies":[{"embeddable":true,"href":"https:\/\/consbuenosaires.esteri.it\/it\/wp-json\/wp\/v2\/comments?post=34"}],"version-history":[{"count":6,"href":"https:\/\/consbuenosaires.esteri.it\/it\/wp-json\/wp\/v2\/pages\/34\/revisions"}],"predecessor-version":[{"id":6221,"href":"https:\/\/consbuenosaires.esteri.it\/it\/wp-json\/wp\/v2\/pages\/34\/revisions\/6221"}],"up":[{"embeddable":true,"href":"https:\/\/consbuenosaires.esteri.it\/it\/wp-json\/wp\/v2\/pages\/13"}],"wp:attachment":[{"href":"https:\/\/consbuenosaires.esteri.it\/it\/wp-json\/wp\/v2\/media?parent=34"}],"curies":[{"name":"wp","href":"https:\/\/api.w.org\/{rel}","templated":true}]}}