{"id":16,"date":"2023-04-03T18:24:11","date_gmt":"2023-04-03T16:24:11","guid":{"rendered":"https:\/\/consolatozurigo.esteri.it\/?page_id=16"},"modified":"2025-10-31T11:22:19","modified_gmt":"2025-10-31T14:22:19","slug":"servizi-consolari-e-visti","status":"publish","type":"page","link":"https:\/\/consbuenosaires.esteri.it\/it\/servizi-consolari-e-visti\/","title":{"rendered":"Servizi Consolari e Visti"},"content":{"rendered":"<p>Benvenuti nella sezione dedicata ai servizi consolari.<\/p>\n<p><span style=\"text-decoration: underline;\">Si prega di consultare attentamente nel men\u00f9 di seguito le varie procedure per ogni specifica pratica.<\/span><\/p>\n<p>&nbsp;<\/p>\n<table class=\"table\" style=\"height: 140px;\" width=\"100%\">\n<tbody>\n<tr>\n<td style=\"text-align: center; width: 33%;\"><a title=\"\" href=\"https:\/\/consbuenosaires.esteri.it\/it\/servizi-consolari-e-visti\/servizi-per-il-cittadino-italiano\/anagrafe-degli-italiani-residenti-allestero-aire\/\">Anagrafe\/Fast It<br \/>\n<\/a><\/td>\n<td style=\"text-align: center; width: 33%;\"><a title=\"\" href=\"https:\/\/consbuenosaires.esteri.it\/it\/servizi-consolari-e-visti\/servizi-per-il-cittadino-italiano\/stato-civile\/\">Stato Civile<\/a><\/td>\n<td style=\"text-align: center; width: 33%;\"><a title=\"\" href=\"https:\/\/consbuenosaires.esteri.it\/it\/servizi-consolari-e-visti\/servizi-per-il-cittadino-italiano\/passaporti\/\">Passaporto<\/a><\/td>\n<\/tr>\n<tr>\n<td style=\"text-align: center; width: 33%;\"><a title=\"\" href=\"https:\/\/consbuenosaires.esteri.it\/it\/servizi-consolari-e-visti\/servizi-per-il-cittadino-straniero\/cittadinanza\/\" target=\"_blank\" rel=\"noopener\">Cittadinanza e adozione<\/a><\/td>\n<td style=\"text-align: center; width: 33%;\"><a title=\"\" href=\"https:\/\/consbuenosaires.esteri.it\/it\/servizi-consolari-e-visti\/servizi-per-il-cittadino-italiano\/servizi-notarili\/\">Notarile<\/a><\/td>\n<td style=\"text-align: center; width: 33%;\"><a href=\"https:\/\/consbuenosaires.esteri.it\/it\/servizi-consolari-e-visti\/servizi-per-il-cittadino-straniero\/visti\/\">Visti<\/a><\/td>\n<\/tr>\n<tr>\n<td style=\"text-align: center; width: 33%;\"><a title=\"\" href=\"https:\/\/consbuenosaires.esteri.it\/it\/servizi-consolari-e-visti\/servizi-per-il-cittadino-italiano\/pensioni-e-sicurezza-sociale\/\">Pensioni<\/a><\/td>\n<td style=\"text-align: center; width: 33%;\"><a href=\"https:\/\/consbuenosaires.esteri.it\/it\/servizi-consolari-e-visti\/servizi-per-il-cittadino-italiano\/assistenza-ai-cittadini-allestero\/\">Assistenza<\/a><\/td>\n<td style=\"text-align: center; width: 33%;\"><a href=\"https:\/\/consbuenosaires.esteri.it\/it\/servizi-consolari-e-visti\/servizi-per-il-cittadino-italiano\/altri-servizi\/studi\/\">Studi<\/a><\/td>\n<\/tr>\n<tr>\n<td><\/td>\n<td style=\"text-align: center;\"><a href=\"https:\/\/consbuenosaires.esteri.it\/it\/servizi-consolari-e-visti\/servizi-per-il-cittadino-italiano\/carta-didentita-elettronica-cie\/\">Carta d&#8217;Identit\u00e0 Elettronica (CIE)<\/a><\/td>\n<td><\/td>\n<\/tr>\n<\/tbody>\n<\/table>\n<p>\u00c8 altres\u00ec attivo presso il Consolato Generale un <a href=\"https:\/\/consbuenosaires.esteri.it\/it\/chi-siamo\/gli-uffici\/cooperazione-nel-settore-educativo-scolastico\/\"><strong>Ufficio Scolastico<\/strong><\/a>, che ha l\u2019obiettivo di promuovere la cooperazione scolastica e la diffusione della lingua e cultura italiana nella Circoscrizione, in primo luogo attraverso le quattro scuole paritarie ma anche presso scuole ed enti ove si insegna l\u2019italiano.<\/p>\n<p>Inoltre, \u00e8 possibile trovare nel men\u00f9 laterale tutti i servizi erogati e suddivisi in: servizi per il <a href=\"https:\/\/consbuenosaires.esteri.it\/it\/servizi-consolari-e-visti\/servizi-per-il-cittadino-italiano\/\"><strong>cittadino italiano<\/strong><\/a> e servizi per il <strong><a href=\"https:\/\/consbuenosaires.esteri.it\/it\/servizi-consolari-e-visti\/servizi-per-il-cittadino-straniero\/\">cittadino straniero<\/a><\/strong>.<\/p>\n<p>Nella sezione <a href=\"https:\/\/consbuenosaires.esteri.it\/it\/news\/dal_consolato\/modulistica\/\"><strong>MODULISTICA<\/strong><\/a> sono disponibili i vari moduli richiesti per ogni pratica.<\/p>\n<p>Per ulteriori informazioni di carattere generale \u00e8 attivo, <span style=\"text-decoration: underline;\">da luned\u00ec a venerd\u00ec, dalle ore 8 alle ore 12<\/span>, un <a href=\"https:\/\/consbuenosaires.esteri.it\/it\/chi-siamo\/contatti\/servizio-di-call-center\/\"><strong>Call Centre<\/strong><\/a> al numero: <strong>0800-345-5623<\/strong>.<\/p>\n<p><a href=\"https:\/\/consbuenosaires.esteri.it\/it\/servizi-consolari-e-visti\/servizi-per-il-cittadino-italiano\/altri-servizi\/albo-consolare\/regolamento-generale-per-la-protezione-dei-dati-personali-rgpd-ue-679-2016\/\"><strong>Informativa riguardo al Regolamento Generale sulla Protezione dei Dati (UE) 2016\/679<\/strong><\/a><\/p>\n<p><b><u>ATTENZIONE: Si invita l&#8217;utenza a controllare sempre anche la sezione \u201cspam\u201d (o posta indesiderata) della propria casella di posta elettronica, per verificare che non vi siano comunicazioni email inviate all\u2019utente dal Consolato Generale.<\/u><\/b><\/p>\n","protected":false},"excerpt":{"rendered":"Benvenuti nella sezione dedicata ai servizi consolari. Si prega di consultare attentamente nel men\u00f9 di seguito le varie procedure per ogni specifica pratica. &nbsp; Anagrafe\/Fast It Stato Civile Passaporto Cittadinanza e adozione Notarile Visti Pensioni Assistenza Studi Carta d&#8217;Identit\u00e0 Elettronica (CIE) \u00c8 altres\u00ec attivo presso il Consolato Generale un Ufficio Scolastico, che ha l\u2019obiettivo di [&hellip;]","protected":false},"author":1,"featured_media":0,"parent":0,"menu_order":6,"comment_status":"closed","ping_status":"closed","template":"","meta":{"footnotes":""},"class_list":["post-16","page","type-page","status-publish","hentry"],"_links":{"self":[{"href":"https:\/\/consbuenosaires.esteri.it\/it\/wp-json\/wp\/v2\/pages\/16","targetHints":{"allow":["GET"]}}],"collection":[{"href":"https:\/\/consbuenosaires.esteri.it\/it\/wp-json\/wp\/v2\/pages"}],"about":[{"href":"https:\/\/consbuenosaires.esteri.it\/it\/wp-json\/wp\/v2\/types\/page"}],"author":[{"embeddable":true,"href":"https:\/\/consbuenosaires.esteri.it\/it\/wp-json\/wp\/v2\/users\/1"}],"replies":[{"embeddable":true,"href":"https:\/\/consbuenosaires.esteri.it\/it\/wp-json\/wp\/v2\/comments?post=16"}],"version-history":[{"count":7,"href":"https:\/\/consbuenosaires.esteri.it\/it\/wp-json\/wp\/v2\/pages\/16\/revisions"}],"predecessor-version":[{"id":9242,"href":"https:\/\/consbuenosaires.esteri.it\/it\/wp-json\/wp\/v2\/pages\/16\/revisions\/9242"}],"wp:attachment":[{"href":"https:\/\/consbuenosaires.esteri.it\/it\/wp-json\/wp\/v2\/media?parent=16"}],"curies":[{"name":"wp","href":"https:\/\/api.w.org\/{rel}","templated":true}]}}