{"id":13,"date":"2023-04-03T18:23:20","date_gmt":"2023-04-03T16:23:20","guid":{"rendered":"https:\/\/consolatozurigo.esteri.it\/?page_id=13"},"modified":"2025-03-18T14:47:21","modified_gmt":"2025-03-18T13:47:21","slug":"chi-siamo","status":"publish","type":"page","link":"https:\/\/consbuenosaires.esteri.it\/it\/chi-siamo\/","title":{"rendered":"Chi siamo"},"content":{"rendered":"<p>Il Consolato Generale d\u2019Italia in Buenos Aires offre i\u00a0<a title=\"vai alla pagina dei servizi consolari\" href=\"https:\/\/consbuenosaires.esteri.it\/it\/servizi-consolari-e-visti\/\" target=\"_blank\" rel=\"noopener\"><strong>servizi consolari<\/strong><\/a> ai cittadini italiani e ai cittadini stranieri residenti nella <a href=\"https:\/\/consbuenosaires.esteri.it\/it\/chi-siamo\/la-rete-consolare\/\"><strong>circoscrizione consolare di Buenos Aires<\/strong><\/a>. Per i servizi riservati ai residenti potr\u00e0 essere richiesta una prova della residenza presso questa circoscrizione.<\/p>\n<p>Per l&#8217;accesso al Consolato Generale\u00a0\u00e8 necessario\u00a0<strong>un documento in corso di validit\u00e0 con foto riconoscibile<\/strong>\u00a0(DNI, Cedula del Mercosur o Passaporto).<\/p>\n<p><strong>Si segnala che i residenti nelle circoscrizioni di Tres de Febrero, Zarate e Merlo\u00a0<\/strong>dovranno rivolgersi direttamente al Corrispondente Consolare del luogo per i servizi di stato civile. Per i servizi relativi ai settori cittadinanza, assistenza, pensioni, notarile, studi e passaporti, gli utenti dovranno recarsi presso il Consolato Generale (in Calle Reconquista 572).<\/p>\n<p>Con l&#8217;eccezione del settore\u00a0<strong>Assistenza <\/strong>e dei casi di\u00a0<strong>comprovata emergenza <\/strong>(es. furto passaporto o urgenza di viaggiare, in caso di persone in possesso di sola cittadinanza italiana), per poter accedere ai servizi consolari\u00a0<strong>\u00e8 necessario fissare un appuntamento online<\/strong>\u00a0(vd. <a title=\"Vai alla pagina con le informazioni sulla prenotazione degli appuntamenti on line\" href=\"https:\/\/prenotami.esteri.it\/\" target=\"_blank\" rel=\"noopener\"><strong>sistema di appuntamenti online<\/strong><\/a>).<\/p>\n<p><strong>L<\/strong>&#8216;<strong>appuntamento \u00e8 GRATUITO, personale e non pu\u00f2 essere ceduto o scambiato n\u00e9 preso da terzi, pena cancellazione.<\/strong><\/p>\n<p>Per richiedere informazioni, il Consolato Generale d\u2019Italia a Buenos Aires mette a disposizione un servizio di assistenza telefonica. Il servizio \u00e8 disponibile da luned\u00ec a venerd\u00ec (esclusi i giorni festivi), dalle ore 8 alle ore 12 chiamando al seguente numero telefonico gratuito: <strong>0800-345-5623<\/strong>.<\/p>\n<p><strong>In caso di gravi emergenze, <\/strong><span style=\"text-decoration: underline;\">e in nessun caso per informazioni<\/span>, \u00e8 attivo nel fine settimana, dalle 9.00 alle 21.00, il numero 011 15 4530 5629 (dall\u2019Italia +54 911 4530 5629).<\/p>\n<p>Per conoscere i <span style=\"text-decoration: underline;\">giorni festivi<\/span> nei quali questo <span style=\"text-decoration: underline;\">Consolato Generale rimarr\u00e0 chiuso<\/span>, \u00e8 possibile consultare il <strong><a href=\"https:\/\/consbuenosaires.esteri.it\/it\/news\/dal_consolato\/2024\/11\/calendario-delle-festivita-2025\/\">Calendario delle festivit\u00e0<\/a><\/strong>.<\/p>\n<p>&nbsp;<\/p>\n<p><b><u>ATTENZIONE: Si invita l&#8217;utenza a controllare sempre anche la sezione \u201cspam\u201d (o posta indesiderata) della propria casella di posta elettronica, per verificare che non vi siano comunicazioni email inviate all\u2019utente dal Consolato Generale.<\/u><\/b><\/p>\n","protected":false},"excerpt":{"rendered":"Il Consolato Generale d\u2019Italia in Buenos Aires offre i\u00a0servizi consolari ai cittadini italiani e ai cittadini stranieri residenti nella circoscrizione consolare di Buenos Aires. Per i servizi riservati ai residenti potr\u00e0 essere richiesta una prova della residenza presso questa circoscrizione. Per l&#8217;accesso al Consolato Generale\u00a0\u00e8 necessario\u00a0un documento in corso di validit\u00e0 con foto riconoscibile\u00a0(DNI, Cedula [&hellip;]","protected":false},"author":1,"featured_media":0,"parent":0,"menu_order":2,"comment_status":"closed","ping_status":"closed","template":"","meta":{"footnotes":""},"class_list":["post-13","page","type-page","status-publish","hentry"],"_links":{"self":[{"href":"https:\/\/consbuenosaires.esteri.it\/it\/wp-json\/wp\/v2\/pages\/13","targetHints":{"allow":["GET"]}}],"collection":[{"href":"https:\/\/consbuenosaires.esteri.it\/it\/wp-json\/wp\/v2\/pages"}],"about":[{"href":"https:\/\/consbuenosaires.esteri.it\/it\/wp-json\/wp\/v2\/types\/page"}],"author":[{"embeddable":true,"href":"https:\/\/consbuenosaires.esteri.it\/it\/wp-json\/wp\/v2\/users\/1"}],"replies":[{"embeddable":true,"href":"https:\/\/consbuenosaires.esteri.it\/it\/wp-json\/wp\/v2\/comments?post=13"}],"version-history":[{"count":6,"href":"https:\/\/consbuenosaires.esteri.it\/it\/wp-json\/wp\/v2\/pages\/13\/revisions"}],"predecessor-version":[{"id":6440,"href":"https:\/\/consbuenosaires.esteri.it\/it\/wp-json\/wp\/v2\/pages\/13\/revisions\/6440"}],"wp:attachment":[{"href":"https:\/\/consbuenosaires.esteri.it\/it\/wp-json\/wp\/v2\/media?parent=13"}],"curies":[{"name":"wp","href":"https:\/\/api.w.org\/{rel}","templated":true}]}}