{"id":9929,"date":"2026-01-15T12:33:09","date_gmt":"2026-01-15T15:33:09","guid":{"rendered":"https:\/\/consbuenosaires.esteri.it\/?page_id=9929"},"modified":"2026-03-03T14:52:35","modified_gmt":"2026-03-03T17:52:35","slug":"referendum-constitucional-confirmatorio-22-23-marzo-2026","status":"publish","type":"page","link":"https:\/\/consbuenosaires.esteri.it\/es\/servizi-consolari-e-visti\/servizi-per-il-cittadino-italiano\/servizi-elettorali\/elecciones-politicas-y-referendos\/referendum-constitucional-confirmatorio-22-23-marzo-2026\/","title":{"rendered":"Refer\u00e9ndum Constitucional 22 y 23 de marzo de 2026"},"content":{"rendered":"<p><strong>Todas las informaciones, comunicados, formularios y calendario ser\u00e1n publicados en esta secci\u00f3n.<\/strong><\/p>\n<p>Se solicita enviar las solicitudes referidas a las elecciones \u00fanicamente a la casilla de mail: <strong><a href=\"mailto:buenosaires.uff-ele@esteri.it\">buenosaires.uff-ele@esteri.it<\/a><\/strong><\/p>\n<ul>\n<li style=\"list-style-type: none;\">\n<ul>\n<li><strong>27\/02\/2026 &#8211;<\/strong> <a href=\"https:\/\/consbuenosaires.esteri.it\/wp-content\/uploads\/2026\/03\/SPA-RITIRO-DUPLICATI-REFERENDUM-2026-002.pdf\">Comunicado de emisi\u00f3n de duplicados (d\u00edas y horarios de apertura de la Oficina Electoral)<\/a><\/li>\n<li><strong>13\/02\/2026 &#8211; <\/strong><a href=\"https:\/\/consbuenosaires.esteri.it\/wp-content\/uploads\/2026\/02\/foglio-illustrativo.pdf\" target=\"_blank\" rel=\"noopener\">Publicaci\u00f3n de la \u00abHoja de ilustraci\u00f3n \u2013 Como se vota \u2013 Instrucciones de como devolver las boletas votadas\u00bb<\/a><\/li>\n<li><strong>13\/02\/2026 &#8211; <\/strong><a href=\"https:\/\/consbuenosaires.esteri.it\/wp-content\/uploads\/2026\/02\/foglio-informativo.pdf\" target=\"_blank\" rel=\"noopener\">Publicaci\u00f3n de la \u00abHoja de informaci\u00f3n \u2013 Instrucciones para los Electores\u00bb<\/a><\/li>\n<li><strong><strong>26\/01\/2026 &#8211; <\/strong><\/strong><a href=\"https:\/\/consbuenosaires.esteri.it\/es\/news\/dal_consolato\/2026\/01\/referendum-confirmatorio-22-23-de-marzo-de-2026-opcion-de-los-electores-transitoriamente-en-el-exterior\/\">Comunicado Opci\u00f3n de los electores transitoriamente en el exterior<\/a><\/li>\n<li><strong>19\/01\/2026 &#8211;<\/strong> <a href=\"https:\/\/consbuenosaires.esteri.it\/wp-content\/uploads\/2026\/01\/Brochure-informativa-Referendum-2026.-SPA.pdf\">Toda la informaci\u00f3n sobre el Referendum<\/a><\/li>\n<li><strong>14\/01\/2026 &#8211; <\/strong><a href=\"https:\/\/consbuenosaires.esteri.it\/es\/news\/dal_consolato\/2026\/01\/referendum-constitucional-confirmatorio-22-y-23-de-marzo-de-2026\/\">Comunicado de establecimiento de fechas para el referendum y opci\u00f3n de voto en Italia para los inscriptos en el A.I.R.E<\/a><\/li>\n<\/ul>\n<\/li>\n<\/ul>\n","protected":false},"excerpt":{"rendered":"Todas las informaciones, comunicados, formularios y calendario ser\u00e1n publicados en esta secci\u00f3n. Se solicita enviar las solicitudes referidas a las elecciones \u00fanicamente a la casilla de mail: buenosaires.uff-ele@esteri.it 27\/02\/2026 &#8211; Comunicado de emisi\u00f3n de duplicados (d\u00edas y horarios de apertura de la Oficina Electoral) 13\/02\/2026 &#8211; Publicaci\u00f3n de la \u00abHoja de ilustraci\u00f3n \u2013 Como se [&hellip;]","protected":false},"author":6,"featured_media":0,"parent":1695,"menu_order":1,"comment_status":"closed","ping_status":"closed","template":"","meta":{"footnotes":""},"class_list":["post-9929","page","type-page","status-publish","hentry"],"_links":{"self":[{"href":"https:\/\/consbuenosaires.esteri.it\/es\/wp-json\/wp\/v2\/pages\/9929","targetHints":{"allow":["GET"]}}],"collection":[{"href":"https:\/\/consbuenosaires.esteri.it\/es\/wp-json\/wp\/v2\/pages"}],"about":[{"href":"https:\/\/consbuenosaires.esteri.it\/es\/wp-json\/wp\/v2\/types\/page"}],"author":[{"embeddable":true,"href":"https:\/\/consbuenosaires.esteri.it\/es\/wp-json\/wp\/v2\/users\/6"}],"replies":[{"embeddable":true,"href":"https:\/\/consbuenosaires.esteri.it\/es\/wp-json\/wp\/v2\/comments?post=9929"}],"version-history":[{"count":6,"href":"https:\/\/consbuenosaires.esteri.it\/es\/wp-json\/wp\/v2\/pages\/9929\/revisions"}],"predecessor-version":[{"id":10530,"href":"https:\/\/consbuenosaires.esteri.it\/es\/wp-json\/wp\/v2\/pages\/9929\/revisions\/10530"}],"up":[{"embeddable":true,"href":"https:\/\/consbuenosaires.esteri.it\/es\/wp-json\/wp\/v2\/pages\/1695"}],"wp:attachment":[{"href":"https:\/\/consbuenosaires.esteri.it\/es\/wp-json\/wp\/v2\/media?parent=9929"}],"curies":[{"name":"wp","href":"https:\/\/api.w.org\/{rel}","templated":true}]}}