{"id":9194,"date":"2025-10-31T11:07:37","date_gmt":"2025-10-31T14:07:37","guid":{"rendered":"https:\/\/consbuenosaires.esteri.it\/?page_id=9194"},"modified":"2026-02-27T10:15:27","modified_gmt":"2026-02-27T13:15:27","slug":"carta-de-identidad-electronica-cie","status":"publish","type":"page","link":"https:\/\/consbuenosaires.esteri.it\/es\/servizi-consolari-e-visti\/servizi-per-il-cittadino-italiano\/carta-de-identidad-electronica-cie\/","title":{"rendered":"Carta de Identidad Electr\u00f3nica (CIE)"},"content":{"rendered":"<p>La Ley n. 11\/2026, que entr\u00f3 en vigor el pasado 19 de febrero, introduce la <strong>posibilidad para el ciudadano inscrito en el Registro de los Italianos Residentes en el Extranjero (AIRE)<\/strong> \u2014<u>a partir del 1 de junio de 2026<\/u>\u2014 de presentar la solicitud de emisi\u00f3n del documento de identidad electr\u00f3nico <strong>en cualquier Comuna italiana<\/strong>.<\/p>\n<p>El documento de identidad ser\u00e1 entregado con las mismas modalidades previstas en caso de solicitud presentada a trav\u00e9s de la Oficina consular, con la posibilidad para el interesado de retirarlo personalmente en la Comuna o bien solicitar su env\u00edo al extranjero.<\/p>\n<ol>\n<li><strong>\u00bfQu\u00e9 es la CIE?<\/strong><\/li>\n<\/ol>\n<p>La carta de identidad electr\u00f3nica es un documento personal v\u00e1lido para identificarse y circular en la Uni\u00f3n Europea, en algunos Estados adheridos al acuerdo de Schengen (por ejemplo, Islandia, Noruega y Suiza) y en otros Estados con los cuales se han alcanzado acuerdos bilaterales (ver las \u201cfichas pa\u00eds\u201d individuales en el sitio <a href=\"http:\/\/www.viaggiaresicuri.it\">www.viaggiaresicuri.it<\/a>).<\/p>\n<p>Con la CIE tambi\u00e9n es posible acceder a algunos servicios digitales de la Administraci\u00f3n P\u00fablica (<em>INPS<\/em>, Municipios, \u201c<em>Agenzia delle Entrate<\/em>\u201d, App IO).<\/p>\n<p><strong><u>La CIE no remplaza el pasaporte ni es suficiente para viajar desde Italia hacia Argentina y viceversa.<\/u><\/strong><\/p>\n<ol start=\"2\">\n<li><strong> \u00bfA qui\u00e9n se le puede otorgar la CIE?<\/strong><\/li>\n<\/ol>\n<p>La solicitud puede ser presentada al Consulado General de Italia en Buenos Aires <strong><u>exclusivamente por parte de ciudadanos italianos residentes regularmente en esta Circunscripci\u00f3n Consular con inscripci\u00f3n completa en AIRE <\/u><\/strong>(con respecto a lo dicho, se recuerda que la inscripci\u00f3n en AIRE refiere a la inscripci\u00f3n en el registro anteriormente nombrado <u>por parte de la Comuna italiana competente<\/u>).<\/p>\n<p><strong>En caso de cambio de domicilio<\/strong> (respecto al informado previamente a la Oficina Consular), es necesario solicitar la variaci\u00f3n de domicilio a trav\u00e9s del portal <a href=\"https:\/\/serviziconsolarionline.esteri.it\/ScoFE\/index.sco\"><strong>FAST IT<\/strong><\/a> <u>antes<\/u> de proceder con la solicitud de emisi\u00f3n de la CIE.<\/p>\n<p>Es decir que, para la emisi\u00f3n de la CIE <strong><u>(la cual no es entregada personalmente por el Consulado General, sino enviada al usuario desde Italia, ver punto 10),<\/u><\/strong> es indispensable que el solicitante:<\/p>\n<ul>\n<li>sea ciudadano italiano residente regularmente en la Circunscripci\u00f3n Consular;<\/li>\n<li>est\u00e9 inscrito en AIRE y su nombre haya sido ingresado en la aplicaci\u00f3n correspondiente por el Municipio italiano de referencia;<\/li>\n<li>tenga el acta de nacimiento transcripta en Italia, ya que los datos de dicha transcripci\u00f3n deben figurar en la CIE;<\/li>\n<li>haya actualizado su domicilio.<\/li>\n<\/ul>\n<ol start=\"3\">\n<li><strong> \u00bfCu\u00e1ndo se puede solicitar la CIE?<\/strong><\/li>\n<\/ol>\n<ul>\n<li>para primera emisi\u00f3n;<\/li>\n<li>en caso de robo, p\u00e9rdida o deterioro de la anterior carta de identidad en papel o electr\u00f3nica;<\/li>\n<li>en reemplazo de una carta de identidad en papel v\u00e1lida (<u>ver Aviso sobre Carta de Identidad en papel<\/u>).<\/li>\n<\/ul>\n<ol start=\"4\">\n<li><strong> \u00bfC\u00f3mo se solicita?<\/strong><\/li>\n<\/ol>\n<p>La solicitud debe realizarse exclusivamente utilizando la plataforma <a href=\"https:\/\/prenotami.esteri.it\/\">Prenot@Mi<\/a>.<\/p>\n<p><u>ATENCI\u00d3N: en caso de que, tras verificaciones, surjan motivos que impidan procesar la solicitud (ver punto 2), el connacional ser\u00e1 informado de las razones del rechazo y deber\u00e1 regularizar su situaci\u00f3n en base a lo comunicado por el Consulado General. Solo una vez regularizada su situaci\u00f3n, podr\u00e1 repetir el tr\u00e1mite en el portal <\/u><a href=\"https:\/\/prenotami.esteri.it\/\">Prenot@Mi<\/a><u>.<\/u><\/p>\n<ol start=\"5\">\n<li><strong>\u00bfSe puede solicitar turno para hijos menores?<\/strong><\/li>\n<\/ol>\n<p>S\u00ed. Al momento de reservar el turno se deber\u00e1 c<strong>ompletar una ficha para cada persona que solicite la CIE. <\/strong>Para ulteriores informaciones sobre el consentimiento ver punto 9.<\/p>\n<ol start=\"6\">\n<li><strong> \u00bfQu\u00e9 documentaci\u00f3n se debe llevar al turno para solicitar la CIE?<\/strong><\/li>\n<\/ol>\n<p>Normalmente el solicitante debe presentarse con:<\/p>\n<ol>\n<li>Formulario de solicitud de la CIE compilado: <strong><a href=\"https:\/\/consbuenosaires.esteri.it\/wp-content\/uploads\/2025\/10\/CIE-Modello-maggiorennI.pdf\">\u00a0Formulario para mayores de edad<\/a> &#8211; <a href=\"https:\/\/consbuenosaires.esteri.it\/wp-content\/uploads\/2025\/10\/CIE-Modello-minori.pdf\">Formulario para menores de edad<\/a><\/strong><\/li>\n<li>Dos fotos carnet recientes y conforme a los <u><strong><a href=\"https:\/\/consbuenosaires.esteri.it\/wp-content\/uploads\/2025\/10\/photograph_guidelines_it.pdf\">est\u00e1ndares internacionales ICAO<\/a><\/strong>\u00a0(3,5cmx4,0cm, no digitales, en color, con fondo blanco, que muestren el rostro de frente, a distancia media, con las cejas descubiertas, expresi\u00f3n neutral y boca cerrada)<\/u><\/li>\n<li>DNI argentino vigente y\/o carta de identidad italiana anterior;<\/li>\n<li>Declaraci\u00f3n de p\u00e9rdida\/robo de la carta de identidad anterior si corresponde (se recuerda tener presentes las consecuencias previstas por la normativa en caso de falsa declaraci\u00f3n);<\/li>\n<li>Acta de consentimiento de ambos padres en caso de que el solicitante sea menor de 18 a\u00f1os (ver punto 9);<\/li>\n<li>Tarjeta de d\u00e9bito (Visa) para el pago en pesos a realizarse en el Consulado o comprobante en papel del pago realizado en los tres dias habiles anteriores a la fecha del turno (ver punto 7).<\/li>\n<\/ol>\n<ol start=\"7\">\n<li><strong> Pago<\/strong><\/li>\n<\/ol>\n<p>El titular del turno podr\u00e1 pagar:<\/p>\n<ul>\n<li><strong>mediante POS exclusivamente con tarjeta de d\u00e9bito (Visa) <\/strong>al momento de la presentaci\u00f3n en el Consulado (no ser\u00e1 posible realizar el pago con tarjetas de cr\u00e9dito, Prepago, Mercado Pago otros sistemas). Al pagar con POS, la comisi\u00f3n (1% + IVA) correr\u00e1 por cuenta del usuario;<\/li>\n<li><strong>mediante transferencia bancaria<\/strong>: en este caso, el dia del turno se deber\u00e1 presentar el <strong>comprobante<\/strong> <strong>en papel del pago. <\/strong>En la transferencia \u2013 que deber\u00e1 realizarse en los tres dias habiles anteriores al dia del turno \u2013 deber\u00e1n indicarse obligatoriamente los siguientes datos:<\/li>\n<\/ul>\n<p>CBU: 0340160200100586462020<br \/>\nCUIT Consulado: 30-69118445-1<br \/>\nCausale: Apellido y nombre del solicitante \u2013 emisi\u00f3n CIE<\/p>\n<p>El pago deber\u00e1 realizarse en pesos argentinos, por el importe vigente en la fecha del turno, disponible en la p\u00e1gina web de este Consulado General en el siguiente enlace: <a href=\"https:\/\/consbuenosaires.esteri.it\/es\/servizi-consolari-e-visti\/servizi-per-il-cittadino-italiano\/altri-servizi\/tarifas-consulares\/\">Tarifas Consulares.<\/a><\/p>\n<ol start=\"8\">\n<li><strong>\u00bfQu\u00e9 se realiza el d\u00eda del turno?<\/strong><\/li>\n<\/ol>\n<p>El operador recibir\u00e1 la documentaci\u00f3n mencionada en el punto 6, realizar\u00e1 el reconocimiento del solicitante, la verificaci\u00f3n de la foto y la adquisici\u00f3n de las huellas digitales y de su firma.<\/p>\n<ol start=\"9\">\n<li><strong> \u00bfQu\u00e9 es el acta de consentimiento para los menores?<\/strong><\/li>\n<\/ol>\n<p>Para la <strong>emisi\u00f3n de la CIE para menores de edad<\/strong> &#8211; al igual que para el pasaporte &#8211; se mantiene <u>la obligaci\u00f3n de presentar el consentimiento de ambos padres o de quien ejerza la responsabilidad parental.<\/u><\/p>\n<p>El consentimiento puede darse de las siguientes formas:<\/p>\n<ul>\n<li>personalmente en el Consulado, el d\u00eda del turno, presentando un documento de identidad v\u00e1lido (original y copia simple);<\/li>\n<li>en una oficina de la Administraci\u00f3n P\u00fablica italiana autorizada para la autenticaci\u00f3n de firmas (por ejemplo, <em>Questura<\/em> o Sede diplom\u00e1tico-consular);<\/li>\n<li>mediante escritura p\u00fablica ante un escribano argentino, legalizada con Apostilla y traducida al italiano.<\/li>\n<\/ul>\n<p>Los padres ciudadanos de un Pa\u00eds de la Uni\u00f3n Europea pueden presentar el consentimiento completando y firmando el <a href=\"https:\/\/consbuenosaires.esteri.it\/wp-content\/uploads\/2025\/10\/CIE-Atto-di-assenso.pdf\">formulario correspondiente<\/a>\u00a0 y adjuntando la copia de un documento de identidad vigente emitido por un Pa\u00eds de la UE donde se vea la firma del declarante.<\/p>\n<p>Si existe un peligro actual y concreto de que, debido a la mudanza al exterior, uno de los padres pueda evadir sus obligaciones hacia los hijos, el otro puede solicitar al juez competente que impida la emisi\u00f3n del documento.<\/p>\n<p>Desde el 14 de junio de 2023, seg\u00fan el D.L. 69\/2023, ya no se requiere el consentimiento del otro padre para la emisi\u00f3n del documento propio de identidad (CIE o pasaporte).<\/p>\n<ol start=\"10\">\n<li><strong> \u00bfC\u00f3mo se recibe la carta de identidad electr\u00f3nica?<\/strong><\/li>\n<\/ol>\n<p>La carta de identidad electr\u00f3nica <strong><u>no es emitida\/entregada por el Consulado General.<\/u><\/strong><\/p>\n<p>La CIE es emitida por el Ministerio del Interior y producida por el <em>Istituto Poligrafico e Zecca dello Stato<\/em>, que la <strong><u>env\u00eda por medio de \u201c<em>Poste Italiane<\/em>\u201d, por correo certificado, a la direcci\u00f3n de residencia declarada por el solicitante.<\/u><\/strong><\/p>\n<p>El connacional podr\u00e1 seguir autonomamente el env\u00edo online, a trav\u00e9s de un c\u00f3digo de seguimiento, el cual le ser\u00e1 entregado el dia del turno al solicitante.<\/p>\n<p>En caso de <strong>entrega fallida o ausencia del solicitante el d\u00eda de la entrega<\/strong>, la CIE queda en custodia en la Oficina Postal de Correo Argentino por un per\u00edodo variable (se recomienda que el usuario verifique directamente con el servicio de correo), tras lo cual el paquete con la CIE es devuelto a Italia.<\/p>\n<p><u>Se recomienda monitorear atentamente el estado del env\u00edo.<\/u><\/p>\n<p><u>El Consulado General no se hace responsable por eventuales problemas de env\u00edo, por los cuales es necesario comunicarse con <em>\u201cPoste Italiane\u201d<\/em>.<\/u><\/p>\n<p><u>La competencia del Consulado General termina el dia del turno con el env\u00edo de la solicitud de la CIE a Italia. Eventuales ulteriores consultas respecto de la CIE deberan ser dirigidas a la direcci\u00f3n de correo electr\u00f3nico especifica del Ministerio del Interior: cie.cittadini@interno.it<\/u><\/p>\n<ol start=\"11\">\n<li><strong>\u00bfCu\u00e1nto tiempo dura la CIE?<\/strong><\/li>\n<\/ol>\n<p>La validez de la carta de identidad var\u00eda seg\u00fan la edad del titular:<\/p>\n<ul>\n<li>3 a\u00f1os para menores de 0 a 3 a\u00f1os (no cumplidos);<\/li>\n<li>5 a\u00f1os para menores de 3 a 18 a\u00f1os (no cumplidos);<\/li>\n<li>10 a\u00f1os para mayores de edad.<\/li>\n<\/ul>\n<ol start=\"12\">\n<li><strong> \u00bfDebo pedir una carta de identidad nueva si cambio de domicilio?<\/strong><\/li>\n<\/ol>\n<p>No. La carta de identidad es un documento de identidad y no de \u00a0\u00a0\u00a0residencia.<br \/>\n&lt;<\/p>\n<p style=\"text-align: center;\" align=\"center\"><strong><u><span style=\"font-size: 14.0pt; font-family: 'Tahoma',sans-serif; color: red; background: white;\"><strong><u>AVISO<\/u><\/strong><\/span><\/u><\/strong><\/p>\n<p style=\"text-align: justify;\" align=\"center\"><strong><u><span style=\"font-size: 14.0pt; font-family: 'Tahoma',sans-serif; color: red; background: white;\"><strong><u>Las cartas de identidad en papel (CIC) italianas dejar\u00e1n de ser v\u00e1lidas a partir del 3 de agosto de 2026.<\/u><\/strong><\/span><\/u><\/strong><\/p>\n<p style=\"text-align: justify;\" align=\"center\"><u><span style=\"font-size: 14.0pt; font-family: 'Tahoma',sans-serif; color: red; background: white;\">Los connacionales inscriptos en AIRE en este Consulado General que posean la CIC <strong><u>con fecha de vencimiento posterior al 3 de agosto de 2026<\/u><\/strong> est\u00e1n invitados a reservar un turno para la emisi\u00f3n de la carta de identidad electr\u00f3nica a trav\u00e9s del portal <a href=\"https:\/\/prenotami.esteri.it\/\">Prenot@Mi<\/a>, donde se ha creado un servicio espec\u00edfico (\u201cReemplazo Carta de Identidad en papel vigente por Carta de Identidad Electr\u00f3nica\u201d)<\/span><\/u><\/p>\n<p style=\"text-align: justify;\" align=\"center\"><u><span style=\"font-size: 14.0pt; font-family: 'Tahoma',sans-serif; color: red; background: white;\">El usuario &#8211; en los campos obligatorios &#8211; deber\u00e1 ingresar el <u>n\u00famero de la carta de identidad en papel que posee<\/u> y subir el <strong><u>archivo con copia de la misma<\/u><\/strong><u>. <\/u><\/span><\/u><\/p>\n<p style=\"text-align: justify;\" align=\"center\"><u><span style=\"font-size: 14.0pt; font-family: 'Tahoma',sans-serif; color: red; background: white;\">El usuario que quiera reemplazar la carta de identidad en papel por la electr\u00f3nica deber\u00e1 realizar el pago correspondiente (ver punto 8).<\/span><\/u><\/p>\n<p style=\"text-align: justify;\" align=\"center\">Correo electr\u00f3nico de la Oficina: <a href=\"mailto:consgenbuenosaires.cie@esteri.it\">consgenbuenosaires.cie@esteri.it<\/a><\/p>\n<p style=\"text-align: justify;\" align=\"center\">Para m\u00e1s informaciones, se invita a consultar la normativa de referencia.<\/p>\n","protected":false},"excerpt":{"rendered":"La Ley n. 11\/2026, que entr\u00f3 en vigor el pasado 19 de febrero, introduce la posibilidad para el ciudadano inscrito en el Registro de los Italianos Residentes en el Extranjero (AIRE) \u2014a partir del 1 de junio de 2026\u2014 de presentar la solicitud de emisi\u00f3n del documento de identidad electr\u00f3nico en cualquier Comuna italiana. El [&hellip;]","protected":false},"author":6,"featured_media":0,"parent":167,"menu_order":0,"comment_status":"closed","ping_status":"closed","template":"","meta":{"footnotes":""},"class_list":["post-9194","page","type-page","status-publish","hentry"],"_links":{"self":[{"href":"https:\/\/consbuenosaires.esteri.it\/es\/wp-json\/wp\/v2\/pages\/9194","targetHints":{"allow":["GET"]}}],"collection":[{"href":"https:\/\/consbuenosaires.esteri.it\/es\/wp-json\/wp\/v2\/pages"}],"about":[{"href":"https:\/\/consbuenosaires.esteri.it\/es\/wp-json\/wp\/v2\/types\/page"}],"author":[{"embeddable":true,"href":"https:\/\/consbuenosaires.esteri.it\/es\/wp-json\/wp\/v2\/users\/6"}],"replies":[{"embeddable":true,"href":"https:\/\/consbuenosaires.esteri.it\/es\/wp-json\/wp\/v2\/comments?post=9194"}],"version-history":[{"count":6,"href":"https:\/\/consbuenosaires.esteri.it\/es\/wp-json\/wp\/v2\/pages\/9194\/revisions"}],"predecessor-version":[{"id":10381,"href":"https:\/\/consbuenosaires.esteri.it\/es\/wp-json\/wp\/v2\/pages\/9194\/revisions\/10381"}],"up":[{"embeddable":true,"href":"https:\/\/consbuenosaires.esteri.it\/es\/wp-json\/wp\/v2\/pages\/167"}],"wp:attachment":[{"href":"https:\/\/consbuenosaires.esteri.it\/es\/wp-json\/wp\/v2\/media?parent=9194"}],"curies":[{"name":"wp","href":"https:\/\/api.w.org\/{rel}","templated":true}]}}