{"id":6706,"date":"2025-04-01T20:27:33","date_gmt":"2025-04-01T18:27:33","guid":{"rendered":"https:\/\/consbuenosaires.esteri.it\/?page_id=6706"},"modified":"2025-05-21T19:40:32","modified_gmt":"2025-05-21T17:40:32","slug":"referendums-derogatorios-del-08-09-06-2025","status":"publish","type":"page","link":"https:\/\/consbuenosaires.esteri.it\/es\/servizi-consolari-e-visti\/servizi-per-il-cittadino-italiano\/servizi-elettorali\/elecciones-politicas-y-referendos\/referendums-derogatorios-del-08-09-06-2025\/","title":{"rendered":"Refer\u00e9ndums derogatorios 2025"},"content":{"rendered":"<p><strong>Todas las informaciones, comunicados, formularios y calendario ser\u00e1n publicados en esta secci\u00f3n.<\/strong><\/p>\n<p>Se solicita enviar las solicitudes referidas a las elecciones \u00fanicamente a la casilla de mail: <strong><a href=\"mailto:buenosaires.uff-ele@esteri.it\">buenosaires.uff-ele@esteri.it<\/a><\/strong><\/p>\n<ul>\n<li><strong>21\/05\/2025 &#8211; <\/strong><a href=\"https:\/\/consbuenosaires.esteri.it\/it\/news\/dal_consolato\/2025\/05\/referendum-abrogativi-2025-rilascio-dei-duplicati\/\">Comunicado de emisi\u00f3n de duplicados (dias y horarios de apertura de la Oficina Electoral)<\/a><\/li>\n<li><strong>23\/04\/2025 &#8211;\u00a0 <\/strong><a href=\"https:\/\/consbuenosaires.esteri.it\/wp-content\/uploads\/2025\/05\/15.2-Foglio-illustrativo-retro-del-foglio-informativo.pdf\">Publicaci\u00f3n de la \u00abHoja de ilustraci\u00f3n &#8211; Como se vota &#8211; Instrucciones como devolver las boletas votadas\u00bb<\/a><\/li>\n<li><strong>23\/04\/2025 &#8211;<\/strong>\u00a0 <a href=\"https:\/\/consbuenosaires.esteri.it\/wp-content\/uploads\/2025\/05\/15.1-Foglio-informativo.pdf\">Publicaci\u00f3n de la \u00abHoja de informaci\u00f3n &#8211; Instrucciones para los Electores\u00bb\u00a0<\/a><\/li>\n<li><strong>10\/04\/2025 &#8211;<\/strong>\u00a0 <a href=\"https:\/\/consbuenosaires.esteri.it\/it\/news\/dal_consolato\/2025\/04\/elettori-temporaneamente-allestero\/\">Comunicado sobre la presentaci\u00f3n de la opci\u00f3n de voto por parte de los electores temporalmente en el extranjero<\/a><\/li>\n<li><strong>03\/04\/2025 &#8211;<\/strong> <a href=\"https:\/\/consbuenosaires.esteri.it\/wp-content\/uploads\/2025\/05\/comunicato-in-spagnolo.pdf\">Publicaci\u00f3n del folleto informativo sobre el Referendum 2<\/a><a href=\"https:\/\/consbuenosaires.esteri.it\/wp-content\/uploads\/2025\/05\/comunicato-in-spagnolo.pdf\">025<\/a><\/li>\n<li><strong>31\/03\/2025 &#8211;<\/strong>\u00a0<a href=\"https:\/\/consbuenosaires.esteri.it\/wp-content\/uploads\/2025\/04\/SPA-Modulo_di_opzione_Referendum_2025.doc\">Decreto convocaci\u00f3n de elecciones y opci\u00f3n de voto en Italia para los electores inscriptos en A.I.R.E.<\/a><\/li>\n<\/ul>\n","protected":false},"excerpt":{"rendered":"Todas las informaciones, comunicados, formularios y calendario ser\u00e1n publicados en esta secci\u00f3n. Se solicita enviar las solicitudes referidas a las elecciones \u00fanicamente a la casilla de mail: buenosaires.uff-ele@esteri.it 21\/05\/2025 &#8211; Comunicado de emisi\u00f3n de duplicados (dias y horarios de apertura de la Oficina Electoral) 23\/04\/2025 &#8211;\u00a0 Publicaci\u00f3n de la \u00abHoja de ilustraci\u00f3n &#8211; Como se [&hellip;]","protected":false},"author":6,"featured_media":6809,"parent":1695,"menu_order":2,"comment_status":"closed","ping_status":"closed","template":"","meta":{"footnotes":""},"class_list":["post-6706","page","type-page","status-publish","has-post-thumbnail","hentry"],"_links":{"self":[{"href":"https:\/\/consbuenosaires.esteri.it\/es\/wp-json\/wp\/v2\/pages\/6706","targetHints":{"allow":["GET"]}}],"collection":[{"href":"https:\/\/consbuenosaires.esteri.it\/es\/wp-json\/wp\/v2\/pages"}],"about":[{"href":"https:\/\/consbuenosaires.esteri.it\/es\/wp-json\/wp\/v2\/types\/page"}],"author":[{"embeddable":true,"href":"https:\/\/consbuenosaires.esteri.it\/es\/wp-json\/wp\/v2\/users\/6"}],"replies":[{"embeddable":true,"href":"https:\/\/consbuenosaires.esteri.it\/es\/wp-json\/wp\/v2\/comments?post=6706"}],"version-history":[{"count":7,"href":"https:\/\/consbuenosaires.esteri.it\/es\/wp-json\/wp\/v2\/pages\/6706\/revisions"}],"predecessor-version":[{"id":7040,"href":"https:\/\/consbuenosaires.esteri.it\/es\/wp-json\/wp\/v2\/pages\/6706\/revisions\/7040"}],"up":[{"embeddable":true,"href":"https:\/\/consbuenosaires.esteri.it\/es\/wp-json\/wp\/v2\/pages\/1695"}],"wp:featuredmedia":[{"embeddable":true,"href":"https:\/\/consbuenosaires.esteri.it\/es\/wp-json\/wp\/v2\/media\/6809"}],"wp:attachment":[{"href":"https:\/\/consbuenosaires.esteri.it\/es\/wp-json\/wp\/v2\/media?parent=6706"}],"curies":[{"name":"wp","href":"https:\/\/api.w.org\/{rel}","templated":true}]}}