{"id":642,"date":"2023-05-15T20:44:08","date_gmt":"2023-05-15T18:44:08","guid":{"rendered":"https:\/\/consbuenosaires.esteri.it\/?page_id=642"},"modified":"2025-07-02T20:08:38","modified_gmt":"2025-07-02T18:08:38","slug":"tramite-concluido-en-italia","status":"publish","type":"page","link":"https:\/\/consbuenosaires.esteri.it\/es\/servizi-consolari-e-visti\/servizi-per-il-cittadino-straniero\/cittadinanza\/tramite-concluido-en-italia\/","title":{"rendered":"Certificado de no renuncia (reconstrucci\u00f3n en un Municipio italiano)"},"content":{"rendered":"<p>Si la persona interesada ha decidido establecer su residencia en Italia, las autoridades del Municipio italiano son responsables del reconocimiento de la ciudadan\u00eda italiana. Una vez inscripto en el registro de la poblaci\u00f3n residente, el ciudadano extranjero puede iniciar el procedimiento para el reconocimiento de la ciudadan\u00eda <em>iure sanguinis<\/em> (cuya duraci\u00f3n total est\u00e1 establecida por ley en 180 d\u00edas), presentando la documentaci\u00f3n indicada en la Circular K.28.1\/1991. No es posible que la persona interesada se valga de un representante legal o de otra persona en su lugar; debe estar presente en el territorio.<\/p>\n<p>La solicitud de emisi\u00f3n del Certificado de \u201cno renuncia\u201d se realiza directamente por el Municipio italiano al Consulado, exclusivamente a trav\u00e9s de PEC (correo electr\u00f3nico certificado). La respuesta del Consulado al Municipio (no al interesado\/a) se env\u00eda siempre y \u00fanicamente por PEC, en caso de que la solicitud haya sido formulada correctamente.<\/p>\n<p>Las personas interesadas no pueden contactar directamente a la Oficina Consular respecto a tr\u00e1mites gestionados por Municipios u otras Oficinas Consulares, ya que no se tiene conocimiento de su evoluci\u00f3n m\u00e1s all\u00e1 de la propia responsabilidad<\/p>\n","protected":false},"excerpt":{"rendered":"Si la persona interesada ha decidido establecer su residencia en Italia, las autoridades del Municipio italiano son responsables del reconocimiento de la ciudadan\u00eda italiana. Una vez inscripto en el registro de la poblaci\u00f3n residente, el ciudadano extranjero puede iniciar el procedimiento para el reconocimiento de la ciudadan\u00eda iure sanguinis (cuya duraci\u00f3n total est\u00e1 establecida por [&hellip;]","protected":false},"author":5,"featured_media":0,"parent":214,"menu_order":8,"comment_status":"closed","ping_status":"closed","template":"","meta":{"footnotes":""},"class_list":["post-642","page","type-page","status-publish","hentry"],"_links":{"self":[{"href":"https:\/\/consbuenosaires.esteri.it\/es\/wp-json\/wp\/v2\/pages\/642","targetHints":{"allow":["GET"]}}],"collection":[{"href":"https:\/\/consbuenosaires.esteri.it\/es\/wp-json\/wp\/v2\/pages"}],"about":[{"href":"https:\/\/consbuenosaires.esteri.it\/es\/wp-json\/wp\/v2\/types\/page"}],"author":[{"embeddable":true,"href":"https:\/\/consbuenosaires.esteri.it\/es\/wp-json\/wp\/v2\/users\/5"}],"replies":[{"embeddable":true,"href":"https:\/\/consbuenosaires.esteri.it\/es\/wp-json\/wp\/v2\/comments?post=642"}],"version-history":[{"count":3,"href":"https:\/\/consbuenosaires.esteri.it\/es\/wp-json\/wp\/v2\/pages\/642\/revisions"}],"predecessor-version":[{"id":8171,"href":"https:\/\/consbuenosaires.esteri.it\/es\/wp-json\/wp\/v2\/pages\/642\/revisions\/8171"}],"up":[{"embeddable":true,"href":"https:\/\/consbuenosaires.esteri.it\/es\/wp-json\/wp\/v2\/pages\/214"}],"wp:attachment":[{"href":"https:\/\/consbuenosaires.esteri.it\/es\/wp-json\/wp\/v2\/media?parent=642"}],"curies":[{"name":"wp","href":"https:\/\/api.w.org\/{rel}","templated":true}]}}