{"id":640,"date":"2023-05-15T20:42:19","date_gmt":"2023-05-15T18:42:19","guid":{"rendered":"https:\/\/consbuenosaires.esteri.it\/?page_id=640"},"modified":"2025-07-28T16:47:42","modified_gmt":"2025-07-28T14:47:42","slug":"riacquisto","status":"publish","type":"page","link":"https:\/\/consbuenosaires.esteri.it\/es\/servizi-consolari-e-visti\/servizi-per-il-cittadino-straniero\/cittadinanza\/riacquisto\/","title":{"rendered":"Readquisici\u00f3n de la ciudadan\u00eda ex art. 17 de la Ley n. 91\/1992"},"content":{"rendered":"<p>Readquisici\u00f3n de la ciudadan\u00eda ex art. 17 de la Ley n. 91\/1992<\/p>\n<p>La Ley n. 74 del 23 de mayo de 2025 ha reabierto los plazos para la readquisici\u00f3n de la ciudadan\u00eda a favor de ex ciudadanos nacidos en Italia o que hayan residido en Italia durante al menos dos a\u00f1os continuos y que hayan perdido la ciudadan\u00eda hasta la fecha del 15 de agosto de 1992, en aplicaci\u00f3n del art\u00edculo 8, n. 1 y 2, o del art\u00edculo 12 de la Ley n. 555 de 1912 (naturalizaci\u00f3n en Pa\u00eds extranjero, renuncia a la ciudadan\u00eda tras adquisici\u00f3n involuntaria de otra ciudadan\u00eda, hijos menores convivientes con progenitor que perdi\u00f3 la ciudadan\u00eda). Esta posibilidad no se aplica a quienes hayan renunciado a la ciudadan\u00eda italiana (o la hayan perdido por otro motivo) a partir del 16 de agosto de 1992.<\/p>\n<p><strong>Las declaraciones de readquisici\u00f3n podr\u00e1n presentarse entre el 1 de julio de 2025 y el 31 de diciembre de 2027.<\/strong><\/p>\n<p>Seg\u00fan el art\u00edculo 15 de la Ley n. 91 de 1992, la ciudadan\u00eda no se readquiere desde el nacimiento, sino desde el d\u00eda siguiente a la declaraci\u00f3n.<\/p>\n<p><strong>Turnos<\/strong><\/p>\n<p>Para presentar la declaraci\u00f3n de readquisici\u00f3n de la ciudadan\u00eda es necesario:<\/p>\n<ol>\n<li>Obtener un turno virtual a trav\u00e9s del portal <strong><a href=\"https:\/\/prenotami.esteri.it\/\">Prenot@mi<\/a><\/strong>, seleccionando la opci\u00f3n \u201cReadquisici\u00f3n ex art. 17, Ley n. 91\/1992\u201d;<\/li>\n<li>Cargar en el sistema toda la documentaci\u00f3n indicada m\u00e1s abajo;<\/li>\n<li>Esperar el correo de convocatoria para firmar personalmente la declaraci\u00f3n en el Consulado General ante el Funcionario delegado y entregar la documentaci\u00f3n original completa.<\/li>\n<\/ol>\n<p><strong>Documentaci\u00f3n<\/strong><\/p>\n<p>El interesado debe presentar:<\/p>\n<ol>\n<li>Documento de identidad v\u00e1lido emitido por la autoridad del pa\u00eds de ciudadan\u00eda actual;<\/li>\n<li>Acta de nacimiento:\n<ul>\n<li>en original, firmada y sellada por el Oficial del Registro Civil;<\/li>\n<li>apostillada si fue emitida en un pa\u00eds distinto de Italia o Argentina;<\/li>\n<li>traducida al italiano (la traducci\u00f3n debe realizarse en el Pa\u00eds donde se emiti\u00f3 el acta y legalizarse si no se hizo en Argentina);<\/li>\n<\/ul>\n<\/li>\n<li>Para nacidos en el extranjero, certificado hist\u00f3rico de residencia emitido por el Municipio italiano competente;<\/li>\n<li>Certificado hist\u00f3rico de ciudadan\u00eda;<\/li>\n<li>Documentaci\u00f3n que acredite la causa y la fecha de la p\u00e9rdida de la ciudadan\u00eda (debe demostrarse la adquisici\u00f3n de la ciudadan\u00eda extranjera y, en los casos previstos, la renuncia a la italiana).\u00a0\u00a0\u00a0\u00a0 En particular, el certificado de naturalizaci\u00f3n debe ser emitido por la autoridad competente (en Argentina, la \u201cC\u00e1mara Nacional Electoral\u201d). Si fue emitido en un Pa\u00eds distinto de Argentina, debe estar apostillado y traducido al italiano (la traducci\u00f3n debe realizarse en el pa\u00eds de emisi\u00f3n y legalizarse debidamente);<\/li>\n<li>Comprobante del pago de la tasa consular.<\/li>\n<\/ol>\n<p><strong>Pago<\/strong><\/p>\n<p>Se recuerda que para la tramitaci\u00f3n de la solicitud de readquisici\u00f3n de la ciudadan\u00eda italiana se deben abonar derechos consulares por un importe de <strong>\u20ac250<\/strong>, a pagar en pesos argentinos al tipo de cambio consular oficial.<\/p>\n<p><strong>Como se paga el arancel Consular<\/strong><\/p>\n<ul>\n<li>El titular del turno podr\u00e1 pagar solamente por transferencia bancaria, preferiblemente a trav\u00e9s del servicio de Home Banking y deber\u00e1 ingresar el comprobante del pago en el sistema Prenot@mi.\n<ul>\n<li>CBU Cuenta de Destino: <strong>0340160200100586462037<\/strong>, a nombre del Consulado General de Italia en Buenos Aires (este CBU sirve solamente para el servicio de CIUDADAN\u00cdA)<\/li>\n<li>Motivo: <strong>VARIOS<\/strong><\/li>\n<li>Referencia: <strong>APELLIDO e inicial del nombre<\/strong> del solicitante del turno<\/li>\n<li>Mail de confirmaci\u00f3n: <a href=\"mailto:buenosaires.cassa@esteri.it\"><strong>cassa@esteri.it<\/strong><\/a> (importante escribir <strong><u>S\u00d3LO A ESTE CORREO ELECTR\u00d3NICO<\/u><\/strong>)<\/li>\n<li>Asunto de transferencia: <strong>APELLIDO y NOMBRE<\/strong> del titular solicitante del turno y fecha de nacimiento.<\/li>\n<\/ul>\n<\/li>\n<\/ul>\n<p>Luego de realizar la transferencia se deber\u00e1 enviar un mail a la casilla <a href=\"mailto:buenosaires.cassa@esteri.it\"><strong>buenosaires.cassa@esteri.it<\/strong><\/a> con los siguiente datos:<\/p>\n<p>Asunto: <strong>READQUISICI\u00d3N<\/strong> <strong>CIUDADAN\u00cdA.<\/strong> <strong>APELLIDO y NOMBRE<\/strong> del solicitante del turno y fecha de nacimiento<br \/>\nAdjunto: <strong>Adjuntar el comprobante de pago<br \/>\n<\/strong>Cuerpo del mail:\u00a0 <u>Especificar titular de la cuenta<\/u> desde la cual se haya realizado la transferencia bancaria (MUY IMPORTANTE).<\/p>\n<p>El pago deber\u00e1 realizarse en pesos argentinos seg\u00fan el importe indicado para el siguiente tr\u00e1mite consular: \u201cDichiarazione di Riacquisto delle Cittadinanza\u201d Art 7c presente en la <strong><a href=\"https:\/\/consbuenosaires.esteri.it\/es\/servizi-consolari-e-visti\/servizi-per-il-cittadino-italiano\/altri-servizi\/tarifas-consulares\/\">\u00abTabla de las tarifas Consulares\u00bb<\/a><\/strong><\/p>\n<p>Este importe se exige por la tramitaci\u00f3n del expediente, independientemente del resultado. En caso de no reconocimiento, no se reembolsar\u00e1 el importe pagado.<\/p>\n<p>email: <a href=\"mailto:cittadinanza.buenosaires@esteri.it\">cittadinanza.buenosaires@esteri.it<\/a><\/p>\n<p>&nbsp;<\/p>\n","protected":false},"excerpt":{"rendered":"Readquisici\u00f3n de la ciudadan\u00eda ex art. 17 de la Ley n. 91\/1992 La Ley n. 74 del 23 de mayo de 2025 ha reabierto los plazos para la readquisici\u00f3n de la ciudadan\u00eda a favor de ex ciudadanos nacidos en Italia o que hayan residido en Italia durante al menos dos a\u00f1os continuos y que hayan [&hellip;]","protected":false},"author":5,"featured_media":0,"parent":214,"menu_order":5,"comment_status":"closed","ping_status":"closed","template":"","meta":{"footnotes":""},"class_list":["post-640","page","type-page","status-publish","hentry"],"_links":{"self":[{"href":"https:\/\/consbuenosaires.esteri.it\/es\/wp-json\/wp\/v2\/pages\/640","targetHints":{"allow":["GET"]}}],"collection":[{"href":"https:\/\/consbuenosaires.esteri.it\/es\/wp-json\/wp\/v2\/pages"}],"about":[{"href":"https:\/\/consbuenosaires.esteri.it\/es\/wp-json\/wp\/v2\/types\/page"}],"author":[{"embeddable":true,"href":"https:\/\/consbuenosaires.esteri.it\/es\/wp-json\/wp\/v2\/users\/5"}],"replies":[{"embeddable":true,"href":"https:\/\/consbuenosaires.esteri.it\/es\/wp-json\/wp\/v2\/comments?post=640"}],"version-history":[{"count":7,"href":"https:\/\/consbuenosaires.esteri.it\/es\/wp-json\/wp\/v2\/pages\/640\/revisions"}],"predecessor-version":[{"id":8425,"href":"https:\/\/consbuenosaires.esteri.it\/es\/wp-json\/wp\/v2\/pages\/640\/revisions\/8425"}],"up":[{"embeddable":true,"href":"https:\/\/consbuenosaires.esteri.it\/es\/wp-json\/wp\/v2\/pages\/214"}],"wp:attachment":[{"href":"https:\/\/consbuenosaires.esteri.it\/es\/wp-json\/wp\/v2\/media?parent=640"}],"curies":[{"name":"wp","href":"https:\/\/api.w.org\/{rel}","templated":true}]}}