{"id":637,"date":"2023-05-15T20:41:50","date_gmt":"2023-05-15T23:41:50","guid":{"rendered":"https:\/\/consbuenosaires.esteri.it\/?page_id=637"},"modified":"2026-03-03T10:43:21","modified_gmt":"2026-03-03T13:43:21","slug":"opzione-di-cittadinanza","status":"publish","type":"page","link":"https:\/\/consbuenosaires.esteri.it\/es\/servizi-consolari-e-visti\/servizi-per-il-cittadino-straniero\/cittadinanza\/opzione-di-cittadinanza\/","title":{"rendered":"Elecci\u00f3n de ciudadan\u00eda"},"content":{"rendered":"<p style=\"text-align: justify;\" align=\"center\"><strong><u><span style=\"font-size: 14.0pt; font-family: 'Tahoma',sans-serif; color: red; background: white;\">En lo que respecta a las normas actualmente vigentes sobre el reconocimiento de la ciudadan\u00eda \u201ciure sanguinis\u201d, se ruega consultar la normativa publicada en el siguiente <a href=\"https:\/\/www.gazzettaufficiale.it\/eli\/id\/2025\/05\/23\/25A03081\/sg\">enlace<\/a>, en el que se encuentra disponible el texto del decreto-ley n. 36 del 28 de marzo de 2025, en coordinaci\u00f3n con la ley de conversi\u00f3n n. 74 del 23 de mayo de 2025, que se recomienda leer atentamente.<\/span><\/u><\/strong><\/p>\n<p>En caso de que el reconocimiento o la declaraci\u00f3n judicial involucre a <strong>un mayor de edad<\/strong>, este adquirir\u00e1 la ciudadan\u00eda italiana con efecto a partir de la fecha de nacimiento solo si manifieste \u00a0su voluntad en tal sentido a trav\u00e9s del acto jur\u00eddico de <strong>&lt;&lt;elecci\u00f3n de la ciudadan\u00eda&gt;&gt;.<\/strong><\/p>\n<p>La elecci\u00f3n de ciudadan\u00eda es v\u00e1lida solo si se realiza <strong>dentro de un a\u00f1o desde la efectividad del acto <\/strong>(reconocimiento o declaraci\u00f3n judicial) <strong>seg\u00fan el ordenamiento italiano<\/strong> (<a href=\"https:\/\/www.gazzettaufficiale.it\/eli\/id\/1992\/02\/15\/092G0162\/sg\">art\u00edculo 2, p\u00e1rrafo 2, ley n. 91\/1992<\/a>).<\/p>\n<p>La elecci\u00f3n de ciudadan\u00eda solo puede llevarse a cabo si el padre o madre del cual se desea adquirir el <em>status civitatis<\/em> ha sido reconocido como ciudadano italiano.<\/p>\n<p><strong>Los solicitantes deber\u00e1n contactar con la Oficina de Ciudadan\u00eda (<a href=\"mailto:cittadinanza.buenosaires@esteri.it\">cittadinanza.buenosaires@esteri.it<\/a>) para obtener informaci\u00f3n sobre el turno y la documentaci\u00f3n requerida.<\/strong><\/p>\n","protected":false},"excerpt":{"rendered":"En lo que respecta a las normas actualmente vigentes sobre el reconocimiento de la ciudadan\u00eda \u201ciure sanguinis\u201d, se ruega consultar la normativa publicada en el siguiente enlace, en el que se encuentra disponible el texto del decreto-ley n. 36 del 28 de marzo de 2025, en coordinaci\u00f3n con la ley de conversi\u00f3n n. 74 del [&hellip;]","protected":false},"author":5,"featured_media":0,"parent":214,"menu_order":10,"comment_status":"closed","ping_status":"closed","template":"","meta":{"footnotes":""},"class_list":["post-637","page","type-page","status-publish","hentry"],"_links":{"self":[{"href":"https:\/\/consbuenosaires.esteri.it\/es\/wp-json\/wp\/v2\/pages\/637","targetHints":{"allow":["GET"]}}],"collection":[{"href":"https:\/\/consbuenosaires.esteri.it\/es\/wp-json\/wp\/v2\/pages"}],"about":[{"href":"https:\/\/consbuenosaires.esteri.it\/es\/wp-json\/wp\/v2\/types\/page"}],"author":[{"embeddable":true,"href":"https:\/\/consbuenosaires.esteri.it\/es\/wp-json\/wp\/v2\/users\/5"}],"replies":[{"embeddable":true,"href":"https:\/\/consbuenosaires.esteri.it\/es\/wp-json\/wp\/v2\/comments?post=637"}],"version-history":[{"count":6,"href":"https:\/\/consbuenosaires.esteri.it\/es\/wp-json\/wp\/v2\/pages\/637\/revisions"}],"predecessor-version":[{"id":10463,"href":"https:\/\/consbuenosaires.esteri.it\/es\/wp-json\/wp\/v2\/pages\/637\/revisions\/10463"}],"up":[{"embeddable":true,"href":"https:\/\/consbuenosaires.esteri.it\/es\/wp-json\/wp\/v2\/pages\/214"}],"wp:attachment":[{"href":"https:\/\/consbuenosaires.esteri.it\/es\/wp-json\/wp\/v2\/media?parent=637"}],"curies":[{"name":"wp","href":"https:\/\/api.w.org\/{rel}","templated":true}]}}