{"id":594,"date":"2023-05-17T15:52:37","date_gmt":"2023-05-17T13:52:37","guid":{"rendered":"https:\/\/consbuenosaires.esteri.it\/?page_id=594"},"modified":"2023-08-04T15:26:52","modified_gmt":"2023-08-04T13:26:52","slug":"declaracion-de-valor-de-titulos-de-estudio","status":"publish","type":"page","link":"https:\/\/consbuenosaires.esteri.it\/es\/servizi-consolari-e-visti\/servizi-per-il-cittadino-straniero\/legalizzazione-dei-documenti\/declaracion-de-valor-de-titulos-de-estudio\/","title":{"rendered":"Declaraci\u00f3n de valor de t\u00edtulos de estudio"},"content":{"rendered":"<div class=\"flex flex-grow flex-col gap-3\">\n<div class=\"min-h-[20px] flex flex-col items-start gap-4 whitespace-pre-wrap break-words\">\n<div class=\"markdown prose w-full break-words dark:prose-invert light\">\n<p><strong>Requisitos<\/strong><\/p>\n<p>La <strong>declaraci\u00f3n de valor<\/strong> es un documento emitido por las autoridades consulares italianas para aquellos que han obtenido un t\u00edtulo de estudio en instituciones educativas extranjeras y desean <span style=\"text-decoration: underline;\">continuar sus estudios en Italia, iniciar los procedimientos de equivalencia de t\u00edtulos de studio o reconocimiento profesional<\/span>.<\/p>\n<p>Pueden solicitar la Declaraci\u00f3n de Valor, habiendo solicitado previamente un turno para el servicio, los usuarios -ciudadanos italianos y\/o extranjeros- que hayan <strong>obtenido su t\u00edtulo de estudio en la circunscripci\u00f3n consular de Buenos Aires.<\/strong><\/p>\n<p>&nbsp;<\/p>\n<p><strong>Documentaci\u00f3n<\/strong><\/p>\n<p>Para obtener la Declaraci\u00f3n de Valor de un diploma secundario es necesario presentar la siguiente documentaci\u00f3n:<\/p>\n<ul>\n<li>t\u00edtulo de educaci\u00f3n secundaria (legalizado con apostilla de La Haya y traducido);<\/li>\n<li>certificado anal\u00edtico de educaci\u00f3n secundaria (legalizado con apostilla de La Haya y traducido);<\/li>\n<\/ul>\n<p>Para obtener la Declaraci\u00f3n de Valor de un diploma de <em>especializaci\u00f3n post-secundaria (de dos o tres a\u00f1os de duraci\u00f3n<\/em>) o un t\u00edtulo universitario, es necesario presentar tambi\u00e9n la siguiente documentaci\u00f3n:<\/p>\n<ul>\n<li>t\u00edtulo universitario o diploma de especializaci\u00f3n post-secundaria (legalizado con apostilla de La Haya y traducido);<\/li>\n<li>certificado anal\u00edtico de estudios de especializaci\u00f3n post-secundaria o universitarios (legalizado con apostilla de La Haya y traducido);<\/li>\n<li>programas de estudio del curso\/carrera para cada materia (sellados y numerados por la instituci\u00f3n competente) &#8211; no requiere legalizaci\u00f3n ni traducci\u00f3n. (Para m\u00e1s informaci\u00f3n es posible consultar el sitio web del <strong><a href=\"https:\/\/www.miur.gov.it\/web\/guest\/equipollenze-equivalenza-ed-equiparazioni-tra-titoli-di-studio\">Ministerio de Educaci\u00f3n, Universidades e Investigaci\u00f3n<\/a><\/strong>);<\/li>\n<li>declaraci\u00f3n emitida por la Instituci\u00f3n o Universidad que certifique la realizaci\u00f3n efectiva de dichos programas de estudio, legalizada con apostilla de La Haya y traducida;<\/li>\n<li>certificaci\u00f3n original en papel membretado, emitida por la Universidad\/Instituci\u00f3n o Colegio Profesional que indique:\n<ul>\n<li>normativa y fuente jur\u00eddica que regula el ejercicio de la profesi\u00f3n en la Rep\u00fablica Argentina (Ley, Decreto, Reglamentaci\u00f3n, etc.) que defina la actividad y responsabilidad de la profesi\u00f3n;<\/li>\n<li>la Autoridad Estatal competente para el control del ejercicio de la profesi\u00f3n (Ministerio, Departamento, Colegio Profesional, etc.).<\/li>\n<\/ul>\n<\/li>\n<\/ul>\n<p>*En el caso de que el certificado anal\u00edtico no indicase los a\u00f1os de estudio requeridos para obtener el t\u00edtulo, ser\u00e1 necesario presentar el plan de estudios o una certificaci\u00f3n emitida por la Instituci\u00f3n competente que confirme lo mencionado anteriormente (a ser presentada en original, legalizado con apostilla de La Haya).<\/p>\n<p>*Si la Declaraci\u00f3n de Valor fuese solicitada para el reconocimiento del t\u00edtulo profesional\/acad\u00e9mico en Italia, ser\u00e1 necesario presentar la certificaci\u00f3n emitida por la Autoridad competente que confirme la inscripci\u00f3n en el Colegio Profesional y el n\u00famero de matr\u00edcula correspondiente (a ser presentada en original, legalizada con apostilla y traducci\u00f3n al italiano).<\/p>\n<p>&nbsp;<\/p>\n<p><strong>Turnos<\/strong><\/p>\n<p>Los turnos est\u00e1n disponibles todas las semanas, de domingo a jueves, a las 19:00, a trav\u00e9s del portal <strong><a href=\"https:\/\/prenotami.esteri.it\/\">Prenot@mi<\/a><\/strong> seleccionando la opci\u00f3n \u00ab<strong>Studi<\/strong>\u00ab.<\/p>\n<p>El turno es virtual, y el <span style=\"text-decoration: underline;\">d\u00eda seleccionado se debe enviar la documentaci\u00f3n en formato PDF por correo electr\u00f3nico<\/span>. En una segunda instancia,<span style=\"text-decoration: underline;\"> luego de que la Oficina se contacte, se podr\u00e1 entregar la documentaci\u00f3n de forma f\u00edsica<\/span>.<\/p>\n<\/div>\n<\/div>\n<\/div>\n<p>En caso de que el interesado no se presente personalmente, deber\u00e1 presentar, a trav\u00e9s de un tercero, una autorizaci\u00f3n adjuntando una copia de un documento de identidad v\u00e1lido del interesado y del autorizado (Pasaporte, C\u00e9dula de Identidad italiana, DNI, CI Mercosur).<\/p>\n<p>&nbsp;<\/p>\n<div class=\"flex flex-grow flex-col gap-3\">\n<div class=\"min-h-[20px] flex flex-col items-start gap-4 whitespace-pre-wrap break-words\">\n<div class=\"markdown prose w-full break-words dark:prose-invert light\">\n<p><strong>Pago<\/strong><\/p>\n<p>La modalidad de pago ser\u00e1 comunicada al solicitante del servicio por la Oficina competente.<\/p>\n<p>&nbsp;<\/p>\n<p><strong>Mail<\/strong>: <a href=\"mailto:studi.buenosaires@esteri.it\" target=\"_new\" rel=\"noopener\"><strong>studi.buenosaires@esteri.it<\/strong><\/a><\/p>\n<p>&nbsp;<\/p>\n<div class=\"flex flex-grow flex-col gap-3\">\n<div class=\"min-h-[20px] flex flex-col items-start gap-4 whitespace-pre-wrap break-words\">\n<div class=\"markdown prose w-full break-words dark:prose-invert light\">\n<p>*La Declaraci\u00f3n de Valor no otorga ning\u00fan reconocimiento al T\u00edtulo en Italia, sino que tiene el \u00fanico prop\u00f3sito de describir el valor adquirido por el T\u00edtulo de estudio en el Pa\u00eds de origen. El reconocimiento o equivalencia de los t\u00edtulos son competencia de las Autoridades italianas correspondientes.<\/p>\n<p>Los diversos Ministerios son responsables de los procedimientos de reconocimiento profesional de los t\u00edtulos obtenidos en el extranjero para acceder a aquellas profesiones sobre las cuales ejercen la supervisi\u00f3n tanto de ciudadanos italianos como extranjeros. Los profesionales que poseen un t\u00edtulo obtenido en un pa\u00eds que no pertenece a la Uni\u00f3n Europea pueden presentar una solicitud de reconocimiento del t\u00edtulo para ejercer la profesi\u00f3n correspondiente en Italia. Adem\u00e1s de los ciudadanos de la Uni\u00f3n Europea, cualquier ciudadano extranjero que lo solicite tambi\u00e9n puede obtener el reconocimiento.<\/p>\n<\/div>\n<\/div>\n<\/div>\n<\/div>\n<\/div>\n<\/div>\n","protected":false},"excerpt":{"rendered":"Requisitos La declaraci\u00f3n de valor es un documento emitido por las autoridades consulares italianas para aquellos que han obtenido un t\u00edtulo de estudio en instituciones educativas extranjeras y desean continuar sus estudios en Italia, iniciar los procedimientos de equivalencia de t\u00edtulos de studio o reconocimiento profesional. Pueden solicitar la Declaraci\u00f3n de Valor, habiendo solicitado previamente [&hellip;]","protected":false},"author":5,"featured_media":0,"parent":215,"menu_order":0,"comment_status":"closed","ping_status":"closed","template":"","meta":{"footnotes":""},"class_list":["post-594","page","type-page","status-publish","hentry"],"_links":{"self":[{"href":"https:\/\/consbuenosaires.esteri.it\/es\/wp-json\/wp\/v2\/pages\/594","targetHints":{"allow":["GET"]}}],"collection":[{"href":"https:\/\/consbuenosaires.esteri.it\/es\/wp-json\/wp\/v2\/pages"}],"about":[{"href":"https:\/\/consbuenosaires.esteri.it\/es\/wp-json\/wp\/v2\/types\/page"}],"author":[{"embeddable":true,"href":"https:\/\/consbuenosaires.esteri.it\/es\/wp-json\/wp\/v2\/users\/5"}],"replies":[{"embeddable":true,"href":"https:\/\/consbuenosaires.esteri.it\/es\/wp-json\/wp\/v2\/comments?post=594"}],"version-history":[{"count":0,"href":"https:\/\/consbuenosaires.esteri.it\/es\/wp-json\/wp\/v2\/pages\/594\/revisions"}],"up":[{"embeddable":true,"href":"https:\/\/consbuenosaires.esteri.it\/es\/wp-json\/wp\/v2\/pages\/215"}],"wp:attachment":[{"href":"https:\/\/consbuenosaires.esteri.it\/es\/wp-json\/wp\/v2\/media?parent=594"}],"curies":[{"name":"wp","href":"https:\/\/api.w.org\/{rel}","templated":true}]}}