{"id":569,"date":"2023-05-17T17:12:14","date_gmt":"2023-05-17T15:12:14","guid":{"rendered":"https:\/\/consbuenosaires.esteri.it\/?page_id=569"},"modified":"2024-03-20T16:40:05","modified_gmt":"2024-03-20T15:40:05","slug":"formularios","status":"publish","type":"page","link":"https:\/\/consbuenosaires.esteri.it\/es\/news\/dal_consolato\/formularios\/","title":{"rendered":"FORMULARIOS"},"content":{"rendered":"<p>Formularios \u00fatiles para cada Oficina consular:<\/p>\n<ul>\n<li><strong>Ciudadan\u00eda<\/strong>\n<ul>\n<li><a href=\"https:\/\/consbuenosaires.esteri.it\/wp-content\/uploads\/2023\/07\/Modulo-richiesta-atti-al-Comune.pdf\">Solicitud de actas al Comune<\/a><\/li>\n<li><a href=\"https:\/\/consbuenosaires.esteri.it\/wp-content\/uploads\/2023\/08\/Richiesta-Atto-Integrale-per-matrimonio.pdf\">Solicitud de acta de Matrimonio<\/a><\/li>\n<\/ul>\n<\/li>\n<li><strong>Registro Consular\/Fast It<\/strong>\n<ul>\n<li><a href=\"https:\/\/consbuenosaires.esteri.it\/wp-content\/uploads\/2023\/05\/Modulo-Richiesta-iscrizione-AIRE.pdf\">Inscripci\u00f3n AIRE<\/a><\/li>\n<li><a href=\"https:\/\/consbuenosaires.esteri.it\/wp-content\/uploads\/2024\/03\/Modulo-richiesta-cambio-domicilio.pdf\">Cambio domicilio<\/a><\/li>\n<li><a href=\"https:\/\/consbuenosaires.esteri.it\/wp-content\/uploads\/2023\/05\/Modulo-trasferimento-rimpatrio-in-Italia.pdf\">Traslado\/repatriaci\u00f3n Italia<\/a><\/li>\n<\/ul>\n<\/li>\n<li><strong>Pasaportes<\/strong>\n<ul>\n<li><a href=\"https:\/\/consbuenosaires.esteri.it\/wp-content\/uploads\/2023\/05\/Modulo-assenso-cittadini-UE.doc\">Consentimiento (solo para ciudadanos de la UE)<\/a><\/li>\n<li><a href=\"https:\/\/consbuenosaires.esteri.it\/wp-content\/uploads\/2023\/06\/Dichiarazione_assenza_ostative_passaporto.pdf\">Declaraci\u00f3n jurada ausencia de impedimentos<\/a><\/li>\n<li><a href=\"https:\/\/consbuenosaires.esteri.it\/wp-content\/uploads\/2023\/08\/Dichiarazione-accompagnamento-per-minori.pdf\">Declaraci\u00f3n de acompa\u00f1amiento menores<\/a><\/li>\n<\/ul>\n<\/li>\n<li><strong>Estado Civil<\/strong>\n<ul>\n<li><a href=\"https:\/\/consbuenosaires.esteri.it\/wp-content\/uploads\/2023\/06\/Dichiarazione-sostitutiva-per-laccesso-ai-servizi-consolari.pdf\">Transcripci\u00f3n actas de estado civil<\/a><\/li>\n<li><a href=\"https:\/\/consbuenosaires.esteri.it\/wp-content\/uploads\/2023\/05\/Istanza-sentenza-divorzio.pdf\">Sentencia divorcio<\/a><\/li>\n<li><a href=\"https:\/\/consbuenosaires.esteri.it\/wp-content\/uploads\/2023\/05\/Istanza-sentenza-adozione-minore.pdf\">Sentencia adopci\u00f3n<\/a><\/li>\n<li><a href=\"https:\/\/consbuenosaires.esteri.it\/wp-content\/uploads\/2023\/05\/Istanza-ripristino-cognome-minore.pdf\">Reestablecimiento apellido menores<\/a><\/li>\n<li><a href=\"https:\/\/consbuenosaires.esteri.it\/wp-content\/uploads\/2023\/05\/Istanza-ripristino-cognome-maggiorenne.pdf\">Reestablecimiento apellido mayores<\/a><\/li>\n<li><a href=\"https:\/\/consbuenosaires.esteri.it\/wp-content\/uploads\/2023\/05\/Istanza-di-cambiamento-del-cognome-per-maggiorenne.pdf\">Cambio de apellido mayores<\/a><\/li>\n<li><a href=\"https:\/\/consbuenosaires.esteri.it\/wp-content\/uploads\/2023\/05\/Istanza-trascrizione-atti-di-stato-civile.pdf\">Transcripci\u00f3n de actas (ciudadan\u00eda reconocida por el Tribunal)<\/a><\/li>\n<\/ul>\n<\/li>\n<li><strong>Notarial<\/strong>\n<ul>\n<li><a href=\"https:\/\/consbuenosaires.esteri.it\/wp-content\/uploads\/2023\/05\/Dichiarazione-sostitutiva-di-certificazioni.pdf\">Declaraci\u00f3n jurada<\/a><\/li>\n<li><a href=\"https:\/\/consbuenosaires.esteri.it\/wp-content\/uploads\/2023\/05\/Dichiarazione-sostitutiva-di-certificazioni-precompilata.pdf\">Declaraci\u00f3n jurada prellenada<\/a><\/li>\n<li><a href=\"https:\/\/consbuenosaires.esteri.it\/wp-content\/uploads\/2023\/05\/Dichiarazione-sostitutiva-dellatto-di-notorieta.pdf\">Declaraci\u00f3n jurada acta de notoriedad<\/a><\/li>\n<li><a href=\"https:\/\/consbuenosaires.esteri.it\/wp-content\/uploads\/2023\/08\/Dichiarazione-sostitutiva-per-laccesso-ai-servizi-consolari.pdf\">Declaraci\u00f3n jurada acceso a los servicios consulares<\/a><\/li>\n<\/ul>\n<\/li>\n<li><strong>Pensiones<\/strong>\n<ul>\n<li><a href=\"https:\/\/consbuenosaires.esteri.it\/wp-content\/uploads\/2023\/05\/Modulo-richiesta-Codice-Fiscale.pdf\">Solicitud C\u00f3digo Fiscal<\/a><\/li>\n<\/ul>\n<\/li>\n<li><strong>Visas<\/strong>\n<ul>\n<li><a href=\"https:\/\/consbuenosaires.esteri.it\/wp-content\/uploads\/2023\/05\/Modulo-visto-nazionale-1.pdf\">Visa Nacional (Tipo D)<\/a><\/li>\n<li><a href=\"https:\/\/e-applicationvisa.esteri.it\/\">Visa Schengen<\/a><\/li>\n<li><a href=\"https:\/\/consbuenosaires.esteri.it\/wp-content\/uploads\/2023\/05\/Lettera-di-invito.pdf\">Carta de invitaci\u00f3n<\/a><\/li>\n<\/ul>\n<\/li>\n<\/ul>\n<p>Informaci\u00f3n sobre el tratamiento de datos personales:<\/p>\n<ul>\n<li><a href=\"https:\/\/consbuenosaires.esteri.it\/wp-content\/uploads\/2024\/02\/Informativa_TDP_per_servizi_consolari_ex_visti_e_cittadinanza__all.3-spa.pdf\">Servicios consulares para el ciudadano italiano (Registro Consular\/Fast It, Estado Civil, Pasaportes, Notarial, Asistencia, Pensiones)<\/a><\/li>\n<li><a href=\"https:\/\/consbuenosaires.esteri.it\/wp-content\/uploads\/2024\/02\/Informativa_TDP_per_cittadinanza_all.2-spa.pdf\">Servicios de ciudadan\u00eda (Secciones \u00abReconstrucci\u00f3n\u00bb e \u00abHijos Directos Mayores de Edad\u00bb)<\/a><\/li>\n<\/ul>\n","protected":false},"excerpt":{"rendered":"Formularios \u00fatiles para cada Oficina consular: Ciudadan\u00eda Solicitud de actas al Comune Solicitud de acta de Matrimonio Registro Consular\/Fast It Inscripci\u00f3n AIRE Cambio domicilio Traslado\/repatriaci\u00f3n Italia Pasaportes Consentimiento (solo para ciudadanos de la UE) Declaraci\u00f3n jurada ausencia de impedimentos Declaraci\u00f3n de acompa\u00f1amiento menores Estado Civil Transcripci\u00f3n actas de estado civil Sentencia divorcio Sentencia adopci\u00f3n Reestablecimiento [&hellip;]","protected":false},"author":5,"featured_media":0,"parent":217,"menu_order":0,"comment_status":"closed","ping_status":"closed","template":"","meta":{"footnotes":""},"class_list":["post-569","page","type-page","status-publish","hentry"],"_links":{"self":[{"href":"https:\/\/consbuenosaires.esteri.it\/es\/wp-json\/wp\/v2\/pages\/569","targetHints":{"allow":["GET"]}}],"collection":[{"href":"https:\/\/consbuenosaires.esteri.it\/es\/wp-json\/wp\/v2\/pages"}],"about":[{"href":"https:\/\/consbuenosaires.esteri.it\/es\/wp-json\/wp\/v2\/types\/page"}],"author":[{"embeddable":true,"href":"https:\/\/consbuenosaires.esteri.it\/es\/wp-json\/wp\/v2\/users\/5"}],"replies":[{"embeddable":true,"href":"https:\/\/consbuenosaires.esteri.it\/es\/wp-json\/wp\/v2\/comments?post=569"}],"version-history":[{"count":4,"href":"https:\/\/consbuenosaires.esteri.it\/es\/wp-json\/wp\/v2\/pages\/569\/revisions"}],"predecessor-version":[{"id":3395,"href":"https:\/\/consbuenosaires.esteri.it\/es\/wp-json\/wp\/v2\/pages\/569\/revisions\/3395"}],"up":[{"embeddable":true,"href":"https:\/\/consbuenosaires.esteri.it\/es\/wp-json\/wp\/v2\/pages\/217"}],"wp:attachment":[{"href":"https:\/\/consbuenosaires.esteri.it\/es\/wp-json\/wp\/v2\/media?parent=569"}],"curies":[{"name":"wp","href":"https:\/\/api.w.org\/{rel}","templated":true}]}}