{"id":5102,"date":"2024-08-14T17:12:14","date_gmt":"2024-08-14T20:12:14","guid":{"rendered":"https:\/\/consbuenosaires.esteri.it\/?page_id=5102"},"modified":"2026-02-13T09:39:49","modified_gmt":"2026-02-13T12:39:49","slug":"codigo-fiscal","status":"publish","type":"page","link":"https:\/\/consbuenosaires.esteri.it\/es\/servizi-consolari-e-visti\/servizi-per-il-cittadino-straniero\/codigo-fiscal\/","title":{"rendered":"C\u00f3digo Fiscal"},"content":{"rendered":"<div class=\"markdown prose w-full break-words dark:prose-invert light\">\n<div class=\"flex flex-grow flex-col gap-3\">\n<div class=\"min-h-[20px] flex flex-col items-start gap-4 whitespace-pre-wrap break-words\">\n<div class=\"markdown prose w-full break-words dark:prose-invert light\">El\u00a0<strong>C\u00f3digo fiscal<\/strong> es un c\u00f3digo alfanum\u00e9rico emitido por la Agenzia delle Entrate para identificar al ciudadano (italiano o extranjero) en sus relaciones con las entidades privadas y las administraciones p\u00fablicas italianas. Para las personas f\u00edsicas el c\u00f3digo fiscal se determina en base a los datos personales.<\/div>\n<div><\/div>\n<div class=\"markdown prose w-full break-words dark:prose-invert light\">Cualquier tr\u00e1mite administrativo (pago de tasas, impuestos, c\u00e1nones, etc.) o actividad comercial\/financiera (aceptaci\u00f3n de herencia, contratos con entidades p\u00fablicas o privadas, solicitud de financiaci\u00f3n, patrocinios, arrendamientos o cesiones de bienes inmuebles etc.) requiere la indicaci\u00f3n del c\u00f3digo fiscal de la persona que lo realice.<\/div>\n<\/div>\n<\/div>\n<div><\/div>\n<div><a href=\"https:\/\/consbuenosaires.esteri.it\/es\/servizi-consolari-e-visti\/servizi-per-il-cittadino-italiano\/codice-fiscale\/\">Informaci\u00f3n sobre la emisi\u00f3n del C\u00f3digo Fiscal para ciudadanos italianos residentes dentro de esta circunscripci\u00f3n consular<\/a><\/div>\n<div><\/div>\n<div><\/div>\n<div><\/div>\n<div><span style=\"text-decoration: underline;\"><strong>CIUDADANOS EXTRANJEROS NO RESIDENTES EN ITALIA<\/strong><\/span><\/div>\n<\/div>\n<div>\n<p>Los ciudadanos extranjeros pueden solicitar el C\u00f3digo Fiscal a trav\u00e9s de las siguientes modalidades:<\/p>\n<ul>\n<li>A trav\u00e9s de este Consulado General, completando el <a href=\"https:\/\/consbuenosaires.esteri.it\/wp-content\/uploads\/2023\/05\/Modulo-richiesta-Codice-Fiscale.pdf\">formulario correspondiente<\/a> que deber\u00e1 enviarse a la <a href=\"https:\/\/consbuenosaires.esteri.it\/es\/servizi-consolari-e-visti\/servizi-per-il-cittadino-italiano\/pensioni-e-sicurezza-sociale\/\">Oficina de Pensiones<\/a> por correo electr\u00f3nico: <a href=\"mailto:pensioni.buenosaires@esteri.it\">pensioni.buenosaires@esteri.it<\/a>.<\/li>\n<li>Mediante un <strong>poder especial<\/strong>, delegando a una persona para que presente el formulario de solicitud del C\u00f3digo Fiscal directamente ante <strong>las oficinas de la<\/strong> <strong>Agenzia delle Entrate<\/strong> en el territorio italiano, conforme al art. 1 del Decreto Ministerial del 17 de mayo de 2001, n.\u00b0 281. Las direcciones de las oficinas de la Agenzia delle Entrate se encuentran en el sitio web <a href=\"http:\/\/www.agenziaentrate.it\">www.agenziaentrate.it<\/a>. Para la legalizaci\u00f3n de documentos extranjeros: <a href=\"https:\/\/www.esteri.it\/it\/servizi-consolari-e-visti\/italiani-all-estero\/traduzione-e-legalizzazione-documenti\/legalizzazione-documenti\/\">Legalizaci\u00f3n de documentos \u2013 Ministerio de Asuntos Exteriores y de la Cooperaci\u00f3n Internacional<\/a>.<\/li>\n<li><strong>Directamente en las oficinas de la Agenzia delle Entrate<\/strong> en territorio italiano, una vez ingresado al pa\u00eds. Para m\u00e1s detalles, se recomienda consultar la <a href=\"https:\/\/www.agenziaentrate.gov.it\/portale\/documents\/20143\/233505\/Folder_CodiceFiscaleStranieri_08+03+23.pdf\/218dc638-ced1-3b2d-f5f2-912686b1f7fe?t=1682082253716\">Mini Gu\u00eda del C\u00f3digo Fiscal para extranjeros<\/a> de la Agenzia delle Entrate, disponible en varios idiomas en el sitio: <a href=\"https:\/\/www.agenziaentrate.gov.it\/portale\/mini-guida-codice-fiscale-per-stranieri\">L&#8217;Agenzia &#8211; Mini gu\u00eda C\u00f3digo Fiscal para extranjeros &#8211; Agenzia delle Entrate<\/a>.<\/li>\n<\/ul>\n<\/div>\n<p>&nbsp;<\/p>\n<p><span style=\"text-decoration: underline;\">En particular:<\/span><\/p>\n<p>Los <strong>ciudadanos de pa\u00edses de la UE que deseen residir en Italia<\/strong> pueden solicitar el C\u00f3digo Fiscal presentando el formulario AA4\/8 en una oficina territorial de la Agenzia delle Entrate. La solicitud debe estar debidamente fundamentada y acompa\u00f1ada por un documento vigente (pasaporte o documento de identidad v\u00e1lido para viajar al exterior).<\/p>\n<p>A los <strong>ciudadanos de pa\u00edses extra UE que deseen residir en Italia<\/strong>, el C\u00f3digo Fiscal se les asigna:<br \/>\n\u2013 por la Ventanilla \u00danica de Inmigraci\u00f3n, presente en cada Prefectura y competente para la emisi\u00f3n de la autorizaci\u00f3n de ingreso a ciudadanos extranjeros que solicitan permiso de residencia por trabajo en relaci\u00f3n de dependencia o reunificaci\u00f3n familiar;<br \/>\n\u2013 por la Questura (oficina de la Polic\u00eda del Estado), para los ciudadanos extranjeros que solicitan otros tipos de permisos de residencia.<\/p>\n<p>&nbsp;<\/p>\n<p><strong><u>Motivos de estudio<\/u><\/strong><\/p>\n<p>El ciudadano extranjero que llega a Italia por motivos de estudio y debe permanecer menos de 90 d\u00edas podr\u00e1 solicitar el C\u00f3digo Fiscal en cualquier oficina de la Agenzia delle Entrate.<\/p>\n<p>El ciudadano extranjero que llega a Italia por motivos de estudio y debe permanecer m\u00e1s de 90 d\u00edas deber\u00e1 solicitar previamente el permiso de residencia ante la Questura y, en esa instancia, recibir\u00e1 el C\u00f3digo Fiscal.<\/p>\n","protected":false},"excerpt":{"rendered":"El\u00a0C\u00f3digo fiscal es un c\u00f3digo alfanum\u00e9rico emitido por la Agenzia delle Entrate para identificar al ciudadano (italiano o extranjero) en sus relaciones con las entidades privadas y las administraciones p\u00fablicas italianas. Para las personas f\u00edsicas el c\u00f3digo fiscal se determina en base a los datos personales. Cualquier tr\u00e1mite administrativo (pago de tasas, impuestos, c\u00e1nones, etc.) [&hellip;]","protected":false},"author":6,"featured_media":0,"parent":212,"menu_order":3,"comment_status":"closed","ping_status":"closed","template":"","meta":{"footnotes":""},"class_list":["post-5102","page","type-page","status-publish","hentry"],"_links":{"self":[{"href":"https:\/\/consbuenosaires.esteri.it\/es\/wp-json\/wp\/v2\/pages\/5102","targetHints":{"allow":["GET"]}}],"collection":[{"href":"https:\/\/consbuenosaires.esteri.it\/es\/wp-json\/wp\/v2\/pages"}],"about":[{"href":"https:\/\/consbuenosaires.esteri.it\/es\/wp-json\/wp\/v2\/types\/page"}],"author":[{"embeddable":true,"href":"https:\/\/consbuenosaires.esteri.it\/es\/wp-json\/wp\/v2\/users\/6"}],"replies":[{"embeddable":true,"href":"https:\/\/consbuenosaires.esteri.it\/es\/wp-json\/wp\/v2\/comments?post=5102"}],"version-history":[{"count":6,"href":"https:\/\/consbuenosaires.esteri.it\/es\/wp-json\/wp\/v2\/pages\/5102\/revisions"}],"predecessor-version":[{"id":10345,"href":"https:\/\/consbuenosaires.esteri.it\/es\/wp-json\/wp\/v2\/pages\/5102\/revisions\/10345"}],"up":[{"embeddable":true,"href":"https:\/\/consbuenosaires.esteri.it\/es\/wp-json\/wp\/v2\/pages\/212"}],"wp:attachment":[{"href":"https:\/\/consbuenosaires.esteri.it\/es\/wp-json\/wp\/v2\/media?parent=5102"}],"curies":[{"name":"wp","href":"https:\/\/api.w.org\/{rel}","templated":true}]}}