{"id":370,"date":"2023-05-11T20:53:56","date_gmt":"2023-05-11T18:53:56","guid":{"rendered":"https:\/\/consbuenosaires.esteri.it\/?page_id=370"},"modified":"2023-06-13T15:18:36","modified_gmt":"2023-06-13T13:18:36","slug":"servicio-de-call-center","status":"publish","type":"page","link":"https:\/\/consbuenosaires.esteri.it\/es\/chi-siamo\/contatti\/servicio-de-call-center\/","title":{"rendered":"Servicio de Call Center"},"content":{"rendered":"<div>\n<p>A partir del<strong> 1\u00ba de julio<\/strong> <strong>2021<\/strong> se encuentra habilitado el servicio telef\u00f3nico de atenci\u00f3n a los usuarios del Consulado General de Italia en Buenos Aires.<\/p>\n<p>El servicio est\u00e1 disponible de <strong>lunes a viernes<\/strong> (exceptuando d\u00edas festivos) <strong>entre las 8.00 y 12.00 h<\/strong> comunic\u00e1ndose al siguiente n\u00famero gratuito: <strong>0800-345-5623<\/strong>.<\/p>\n<p>Se brindar\u00e1n respuestas de car\u00e1cter general sobre servicios ofrecidos exclusivamente por el Consulado General de Italia en Buenos Aires tales como:<\/p>\n<ul>\n<li>PRENOT@MI<\/li>\n<li>FAST IT<\/li>\n<li>CIUDADAN\u00cdA<\/li>\n<li>PASAPORTES<\/li>\n<li>ESTADO CIVIL<\/li>\n<li>NOTARIAL<\/li>\n<li>ESTUDIOS<\/li>\n<li>PENSIONES<\/li>\n<li>VISAS<\/li>\n<li>ASISTENCIA SOCIAL<\/li>\n<\/ul>\n<p>Por motivos de privacidad no se dar\u00e1n informaciones por tel\u00e9fono acerca del estado de tramites de expedientes personales o referidos a terceras personas.<\/p>\n<\/div>\n","protected":false},"excerpt":{"rendered":"A partir del 1\u00ba de julio 2021 se encuentra habilitado el servicio telef\u00f3nico de atenci\u00f3n a los usuarios del Consulado General de Italia en Buenos Aires. El servicio est\u00e1 disponible de lunes a viernes (exceptuando d\u00edas festivos) entre las 8.00 y 12.00 h comunic\u00e1ndose al siguiente n\u00famero gratuito: 0800-345-5623. Se brindar\u00e1n respuestas de car\u00e1cter general [&hellip;]","protected":false},"author":5,"featured_media":0,"parent":154,"menu_order":0,"comment_status":"closed","ping_status":"closed","template":"","meta":{"footnotes":""},"class_list":["post-370","page","type-page","status-publish","hentry"],"_links":{"self":[{"href":"https:\/\/consbuenosaires.esteri.it\/es\/wp-json\/wp\/v2\/pages\/370","targetHints":{"allow":["GET"]}}],"collection":[{"href":"https:\/\/consbuenosaires.esteri.it\/es\/wp-json\/wp\/v2\/pages"}],"about":[{"href":"https:\/\/consbuenosaires.esteri.it\/es\/wp-json\/wp\/v2\/types\/page"}],"author":[{"embeddable":true,"href":"https:\/\/consbuenosaires.esteri.it\/es\/wp-json\/wp\/v2\/users\/5"}],"replies":[{"embeddable":true,"href":"https:\/\/consbuenosaires.esteri.it\/es\/wp-json\/wp\/v2\/comments?post=370"}],"version-history":[{"count":0,"href":"https:\/\/consbuenosaires.esteri.it\/es\/wp-json\/wp\/v2\/pages\/370\/revisions"}],"up":[{"embeddable":true,"href":"https:\/\/consbuenosaires.esteri.it\/es\/wp-json\/wp\/v2\/pages\/154"}],"wp:attachment":[{"href":"https:\/\/consbuenosaires.esteri.it\/es\/wp-json\/wp\/v2\/media?parent=370"}],"curies":[{"name":"wp","href":"https:\/\/api.w.org\/{rel}","templated":true}]}}