{"id":214,"date":"2023-04-03T19:30:58","date_gmt":"2023-04-03T22:30:58","guid":{"rendered":"https:\/\/consbuenosaires.esteri.it\/servizi-consolari-e-visti\/servizi-per-il-cittadino-straniero\/cittadinanza\/"},"modified":"2026-03-03T10:42:09","modified_gmt":"2026-03-03T13:42:09","slug":"cittadinanza","status":"publish","type":"page","link":"https:\/\/consbuenosaires.esteri.it\/es\/servizi-consolari-e-visti\/servizi-per-il-cittadino-straniero\/cittadinanza\/","title":{"rendered":"Ciudadan\u00eda y adopci\u00f3n"},"content":{"rendered":"<p style=\"text-align: justify;\" align=\"center\"><strong><u><span style=\"font-size: 14.0pt; font-family: 'Tahoma',sans-serif; color: red; background: white;\">En lo que respecta a las normas actualmente vigentes sobre el reconocimiento de la ciudadan\u00eda \u201ciure sanguinis\u201d, se ruega consultar la normativa publicada en el siguiente <a href=\"https:\/\/www.gazzettaufficiale.it\/eli\/id\/2025\/05\/23\/25A03081\/sg\">enlace<\/a>, en el que se encuentra disponible el texto del decreto-ley n. 36 del 28 de marzo de 2025, coordinado con la ley de conversi\u00f3n n. 74 del 23 de mayo de 2025, que se recomienda leer atentamente.<\/span><\/u><\/strong><\/p>\n<p><strong>Normativa<\/strong><\/p>\n<p>&nbsp;<\/p>\n<p>El Decreto-Ley n. 36 del 28 de marzo de 2025 fue convertido con modificaciones en la Ley n. 74 del 23 de mayo de 2025, con vigencia a partir del 24 de mayo de 2025.<\/p>\n<p>La ley de conversi\u00f3n reforma la Ley n. 91 del 5 de febrero de 1992, cuyo nuevo texto completo est\u00e1 disponible en el siguiente <strong><a href=\"https:\/\/www.gazzettaufficiale.it\/eli\/id\/2025\/05\/23\/25G00082\/SG\">enlace<\/a>.<\/strong><\/p>\n<p>Merece especial atenci\u00f3n el <strong>nuevo art\u00edculo 3-bis<\/strong>:<\/p>\n<p>\u201c<em>En derogaci\u00f3n de los art\u00edculos 1, 2, 3, 14 y 20 de la presente ley, del art\u00edculo 5 de la Ley n.123 del 21 de abril de 1983, de los art\u00edculos 1, 2, 7, 10, 12 y 19 de la Ley n. 555 del 13 de junio de 1912, as\u00ed como de los art\u00edculos 4, 5, 7, 8 y 9 del C\u00f3digo Civil aprobado por Real Decreto n. 2358 del 25 de junio de 1865, se considera que <strong>no ha adquirido nunca la ciudadan\u00eda italiana<\/strong> quien haya nacido en el extranjero, incluso antes de la entrada en vigor del presente art\u00edculo, y posea otra ciudadan\u00eda, salvo que se cumpla una de las siguientes condiciones:<\/em><\/p>\n<p style=\"padding-left: 40px;\"><em>a) el estado de ciudadano del interesado es reconocido, conforme a la normativa aplicable al 27 de marzo de 2025, tras una solicitud, acompa\u00f1ada de la documentaci\u00f3n necesaria, presentada ante la oficina consular o el alcalde competente <strong>antes de las 23:59 (hora de Roma) de esa misma fecha<\/strong><strong>;<\/strong><\/em><\/p>\n<p style=\"padding-left: 40px;\"><em>a-bis) el estado de ciudadano del interesado es reconocido, conforme a la normativa aplicable al 27 de marzo de 2025, tras una solicitud, acompa\u00f1ada de la documentaci\u00f3n necesaria, presentada ante la oficina consular o el alcalde competente <strong>en la fecha indicada a trav\u00e9s de un turno comunicado al interesado por la oficina competente antes de las 23:59 (hora de Roma) del 27 de marzo de 2025<\/strong><strong>;<\/strong><\/em><\/p>\n<p style=\"padding-left: 40px;\"><em>b) el estado de ciudadano del interesado es reconocido judicialmente, conforme a la normativa aplicable al 27 de marzo de 2025, tras una demanda judicial presentada <strong>antes de las 23:59 (hora de Roma) de esa misma fecha<\/strong><strong>;<\/strong><\/em><\/p>\n<p style=\"padding-left: 40px;\"><em>c) un ascendiente de primer o segundo grado posee, o pose\u00eda al momento de su fallecimiento, exclusivamente la ciudadan\u00eda italiana;<\/em><\/p>\n<p style=\"padding-left: 40px;\"><em>d) un progenitor o adoptante ha residido en Italia durante al menos dos a\u00f1os continuos despu\u00e9s de haber adquirido la ciudadan\u00eda italiana y antes de la fecha de nacimiento o adopci\u00f3n del hijo\u201d.<\/em><\/p>\n<p><strong>Por lo tanto, seg\u00fan la Ley n. 91 de 1992, se reconoce como ciudadano italiano <em>iure sanguinis<\/em> (desde el nacimiento):<\/strong><\/p>\n<ul>\n<li>al solicitante <strong>nacido en Italia<\/strong> en cualquier fecha;<\/li>\n<li>al solicitante que posee exclusivamente la ciudadan\u00eda italiana, es decir, <strong>que no tiene ni puede tener ninguna otra ciudadan\u00eda;<\/strong><\/li>\n<li>al solicitante que se encuentra en <strong>uno de los casos<\/strong> enumerados en las letras <strong>a), a-bis), b), c) y d) del art\u00edculo 3-bis.<\/strong><\/li>\n<\/ul>\n<p><strong>A la luz de la nueva Ley, se precisa que:<\/strong><\/p>\n<ol>\n<li><strong>Solo las solicitudes presentadas antes de las 23:59 (hora italiana) del 27 de marzo de 2025, acompa\u00f1adas de la documentaci\u00f3n necesaria, seguir\u00e1n la normativa anterior.<\/strong><\/li>\n<\/ol>\n<p style=\"padding-left: 40px;\">Estas solicitudes (punto 1) son exclusivamente aquellas entregadas al Consulado General antes de la fecha y hora indicadas, con la documentaci\u00f3n completa.<\/p>\n<ol start=\"2\">\n<li><strong>Solo las solicitudes, acompa\u00f1adas de la documentaci\u00f3n necesaria, presentadas en la Oficina Consular en la fecha indicada a trav\u00e9s de un turno fijado y comunicado al interesado por la oficina competente antes de las 23:59 (hora de Roma) del 27 de marzo de 2025, seguir\u00e1n la normativa anterior.<\/strong><\/li>\n<\/ol>\n<p style=\"padding-left: 40px;\">Estas solicitudes (punto 2) son exclusivamente aquellas entregadas al Consulado General, con la documentaci\u00f3n completa, en la fecha indicada en la cita comunicada al interesado mediante correo electr\u00f3nico del sistema \u201cPrenot@mi\u201d antes de la fecha y hora m\u00e1s arriba indicadas.<\/p>\n<ol start=\"3\">\n<li><strong>En cualquier otra circunstancia, se aplicar\u00e1 la nueva normativa<\/strong> (<strong>incluso si las solicitudes fueron presentadas antes del 27 de marzo de 2025 o mediante cita comunicada antes de esa fecha y hora, pero<\/strong> <strong>no estaban acompa\u00f1adas de la documentaci\u00f3n necesaria)<\/strong>.<\/li>\n<\/ol>\n<p><strong>Documentaci\u00f3n requerida <\/strong>seg\u00fan la Circular K.28.1 del 8 de abril de 1991 del Ministerio del Interior:<\/p>\n<ol>\n<li>Extracto del acta de nacimiento del antepasado italiano emigrado, emitido por el Municipio donde naci\u00f3.<\/li>\n<li>Actas de nacimiento, con traducci\u00f3n oficial al italiano, de todos sus descendientes en l\u00ednea recta, incluida la del solicitante.<\/li>\n<li>Acta de matrimonio del antepasado italiano emigrado, con traducci\u00f3n oficial al italiano si fue emitida en el extranjero.<\/li>\n<li>Actas de matrimonio de sus descendientes en l\u00ednea recta, incluida la de los padres del solicitante.<\/li>\n<li>Certificado emitido por las autoridades competentes del Estado extranjero de emigraci\u00f3n &#8211; completo con todas las variantes registrales (nombre, apellido, lugar y fecha de nacimiento) &#8211; con traducci\u00f3n oficial al italiano, que acredite que el antepasado italiano no adquiri\u00f3 la ciudadan\u00eda del pa\u00eds de emigraci\u00f3n antes del nacimiento del ascendiente del solicitante.<\/li>\n<li>Certificado emitido por la autoridad consular italiana competente que acredite que ni los ascendientes en l\u00ednea directa ni el solicitante han renunciado jam\u00e1s a la ciudadan\u00eda italiana conforme al art\u00edculo 7 de la Ley n. 555 del 13 de junio de 1912;<\/li>\n<\/ol>\n<ol>\n<li style=\"list-style-type: none;\">\n<ol start=\"2\">\n<li>Para la aplicaci\u00f3n de <strong> la nueva normativa, <\/strong><u>tambi\u00e9n se deber\u00e1 presentar:<\/u>\n<ul>\n<li>Para demostrar la residencia en Italia durante al menos dos a\u00f1os continuos:\n<ul>\n<li>Certificado hist\u00f3rico de residencia.<\/li>\n<\/ul>\n<\/li>\n<\/ul>\n<\/li>\n<\/ol>\n<\/li>\n<\/ol>\n<p><strong>Si la documentaci\u00f3n se encuentra en este Consulado General, habiendo sido presentada anteriormente por un pariente junto con su solicitud de reconstrucci\u00f3n, ser\u00e1 necesario indicar los datos personales del familiar y posiblemente el n\u00famero de expediente. La Oficina de Ciudadan\u00eda se reserva de solicitar documentaci\u00f3n actualizada.<\/strong><\/p>\n<p>A trav\u00e9s de los enlaces a la derecha, es posible acceder a la informaci\u00f3n relativa a otras modalidades espec\u00edficas de adquisici\u00f3n de la Ciudadan\u00eda italiana.<\/p>\n<p><strong>Pago<\/strong><\/p>\n<p>El pago se realiza exclusivamente mediante transferencia bancaria en pesos argentinos por el importe vigente en la fecha de la cita, disponible en la p\u00e1gina web de este Consulado General, en el siguiente enlace: <a href=\"https:\/\/consbuenosaires.esteri.it\/es\/servizi-consolari-e-visti\/servizi-per-il-cittadino-italiano\/altri-servizi\/tarifas-consulares\/\"><strong>Tarifas Consulares<\/strong><\/a>.<\/p>\n<p><strong>\u00a0<\/strong><strong><a href=\"https:\/\/consbuenosaires.esteri.it\/wp-content\/uploads\/2024\/02\/Informativa_TDP_per_cittadinanza_all.2-spa.pdf\">Informaci\u00f3n acerca del Reglamento General sobre la Protecci\u00f3n de Datos (UE) 2016\/679, art. 13<\/a><\/strong><\/p>\n<p><strong><a href=\"https:\/\/www.esteri.it\/it\/servizi-consolari-e-visti\/italiani-all-estero\/cittadinanza\/\">Mayor informaci\u00f3n<\/a><\/strong><\/p>\n<p style=\"text-align: right;\"><span style=\"font-size: 10px;\">P\u00e1gina actualizada el 03\/07\/2025<\/span><\/p>\n","protected":false},"excerpt":{"rendered":"En lo que respecta a las normas actualmente vigentes sobre el reconocimiento de la ciudadan\u00eda \u201ciure sanguinis\u201d, se ruega consultar la normativa publicada en el siguiente enlace, en el que se encuentra disponible el texto del decreto-ley n. 36 del 28 de marzo de 2025, coordinado con la ley de conversi\u00f3n n. 74 del 23 [&hellip;]","protected":false},"author":1,"featured_media":0,"parent":212,"menu_order":1,"comment_status":"closed","ping_status":"closed","template":"","meta":{"footnotes":""},"class_list":["post-214","page","type-page","status-publish","hentry"],"_links":{"self":[{"href":"https:\/\/consbuenosaires.esteri.it\/es\/wp-json\/wp\/v2\/pages\/214","targetHints":{"allow":["GET"]}}],"collection":[{"href":"https:\/\/consbuenosaires.esteri.it\/es\/wp-json\/wp\/v2\/pages"}],"about":[{"href":"https:\/\/consbuenosaires.esteri.it\/es\/wp-json\/wp\/v2\/types\/page"}],"author":[{"embeddable":true,"href":"https:\/\/consbuenosaires.esteri.it\/es\/wp-json\/wp\/v2\/users\/1"}],"replies":[{"embeddable":true,"href":"https:\/\/consbuenosaires.esteri.it\/es\/wp-json\/wp\/v2\/comments?post=214"}],"version-history":[{"count":6,"href":"https:\/\/consbuenosaires.esteri.it\/es\/wp-json\/wp\/v2\/pages\/214\/revisions"}],"predecessor-version":[{"id":10454,"href":"https:\/\/consbuenosaires.esteri.it\/es\/wp-json\/wp\/v2\/pages\/214\/revisions\/10454"}],"up":[{"embeddable":true,"href":"https:\/\/consbuenosaires.esteri.it\/es\/wp-json\/wp\/v2\/pages\/212"}],"wp:attachment":[{"href":"https:\/\/consbuenosaires.esteri.it\/es\/wp-json\/wp\/v2\/media?parent=214"}],"curies":[{"name":"wp","href":"https:\/\/api.w.org\/{rel}","templated":true}]}}