{"id":212,"date":"2023-04-03T19:25:23","date_gmt":"2023-04-03T17:25:23","guid":{"rendered":"https:\/\/consbuenosaires.esteri.it\/servizi-consolari-e-visti\/servizi-per-il-cittadino-straniero\/"},"modified":"2023-05-18T17:51:42","modified_gmt":"2023-05-18T15:51:42","slug":"servizi-per-il-cittadino-straniero","status":"publish","type":"page","link":"https:\/\/consbuenosaires.esteri.it\/es\/servizi-consolari-e-visti\/servizi-per-il-cittadino-straniero\/","title":{"rendered":"Servicios para el ciudadano extranjero"},"content":{"rendered":"<div class=\"entry-content\">\n<p>Este Consulado General ofrece servicios tambi\u00e9n a favor de ciudadanos extranjeros, entre los quales se encuentran la emisi\u00f3n de visas de ingreso en Italia y en el \u00e1rea Schengen, el reconocimiento de la ciudadan\u00eda y la emisi\u00f3n de documentaci\u00f3n administrativa (conformidad de traducciones y legalizaci\u00f3n de documentos).<\/p>\n<p><span class=\"text\"><strong>En el men\u00fa lateral es posible visualizar los procedimientos para cada servicio.\u00a0<\/strong><\/span><\/p>\n<\/div>\n","protected":false},"excerpt":{"rendered":"Este Consulado General ofrece servicios tambi\u00e9n a favor de ciudadanos extranjeros, entre los quales se encuentran la emisi\u00f3n de visas de ingreso en Italia y en el \u00e1rea Schengen, el reconocimiento de la ciudadan\u00eda y la emisi\u00f3n de documentaci\u00f3n administrativa (conformidad de traducciones y legalizaci\u00f3n de documentos). En el men\u00fa lateral es posible visualizar los [&hellip;]","protected":false},"author":1,"featured_media":0,"parent":166,"menu_order":2,"comment_status":"closed","ping_status":"closed","template":"","meta":{"footnotes":""},"class_list":["post-212","page","type-page","status-publish","hentry"],"_links":{"self":[{"href":"https:\/\/consbuenosaires.esteri.it\/es\/wp-json\/wp\/v2\/pages\/212","targetHints":{"allow":["GET"]}}],"collection":[{"href":"https:\/\/consbuenosaires.esteri.it\/es\/wp-json\/wp\/v2\/pages"}],"about":[{"href":"https:\/\/consbuenosaires.esteri.it\/es\/wp-json\/wp\/v2\/types\/page"}],"author":[{"embeddable":true,"href":"https:\/\/consbuenosaires.esteri.it\/es\/wp-json\/wp\/v2\/users\/1"}],"replies":[{"embeddable":true,"href":"https:\/\/consbuenosaires.esteri.it\/es\/wp-json\/wp\/v2\/comments?post=212"}],"version-history":[{"count":0,"href":"https:\/\/consbuenosaires.esteri.it\/es\/wp-json\/wp\/v2\/pages\/212\/revisions"}],"up":[{"embeddable":true,"href":"https:\/\/consbuenosaires.esteri.it\/es\/wp-json\/wp\/v2\/pages\/166"}],"wp:attachment":[{"href":"https:\/\/consbuenosaires.esteri.it\/es\/wp-json\/wp\/v2\/media?parent=212"}],"curies":[{"name":"wp","href":"https:\/\/api.w.org\/{rel}","templated":true}]}}