{"id":209,"date":"2023-04-03T19:30:19","date_gmt":"2023-04-03T17:30:19","guid":{"rendered":"https:\/\/consbuenosaires.esteri.it\/servizi-consolari-e-visti\/servizi-per-il-cittadino-italiano\/pensioni-e-sicurezza-sociale\/"},"modified":"2023-08-09T19:15:47","modified_gmt":"2023-08-09T17:15:47","slug":"pensioni-e-sicurezza-sociale","status":"publish","type":"page","link":"https:\/\/consbuenosaires.esteri.it\/es\/servizi-consolari-e-visti\/servizi-per-il-cittadino-italiano\/pensioni-e-sicurezza-sociale\/","title":{"rendered":"Pensiones y seguridad social"},"content":{"rendered":"<div class=\"flex flex-grow flex-col gap-3\">\n<div class=\"min-h-[20px] flex flex-col items-start gap-4 whitespace-pre-wrap break-words\">\n<div class=\"markdown prose w-full break-words dark:prose-invert light\">\n<p><span style=\"text-decoration: underline;\">La Oficina de Pensiones atiende al p\u00fablico sin turno previo los mi\u00e9rcoles de 9:00 a 13:00 horas<\/span>.<\/p>\n<p>Esta apertura est\u00e1 dirigida a aquellos que deben realizar la certificaci\u00f3n de existencia en vida para recibir la pensi\u00f3n del Ministerio de Econom\u00eda y Finanzas (anteriormente Ministerio del Tesoro), y la pensi\u00f3n del INPS durante los per\u00edodos de campa\u00f1a correspondientes.<\/p>\n<p>El procedimiento para la gesti\u00f3n de tr\u00e1mites de pensiones en convenio italo-argentino (a trav\u00e9s del <strong><a href=\"https:\/\/www.inps.it\/it\/it.html\">Portal INPS<\/a><\/strong>) se realiza de forma gratuita a trav\u00e9s de los <strong><a href=\"https:\/\/consbuenosaires.esteri.it\/es\/servizi-consolari-e-visti\/servizi-per-il-cittadino-italiano\/pensioni-e-sicurezza-sociale\/los-patronatos\/\">Patronatos<\/a><\/strong> reconocidos por la legislaci\u00f3n italiana, por lo que no es necesario recurrir a abogados, representantes legales o intermediarios, ya que esto implica costos adicionales y no acelera el proceso de obtenci\u00f3n del beneficio.<\/p>\n<p>*<span style=\"text-decoration: underline;\">Los ciudadanos italianos que residen en el extranjero no tienen derecho a la asignaci\u00f3n social ni a la pensi\u00f3n por invalidez civil, y es ilegal cobrarla a trav\u00e9s de un representante legal en Italia.<\/span><\/p>\n<p>*<span style=\"text-decoration: underline;\">La Oficina de Pensiones verifica la existencia de las mismas y las comunica oportunamente a la oficina territorialmente competente del INPS para la suspensi\u00f3n y el posterior reembolso de las sumas indebidamente percibidas.<\/span><\/p>\n<\/div>\n<\/div>\n<\/div>\n<p>&nbsp;<\/p>\n<p><strong>Certificaci\u00f3n de supervivencia<\/strong><\/p>\n<p>El titular de la pensi\u00f3n debe presentarse personalmente con:<\/p>\n<ul>\n<li>documento de identidad argentino &#8211; original y copia;<\/li>\n<li>original y copia de un documento que indique el n\u00famero de pensi\u00f3n, como una carta del organismo pagador (INPS, Ministerio de Econom\u00eda y Finanzas, I.N.P.D.A.P., E.N.P.A.L.S.) o recibo de pagos anteriores.<\/li>\n<\/ul>\n<p>Es posible solicitar los formularios para la certificaci\u00f3n de la pensi\u00f3n del MEF a la Oficina (<a href=\"mailto:pensioni.buenosaires@esteri.it\"><strong>pensioni.buenosaires@esteri.it<\/strong><\/a>).<\/p>\n<p>Tambi\u00e9n es posible, de forma excepcional, realizar la certificaci\u00f3n a trav\u00e9s de una videollamada, contactando a la Oficina (<a href=\"mailto:pensioni.buenosaires@esteri.it\"><strong>pensioni.buenosaires@esteri.it<\/strong><\/a>).<\/p>\n<p>&nbsp;<\/p>\n<p><strong>Comunicaci\u00f3n de defunci\u00f3n<\/strong><\/p>\n<p>Para comunicar el fallecimiento de un pensionado al organismo que otorga la pensi\u00f3n un familiar debe presentarse con los siguientes documentos:<\/p>\n<ul>\n<li>acta de defunci\u00f3n (partida de defunci\u00f3n) original, con traducci\u00f3n al italiano y dos copias;<\/li>\n<li>original y una copia de un documento que indique el n\u00famero de pensi\u00f3n, como una carta del organismo pagador (INPS, Ministerio de Econom\u00eda y Finanzas, I.N.P.D.A.P., E.N.P.A.L.S.) o recibo de pagos anteriores.<\/li>\n<\/ul>\n<p>&nbsp;<\/p>\n<div class=\"flex flex-grow flex-col gap-3\">\n<div class=\"min-h-[20px] flex flex-col items-start gap-4 whitespace-pre-wrap break-words\">\n<div class=\"markdown prose w-full break-words dark:prose-invert light\">\n<p><strong>Copia conforme al original de documentos para fines de pensi\u00f3n<br \/>\n<\/strong><\/p>\n<p>Para obtener copias conformes al original de documentos para uso de pensi\u00f3n (hojas de matr\u00edcula, libretas de pensi\u00f3n, actas de estado civil, etc.), el interesado deber\u00e1 presentarse con turno previo, con el original y la copia del documento a autenticar.<\/p>\n<p>&nbsp;<\/p>\n<p><strong>Autenticaci\u00f3n de firma en documentos para fines de pensi\u00f3n<\/strong><\/p>\n<p>Para autenticar la firma en documentos para fines de pensi\u00f3n, es necesario presentarse con turno previo, con un documento de identidad argentino v\u00e1lido.<\/p>\n<p>&nbsp;<\/p>\n<p><strong>Certificados de pensi\u00f3n<\/strong><\/p>\n<p>Para obtener un certificado de titularidad y no titularidad de pensi\u00f3n italiana, es necesario presentarse con un documento de identidad argentino v\u00e1lido.<\/p>\n<p>&nbsp;<\/p>\n<p><strong>Certificados de misma persona<br \/>\n<\/strong><\/p>\n<p>Para obtener un certificado de la misma persona, con el fin de corregir discrepancias encontradas, es necesario presentarse con el original y una copia de los documentos discordantes.<\/p>\n<\/div>\n<p>&nbsp;<\/p>\n<p><strong>Poder para la cobranza de la pensi\u00f3n<\/strong><\/p>\n<p>Para poder realizar un poder a un tercero para la cobranza de una pensi\u00f3n italiana, el titular de la pensi\u00f3n deber\u00e1 presentarse con turno previo, con los siguientes documentos:<\/p>\n<ul>\n<li><strong>Pensi\u00f3n del INPS<\/strong>\n<ul>\n<li>original + 2 copias del documento de identidad argentino del titular de la pensi\u00f3n y de la persona a la cual se desea conferir el poder;<\/li>\n<li>c\u00f3digo fiscal de ambos. Si no tienen c\u00f3digo fiscal, presentar una copia del acta de nacimiento;<\/li>\n<li>recibo de cobro o carta enviada por el INPS donde conste el n\u00famero de la pensi\u00f3n.<\/li>\n<\/ul>\n<\/li>\n<\/ul>\n<p>*<span style=\"text-decoration: underline;\">No es necesaria la presencia de la persona que ser\u00e1 apoderada.<\/span><\/p>\n<ul>\n<li><strong>Pensi\u00f3n del Ministerio de Econom\u00eda y Finanzas<\/strong>\n<ul>\n<li>original + 2 copias del documento de identidad argentino del titular de la pensi\u00f3n y de la persona a la cual se desea conferir el poder;<\/li>\n<li>c\u00f3digo fiscal de ambos. Si no tienen c\u00f3digo fiscal, presentar una copia del acta de nacimiento;<\/li>\n<li>recibo de cobro o carta enviada por el Ministerio de Econom\u00eda y Finanzas donde conste el n\u00famero de la pensi\u00f3n.<\/li>\n<\/ul>\n<\/li>\n<\/ul>\n<p>*<span style=\"text-decoration: underline;\">Es imprescindible la presencia del titular de la pensi\u00f3n.<\/span><\/p>\n<\/div>\n<p><em>El turno es virtual, y el d\u00eda seleccionado se debe enviar la documentaci\u00f3n en formato word por correo electr\u00f3nico (<a href=\"mailto:pensioni.buenosaires@esteri.it\">pensioni.buenosaires@esteri.it<\/a>). En una segunda instancia, luego de que la Oficina se contacte, se podr\u00e1 entregar la documentaci\u00f3n de forma f\u00edsica.<\/em><\/p>\n<p>&nbsp;<\/p>\n<p><strong>Solicitud de pago de pensi\u00f3n<\/strong><\/p>\n<p>Para realizar una solicitud de pago de la pensi\u00f3n, el interesado debe presentarse con los siguientes documentos:<\/p>\n<ul>\n<li>documento de identidad argentino vigente con foto reconocible;<\/li>\n<li>fotocopia de la carta del INPS o de un documento en el que se indique el n\u00famero completo de la pensi\u00f3n.<\/li>\n<\/ul>\n<\/div>\n<p>&nbsp;<\/p>\n<p><strong>Visita m\u00e9dico-legal<\/strong><\/p>\n<p>La visita m\u00e9dico-legal del pensionado o de los familiares discapacitados a su cargo se lleva a cabo por el m\u00e9dico de referencia del Consulado solo a solicitud de la autoridad competente italiana.<\/p>\n<p>&nbsp;<\/p>\n<p><strong>Turnos<\/strong><\/p>\n<p>Para realizar la existencia en vida, est\u00e1 prevista la atenci\u00f3n al p\u00fablico sin turno previo los mi\u00e9rcoles de 9:00 a 13:00 horas. Para los dem\u00e1s tipos de servicio (ej. poder para la cobranza), los turnos est\u00e1n disponibles todos los martes a las 19:00 a trav\u00e9s del portal <strong><a href=\"https:\/\/prenotami.esteri.it\/\">Prenot@mi<\/a><\/strong> con la opci\u00f3n \u00ab<strong>Pensiones<\/strong>\u00ab.<\/p>\n<p>&nbsp;<\/p>\n<p><strong>Pago<\/strong><\/p>\n<p>El m\u00e9todo de pago ser\u00e1 comunicado al solicitante del servicio por parte de la Oficina competente.<\/p>\n<p>&nbsp;<\/p>\n<p><strong>Mail<\/strong>: <strong><a href=\"mailto:pensioni.buenosaires@esteri.it\" target=\"_new\" rel=\"noopener\">pensioni.buenosaires@esteri.it<\/a><\/strong><\/p>\n<p><strong><a href=\"https:\/\/www.esteri.it\/it\/servizi-consolari-e-visti\/italiani-all-estero\/sicurezzasociale\/\">Mayor informaci\u00f3n<\/a><\/strong><\/p>\n","protected":false},"excerpt":{"rendered":"La Oficina de Pensiones atiende al p\u00fablico sin turno previo los mi\u00e9rcoles de 9:00 a 13:00 horas. Esta apertura est\u00e1 dirigida a aquellos que deben realizar la certificaci\u00f3n de existencia en vida para recibir la pensi\u00f3n del Ministerio de Econom\u00eda y Finanzas (anteriormente Ministerio del Tesoro), y la pensi\u00f3n del INPS durante los per\u00edodos de [&hellip;]","protected":false},"author":1,"featured_media":0,"parent":167,"menu_order":20,"comment_status":"closed","ping_status":"closed","template":"","meta":{"footnotes":""},"class_list":["post-209","page","type-page","status-publish","hentry"],"_links":{"self":[{"href":"https:\/\/consbuenosaires.esteri.it\/es\/wp-json\/wp\/v2\/pages\/209","targetHints":{"allow":["GET"]}}],"collection":[{"href":"https:\/\/consbuenosaires.esteri.it\/es\/wp-json\/wp\/v2\/pages"}],"about":[{"href":"https:\/\/consbuenosaires.esteri.it\/es\/wp-json\/wp\/v2\/types\/page"}],"author":[{"embeddable":true,"href":"https:\/\/consbuenosaires.esteri.it\/es\/wp-json\/wp\/v2\/users\/1"}],"replies":[{"embeddable":true,"href":"https:\/\/consbuenosaires.esteri.it\/es\/wp-json\/wp\/v2\/comments?post=209"}],"version-history":[{"count":0,"href":"https:\/\/consbuenosaires.esteri.it\/es\/wp-json\/wp\/v2\/pages\/209\/revisions"}],"up":[{"embeddable":true,"href":"https:\/\/consbuenosaires.esteri.it\/es\/wp-json\/wp\/v2\/pages\/167"}],"wp:attachment":[{"href":"https:\/\/consbuenosaires.esteri.it\/es\/wp-json\/wp\/v2\/media?parent=209"}],"curies":[{"name":"wp","href":"https:\/\/api.w.org\/{rel}","templated":true}]}}