{"id":208,"date":"2023-04-03T19:30:10","date_gmt":"2023-04-03T22:30:10","guid":{"rendered":"https:\/\/consbuenosaires.esteri.it\/servizi-consolari-e-visti\/servizi-per-il-cittadino-italiano\/codice-fiscale\/"},"modified":"2026-02-13T09:32:30","modified_gmt":"2026-02-13T12:32:30","slug":"codice-fiscale","status":"publish","type":"page","link":"https:\/\/consbuenosaires.esteri.it\/es\/servizi-consolari-e-visti\/servizi-per-il-cittadino-italiano\/codice-fiscale\/","title":{"rendered":"C\u00f3digo Fiscal"},"content":{"rendered":"<div class=\"flex flex-grow flex-col gap-3\">\n<div class=\"min-h-[20px] flex flex-col items-start gap-4 whitespace-pre-wrap break-words\">\n<div class=\"markdown prose w-full break-words dark:prose-invert light\">El <strong>C\u00f3digo fiscal<\/strong> es un c\u00f3digo alfanum\u00e9rico emitido por la Agenzia delle Entrate para identificar al ciudadano (italiano o extranjero) en sus relaciones con las entidades privadas y las administraciones p\u00fablicas italianas. Para las personas f\u00edsicas el c\u00f3digo fiscal se determina en base a los datos personales.<\/div>\n<\/div>\n<\/div>\n<div><\/div>\n<div>Cualquier tr\u00e1mite administrativo (pago de tasas, impuestos, c\u00e1nones, etc.) o actividad comercial\/financiera (aceptaci\u00f3n de herencia, contratos con entidades p\u00fablicas o privadas, solicitud de financiaci\u00f3n, patrocinios, arrendamientos o cesiones de bienes inmuebles etc.) requiere la indicaci\u00f3n del c\u00f3digo fiscal de la persona que lo realice.<\/div>\n<div class=\"flex flex-grow flex-col gap-3\">\n<div class=\"min-h-[20px] flex flex-col items-start gap-4 whitespace-pre-wrap break-words\">\n<div><\/div>\n<\/div>\n<\/div>\n<p><a href=\"https:\/\/consbuenosaires.esteri.it\/es\/servizi-consolari-e-visti\/servizi-per-il-cittadino-straniero\/codigo-fiscal\/\">Informaci\u00f3n sobre la emisi\u00f3n del C\u00f3digo Fiscal para ciudadanos extranjeros no residentes en Italia<\/a><\/p>\n<p>&nbsp;<\/p>\n<div class=\"flex flex-grow flex-col gap-3\">\n<div class=\"min-h-[20px] flex flex-col items-start gap-4 whitespace-pre-wrap break-words\">\n<p><strong><u>CIUDADANOS ITALIANOS RESIDENTES EN EL EXTERIOR INSCRITOS EN AIRE<\/u><\/strong><\/p>\n<p>Los ciudadanos italianos mayores de edad inscritos en AIRE pueden<strong> solicitar el c\u00f3digo fiscal<\/strong>, para s\u00ed mismos y para sus hijos menores de edad, a trav\u00e9s del portal electr\u00f3nico Fast-it, accediendo al servicio correspondiente y siguiendo las indicaciones. A trav\u00e9s del <strong>portal Fast-it<\/strong> tambi\u00e9n podr\u00e1n descargar el certificado de asignaci\u00f3n del c\u00f3digo fiscal, una vez que se haya completado el proceso.<\/p>\n<p><strong><em>\u00bfC\u00f3mo?<\/em><\/strong><\/p>\n<ol>\n<li>Acced\u00e9 al <a href=\"https:\/\/serviziconsolari.esteri.it\/ScoFE\/index.sco\"><strong>Portale Fast-it<\/strong><\/a>;<\/li>\n<li>Hac\u00e9 clic en \u00ab<em>Anagrafe Consular y AIRE<\/em>\u00bb y luego en \u00ab<em>Atribuci\u00f3n del C\u00f3digo Fiscal<\/em>\u00ab;<\/li>\n<li>Confirm\u00e1 los datos y comienza la solicitud;<\/li>\n<li>Una vez procesada la solicitud por el Consulado, vas a poder descargar el certificado de asignaci\u00f3n del C\u00f3digo Fiscal.<\/li>\n<\/ol>\n<p><strong><em>Si no pod\u00e9s descargar el certificado de asignaci\u00f3n del C\u00f3digo Fiscal:<\/em><\/strong><\/p>\n<ol>\n<li>Registrate en el <a href=\"https:\/\/serviziconsolari.esteri.it\/ScoFE\/index.sco\"><strong>portal FAST IT<\/strong><\/a>, o acced\u00e9 si ya ten\u00e9s una cuenta activa;<\/li>\n<li>Solicit\u00e1 la \u201c<em>Asociaci\u00f3n Online<\/em>\u201d haciendo clic en \u00ab<em>Anagrafe Consular y AIRE<\/em>\u00bb y luego en \u00ab<em>Atribuci\u00f3n del C\u00f3digo Fiscal<\/em>\u00ab;<\/li>\n<li>Vas a recibir un mensaje en tu correo electr\u00f3nico confirmando la asociaci\u00f3n;<\/li>\n<li>Acced\u00e9 nuevamente al portal y descarga el certificado.<\/li>\n<\/ol>\n<p>&nbsp;<\/p>\n<p>Los ciudadanos mayores de edad inscritos en AIRE que ya tienen el c\u00f3digo fiscal pueden <strong>descargar directamente el certificado del c\u00f3digo fiscal<\/strong> a trav\u00e9s del portal telem\u00e1tico Fast-it accediendo al servicio correspondiente y siguiendo las indicaciones proporcionadas para solicitar el c\u00f3digo fiscal; en este caso no ser\u00e1 necesario la intervenci\u00f3n del Consulado para la emisi\u00f3n del certificado.<\/p>\n<p>Quienes deseen recibir tambi\u00e9n la <b>credencial <\/b>del C\u00f3digo Fiscal deber\u00e1n solicitar el C\u00f3digo Fiscal y la credencial presentando el formulario correspondiente junto con copia de un documento de identidad.<\/p>\n<p>En caso de <strong>extrav\u00edo o destrucci\u00f3n del certificado en papel o de la credencial plastificada<\/strong>, se podr\u00e1 solicitar un duplicado por las mismas v\u00edas que la asignaci\u00f3n.<\/p>\n<\/div>\n<\/div>\n","protected":false},"excerpt":{"rendered":"El C\u00f3digo fiscal es un c\u00f3digo alfanum\u00e9rico emitido por la Agenzia delle Entrate para identificar al ciudadano (italiano o extranjero) en sus relaciones con las entidades privadas y las administraciones p\u00fablicas italianas. Para las personas f\u00edsicas el c\u00f3digo fiscal se determina en base a los datos personales. Cualquier tr\u00e1mite administrativo (pago de tasas, impuestos, c\u00e1nones, [&hellip;]","protected":false},"author":1,"featured_media":0,"parent":167,"menu_order":18,"comment_status":"closed","ping_status":"closed","template":"","meta":{"footnotes":""},"class_list":["post-208","page","type-page","status-publish","hentry"],"_links":{"self":[{"href":"https:\/\/consbuenosaires.esteri.it\/es\/wp-json\/wp\/v2\/pages\/208","targetHints":{"allow":["GET"]}}],"collection":[{"href":"https:\/\/consbuenosaires.esteri.it\/es\/wp-json\/wp\/v2\/pages"}],"about":[{"href":"https:\/\/consbuenosaires.esteri.it\/es\/wp-json\/wp\/v2\/types\/page"}],"author":[{"embeddable":true,"href":"https:\/\/consbuenosaires.esteri.it\/es\/wp-json\/wp\/v2\/users\/1"}],"replies":[{"embeddable":true,"href":"https:\/\/consbuenosaires.esteri.it\/es\/wp-json\/wp\/v2\/comments?post=208"}],"version-history":[{"count":6,"href":"https:\/\/consbuenosaires.esteri.it\/es\/wp-json\/wp\/v2\/pages\/208\/revisions"}],"predecessor-version":[{"id":10325,"href":"https:\/\/consbuenosaires.esteri.it\/es\/wp-json\/wp\/v2\/pages\/208\/revisions\/10325"}],"up":[{"embeddable":true,"href":"https:\/\/consbuenosaires.esteri.it\/es\/wp-json\/wp\/v2\/pages\/167"}],"wp:attachment":[{"href":"https:\/\/consbuenosaires.esteri.it\/es\/wp-json\/wp\/v2\/media?parent=208"}],"curies":[{"name":"wp","href":"https:\/\/api.w.org\/{rel}","templated":true}]}}