{"id":207,"date":"2023-04-03T19:29:59","date_gmt":"2023-04-03T17:29:59","guid":{"rendered":"https:\/\/consbuenosaires.esteri.it\/servizi-consolari-e-visti\/servizi-per-il-cittadino-italiano\/autoveicoli-e-patenti-di-guida\/"},"modified":"2024-10-16T19:32:34","modified_gmt":"2024-10-16T17:32:34","slug":"autoveicoli-e-patenti-di-guida","status":"publish","type":"page","link":"https:\/\/consbuenosaires.esteri.it\/es\/servizi-consolari-e-visti\/servizi-per-il-cittadino-italiano\/autoveicoli-e-patenti-di-guida\/","title":{"rendered":"Automotores y Licencias de conducir"},"content":{"rendered":"<p><span style=\"text-decoration: underline;\"><strong>Renovaci\u00f3n\/Conversi\u00f3n de Licencia de Conducir Italiana<\/strong><\/span><\/p>\n<p><strong>Requisitos<\/strong><\/p>\n<p>La renovaci\u00f3n de la licencia italiana <span style=\"text-decoration: underline;\">solo puede ser solicitada<\/span> por ciudadanos italianos residentes en esta circunscripci\u00f3n consular y debidamente inscriptos en el AIRE, por ciudadanos que residan en el extranjero por un per\u00edodo m\u00ednimo de 6 meses, o por ciudadanos inscriptos en el archivo consular con un proceso de inscripci\u00f3n en el AIRE en curso.<\/p>\n<p><span style=\"text-decoration: underline;\">Para poder renovar la licencia, esta no debe haber caducado por m\u00e1s de 5 a\u00f1os.<\/span><\/p>\n<p>&nbsp;<\/p>\n<p><strong>Documentaci\u00f3n<\/strong><\/p>\n<p>El interesado debe presentarse con:<\/p>\n<ul>\n<li>documento de identidad v\u00e1lido (DNI, C\u00e9dula Mercosur, pasaporte y\/o tarjeta de identidad italiana);<\/li>\n<li>una prueba de residencia efectiva en la circunscripci\u00f3n consular (como el DNI, incluso si es provisional o recibos de servicios p\u00fablicos);<\/li>\n<li>licencia de conducir original + 1 copia;<\/li>\n<li>certificado m\u00e9dico emitido por el m\u00e9dico de referencia de este Consulado General. *El certificado m\u00e9dico tiene un costo, a cargo del solicitante, y el pago debe realizarse directamente al m\u00e9dico.<\/li>\n<\/ul>\n<p>Los m\u00e9dicos de referencia del Consulado son:<\/p>\n<p><strong>Dr. EDUARDO MANZINI<\/strong><br \/>\nCallao 492 \u2013 8\u00ba \u201cA\u201d<br \/>\nC1022AAR C.A. Buenos Aires<br \/>\nTel\u00e9fono: 4371-8812<br \/>\nCelular: 15 4420-4011<\/p>\n<p><strong>Dr. GUSTAVO MAID<\/strong><br \/>\nPer\u00f3n 4190 \u2013 Buenos Aires<br \/>\nTel\u00e9fono: 6064-4544<br \/>\nCelular: 15 5341 7025<\/p>\n<p>&nbsp;<\/p>\n<p><span style=\"text-decoration: underline;\"><strong>Solicitud de Baja del PRA (Registro P\u00fablico de Automotores)<\/strong><\/span><\/p>\n<p>En caso de solicitar la baja por exportaci\u00f3n definitiva al extranjero, el interesado\/titular deber\u00e1 presentar los siguientes documentos ante la Oficina Notarial:<\/p>\n<ul>\n<li>nota de presentaci\u00f3n de la formalidad: si se cuenta con el Certificado de Propiedad, el reverso del Certificado se puede utilizar como nota. En caso de no tener el Certificado de Propiedad, se debe utilizar la nota NP3 C en doble original, que se puede descargar desde el<strong> <a href=\"https:\/\/www.aci.it\/i-servizi\/guide-utili\/guida-pratiche-auto.html\">sitio web<\/a><\/strong>. La nota debe ser completada y firmada por el titular\/interesado;<\/li>\n<li>fotocopia del carnet de circulaci\u00f3n extranjera emitida por el pa\u00eds donde se haya registrado el veh\u00edculo exportado o un certificado de retiro del carnet de circulaci\u00f3n italiana tras su registro en el extranjero emitido por las autoridades competentes. Si el veh\u00edculo se export\u00f3 a un pa\u00eds fuera de la Uni\u00f3n Europea, tambi\u00e9n se requiere la traducci\u00f3n de dichos documentos;<\/li>\n<li>carnet de circulaci\u00f3n italiana original: en algunos casos, los pa\u00edses fuera de la UE pueden devolver el carnet de circulaci\u00f3n italiana original. En tales casos, se debe presentar el mismo en original;<\/li>\n<li>certificado de Propiedad (CdP)\/Hoja complementaria: si el CdP ha sido retirado por la autoridad extranjera que ha registrado el veh\u00edculo. El titular debe firmar una Declaraci\u00f3n Jurada en la que declara que el CdP ha sido retirado por las autoridades extranjeras;<\/li>\n<li>Patente: en caso de dar de baja despu\u00e9s de la re-matriculaci\u00f3n en el extranjero, no es necesario devolver las patentes italianas originales. Si el titular presenta las patentes italianas porque las autoridades extranjeras se las han devuelto durante el proceso de re-matriculaci\u00f3n, el Consulado se encarga de retirarlas y destruirlas, enviando al PRA (Registro P\u00fablico de Veh\u00edculos Automotores) una declaraci\u00f3n de retiro y destrucci\u00f3n;<\/li>\n<li>t\u00edtulo de venta: si la baja es presentada por un sujeto que no es el titular registrado en el PRA, se debe adjuntar el t\u00edtulo de venta original;<\/li>\n<li>copia del documento de identidad;<\/li>\n<li>copia del recibo del giro internacional o de la transferencia bancaria.<\/li>\n<\/ul>\n<p>&nbsp;<\/p>\n<p><strong>Turnos<\/strong><\/p>\n<p>Los turnos est\u00e1n disponibles todas las semanas, de domingo a jueves, a las 19:00, a trav\u00e9s del portal <strong><a href=\"https:\/\/prenotami.esteri.it\/\">Prenot@mi<\/a><\/strong> seleccionando la opci\u00f3n \u00ab<strong>Notarial<\/strong>\u00ab.<\/p>\n<p>El turno es virtual, y el d\u00eda seleccionado se debe enviar la documentaci\u00f3n en formato word por correo electr\u00f3nico (<a href=\"mailto:notarile.buenosaires@esteri.it\">notarile.buenosaires@esteri.it<\/a>). En una segunda instancia, luego de que la Oficina se contacte, se podr\u00e1 entregar la documentaci\u00f3n de forma f\u00edsica.<\/p>\n<p>&nbsp;<\/p>\n<p><strong>Pago<\/strong><\/p>\n<p>El m\u00e9todo de pago ser\u00e1 comunicado al solicitante del servicio por parte de la Oficina competente.<\/p>\n<p><strong><a href=\"https:\/\/www.aci.it\/i-servizi\/guide-utili\/guida-pratiche-auto\/esportazione.html\">Mayor informaci\u00f3n<\/a><\/strong><\/p>\n<p>&nbsp;<\/p>\n<div class=\"flex flex-grow flex-col gap-3\">\n<div class=\"min-h-[20px] flex flex-col items-start gap-4 whitespace-pre-wrap break-words\">\n<div class=\"markdown prose w-full break-words dark:prose-invert light\">\n<p><span style=\"text-decoration: underline;\">Informaci\u00f3n \u00fatil sobre otros tr\u00e1mites no realizados por este Consulado General:<\/span><\/p>\n<p><strong>Validez de la licencia de conducir italiana para residentes temporales<\/strong><\/p>\n<p>Para circular temporalmente en Argentina, es necesario tener la licencia de conducir internacional junto con la licencia italiana v\u00e1lida. El objetivo de la licencia de conducir internacional es proporcionar a las autoridades extranjeras una interpretaci\u00f3n exacta de la licencia de conducir del titular.<\/p>\n<p>La licencia o permiso de conducir internacional es un documento v\u00e1lido para conducir en todos los pa\u00edses europeos y algunos pa\u00edses no europeos, y se emite en las oficinas de motorizaci\u00f3n. Siempre debe ir acompa\u00f1ada de la licencia de conducir italiana v\u00e1lida.<\/p>\n<p>De manera similar, para per\u00edodos de permanencia cortos en Italia (por ejemplo, vacaciones), es suficiente tener la licencia de conducir (traducida al italiano y legalizada) para exhibir cuando las autoridades de seguridad italianas lo soliciten. En caso de regreso definitivo, se puede conducir en Italia con la licencia extranjera hasta un m\u00e1ximo de un a\u00f1o a partir de la fecha de regreso, luego de este per\u00edodo de tiempo ser\u00e1 necesario solicitar la sustituci\u00f3n de la licencia extranjera obtenida durante la conversi\u00f3n.<\/p>\n<\/div>\n<\/div>\n<\/div>\n<div class=\"flex flex-grow flex-col gap-3\">\n<div class=\"min-h-[20px] flex flex-col items-start gap-4 whitespace-pre-wrap break-words\">\n<div class=\"markdown prose w-full break-words dark:prose-invert light\">\n<p>&nbsp;<\/p>\n<p><strong>Conversi\u00f3n de la licencia de conducir italiana en el \u00abRegistro de Conducir\u00bb argentino<\/strong><\/p>\n<p>Aquellas personas que trasladen su residencia de Italia a Argentina pueden solicitar la conversi\u00f3n de la licencia de conducir italiana en una \u00ablicencia de conducir argentina\u00bb sin tener que realizar ex\u00e1menes. <span style=\"text-decoration: underline;\">La solicitud debe presentarse ante la <a href=\"https:\/\/buenosaires.gob.ar\">DIRECCI\u00d3N DE TR\u00c1NSITO<\/a><\/span>.<\/p>\n<p>El usuario que desee realizar la conversi\u00f3n de su licencia de conducir italiana en Argentina, con el fin de obtener un certificado que contenga los datos de la licencia de la cual es titular, deber\u00e1 presentar, ya sea personalmente o a trav\u00e9s de un representante, una solicitud especial en las oficinas de la Motorizaci\u00f3n Civil, acompa\u00f1ada de la documentaci\u00f3n que certifique el pago del impuesto de sello y de los derechos establecidos por disposiciones legales.<\/p>\n<p>Dado que esta actividad de certificaci\u00f3n no est\u00e1 vinculada ni al lugar de residencia del solicitante ni a la oficina de Motorizaci\u00f3n Civil que emiti\u00f3 la licencia, se puede acudir indistintamente a cualquier Oficina de Motorizaci\u00f3n en territorio italiano.<\/p>\n<p>Este certificado, para tener validez legal, debe ser \u00abapostillado\u00bb en Italia y debe ser traducido en Argentina por un traductor p\u00fablico. Si es requerido, este Consulado autenticar\u00e1 la firma del representante.<\/p>\n<p><strong>Documentaci\u00f3n<\/strong>:<\/p>\n<ul>\n<li>certificado emitido por la Polic\u00eda Federal que acredite el domicilio en CABA (Ciudad Aut\u00f3noma de Buenos Aires);<\/li>\n<li>pasaporte y DNI (Documento Nacional de Identidad);<\/li>\n<li>licencia de conducir italiana y su traducci\u00f3n al espa\u00f1ol realizada por un traductor p\u00fablico;<\/li>\n<li>certificado emitido por la Oficina de Motorizaci\u00f3n italiana que emiti\u00f3 la licencia, que certifique su validez, apostillado en Italia y traducido al espa\u00f1ol por un traductor p\u00fablico.<\/li>\n<\/ul>\n<p>*<span style=\"text-decoration: underline;\">La validez de este documento (\u00abRegistro de conducir\u00bb) coincide con la vigencia de la visa temporal de ingreso a Argentina.<\/span><\/p>\n<\/div>\n<div class=\"flex flex-grow flex-col gap-3\">\n<div class=\"min-h-[20px] flex flex-col items-start gap-4 whitespace-pre-wrap break-words\">\n<div class=\"markdown prose w-full break-words dark:prose-invert light\">\n<p>&nbsp;<\/p>\n<p><strong>Conversi\u00f3n de la Licencia de conducir argentina en la \u00abPatente di Guida\u00bb italiana<\/strong><\/p>\n<p>Para llevar a cabo los tr\u00e1mites correspondientes a la conversi\u00f3n de la licencia de conducir argentina a la italiana ante las autoridades italianas competentes, <span style=\"text-decoration: underline;\">el titular deber\u00e1 presentar en la Representaci\u00f3n Consular de la Rep\u00fablica Argentina en territorio italiano<\/span>:<\/p>\n<ul>\n<li>el \u00abcertificado de legalidad\u00bb emitido por la \u00abDirecci\u00f3n de Tr\u00e1nsito\u00bb que emiti\u00f3 originalmente la licencia de conducir. *Este certificado deber\u00e1 ser apostillado por el Ministerio de Relaciones Exteriores o el Colegio de Escribanos y traducido al italiano;<\/li>\n<li>pasaporte argentino vigente y\/o DNI (Documento Nacional de Identidad) + copia;<\/li>\n<li>certificado de residencia italiano emitido por el Municipio competente territorialmente.<\/li>\n<\/ul>\n<p><span style=\"text-decoration: underline;\">*Se recomienda confirmar los requisitos mencionados directamente con los contactos de las Representaciones Consulares Argentinas en Italia, seg\u00fan la ubicaci\u00f3n de residencia del solicitante.<\/span><\/p>\n<\/div>\n<\/div>\n<\/div>\n<\/div>\n<\/div>\n","protected":false},"excerpt":{"rendered":"Renovaci\u00f3n\/Conversi\u00f3n de Licencia de Conducir Italiana Requisitos La renovaci\u00f3n de la licencia italiana solo puede ser solicitada por ciudadanos italianos residentes en esta circunscripci\u00f3n consular y debidamente inscriptos en el AIRE, por ciudadanos que residan en el extranjero por un per\u00edodo m\u00ednimo de 6 meses, o por ciudadanos inscriptos en el archivo consular con un [&hellip;]","protected":false},"author":1,"featured_media":0,"parent":167,"menu_order":16,"comment_status":"closed","ping_status":"closed","template":"","meta":{"footnotes":""},"class_list":["post-207","page","type-page","status-publish","hentry"],"_links":{"self":[{"href":"https:\/\/consbuenosaires.esteri.it\/es\/wp-json\/wp\/v2\/pages\/207","targetHints":{"allow":["GET"]}}],"collection":[{"href":"https:\/\/consbuenosaires.esteri.it\/es\/wp-json\/wp\/v2\/pages"}],"about":[{"href":"https:\/\/consbuenosaires.esteri.it\/es\/wp-json\/wp\/v2\/types\/page"}],"author":[{"embeddable":true,"href":"https:\/\/consbuenosaires.esteri.it\/es\/wp-json\/wp\/v2\/users\/1"}],"replies":[{"embeddable":true,"href":"https:\/\/consbuenosaires.esteri.it\/es\/wp-json\/wp\/v2\/comments?post=207"}],"version-history":[{"count":3,"href":"https:\/\/consbuenosaires.esteri.it\/es\/wp-json\/wp\/v2\/pages\/207\/revisions"}],"predecessor-version":[{"id":5373,"href":"https:\/\/consbuenosaires.esteri.it\/es\/wp-json\/wp\/v2\/pages\/207\/revisions\/5373"}],"up":[{"embeddable":true,"href":"https:\/\/consbuenosaires.esteri.it\/es\/wp-json\/wp\/v2\/pages\/167"}],"wp:attachment":[{"href":"https:\/\/consbuenosaires.esteri.it\/es\/wp-json\/wp\/v2\/media?parent=207"}],"curies":[{"name":"wp","href":"https:\/\/api.w.org\/{rel}","templated":true}]}}