{"id":205,"date":"2023-04-03T19:29:38","date_gmt":"2023-04-03T17:29:38","guid":{"rendered":"https:\/\/consbuenosaires.esteri.it\/servizi-consolari-e-visti\/servizi-per-il-cittadino-italiano\/servizi-notarili\/"},"modified":"2023-08-09T19:19:00","modified_gmt":"2023-08-09T17:19:00","slug":"servizi-notarili","status":"publish","type":"page","link":"https:\/\/consbuenosaires.esteri.it\/es\/servizi-consolari-e-visti\/servizi-per-il-cittadino-italiano\/servizi-notarili\/","title":{"rendered":"Notarial"},"content":{"rendered":"<p><strong>Informaciones generales<\/strong><\/p>\n<p>Los ciudadanos italianos que residan y est\u00e9n correctamente inscriptos en el AIRE dentro de la circunscripci\u00f3n consular de Buenos Aires pueden presentarse en la Oficina Notarial previo haber solicitado un turno.<\/p>\n<p>En el caso de ciudadanos italianos no residentes, la Oficina evaluar\u00e1 caso por caso la necesidad y urgencia real del servicio solicitado.<\/p>\n<p>Los usuarios que no posean ciudadan\u00eda italiana deber\u00e1n dirigirse a un Escribano local (ver <a href=\"https:\/\/consbuenosaires.esteri.it\/es\/servizi-consolari-e-visti\/servizi-per-il-cittadino-italiano\/traduzione-e-legalizzazione-dei-documenti\/\"><strong>Legalizaci\u00f3n de documentos<\/strong><\/a>).<\/p>\n<p><strong>\u00a0<\/strong><\/p>\n<p><strong>Turnos<\/strong><\/p>\n<p>Los turnos est\u00e1n disponibles todas las semanas, de domingo a jueves, a las 19:00, a trav\u00e9s del portal <strong><a href=\"https:\/\/prenotami.esteri.it\/\">Prenot@mi<\/a><\/strong> seleccionando la opci\u00f3n \u00ab<strong>Notarial<\/strong>\u00ab.<\/p>\n<p>El turno es virtual, y el d\u00eda seleccionado se debe enviar la documentaci\u00f3n en formato word por correo electr\u00f3nico (<a href=\"mailto:notarile.buenosaires@esteri.it\">notarile.buenosaires@esteri.it<\/a>). En una segunda instancia, luego de que la Oficina se contacte, se podr\u00e1 entregar la documentaci\u00f3n de forma f\u00edsica.<\/p>\n<p>Para brindar un mejor servicio, se solicita al usuario que indique, al momento de reservar el turno, el motivo exacto de su solicitud y, en el caso espec\u00edfico de los poderes notariales, el objeto del poder mismo.<\/p>\n<p><strong>\u00a0<\/strong><\/p>\n<p><strong>Pago <\/strong><\/p>\n<p>La modalidad de pago ser\u00e1 comunicada al solicitante del servicio por la Oficina competente.<\/p>\n<p><strong>\u00a0<\/strong><\/p>\n<p><strong>Mail<\/strong>: <a href=\"mailto:notarile.buenosaires@esteri.it\"><strong>notarile.buenosaires@esteri.it<\/strong><\/a><\/p>\n<p><strong><a href=\"https:\/\/www.esteri.it\/it\/servizi-consolari-e-visti\/italiani-all-estero\/attinotarili\/\">Mayor informaci\u00f3n<\/a> <\/strong><\/p>\n","protected":false},"excerpt":{"rendered":"Informaciones generales Los ciudadanos italianos que residan y est\u00e9n correctamente inscriptos en el AIRE dentro de la circunscripci\u00f3n consular de Buenos Aires pueden presentarse en la Oficina Notarial previo haber solicitado un turno. En el caso de ciudadanos italianos no residentes, la Oficina evaluar\u00e1 caso por caso la necesidad y urgencia real del servicio solicitado. [&hellip;]","protected":false},"author":1,"featured_media":0,"parent":167,"menu_order":12,"comment_status":"closed","ping_status":"closed","template":"","meta":{"footnotes":""},"class_list":["post-205","page","type-page","status-publish","hentry"],"_links":{"self":[{"href":"https:\/\/consbuenosaires.esteri.it\/es\/wp-json\/wp\/v2\/pages\/205","targetHints":{"allow":["GET"]}}],"collection":[{"href":"https:\/\/consbuenosaires.esteri.it\/es\/wp-json\/wp\/v2\/pages"}],"about":[{"href":"https:\/\/consbuenosaires.esteri.it\/es\/wp-json\/wp\/v2\/types\/page"}],"author":[{"embeddable":true,"href":"https:\/\/consbuenosaires.esteri.it\/es\/wp-json\/wp\/v2\/users\/1"}],"replies":[{"embeddable":true,"href":"https:\/\/consbuenosaires.esteri.it\/es\/wp-json\/wp\/v2\/comments?post=205"}],"version-history":[{"count":0,"href":"https:\/\/consbuenosaires.esteri.it\/es\/wp-json\/wp\/v2\/pages\/205\/revisions"}],"up":[{"embeddable":true,"href":"https:\/\/consbuenosaires.esteri.it\/es\/wp-json\/wp\/v2\/pages\/167"}],"wp:attachment":[{"href":"https:\/\/consbuenosaires.esteri.it\/es\/wp-json\/wp\/v2\/media?parent=205"}],"curies":[{"name":"wp","href":"https:\/\/api.w.org\/{rel}","templated":true}]}}