{"id":204,"date":"2023-04-03T19:29:28","date_gmt":"2023-04-03T17:29:28","guid":{"rendered":"https:\/\/consbuenosaires.esteri.it\/servizi-consolari-e-visti\/servizi-per-il-cittadino-italiano\/servizi-elettorali\/"},"modified":"2023-07-13T20:27:27","modified_gmt":"2023-07-13T18:27:27","slug":"servizi-elettorali","status":"publish","type":"page","link":"https:\/\/consbuenosaires.esteri.it\/es\/servizi-consolari-e-visti\/servizi-per-il-cittadino-italiano\/servizi-elettorali\/","title":{"rendered":"Servicios electorales"},"content":{"rendered":"<div class=\"flex flex-grow flex-col gap-3\">\n<div class=\"min-h-[20px] flex items-start overflow-x-auto whitespace-pre-wrap break-words flex-col gap-4\">\n<div class=\"markdown prose w-full break-words dark:prose-invert light\">\n<p>Los <span style=\"text-decoration: underline;\">ciudadanos italianos residentes en el extranjero y regularmente inscritos en el AIRE<\/span> (Anagrafe degli Italiani Residenti all&#8217;Estero) <strong>tienen el derecho de voto en el lugar de residencia para las elecciones pol\u00edticas nacionales<\/strong>, los <strong>referendos abrogativos y constitucionales<\/strong> seg\u00fan los art\u00edculos 75 y 138 de la Constituci\u00f3n, y las <strong>elecciones al Parlamento Europeo<\/strong>.<\/p>\n<p>El voto en el extranjero para las elecciones pol\u00edticas nacionales y los referendos est\u00e1 regulado por la Ley 27 de diciembre de 2001, n. 459, y su Reglamento de aplicaci\u00f3n (D.P.R. 2 de abril de 2003, n. 104), en cumplimiento de los art\u00edculos 48, 56 y 57 de la Constituci\u00f3n, que establecieron la Circunscripci\u00f3n Exterior. La Ley 6 de mayo de 2015, n. 52, (conocida como \u00abItalicum\u00bb) establece que <span style=\"text-decoration: underline;\">los ciudadanos que se encuentren temporalmente en el extranjero por un per\u00edodo de al menos tres meses<\/span> por motivos de trabajo, estudio o tratamiento m\u00e9dico <strong>pueden solicitar a su municipio votar en el extranjero por correspondencia<\/strong>.<\/p>\n<p><span style=\"text-decoration: underline;\">Esta disposici\u00f3n tendr\u00e1 efecto para las elecciones a la<\/span><strong> C\u00e1mara de Diputados<\/strong> a partir del 1 de julio de 2016, mientras que est\u00e1 vigente de inmediato para cualquier refer\u00e9ndum posterior a la fecha de entrada en vigor de la ley (23 de mayo de 2015).<\/p>\n<p>El <span style=\"text-decoration: underline;\">voto en el extranjero para la elecci\u00f3n de los representantes italianos en el<\/span> <strong>Parlamento Europeo<\/strong> est\u00e1 regulado por la ley 24 de enero de 1979, n. 18, y el Decreto-ley 24 de junio de 1994, n. 408 (convertido en ley 3 de agosto de 1994, n. 483).<\/p>\n<p>Los electores italianos <span style=\"text-decoration: underline;\">residentes en el extranjero y regularmente inscritos en el AIRE<\/span> tambi\u00e9n <strong>pueden votar en la elecci\u00f3n de los representantes de los COMITES<\/strong> (Comitati degli italiani all&#8217;estero) seg\u00fan la ley 23 de octubre de 2003, n. 286.<\/p>\n<\/div>\n<\/div>\n<\/div>\n","protected":false},"excerpt":{"rendered":"Los ciudadanos italianos residentes en el extranjero y regularmente inscritos en el AIRE (Anagrafe degli Italiani Residenti all&#8217;Estero) tienen el derecho de voto en el lugar de residencia para las elecciones pol\u00edticas nacionales, los referendos abrogativos y constitucionales seg\u00fan los art\u00edculos 75 y 138 de la Constituci\u00f3n, y las elecciones al Parlamento Europeo. El voto [&hellip;]","protected":false},"author":1,"featured_media":0,"parent":167,"menu_order":10,"comment_status":"closed","ping_status":"closed","template":"","meta":{"footnotes":""},"class_list":["post-204","page","type-page","status-publish","hentry"],"_links":{"self":[{"href":"https:\/\/consbuenosaires.esteri.it\/es\/wp-json\/wp\/v2\/pages\/204","targetHints":{"allow":["GET"]}}],"collection":[{"href":"https:\/\/consbuenosaires.esteri.it\/es\/wp-json\/wp\/v2\/pages"}],"about":[{"href":"https:\/\/consbuenosaires.esteri.it\/es\/wp-json\/wp\/v2\/types\/page"}],"author":[{"embeddable":true,"href":"https:\/\/consbuenosaires.esteri.it\/es\/wp-json\/wp\/v2\/users\/1"}],"replies":[{"embeddable":true,"href":"https:\/\/consbuenosaires.esteri.it\/es\/wp-json\/wp\/v2\/comments?post=204"}],"version-history":[{"count":0,"href":"https:\/\/consbuenosaires.esteri.it\/es\/wp-json\/wp\/v2\/pages\/204\/revisions"}],"up":[{"embeddable":true,"href":"https:\/\/consbuenosaires.esteri.it\/es\/wp-json\/wp\/v2\/pages\/167"}],"wp:attachment":[{"href":"https:\/\/consbuenosaires.esteri.it\/es\/wp-json\/wp\/v2\/media?parent=204"}],"curies":[{"name":"wp","href":"https:\/\/api.w.org\/{rel}","templated":true}]}}