{"id":203,"date":"2023-04-03T19:29:13","date_gmt":"2023-04-03T17:29:13","guid":{"rendered":"https:\/\/consbuenosaires.esteri.it\/servizi-consolari-e-visti\/servizi-per-il-cittadino-italiano\/assistenza-ai-cittadini-allestero\/"},"modified":"2025-01-08T16:16:46","modified_gmt":"2025-01-08T15:16:46","slug":"assistenza-ai-cittadini-allestero","status":"publish","type":"page","link":"https:\/\/consbuenosaires.esteri.it\/es\/servizi-consolari-e-visti\/servizi-per-il-cittadino-italiano\/assistenza-ai-cittadini-allestero\/","title":{"rendered":"Asistencia a ciudadanos en el extranjero"},"content":{"rendered":"<p><u>La Oficina de Asistencia recibir\u00e1 al p\u00fablico sin cita previa los mi\u00e9rcoles de 9:00 a 13:00h.<\/u><\/p>\n<p>La apertura est\u00e1 dirigida a aquellos que deben realizar el control de las condiciones de admisi\u00f3n para recibir asistencia econ\u00f3mica (llamada \u00absubsidio\u00bb) u otro tipo de ayuda (alojamiento en una instituci\u00f3n geri\u00e1trica, asistencia m\u00e9dica, etc.) por parte del Consulado General.<\/p>\n<p>&nbsp;<\/p>\n<p>Los interesados pueden presentarse personalmente, sin turno previo, con los siguientes documentos:<\/p>\n<ul>\n<li>documento de identidad v\u00e1lido (original y copia);<\/li>\n<li>pasaporte italiano (si est\u00e1 vigente);<\/li>\n<li>comprobantes de ingresos de todo el grupo familiar que convive: salarios, pensiones argentinas o extranjeras, alquileres, etc.;<\/li>\n<li>CUIL de todos los adultos que conviven y no tienen comprobante de ingresos propios;<\/li>\n<li>comprobantes de todos los pagos realizados para la vivienda, incluyendo servicios p\u00fablicos (gas, luz, agua, tel\u00e9fono fijo y celular) y tasas provinciales y municipales;<\/li>\n<li>recibo de alquiler (si corresponde);<\/li>\n<li>certificado m\u00e9dico;<\/li>\n<li>certificado de gastos m\u00e9dicos (que indiquen gastos de transporte, medicamentos, asistencia, etc.);<\/li>\n<li>CBU.<\/li>\n<\/ul>\n<p>&nbsp;<\/p>\n<p>Pueden presentar una solicitud en la Oficina de Asistencia los ciudadanos italianos que:<\/p>\n<ol>\n<li>residan de forma permanente dentro de la circunscripci\u00f3n consular de Buenos Aires, por lo tanto, tengan un DNI regular;<\/li>\n<li>sean ciudadanos temporalmente presentes en esta circunscripci\u00f3n consular (por ejemplo, por motivos de estudio o trabajo por un per\u00edodo no superior a 6 meses, o turistas).<\/li>\n<\/ol>\n<p><u>*En el caso de ciudadanos italianos de paso, la Oficina evaluar\u00e1 caso por caso la necesidad y urgencia real del servicio solicitado.<\/u><\/p>\n<p>&nbsp;<\/p>\n<p><strong>Mail: <a href=\"mailto:assistenza.buenosaires@esteri.it\">assistenza.buenosaires@esteri.it<\/a><\/strong><\/p>\n<p>&nbsp;<\/p>\n<p><strong><a href=\"https:\/\/www.esteri.it\/it\/servizi-consolari-e-visti\/italiani-all-estero\/assistenzacittadiniestero\/\">Mayor informaci\u00f3n<\/a><\/strong><\/p>\n","protected":false},"excerpt":{"rendered":"La Oficina de Asistencia recibir\u00e1 al p\u00fablico sin cita previa los mi\u00e9rcoles de 9:00 a 13:00h. La apertura est\u00e1 dirigida a aquellos que deben realizar el control de las condiciones de admisi\u00f3n para recibir asistencia econ\u00f3mica (llamada \u00absubsidio\u00bb) u otro tipo de ayuda (alojamiento en una instituci\u00f3n geri\u00e1trica, asistencia m\u00e9dica, etc.) por parte del Consulado [&hellip;]","protected":false},"author":1,"featured_media":0,"parent":167,"menu_order":8,"comment_status":"closed","ping_status":"closed","template":"","meta":{"footnotes":""},"class_list":["post-203","page","type-page","status-publish","hentry"],"_links":{"self":[{"href":"https:\/\/consbuenosaires.esteri.it\/es\/wp-json\/wp\/v2\/pages\/203","targetHints":{"allow":["GET"]}}],"collection":[{"href":"https:\/\/consbuenosaires.esteri.it\/es\/wp-json\/wp\/v2\/pages"}],"about":[{"href":"https:\/\/consbuenosaires.esteri.it\/es\/wp-json\/wp\/v2\/types\/page"}],"author":[{"embeddable":true,"href":"https:\/\/consbuenosaires.esteri.it\/es\/wp-json\/wp\/v2\/users\/1"}],"replies":[{"embeddable":true,"href":"https:\/\/consbuenosaires.esteri.it\/es\/wp-json\/wp\/v2\/comments?post=203"}],"version-history":[{"count":3,"href":"https:\/\/consbuenosaires.esteri.it\/es\/wp-json\/wp\/v2\/pages\/203\/revisions"}],"predecessor-version":[{"id":6047,"href":"https:\/\/consbuenosaires.esteri.it\/es\/wp-json\/wp\/v2\/pages\/203\/revisions\/6047"}],"up":[{"embeddable":true,"href":"https:\/\/consbuenosaires.esteri.it\/es\/wp-json\/wp\/v2\/pages\/167"}],"wp:attachment":[{"href":"https:\/\/consbuenosaires.esteri.it\/es\/wp-json\/wp\/v2\/media?parent=203"}],"curies":[{"name":"wp","href":"https:\/\/api.w.org\/{rel}","templated":true}]}}