{"id":202,"date":"2023-04-03T19:29:02","date_gmt":"2023-04-03T17:29:02","guid":{"rendered":"https:\/\/consbuenosaires.esteri.it\/servizi-consolari-e-visti\/servizi-per-il-cittadino-italiano\/stato-civile\/"},"modified":"2025-02-11T19:14:38","modified_gmt":"2025-02-11T18:14:38","slug":"stato-civile","status":"publish","type":"page","link":"https:\/\/consbuenosaires.esteri.it\/es\/servizi-consolari-e-visti\/servizi-per-il-cittadino-italiano\/stato-civile\/","title":{"rendered":"Estado civil"},"content":{"rendered":"<p>Como ciudadano italiano residente en el extranjero, es un deber comunicar oportunamente al Estado italiano los cambios relacionados con el propio estado civil y del n\u00facleo familiar (matrimonio\/uni\u00f3n civil, divorcio, nacimiento\/adopci\u00f3n de hijos menores, etc.).<\/p>\n<p>La presentaci\u00f3n de las actas de Estado Civil a trav\u00e9s del portal <strong>\u201c<\/strong><a href=\"https:\/\/serviziconsolarionline.esteri.it\/\"><strong>Fast It<\/strong><\/a>\u201d est\u00e1 disponible para los residentes <strong>en la Circunscripci\u00f3n del Consulado General en Buenos Aires, del Vice Consulado Honorario de San Isidro y de los Corresponsales Consulares de Tres de Febrero, Merlo y Z\u00e1rate.<\/strong><\/p>\n<p>Los residentes en la Circunscripci\u00f3n del <strong>Vice Consulado Honorario<\/strong> de <u>San Isidro<\/u>, y en las Circunscripciones de los <strong>Corresponsales Consulares<\/strong> de <u>Tres de Febrero<\/u>, <u>Merlo y Z\u00e1rate<\/u>, tambi\u00e9n tendr\u00e1n la posibilidad de presentar las actas a trav\u00e9s de las oficinas consulares correspondientes (<a href=\"https:\/\/consbuenosaires.esteri.it\/es\/chi-siamo\/la-rete-consolare\/\">ver circunscripci\u00f3n consular<\/a>), solicitando un turno a trav\u00e9s del portal \u201c<a href=\"https:\/\/prenotami.esteri.it\/\"><strong>Prenot@mi<\/strong><\/a>\u201d, eleccionando el servicio con el nombre de la Oficina correspondiente.<\/p>\n<p>Antes de realizar la solicitud, es necesario verificar que la documentaci\u00f3n a entregar cumpla con los requisitos solicitados.<\/p>\n<p>Para acceder al servicio, es necesario ser ciudadano italiano, estar inscrito en el A.I.R.E. en este Consulado General, estar registrado en el portal <strong><a href=\"https:\/\/serviziconsolari.esteri.it\/ScoFE\/index.sco\">Fast It<\/a> <\/strong>y haber solicitado la \u00ab<a href=\"https:\/\/consbuenosaires.esteri.it\/es\/servizi-consolari-e-visti\/servizi-per-il-cittadino-italiano\/anagrafe-degli-italiani-residenti-allestero-aire\/visualizacion-de-ficha-de-datos-personales\/\"><strong>Visualizaci\u00f3n de la ficha personal<\/strong><\/a>\u00ab.<\/p>\n<p>La informaci\u00f3n sobre el estado del tr\u00e1mite se notificar\u00e1 por correo electr\u00f3nico una vez que el operador lo haya procesado. Tambi\u00e9n se podr\u00e1 verificar las actualizaciones en la secci\u00f3n \u00ab\u00faltimas comunicaciones con el Consulado\u00bb a trav\u00e9s del portal <a href=\"https:\/\/serviziconsolari.esteri.it\/ScoFE\/index.sco\">Fast It<\/a>.<\/p>\n<p>El plazo m\u00e1ximo de procesamiento ser\u00e1 de 60 d\u00edas a partir de la fecha de presentaci\u00f3n de la documentaci\u00f3n.<\/p>\n<p>El servicio permite adjuntar hasta 10 archivos en formato PDF.<\/p>\n<p>El tr\u00e1mite se considerar\u00e1 cerrado cuando se reciba una comunicaci\u00f3n que contenga: \u00ab<strong>Registrada<\/strong>\u00ab.<\/p>\n<p>&nbsp;<\/p>\n<p><strong>Mail de la Oficina: <a href=\"mailto:buenosaires.statociv@esteri.it\" target=\"_new\" rel=\"noopener\">buenosaires.statociv@esteri.it<\/a><\/strong><\/p>\n<p><strong><a href=\"https:\/\/www.youtube.com\/watch?v=enzDNHT9Lis&amp;list=PLjJM0zO_UjsxXlAnyrDQW9jJvxHnXhIy1&amp;index=3&amp;t=301s\">Consulte el video tutorial<\/a> <\/strong><\/p>\n<p><strong><a href=\"https:\/\/www.esteri.it\/it\/servizi-consolari-e-visti\/italiani-all-estero\/stato-civile\/\">Mayor informaci\u00f3n<\/a><\/strong><\/p>\n","protected":false},"excerpt":{"rendered":"Como ciudadano italiano residente en el extranjero, es un deber comunicar oportunamente al Estado italiano los cambios relacionados con el propio estado civil y del n\u00facleo familiar (matrimonio\/uni\u00f3n civil, divorcio, nacimiento\/adopci\u00f3n de hijos menores, etc.). La presentaci\u00f3n de las actas de Estado Civil a trav\u00e9s del portal \u201cFast It\u201d est\u00e1 disponible para los residentes en [&hellip;]","protected":false},"author":1,"featured_media":0,"parent":167,"menu_order":6,"comment_status":"closed","ping_status":"closed","template":"","meta":{"footnotes":""},"class_list":["post-202","page","type-page","status-publish","hentry"],"_links":{"self":[{"href":"https:\/\/consbuenosaires.esteri.it\/es\/wp-json\/wp\/v2\/pages\/202","targetHints":{"allow":["GET"]}}],"collection":[{"href":"https:\/\/consbuenosaires.esteri.it\/es\/wp-json\/wp\/v2\/pages"}],"about":[{"href":"https:\/\/consbuenosaires.esteri.it\/es\/wp-json\/wp\/v2\/types\/page"}],"author":[{"embeddable":true,"href":"https:\/\/consbuenosaires.esteri.it\/es\/wp-json\/wp\/v2\/users\/1"}],"replies":[{"embeddable":true,"href":"https:\/\/consbuenosaires.esteri.it\/es\/wp-json\/wp\/v2\/comments?post=202"}],"version-history":[{"count":4,"href":"https:\/\/consbuenosaires.esteri.it\/es\/wp-json\/wp\/v2\/pages\/202\/revisions"}],"predecessor-version":[{"id":6261,"href":"https:\/\/consbuenosaires.esteri.it\/es\/wp-json\/wp\/v2\/pages\/202\/revisions\/6261"}],"up":[{"embeddable":true,"href":"https:\/\/consbuenosaires.esteri.it\/es\/wp-json\/wp\/v2\/pages\/167"}],"wp:attachment":[{"href":"https:\/\/consbuenosaires.esteri.it\/es\/wp-json\/wp\/v2\/media?parent=202"}],"curies":[{"name":"wp","href":"https:\/\/api.w.org\/{rel}","templated":true}]}}