{"id":201,"date":"2023-04-03T19:28:49","date_gmt":"2023-04-03T17:28:49","guid":{"rendered":"https:\/\/consbuenosaires.esteri.it\/servizi-consolari-e-visti\/servizi-per-il-cittadino-italiano\/anagrafe-degli-italiani-residenti-allestero-aire\/"},"modified":"2025-02-11T19:12:19","modified_gmt":"2025-02-11T18:12:19","slug":"anagrafe-degli-italiani-residenti-allestero-aire","status":"publish","type":"page","link":"https:\/\/consbuenosaires.esteri.it\/es\/servizi-consolari-e-visti\/servizi-per-il-cittadino-italiano\/anagrafe-degli-italiani-residenti-allestero-aire\/","title":{"rendered":"Registro de italianos residentes en el extranjero (AIRE)"},"content":{"rendered":"<p><strong>La inscripci\u00f3n en el Registro de los Italianos Residentes en el Extranjero (A.I.R.E.) es un derecho y un deber de cada ciudadano italiano. Tambi\u00e9n es un requisito legal registrarse en el registro consular y mantener su expediente personal actualizado, comunicando, por ejemplo, cambios de domicilio, de estado civil, traslados, repatriaciones, etc.<\/strong><\/p>\n<p>Esta oficina del Consulado General examina y env\u00eda las solicitudes de los ciudadanos al Municipio competente en Italia para la inscripci\u00f3n o actualizaci\u00f3n en el A.I.R.E. o para comunicar un regreso a Italia.<\/p>\n<p><strong>Todos los usuarios, incluidos los residentes en las Circunscripciones del Vice Consulado Honorario en San Isidro, y los Corresponsales Consulares en Tres de Febrero, Z\u00e1rate y Merlo, deber\u00e1n registrarse a trav\u00e9s del portal\u00a0\u201c<\/strong><a href=\"https:\/\/serviziconsolarionline.esteri.it\/\"><strong>Fast It<\/strong><\/a><strong>\u201d<\/strong><strong>.<\/strong><\/p>\n<p><strong>Los ciudadanos residentes dentro de la Circunscripci\u00f3n del Vice Consulado Honorario en San Isidro, tendr\u00e1n tambi\u00e9n la posibilidad de solicitar la inscripci\u00f3n o la actualizaci\u00f3n de su posici\u00f3n en el <\/strong><strong>Registro de Italianos Residentes en el Extranjero (A.I.R.E.) a trav\u00e9s del VCH.<\/strong><\/p>\n<p>Es importante que, al momento de realizar el registro en el portal, los datos personales se indiquen de forma correcta y precisa sin incluir \u00abtildes\u00bb ni caracteres especiales (por ejemplo, \u00d1).<\/p>\n<p>Luego de la registraci\u00f3n en el portal se podr\u00e1 acceder al portal y, en la secci\u00f3n \u00ab<span style=\"text-decoration: underline;\">Registro Consolare e AIRE<\/span>\u00ab, estar\u00e1n disponibles para utilizar los siguientes servicios:<\/p>\n<ul>\n<li>solicitar la inscripci\u00f3n en el Registro de Italianos en el Exterior (A.I.R.E.);<\/li>\n<li>visualizar la ficha de datos personales;<\/li>\n<li>comunicar un cambio de residencia.<\/li>\n<\/ul>\n<p>&nbsp;<\/p>\n<p>Adem\u00e1s, es posible presentar la declaraci\u00f3n de traslado\/repatriaci\u00f3n a Italia por correo electr\u00f3nico a <a href=\"mailto:buenosaires.fastit@esteri.it\" target=\"_new\" rel=\"noopener\">buenosaires.fastit@esteri.it<\/a> adjuntando la siguiente documentaci\u00f3n: <strong>TRASFERIMENTO\/RIMPATRIO in Italia <\/strong>y adjuntando la siguiente documentaci\u00f3n:<\/p>\n<ul>\n<li><strong><a href=\"https:\/\/consbuenosaires.esteri.it\/wp-content\/uploads\/2023\/05\/Modulo-trasferimento-rimpatrio-in-Italia.pdf\">declaraci\u00f3n de traslado\/repatriaci\u00f3n<\/a><\/strong>, con todos los campos completos y firmado;<\/li>\n<li>copia de un documento de identidad v\u00e1lido.<\/li>\n<\/ul>\n<p>&nbsp;<\/p>\n<p>Se recuerda visualizar las <a href=\"https:\/\/consbuenosaires.esteri.it\/es\/news\/dal_consolato\/2024\/01\/actualizaciones-normativas-sobre-regimen-de-sanciones-por-no-cumplimiento-de-inscripcion-en-el-a-i-r-e\/\">ACTUALIZACIONES NORMATIVAS SOBRE R\u00c9GIMEN DE SANCIONES POR INCUMPLIMIENTO DE INSCRIPCI\u00d3N EN EL A.I.R.E<\/a><\/p>\n<p>&nbsp;<\/p>\n<p><strong>Mail de la Oficina: <\/strong><a href=\"mailto:buenosaires.fastit@esteri.it\" target=\"_new\" rel=\"noopener\"><strong>buenosaires.fastit@esteri.it<\/strong><\/a><\/p>\n<p><strong><a href=\"https:\/\/www.youtube.com\/playlist?list=PLjJM0zO_UjsxXlAnyrDQW9jJvxHnXhIy1\">Consulte los videos tutoriales<\/a><\/strong><\/p>\n<p><strong><a href=\"https:\/\/www.esteri.it\/it\/servizi-consolari-e-visti\/italiani-all-estero\/aire_0\/\">Mayor informaci\u00f3n<\/a><\/strong><\/p>\n","protected":false},"excerpt":{"rendered":"La inscripci\u00f3n en el Registro de los Italianos Residentes en el Extranjero (A.I.R.E.) es un derecho y un deber de cada ciudadano italiano. Tambi\u00e9n es un requisito legal registrarse en el registro consular y mantener su expediente personal actualizado, comunicando, por ejemplo, cambios de domicilio, de estado civil, traslados, repatriaciones, etc. Esta oficina del Consulado [&hellip;]","protected":false},"author":1,"featured_media":0,"parent":167,"menu_order":4,"comment_status":"closed","ping_status":"closed","template":"","meta":{"footnotes":""},"class_list":["post-201","page","type-page","status-publish","hentry"],"_links":{"self":[{"href":"https:\/\/consbuenosaires.esteri.it\/es\/wp-json\/wp\/v2\/pages\/201","targetHints":{"allow":["GET"]}}],"collection":[{"href":"https:\/\/consbuenosaires.esteri.it\/es\/wp-json\/wp\/v2\/pages"}],"about":[{"href":"https:\/\/consbuenosaires.esteri.it\/es\/wp-json\/wp\/v2\/types\/page"}],"author":[{"embeddable":true,"href":"https:\/\/consbuenosaires.esteri.it\/es\/wp-json\/wp\/v2\/users\/1"}],"replies":[{"embeddable":true,"href":"https:\/\/consbuenosaires.esteri.it\/es\/wp-json\/wp\/v2\/comments?post=201"}],"version-history":[{"count":4,"href":"https:\/\/consbuenosaires.esteri.it\/es\/wp-json\/wp\/v2\/pages\/201\/revisions"}],"predecessor-version":[{"id":6257,"href":"https:\/\/consbuenosaires.esteri.it\/es\/wp-json\/wp\/v2\/pages\/201\/revisions\/6257"}],"up":[{"embeddable":true,"href":"https:\/\/consbuenosaires.esteri.it\/es\/wp-json\/wp\/v2\/pages\/167"}],"wp:attachment":[{"href":"https:\/\/consbuenosaires.esteri.it\/es\/wp-json\/wp\/v2\/media?parent=201"}],"curies":[{"name":"wp","href":"https:\/\/api.w.org\/{rel}","templated":true}]}}