{"id":200,"date":"2023-04-03T19:28:33","date_gmt":"2023-04-03T17:28:33","guid":{"rendered":"https:\/\/consbuenosaires.esteri.it\/servizi-consolari-e-visti\/servizi-per-il-cittadino-italiano\/emergency-travel-documents-etd\/"},"modified":"2023-06-20T17:06:37","modified_gmt":"2023-06-20T15:06:37","slug":"emergency-travel-documents-etd","status":"publish","type":"page","link":"https:\/\/consbuenosaires.esteri.it\/es\/servizi-consolari-e-visti\/servizi-per-il-cittadino-italiano\/emergency-travel-documents-etd\/","title":{"rendered":"Emergency Travel Documents (ETD)"},"content":{"rendered":"<div class=\"flex flex-grow flex-col gap-3\">\n<div class=\"min-h-[20px] flex flex-col items-start gap-4 whitespace-pre-wrap break-words\">\n<div class=\"markdown prose w-full break-words dark:prose-invert light\">\n<p><strong>En caso de robo o p\u00e9rdida del pasaporte<\/strong>, a un conciudadano residente en Italia o en otro pa\u00eds, en una situaci\u00f3n de emergencia en la que <strong>no haya tiempo suficiente<\/strong> para realizar los tr\u00e1mites necesarios <strong>para emitir un nuevo pasaporte<\/strong>, <strong>se podr\u00e1 expedir un documento de viaje provisional (<span style=\"text-decoration: underline;\">Emergency Travel Document<\/span>)<\/strong> <span style=\"text-decoration: underline;\">v\u00e1lido \u00fanicamente para el viaje de regreso a Italia, al pa\u00eds de residencia estable en el extranjero<\/span> o, en casos excepcionales, para un destino diferente.<\/p>\n<p>La persona interesada deber\u00e1 enviar un correo electr\u00f3nico a la direcci\u00f3n <a href=\"mailto:passaporti.buenosaires@esteri.it\"><strong>passaporti.buenosaires@esteri.it<\/strong><\/a> adjuntando:<\/p>\n<ul>\n<li>documento de identidad (o copia);<\/li>\n<li>denuncia de robo o p\u00e9rdida del pasaporte realizada ante las Autoridades Policiales locales.<\/li>\n<\/ul>\n<p>Una vez recibida una respuesta, el conciudadano ser\u00e1 convocado y deber\u00e1 llevar presentar:<\/p>\n<ul>\n<li>documento de identidad (o copia);<\/li>\n<li>denuncia de robo o p\u00e9rdida del pasaporte realizada ante las Autoridades Policiales locales;<\/li>\n<li>2 fotograf\u00edas tama\u00f1o pasaporte (35&#215;40 mm), NO digitales, a color, con fondo blanco, expresi\u00f3n neutral y boca cerrada;<\/li>\n<li>fotocopia del t\u00edtulo de viaje para el viaje de regreso.<\/li>\n<\/ul>\n<p>&nbsp;<\/p>\n<p><strong>*CUANDO EL PA\u00cdS DE RESIDENCIA EST\u00c9 FUERA DE LA UE, SE RECOMIENDA VERIFICAR CON LA REPRESENTACI\u00d3N DIPLOM\u00c1TICA Y CONSULAR COMPETENTE LA VALIDEZ DEL DVE PARA FINES DE INGRESO.<\/strong><\/p>\n<p>&nbsp;<\/p>\n<p><a href=\"https:\/\/www.esteri.it\/it\/servizi-consolari-e-visti\/italiani-all-estero\/documenti_di_viaggio\/etd\/\" target=\"_blank\" rel=\"noopener\"><strong>Mayor informaci\u00f3n<\/strong><\/a><\/p>\n<\/div>\n<\/div>\n<\/div>\n","protected":false},"excerpt":{"rendered":"En caso de robo o p\u00e9rdida del pasaporte, a un conciudadano residente en Italia o en otro pa\u00eds, en una situaci\u00f3n de emergencia en la que no haya tiempo suficiente para realizar los tr\u00e1mites necesarios para emitir un nuevo pasaporte, se podr\u00e1 expedir un documento de viaje provisional (Emergency Travel Document) v\u00e1lido \u00fanicamente para el [&hellip;]","protected":false},"author":1,"featured_media":0,"parent":167,"menu_order":2,"comment_status":"closed","ping_status":"closed","template":"","meta":{"footnotes":""},"class_list":["post-200","page","type-page","status-publish","hentry"],"_links":{"self":[{"href":"https:\/\/consbuenosaires.esteri.it\/es\/wp-json\/wp\/v2\/pages\/200","targetHints":{"allow":["GET"]}}],"collection":[{"href":"https:\/\/consbuenosaires.esteri.it\/es\/wp-json\/wp\/v2\/pages"}],"about":[{"href":"https:\/\/consbuenosaires.esteri.it\/es\/wp-json\/wp\/v2\/types\/page"}],"author":[{"embeddable":true,"href":"https:\/\/consbuenosaires.esteri.it\/es\/wp-json\/wp\/v2\/users\/1"}],"replies":[{"embeddable":true,"href":"https:\/\/consbuenosaires.esteri.it\/es\/wp-json\/wp\/v2\/comments?post=200"}],"version-history":[{"count":0,"href":"https:\/\/consbuenosaires.esteri.it\/es\/wp-json\/wp\/v2\/pages\/200\/revisions"}],"up":[{"embeddable":true,"href":"https:\/\/consbuenosaires.esteri.it\/es\/wp-json\/wp\/v2\/pages\/167"}],"wp:attachment":[{"href":"https:\/\/consbuenosaires.esteri.it\/es\/wp-json\/wp\/v2\/media?parent=200"}],"curies":[{"name":"wp","href":"https:\/\/api.w.org\/{rel}","templated":true}]}}