{"id":199,"date":"2023-04-03T19:27:59","date_gmt":"2023-04-03T22:27:59","guid":{"rendered":"https:\/\/consbuenosaires.esteri.it\/servizi-consolari-e-visti\/servizi-per-il-cittadino-italiano\/passaporti-e-carte-didentita\/"},"modified":"2025-10-07T13:40:17","modified_gmt":"2025-10-07T16:40:17","slug":"passaporti","status":"publish","type":"page","link":"https:\/\/consbuenosaires.esteri.it\/es\/servizi-consolari-e-visti\/servizi-per-il-cittadino-italiano\/passaporti\/","title":{"rendered":"Pasaportes"},"content":{"rendered":"<div class=\"flex flex-grow flex-col gap-3\">\n<div class=\"min-h-[20px] flex flex-col items-start gap-4 whitespace-pre-wrap break-words\">\n<div class=\"markdown prose w-full break-words dark:prose-invert light\">\n<p>El pasaporte es un <strong>documento de viaje e identidad<\/strong> que <strong>se emite a los ciudadanos italianos<\/strong> (cuya ciudadan\u00eda ya haya sido reconocida y cuya acta de nacimiento haya sido enviada a Italia para su transcripci\u00f3n) <span style=\"text-decoration: underline;\">que residan regularmente en la circunscripci\u00f3n consular, est\u00e9n inscriptos en el Registro Consular y tengan una situaci\u00f3n civil actualizada<\/span>.<\/p>\n<p>La Oficina de Pasaportes del Consulado puede emitir pasaportes a ciudadanos italianos no residentes en la circunscripci\u00f3n consular solo despu\u00e9s de obtener la correspondiente autorizaci\u00f3n y delegaci\u00f3n de la autoridad italiana competente por lugar de residencia (Questura u otro Consulado).<\/p>\n<p><span style=\"text-decoration: underline;\">Los pasaportes no son renovables y tienen una validez temporal diferenciada seg\u00fan la edad<\/span>:<\/p>\n<ul>\n<li>tres a\u00f1os para menores de 0 a 3 a\u00f1os;<\/li>\n<li>cinco a\u00f1os para menores de 3 a 18 a\u00f1os;<\/li>\n<li>diez a\u00f1os para adultos (mayores de 18 a\u00f1os).<\/li>\n<\/ul>\n<p>Si el solicitante tiene hijos menores, debe completar una <strong><a href=\"https:\/\/consbuenosaires.esteri.it\/wp-content\/uploads\/2023\/06\/Dichiarazione_assenza_ostative_passaporto.pdf\">declaraci\u00f3n jurada de certificaci\u00f3n<\/a><\/strong> sobre la falta de disposiciones que impidan la emisi\u00f3n del pasaporte (seg\u00fan lo dispuesto en el art\u00edculo 20 del <strong>Decreto Ley n.\u00ba 69 del 13 de junio de 2023<\/strong>).<\/p>\n<p><strong>Sin embargo, el consentimiento de ambos padres sigue siendo obligatorio para emitir un pasaporte a un hijo menor de edad<\/strong> (ver \u00ab<a href=\"https:\/\/consbuenosaires.esteri.it\/es\/servizi-consolari-e-visti\/servizi-per-il-cittadino-italiano\/passaporti\/consentimiento\/\"><span style=\"text-decoration: underline;\"><strong>c\u00f3mo se manifiesta el consentimiento<\/strong><\/span><\/a>\u00ab).<\/p>\n<p>En caso de fallecimiento de uno de los padres, se debe presentar el acta de defunci\u00f3n correspondiente.<\/p>\n<p>Para obtener el pasaporte, <strong>es necesario reservar un turno para de <a href=\"https:\/\/consbuenosaires.esteri.it\/es\/servizi-consolari-e-visti\/servizi-per-il-cittadino-italiano\/passaporti-e-carte-didentita\/solicitud-de-pasaporte\/\">SOLICITUD DE PASAPORTE<\/a><\/strong> (turno virtual) y luego, <strong>solo despu\u00e9s de recibir un c\u00f3digo<\/strong> del sistema, <strong>un turno para la <a href=\"https:\/\/consbuenosaires.esteri.it\/es\/servizi-consolari-e-visti\/servizi-per-il-cittadino-italiano\/passaporti\/retiro-de-pasaporte\/\">ENTREGA DE PASAPORTE<\/a><\/strong> (turno presencial).<\/p>\n<p><strong>Los turnos est\u00e1n disponibles de domingos a jueves, cada d\u00eda, a las 19:00, en el portal <a href=\"https:\/\/prenotami.esteri.it\/\">Prenot@mi<\/a>.<\/strong><\/p>\n<p>*Para obtener informaci\u00f3n sobre los requisitos de entrada en cualquier pa\u00eds, se sugiere siempre ponerse en contacto con las Representaciones Diplom\u00e1ticas de los pa\u00edses de destino antes de emprender el viaje.<\/p>\n<p>*Debido al alto n\u00famero de solicitudes, se recomienda a los interesados que presenten la solicitud de pasaporte con suficiente antelaci\u00f3n (al menos TRES MESES) antes de la fecha de vencimiento del mismo.<\/p>\n<p>&nbsp;<\/p>\n<p><strong>Pago<\/strong><\/p>\n<p>El titular del turno deber\u00e1 <strong>realizar el pago a trav\u00e9s de transferencia bancaria<\/strong>, utilizando el servicio de home banking, y el dia del turno, deber\u00e1 presentar el <strong>recibo <span style=\"text-decoration: underline;\">IMPRESO<\/span> del pago realizado<\/strong>.<\/p>\n<p>La transferencia bancaria debe realizarse con anterioridad al dia <strong>de la cita de entrega<\/strong>, en la transferencia deber\u00e1n indicarse todos los datos solicitados en el correo electr\u00f3nico que le fue enviado junto con el c\u00f3digo de seguridad.<\/p>\n<p>Se informa al p\u00fablico que, de forma experimental y como alternativa a la transferencia bancaria, <strong>ser\u00e1 posible realizar el pago para la emisi\u00f3n del pasaporte tambi\u00e9n mediante POSNET.<\/strong> Este pago podr\u00e1 efectuarse <strong>exclusivamente con tarjetas de d\u00e9bito del circuito VISA<\/strong> (no ser\u00e1 posible utilizar tarjetas de cr\u00e9dito, Prepago, Mercado Pago u otros circuitos). Al pagar mediante <strong>POSNET<\/strong>, la comisi\u00f3n (1% + IVA) estar\u00e1 a cargo del usuario.<\/p>\n<p>El pago debe realizarse en pesos argentinos, por el monto vigente en la fecha de la cita de entrega, que se puede consultar en la p\u00e1gina web de este Consulado General, en el siguiente enlace: <a href=\"https:\/\/consbuenosaires.esteri.it\/es\/servizi-consolari-e-visti\/servizi-per-il-cittadino-italiano\/altri-servizi\/tarifas-consulares\/\"><strong>Tarifas Consulares<\/strong><\/a><\/p>\n<p>&nbsp;<\/p>\n<p><strong>Mail de la Oficina:<\/strong> <strong><a href=\"mailto:passaporti.buenosaires@esteri.it\">passaporti.buenosaires@esteri.it<\/a><\/strong><\/p>\n<p><strong><a href=\"https:\/\/www.youtube.com\/playlist?list=PLjJM0zO_UjsxmuFV9P3M7VE_WK-zL9Ky2\">Mir\u00e1 el video tutorial<\/a><\/strong><\/p>\n<p><a href=\"https:\/\/www.esteri.it\/it\/servizi-consolari-e-visti\/italiani-all-estero\/documenti_di_viaggio\/passaporto\/\"><strong>Mayor informaci\u00f3n<\/strong><\/a><\/p>\n<\/div>\n<\/div>\n<\/div>\n","protected":false},"excerpt":{"rendered":"El pasaporte es un documento de viaje e identidad que se emite a los ciudadanos italianos (cuya ciudadan\u00eda ya haya sido reconocida y cuya acta de nacimiento haya sido enviada a Italia para su transcripci\u00f3n) que residan regularmente en la circunscripci\u00f3n consular, est\u00e9n inscriptos en el Registro Consular y tengan una situaci\u00f3n civil actualizada. La [&hellip;]","protected":false},"author":1,"featured_media":0,"parent":167,"menu_order":0,"comment_status":"closed","ping_status":"closed","template":"","meta":{"footnotes":""},"class_list":["post-199","page","type-page","status-publish","hentry"],"_links":{"self":[{"href":"https:\/\/consbuenosaires.esteri.it\/es\/wp-json\/wp\/v2\/pages\/199","targetHints":{"allow":["GET"]}}],"collection":[{"href":"https:\/\/consbuenosaires.esteri.it\/es\/wp-json\/wp\/v2\/pages"}],"about":[{"href":"https:\/\/consbuenosaires.esteri.it\/es\/wp-json\/wp\/v2\/types\/page"}],"author":[{"embeddable":true,"href":"https:\/\/consbuenosaires.esteri.it\/es\/wp-json\/wp\/v2\/users\/1"}],"replies":[{"embeddable":true,"href":"https:\/\/consbuenosaires.esteri.it\/es\/wp-json\/wp\/v2\/comments?post=199"}],"version-history":[{"count":6,"href":"https:\/\/consbuenosaires.esteri.it\/es\/wp-json\/wp\/v2\/pages\/199\/revisions"}],"predecessor-version":[{"id":8943,"href":"https:\/\/consbuenosaires.esteri.it\/es\/wp-json\/wp\/v2\/pages\/199\/revisions\/8943"}],"up":[{"embeddable":true,"href":"https:\/\/consbuenosaires.esteri.it\/es\/wp-json\/wp\/v2\/pages\/167"}],"wp:attachment":[{"href":"https:\/\/consbuenosaires.esteri.it\/es\/wp-json\/wp\/v2\/media?parent=199"}],"curies":[{"name":"wp","href":"https:\/\/api.w.org\/{rel}","templated":true}]}}