{"id":1717,"date":"2023-06-07T20:25:53","date_gmt":"2023-06-07T18:25:53","guid":{"rendered":"https:\/\/consbuenosaires.esteri.it\/?page_id=1717"},"modified":"2023-07-18T18:08:46","modified_gmt":"2023-07-18T16:08:46","slug":"instrucciones-para-la-presentacion-de-las-candidaturas-al-c-g-i-e-elecciones-2022","status":"publish","type":"page","link":"https:\/\/consbuenosaires.esteri.it\/es\/servizi-consolari-e-visti\/servizi-per-il-cittadino-italiano\/servizi-elettorali\/elecciones-del-consejo-general-de-los-italianos-en-el-exterior-c-g-i-e\/instrucciones-para-la-presentacion-de-las-candidaturas-al-c-g-i-e-elecciones-2022\/","title":{"rendered":"Instrucciones para la presentaci\u00f3n de las candidaturas al C.G.I.E. \u2013 Elecciones 2022"},"content":{"rendered":"<p>El s\u00e1bado 9 de abril de 2022 se llevar\u00e1n a cabo las funciones de la Asamblea Pa\u00eds, que elegir\u00e1 a los miembros territoriales en ocasi\u00f3n de la renovaci\u00f3n del Consejo General de los Italianos en el Extranjero (CGIE).<\/p>\n<p>Pueden presentarse como candidatos al CGIE:<\/p>\n<ul>\n<li>ciudadanos italianos, mayores de edad, residentes en Argentina durante al menos 3 a\u00f1os;<\/li>\n<li>hijos o descendientes de ciudadanos italianos, incluso si son extranjeros, mayores de edad y residentes en Argentina durante al menos 3 a\u00f1os (como m\u00e1ximo 3 de los 7 miembros del CGIE elegidos en Argentina pueden ser extranjeros).<\/li>\n<\/ul>\n<p>Los candidatos pueden ser:<\/p>\n<ul>\n<li>\u00ab<strong>internos<\/strong>\u00bb si pertenecen a las categor\u00edas convocadas por la Embajada a la Asamblea Pa\u00eds: miembros de los Comites, elegidos y cooptados, y representantes de las asociaciones invitadas a la Asamblea Pa\u00eds.<\/li>\n<li>\u00ab<strong>externos<\/strong>\u00bb si no pertenecen a las categor\u00edas convocadas a la Asamblea Pa\u00eds. Los candidatos externos podr\u00e1n participar en la Asamblea Pa\u00eds, por su cuenta y riesgo, con derecho \u00fanicamente a intervenir verbalmente. No tienen derecho a voto.<\/li>\n<\/ul>\n<p>Los <strong>ciudadanos italianos o de pa\u00edses de la UE<\/strong> pueden presentar su candidatura utilizando el formulario A, adjuntando solo un documento de identificaci\u00f3n.<\/p>\n<p>Si son \u00ab<span style=\"text-decoration: underline;\">internos<\/span>\u00ab, aunque pueden presentar su candidatura hasta el d\u00eda de la Asamblea Pa\u00eds (s\u00e1bado 9 de abril de 2022), se les solicita que env\u00eden su candidatura a la Embajada antes del viernes 1 de abril de 2022, para las verificaciones correspondientes.<\/p>\n<p>Si son \u00ab<span style=\"text-decoration: underline;\">externos<\/span>\u00ab, podr\u00e1n presentar su candidatura en el Consulado italiano del lugar de residencia hasta el 30 de marzo de 2022.<\/p>\n<p>Los <span style=\"text-decoration: underline;\">ciudadanos extranjeros<\/span> pueden presentar su candidatura utilizando el formulario B, adjuntando:<\/p>\n<ul>\n<li>documento de identificaci\u00f3n;<\/li>\n<li>autenticaci\u00f3n de firma;<\/li>\n<li>certificado de ciudadan\u00eda;<\/li>\n<li>certificado de residencia en Argentina durante al menos 3 a\u00f1os;<\/li>\n<li>certificado que demuestre la no posesi\u00f3n de la ciudadan\u00eda italiana (emitido por el Consulado italiano del lugar de residencia);<\/li>\n<li>documentaci\u00f3n que demuestre el v\u00ednculo de descendencia con un ciudadano italiano, que ser\u00e1 verificado por el Consulado italiano del lugar de residencia. Para los cooptados, se podr\u00e1 presentar una declaraci\u00f3n del Comites al que pertenecen.<\/li>\n<\/ul>\n<p>Si son \u00ab<span style=\"text-decoration: underline;\">internos<\/span>\u00ab, aunque pueden presentar su candidatura hasta el d\u00eda de la Asamblea Pa\u00eds (s\u00e1bado 9 de abril de 2022), se les solicita que env\u00eden su candidatura a la Embajada antes del viernes 1 de abril de 2022, con la documentaci\u00f3n mencionada verificada por el Consulado competente.<\/p>\n<p>Si son \u00ab<span style=\"text-decoration: underline;\">externos<\/span>\u00ab, podr\u00e1n presentar su candidatura en el Consulado italiano del lugar de residencia hasta el 30 de marzo de 2022.<\/p>\n","protected":false},"excerpt":{"rendered":"El s\u00e1bado 9 de abril de 2022 se llevar\u00e1n a cabo las funciones de la Asamblea Pa\u00eds, que elegir\u00e1 a los miembros territoriales en ocasi\u00f3n de la renovaci\u00f3n del Consejo General de los Italianos en el Extranjero (CGIE). Pueden presentarse como candidatos al CGIE: ciudadanos italianos, mayores de edad, residentes en Argentina durante al menos [&hellip;]","protected":false},"author":5,"featured_media":0,"parent":1714,"menu_order":0,"comment_status":"closed","ping_status":"closed","template":"","meta":{"footnotes":""},"class_list":["post-1717","page","type-page","status-publish","hentry"],"_links":{"self":[{"href":"https:\/\/consbuenosaires.esteri.it\/es\/wp-json\/wp\/v2\/pages\/1717","targetHints":{"allow":["GET"]}}],"collection":[{"href":"https:\/\/consbuenosaires.esteri.it\/es\/wp-json\/wp\/v2\/pages"}],"about":[{"href":"https:\/\/consbuenosaires.esteri.it\/es\/wp-json\/wp\/v2\/types\/page"}],"author":[{"embeddable":true,"href":"https:\/\/consbuenosaires.esteri.it\/es\/wp-json\/wp\/v2\/users\/5"}],"replies":[{"embeddable":true,"href":"https:\/\/consbuenosaires.esteri.it\/es\/wp-json\/wp\/v2\/comments?post=1717"}],"version-history":[{"count":0,"href":"https:\/\/consbuenosaires.esteri.it\/es\/wp-json\/wp\/v2\/pages\/1717\/revisions"}],"up":[{"embeddable":true,"href":"https:\/\/consbuenosaires.esteri.it\/es\/wp-json\/wp\/v2\/pages\/1714"}],"wp:attachment":[{"href":"https:\/\/consbuenosaires.esteri.it\/es\/wp-json\/wp\/v2\/media?parent=1717"}],"curies":[{"name":"wp","href":"https:\/\/api.w.org\/{rel}","templated":true}]}}