{"id":1714,"date":"2023-06-07T20:14:18","date_gmt":"2023-06-07T18:14:18","guid":{"rendered":"https:\/\/consbuenosaires.esteri.it\/?page_id=1714"},"modified":"2023-07-18T18:09:10","modified_gmt":"2023-07-18T16:09:10","slug":"elecciones-del-consejo-general-de-los-italianos-en-el-exterior-c-g-i-e","status":"publish","type":"page","link":"https:\/\/consbuenosaires.esteri.it\/es\/servizi-consolari-e-visti\/servizi-per-il-cittadino-italiano\/servizi-elettorali\/elecciones-del-consejo-general-de-los-italianos-en-el-exterior-c-g-i-e\/","title":{"rendered":"Elecciones del Consejo General de los Italianos en el Exterior (C.G.I.E.)"},"content":{"rendered":"<p>Establecido por la Ley 6 de noviembre de 1989, n. 368 (modificada por la Ley 18 de junio de 1998, n. 198 y la Ley 23 de junio de 2014, n. 89), y regulado por el D.P.R. 14 de septiembre de 1998, n. 329, el C.G.I.E. desempe\u00f1a una funci\u00f3n consultiva para el Gobierno sobre grandes temas de inter\u00e9s para los italianos en el extranjero. Representa el primer paso en el proceso de desarrollo de la \u00abparticipaci\u00f3n\u00bb activa en la vida pol\u00edtica del pa\u00eds por parte de las comunidades italianas en el mundo y es el organismo esencial para su conexi\u00f3n permanente con Italia.<\/p>\n<p>El Consejo General de los Italianos en el Extranjero se re\u00fane en Asamblea Plenaria, Comisiones Continentales y Comisiones Tem\u00e1ticas. Est\u00e1 compuesto por 63 miembros, de los cuales 43 son elegidos directamente por los italianos en el extranjero cada cinco a\u00f1os a trav\u00e9s de asambleas electorales locales (las \u00faltimas elecciones tuvieron lugar en junio de 2004, seg\u00fan una distribuci\u00f3n geogr\u00e1fica definida por un Decreto del Ministerio de Asuntos Exteriores y Cooperaci\u00f3n Internacional del 4 de mayo de 2004). Adem\u00e1s de los miembros electos, se a\u00f1aden 20 nombrados por Decreto del Presidente del Consejo de Ministros, designados por las Asociaciones nacionales de emigraci\u00f3n, los Partidos con representaci\u00f3n parlamentaria, las Organizaciones sindicales y los Patronatos m\u00e1s representativos.<\/p>\n<p>El Ministerio de Asuntos Exteriores y Cooperaci\u00f3n Internacional es el Presidente del CGIE, mientras que los cargos de Secretario General (quien convoca la Asamblea Plenaria y el Comit\u00e9 de Presidencia, dirige sus trabajos y ejecuta las decisiones tomadas), los cuatro Vice Secretarios Generales para las tres \u00e1reas geogr\u00e1ficas (Europa y \u00c1frica del Norte; Am\u00e9rica Latina; Pa\u00edses de habla inglesa fuera de Europa) y para el grupo de miembros designados por el Gobierno, y el Comit\u00e9 de Presidencia (compuesto en total por 9 miembros) son electos. El Comit\u00e9 de Presidencia se re\u00fane al menos 6 veces al a\u00f1o.<\/p>\n<p>En la Asamblea Plenaria anual, el CGIE, como \u00f3rgano consultivo, examina los problemas de las comunidades italianas en el extranjero, formula opiniones, propuestas y recomendaciones sobre iniciativas legislativas o administrativas del Estado o las Regiones, acuerdos internacionales y normativas comunitarias relacionadas con las comunidades italianas en el extranjero. En particular, el CGIE emite un dictamen obligatorio sobre las orientaciones del Gobierno relacionadas con los siguientes asuntos: asignaciones del Estado a favor de las comunidades en el extranjero; programas plurianuales y financiamiento relacionado para la pol\u00edtica educativa, la formaci\u00f3n profesional y la protecci\u00f3n social y de jubilaci\u00f3n; criterios para la asignaci\u00f3n de contribuciones a asociaciones nacionales, patronatos, instituciones de formaci\u00f3n profesional, medios de comunicaci\u00f3n e informaci\u00f3n; programas de radio y televisi\u00f3n para las comunidades en el extranjero; l\u00edneas de reforma de los servicios consulares, escolares y sociales.<\/p>\n<p>&nbsp;<\/p>\n<p><strong><a href=\"https:\/\/consbuenosaires.esteri.it\/es\/servizi-consolari-e-visti\/servizi-per-il-cittadino-italiano\/servizi-elettorali\/elecciones-del-consejo-general-de-los-italianos-en-el-exterior-c-g-i-e\/instrucciones-para-la-presentacion-de-las-candidaturas-al-c-g-i-e-elecciones-2022\/\">Instrucciones para la presentaci\u00f3n de las candidaturas al C.G.I.E. \u2013 Elecciones 2022<\/a><\/strong><\/p>\n","protected":false},"excerpt":{"rendered":"Establecido por la Ley 6 de noviembre de 1989, n. 368 (modificada por la Ley 18 de junio de 1998, n. 198 y la Ley 23 de junio de 2014, n. 89), y regulado por el D.P.R. 14 de septiembre de 1998, n. 329, el C.G.I.E. desempe\u00f1a una funci\u00f3n consultiva para el Gobierno sobre grandes [&hellip;]","protected":false},"author":5,"featured_media":0,"parent":204,"menu_order":0,"comment_status":"closed","ping_status":"closed","template":"","meta":{"footnotes":""},"class_list":["post-1714","page","type-page","status-publish","hentry"],"_links":{"self":[{"href":"https:\/\/consbuenosaires.esteri.it\/es\/wp-json\/wp\/v2\/pages\/1714","targetHints":{"allow":["GET"]}}],"collection":[{"href":"https:\/\/consbuenosaires.esteri.it\/es\/wp-json\/wp\/v2\/pages"}],"about":[{"href":"https:\/\/consbuenosaires.esteri.it\/es\/wp-json\/wp\/v2\/types\/page"}],"author":[{"embeddable":true,"href":"https:\/\/consbuenosaires.esteri.it\/es\/wp-json\/wp\/v2\/users\/5"}],"replies":[{"embeddable":true,"href":"https:\/\/consbuenosaires.esteri.it\/es\/wp-json\/wp\/v2\/comments?post=1714"}],"version-history":[{"count":0,"href":"https:\/\/consbuenosaires.esteri.it\/es\/wp-json\/wp\/v2\/pages\/1714\/revisions"}],"up":[{"embeddable":true,"href":"https:\/\/consbuenosaires.esteri.it\/es\/wp-json\/wp\/v2\/pages\/204"}],"wp:attachment":[{"href":"https:\/\/consbuenosaires.esteri.it\/es\/wp-json\/wp\/v2\/media?parent=1714"}],"curies":[{"name":"wp","href":"https:\/\/api.w.org\/{rel}","templated":true}]}}