{"id":1707,"date":"2023-06-07T20:32:31","date_gmt":"2023-06-07T18:32:31","guid":{"rendered":"https:\/\/consbuenosaires.esteri.it\/?page_id=1707"},"modified":"2023-07-18T17:11:57","modified_gmt":"2023-07-18T15:11:57","slug":"elecciones-com-it-es-2021","status":"publish","type":"page","link":"https:\/\/consbuenosaires.esteri.it\/es\/servizi-consolari-e-visti\/servizi-per-il-cittadino-italiano\/servizi-elettorali\/elecciones-com-it-es\/elecciones-com-it-es-2021\/","title":{"rendered":"Elecciones COM.IT.ES. 2021"},"content":{"rendered":"<p><strong>Todas las informaciones, comunicados, formularios y calendario ser\u00e1n publicados en esta secci\u00f3n.<\/strong><\/p>\n<ul>\n<li><strong>06\/12\/2021 <\/strong><a href=\"https:\/\/consbuenosaires.esteri.it\/consolato_buenosaires\/resource\/doc\/2021\/12\/risultati_per_albo_consolare.pdf\">Resultados Elecciones COMITES 2021 &#8211; Buenos Aires<\/a><\/li>\n<li><strong>22\/10\/2021<\/strong> <a href=\"https:\/\/consbuenosaires.esteri.it\/consolato_buenosaires\/it\/la_comunicazione\/dal_consolato\/2021\/10\/mancano-pochi-giorni-per-registrarsi.html\" target=\"_blank\" rel=\"noopener\">Quedan pocos d\u00edas para registrarse<\/a><\/li>\n<li><strong>15\/10\/2021 <\/strong><a href=\"https:\/\/consbuenosaires.esteri.it\/consolato_buenosaires\/es\/la_comunicazione\/dal_consolato\/2021\/10\/elezioni-com-it-es-2021-ammissione.html\" target=\"_blank\" rel=\"noopener\">Admisi\u00f3n lista de candidatos<\/a><\/li>\n<li><strong>08\/10\/2021 <\/strong><a href=\"https:\/\/consbuenosaires.esteri.it\/consolato_buenosaires\/resource\/doc\/2021\/10\/decreto_116-2021.pdf\" target=\"_blank\" rel=\"noopener\">Decreto de instituci\u00f3n del Comit\u00e9s Electoral de la circunscripci\u00f3n<\/a><\/li>\n<li><strong>24\/09\/2021<\/strong> <a href=\"https:\/\/consbuenosaires.esteri.it\/consolato_buenosaires\/it\/la_comunicazione\/dal_consolato\/2021\/09\/apertura-ufficio-elettorale-per_0.html\" target=\"_blank\" rel=\"noopener\">Apertura Oficina Electoral para los tr\u00e1mites relacionados con la presentaci\u00f3n de las listas de candidatos desde el 25\/09 al 03\/10<\/a><\/li>\n<li><strong>17\/09\/2021<\/strong> <a href=\"https:\/\/consbuenosaires.esteri.it\/consolato_buenosaires\/resource\/doc\/2021\/09\/faq_sulla_presentazione_delle_liste_dei_candidati.pdf\" target=\"_blank\" rel=\"noopener\">FAQ sobre la presentaci\u00f3n de las listas de candidatos <\/a><\/li>\n<li><strong>13\/09\/2021 <\/strong><a href=\"https:\/\/consbuenosaires.esteri.it\/consolato_buenosaires\/it\/la_comunicazione\/dal_consolato\/2021\/09\/apertura-ufficio-elettorale-per.html\" target=\"_blank\" rel=\"noopener\">Apertura Oficina Electoral para los tr\u00e1mites relacionados con la presentaci\u00f3n de las listas de candidatos<\/a><\/li>\n<li><strong>13\/09\/2021 <\/strong><a href=\"https:\/\/consbuenosaires.esteri.it\/consolato_buenosaires\/resource\/doc\/2021\/09\/comites_criteri_eleggibilita-it.pdf\" target=\"_blank\" rel=\"noopener\">Nota sobre los criterior de elegibilidad<\/a><\/li>\n<li><strong>08\/09\/2021<\/strong> <a href=\"https:\/\/consbuenosaires.esteri.it\/consolato_buenosaires\/resource\/doc\/2021\/09\/materiale_presentazione_lista_e_candidati_comites_2021.zip\" target=\"_blank\" rel=\"noopener\">Formularios para la presentaci\u00f3n de las listas y aceptaci\u00f3n de las candidaturas<\/a><\/li>\n<li><strong>03\/09\/2021 <\/strong><a href=\"https:\/\/consbuenosaires.esteri.it\/consolato_buenosaires\/resource\/doc\/2021\/08\/nota_presentazione_liste_candidati.pdf\" target=\"_blank\" rel=\"noopener\">Presentaci\u00f3n de las listas de candidatos y autenticaci\u00f3n de las firmas de quienes se suscriben<\/a><\/li>\n<li><strong>03\/09\/2021 <\/strong><a href=\"https:\/\/consbuenosaires.esteri.it\/consolato_buenosaires\/it\/la_comunicazione\/dal_consolato\/2021\/09\/indizione-delle-elezioni-dei-comites.html\">Convocatoria de las Elecciones de los COMITES<\/a><\/li>\n<li><strong>13\/06\/2021 <\/strong><a href=\"https:\/\/consbuenosaires.esteri.it\/consolato_buenosaires\/it\/la_comunicazione\/dal_consolato\/2021\/06\/elezioni-comites-3-dicembre-2021.html\">C\u00f3mo participar y la modalidad de expresi\u00f3n de la opci\u00f3n de voto<\/a><\/li>\n<\/ul>\n","protected":false},"excerpt":{"rendered":"Todas las informaciones, comunicados, formularios y calendario ser\u00e1n publicados en esta secci\u00f3n. 06\/12\/2021 Resultados Elecciones COMITES 2021 &#8211; Buenos Aires 22\/10\/2021 Quedan pocos d\u00edas para registrarse 15\/10\/2021 Admisi\u00f3n lista de candidatos 08\/10\/2021 Decreto de instituci\u00f3n del Comit\u00e9s Electoral de la circunscripci\u00f3n 24\/09\/2021 Apertura Oficina Electoral para los tr\u00e1mites relacionados con la presentaci\u00f3n de las listas [&hellip;]","protected":false},"author":5,"featured_media":0,"parent":1706,"menu_order":0,"comment_status":"closed","ping_status":"closed","template":"","meta":{"footnotes":""},"class_list":["post-1707","page","type-page","status-publish","hentry"],"_links":{"self":[{"href":"https:\/\/consbuenosaires.esteri.it\/es\/wp-json\/wp\/v2\/pages\/1707","targetHints":{"allow":["GET"]}}],"collection":[{"href":"https:\/\/consbuenosaires.esteri.it\/es\/wp-json\/wp\/v2\/pages"}],"about":[{"href":"https:\/\/consbuenosaires.esteri.it\/es\/wp-json\/wp\/v2\/types\/page"}],"author":[{"embeddable":true,"href":"https:\/\/consbuenosaires.esteri.it\/es\/wp-json\/wp\/v2\/users\/5"}],"replies":[{"embeddable":true,"href":"https:\/\/consbuenosaires.esteri.it\/es\/wp-json\/wp\/v2\/comments?post=1707"}],"version-history":[{"count":0,"href":"https:\/\/consbuenosaires.esteri.it\/es\/wp-json\/wp\/v2\/pages\/1707\/revisions"}],"up":[{"embeddable":true,"href":"https:\/\/consbuenosaires.esteri.it\/es\/wp-json\/wp\/v2\/pages\/1706"}],"wp:attachment":[{"href":"https:\/\/consbuenosaires.esteri.it\/es\/wp-json\/wp\/v2\/media?parent=1707"}],"curies":[{"name":"wp","href":"https:\/\/api.w.org\/{rel}","templated":true}]}}