{"id":1706,"date":"2023-06-07T20:10:20","date_gmt":"2023-06-07T18:10:20","guid":{"rendered":"https:\/\/consbuenosaires.esteri.it\/?page_id=1706"},"modified":"2023-07-18T17:08:43","modified_gmt":"2023-07-18T15:08:43","slug":"elecciones-com-it-es","status":"publish","type":"page","link":"https:\/\/consbuenosaires.esteri.it\/es\/servizi-consolari-e-visti\/servizi-per-il-cittadino-italiano\/servizi-elettorali\/elecciones-com-it-es\/","title":{"rendered":"Elecciones COM.IT.ES."},"content":{"rendered":"<p>Los Comit\u00e9s, establecidos en 1985, son organismos representativos de la comunidad italiana, elegidos directamente por los ciudadanos italianos residentes en el extranjero en cada circunscripci\u00f3n consular en la cual, al menos tres mil ciudadanos italianos, est\u00e9n inscriptos en el registro actualizado seg\u00fan el art\u00edculo 5, p\u00e1rrafo 1, de la Ley 459\/2001.<\/p>\n<p>En circunscripciones donde residen menos de tres mil ciudadanos italianos, los Comit\u00e9s pueden ser designados por la Autoridad diplom\u00e1tico-consular.<\/p>\n<p>&nbsp;<\/p>\n<p>Los Comit\u00e9s est\u00e1n compuestos por 12 o 18 miembros, dependiendo de si son elegidos en circunscripciones consulares con menos o m\u00e1s de 100 mil ciudadanos italianos residentes, seg\u00fan lo reflejado en el registro actualizado de ciudadanos italianos residentes en el extranjero.<\/p>\n<p>Adem\u00e1s de los miembros elegidos de ciudadan\u00eda italiana, pueden formar parte del Comit\u00e9s, por cooptaci\u00f3n, ciudadanos extranjeros de origen italiano en una proporci\u00f3n que no exceda un tercio de los miembros del Comit\u00e9s elegido (4 o 6 miembros).<\/p>\n<p>De acuerdo con el art\u00edculo 1, p\u00e1rrafo 2 de la ley 286\/2003, los Comit\u00e9s son \u00f3rganos de representaci\u00f3n de los italianos en el extranjero en relaci\u00f3n con las representaciones diplom\u00e1tico-consulares.<\/p>\n<p>Tambi\u00e9n a trav\u00e9s de estudios e investigaciones, contribuyen a identificar las necesidades de desarrollo social, cultural y c\u00edvico de la comunidad de referencia; promueven, en colaboraci\u00f3n con la autoridad consular, las regiones y las autoridades locales, as\u00ed como con entidades, asociaciones y comit\u00e9s que operan en el \u00e1mbito de la circunscripci\u00f3n consular, iniciativas adecuadas en materia de vida social y cultural, con especial atenci\u00f3n a la participaci\u00f3n de los j\u00f3venes, la igualdad de oportunidades, la asistencia social y escolar, la formaci\u00f3n profesional, el sector recreativo, el deporte y el tiempo libre.<\/p>\n<p>Los Comit\u00e9s tambi\u00e9n est\u00e1n llamados a cooperar con la Autoridad consular en la protecci\u00f3n de los derechos e intereses de los ciudadanos italianos residentes en la circunscripci\u00f3n consular.<\/p>\n<p>&nbsp;<\/p>\n<p>Despu\u00e9s de las elecciones de abril de 2015, actualmente operan 101 Comites electos a los que se suman 5 designados por el consulado. Los Comites est\u00e1n distribuidos de la siguiente manera: 47 se encuentran en Europa, 42 en las Am\u00e9ricas, 10 en Asia y Ocean\u00eda, y 7 en \u00c1frica.<\/p>\n<p>&nbsp;<\/p>\n<p><a href=\"https:\/\/consbuenosaires.esteri.it\/es\/servizi-consolari-e-visti\/servizi-per-il-cittadino-italiano\/servizi-notarili\/actas-notariales\/elecciones-com-it-es-2021\/\"><strong>Elecciones COM.IT.ES. 2021<\/strong><\/a><\/p>\n","protected":false},"excerpt":{"rendered":"Los Comit\u00e9s, establecidos en 1985, son organismos representativos de la comunidad italiana, elegidos directamente por los ciudadanos italianos residentes en el extranjero en cada circunscripci\u00f3n consular en la cual, al menos tres mil ciudadanos italianos, est\u00e9n inscriptos en el registro actualizado seg\u00fan el art\u00edculo 5, p\u00e1rrafo 1, de la Ley 459\/2001. En circunscripciones donde residen [&hellip;]","protected":false},"author":5,"featured_media":0,"parent":204,"menu_order":0,"comment_status":"closed","ping_status":"closed","template":"","meta":{"footnotes":""},"class_list":["post-1706","page","type-page","status-publish","hentry"],"_links":{"self":[{"href":"https:\/\/consbuenosaires.esteri.it\/es\/wp-json\/wp\/v2\/pages\/1706","targetHints":{"allow":["GET"]}}],"collection":[{"href":"https:\/\/consbuenosaires.esteri.it\/es\/wp-json\/wp\/v2\/pages"}],"about":[{"href":"https:\/\/consbuenosaires.esteri.it\/es\/wp-json\/wp\/v2\/types\/page"}],"author":[{"embeddable":true,"href":"https:\/\/consbuenosaires.esteri.it\/es\/wp-json\/wp\/v2\/users\/5"}],"replies":[{"embeddable":true,"href":"https:\/\/consbuenosaires.esteri.it\/es\/wp-json\/wp\/v2\/comments?post=1706"}],"version-history":[{"count":0,"href":"https:\/\/consbuenosaires.esteri.it\/es\/wp-json\/wp\/v2\/pages\/1706\/revisions"}],"up":[{"embeddable":true,"href":"https:\/\/consbuenosaires.esteri.it\/es\/wp-json\/wp\/v2\/pages\/204"}],"wp:attachment":[{"href":"https:\/\/consbuenosaires.esteri.it\/es\/wp-json\/wp\/v2\/media?parent=1706"}],"curies":[{"name":"wp","href":"https:\/\/api.w.org\/{rel}","templated":true}]}}