{"id":1696,"date":"2023-06-07T20:38:36","date_gmt":"2023-06-07T23:38:36","guid":{"rendered":"https:\/\/consbuenosaires.esteri.it\/?page_id=1696"},"modified":"2026-01-15T14:32:24","modified_gmt":"2026-01-15T17:32:24","slug":"elecciones-politicas-2022-todas-las-informaciones-para-el-voto-en-el-extranjero","status":"publish","type":"page","link":"https:\/\/consbuenosaires.esteri.it\/es\/servizi-consolari-e-visti\/servizi-per-il-cittadino-italiano\/servizi-elettorali\/elecciones-politicas-y-referendos\/elecciones-politicas-2022-todas-las-informaciones-para-el-voto-en-el-extranjero\/","title":{"rendered":"Elecciones Pol\u00edticas 2022"},"content":{"rendered":"<div class=\"entry-content\">\n<div>\n<p><strong>Todas las informaciones, comunicados, formularios y calendario ser\u00e1n publicados en esta secci\u00f3n.<\/strong><\/p>\n<p>Descarg\u00e1 <strong><a href=\"https:\/\/consbuenosaires.esteri.it\/consolato_buenosaires\/resource\/doc\/2022\/08\/2022-07-27_istruzioni_elezioni_politiche_2022.pdf\">ac\u00e1<\/a> <\/strong>la <strong>gu\u00eda pr\u00e1ctica<\/strong> sobre las elecciones pol\u00edticas 2022.<\/p>\n<p>*Se solicita enviar las solicitudes referidas a las elecciones \u00fanicamente a la casilla de mail: <strong><a href=\"mailto:buenosaires.uff-ele@esteri.it\">buenosaires.uff-ele@esteri.it<\/a><\/strong><\/p>\n<ul>\n<li><strong>06\/09\/2022\u00a0<\/strong><a href=\"https:\/\/consbuenosaires.esteri.it\/consolato_buenosaires\/it\/la_comunicazione\/dal_consolato\/2022\/09\/elezioni-politiche-2022-liste-dei.html\">Lista de los candidatos<\/a><\/li>\n<li><strong>06\/09\/2022<\/strong><a href=\"https:\/\/consbuenosaires.esteri.it\/consolato_buenosaires\/it\/la_comunicazione\/dal_consolato\/2022\/09\/elezioni-politiche-2022-rilascio.html\">Entrega de duplicados<\/a><\/li>\n<li><strong>19\/08\/2022<\/strong> <a href=\"https:\/\/consbuenosaires.esteri.it\/consolato_buenosaires\/it\/la_comunicazione\/dal_consolato\/2022\/08\/elezioni-politiche-2022-avviso.html\">Aviso sobre el voto en el extranjero<\/a><\/li>\n<li><strong>08\/08\/2022<\/strong> <a href=\"https:\/\/consbuenosaires.esteri.it\/consolato_buenosaires\/it\/la_comunicazione\/dal_consolato\/2022\/08\/elezioni-politiche-2022-istruzioni.html\">Instrucciones del Ministerio del Interior para la presentaci\u00f3n y admisi\u00f3n de las candidaturas<\/a><\/li>\n<li><strong>01\/08\/2022 <\/strong><a href=\"https:\/\/consbuenosaires.esteri.it\/consolato_buenosaires\/la_comunicazione\/dal_consolato\/elezioni-politiche-2022-elettori.html\">Comunicado sobre la presentaci\u00f3n de la opci\u00f3n de voto por parte de los electores temporalmente residiendo en el extranjero<\/a><\/li>\n<li><strong>21\/07\/2022<\/strong> <a href=\"https:\/\/consbuenosaires.esteri.it\/consolato_buenosaires\/it\/la_comunicazione\/dal_consolato\/2022\/07\/elezioni-politiche-2022-indizione.html\">Decreto convocaci\u00f3n de elecciones y opci\u00f3n de voto en Italia para los electores inscriptos en A.I.R.E.<\/a><\/li>\n<\/ul>\n<\/div>\n<\/div>\n","protected":false},"excerpt":{"rendered":"Todas las informaciones, comunicados, formularios y calendario ser\u00e1n publicados en esta secci\u00f3n. Descarg\u00e1 ac\u00e1 la gu\u00eda pr\u00e1ctica sobre las elecciones pol\u00edticas 2022. *Se solicita enviar las solicitudes referidas a las elecciones \u00fanicamente a la casilla de mail: buenosaires.uff-ele@esteri.it 06\/09\/2022\u00a0Lista de los candidatos 06\/09\/2022Entrega de duplicados 19\/08\/2022 Aviso sobre el voto en el extranjero 08\/08\/2022 Instrucciones [&hellip;]","protected":false},"author":5,"featured_media":0,"parent":1695,"menu_order":3,"comment_status":"closed","ping_status":"closed","template":"","meta":{"footnotes":""},"class_list":["post-1696","page","type-page","status-publish","hentry"],"_links":{"self":[{"href":"https:\/\/consbuenosaires.esteri.it\/es\/wp-json\/wp\/v2\/pages\/1696","targetHints":{"allow":["GET"]}}],"collection":[{"href":"https:\/\/consbuenosaires.esteri.it\/es\/wp-json\/wp\/v2\/pages"}],"about":[{"href":"https:\/\/consbuenosaires.esteri.it\/es\/wp-json\/wp\/v2\/types\/page"}],"author":[{"embeddable":true,"href":"https:\/\/consbuenosaires.esteri.it\/es\/wp-json\/wp\/v2\/users\/5"}],"replies":[{"embeddable":true,"href":"https:\/\/consbuenosaires.esteri.it\/es\/wp-json\/wp\/v2\/comments?post=1696"}],"version-history":[{"count":1,"href":"https:\/\/consbuenosaires.esteri.it\/es\/wp-json\/wp\/v2\/pages\/1696\/revisions"}],"predecessor-version":[{"id":6629,"href":"https:\/\/consbuenosaires.esteri.it\/es\/wp-json\/wp\/v2\/pages\/1696\/revisions\/6629"}],"up":[{"embeddable":true,"href":"https:\/\/consbuenosaires.esteri.it\/es\/wp-json\/wp\/v2\/pages\/1695"}],"wp:attachment":[{"href":"https:\/\/consbuenosaires.esteri.it\/es\/wp-json\/wp\/v2\/media?parent=1696"}],"curies":[{"name":"wp","href":"https:\/\/api.w.org\/{rel}","templated":true}]}}