{"id":1695,"date":"2023-06-07T20:05:00","date_gmt":"2023-06-07T18:05:00","guid":{"rendered":"https:\/\/consbuenosaires.esteri.it\/?page_id=1695"},"modified":"2025-04-01T21:13:26","modified_gmt":"2025-04-01T19:13:26","slug":"elecciones-politicas-y-referendos","status":"publish","type":"page","link":"https:\/\/consbuenosaires.esteri.it\/es\/servizi-consolari-e-visti\/servizi-per-il-cittadino-italiano\/servizi-elettorali\/elecciones-politicas-y-referendos\/","title":{"rendered":"Elecciones Pol\u00edticas y Referendos"},"content":{"rendered":"<p>De acuerdo con la ley 459\/2001 y el Decreto de ejecuci\u00f3n DPR 104\/2003, los ciudadanos italianos residentes en el extranjero e inscritos en el AIRE (Anagrafe degli Italiani Residenti all&#8217;Estero) votan en la circunscripci\u00f3n Exterior para la elecci\u00f3n de la C\u00e1mara de Diputados y el Senado de la Rep\u00fablica, as\u00ed como para los referendos populares abrogativos y confirmatorios.<\/p>\n<p>Dentro de la Circunscripci\u00f3n Exterior se establecen las siguientes cuatro subdivisiones:<\/p>\n<ul>\n<li>Europa, incluyendo los territorios asi\u00e1ticos de la Federaci\u00f3n Rusa y Turqu\u00eda;<\/li>\n<li>Am\u00e9rica del Sur;<\/li>\n<li>Am\u00e9rica del Norte y Central;<\/li>\n<li>\u00c1frica, Asia, Ocean\u00eda y la Ant\u00e1rtida.<\/li>\n<\/ul>\n<p>En cada una de las subdivisiones mencionadas, se elige un diputado y un senador, mientras que los dem\u00e1s esca\u00f1os se distribuyen proporcionalmente entre las mismas subdivisiones en funci\u00f3n del n\u00famero de ciudadanos italianos que residen en ellas. En total, se eligen 18 parlamentarios en la circunscripci\u00f3n Exterior (12 diputados y 6 senadores).<\/p>\n<p>El voto en el extranjero no est\u00e1 previsto para la elecci\u00f3n de los Consejos Regionales, Municipales y Provinciales.<\/p>\n<p>&nbsp;<\/p>\n<p><strong>Categor\u00edas de electores<\/strong><\/p>\n<ol>\n<li>Votan en el extranjero los ciudadanos italianos residentes en el exterior, inscriptos en el AIRE y en las listas electorales, que hayan cumplido:<\/li>\n<\/ol>\n<ul>\n<li>18 a\u00f1os para la elecci\u00f3n de los miembros de la C\u00e1mara de Diputados y los referendos.<\/li>\n<li>25 a\u00f1os para la elecci\u00f3n de los miembros del Senado de la Rep\u00fablica.<\/li>\n<\/ul>\n<ol start=\"2\">\n<li>A partir de 2006, en las elecciones pol\u00edticas y referendos, tambi\u00e9n han participado, mediante disposiciones normativas especiales, cuya validez se circunscribe a cada evento electoral, algunas categor\u00edas de electores temporalmente en el extranjero:<\/li>\n<\/ol>\n<ul>\n<li>miembros de las Fuerzas Armadas y de las Fuerzas de Polic\u00eda temporalmente en el extranjero debido a su participaci\u00f3n en misiones internacionales;<\/li>\n<li>empleados de administraciones estatales, regionales o provinciales temporalmente en el extranjero por motivos de servicio, siempre que la duraci\u00f3n prevista de su estancia en el extranjero, seg\u00fan lo certificado por la Administraci\u00f3n a la que pertenecen, sea superior a tres meses. Tambi\u00e9n se incluyen los familiares convivientes de estos empleados, en caso de no estar inscriptos en los registros de ciudadanos italianos residentes en el extranjero;<\/li>\n<li>profesores e investigadores universitarios seg\u00fan el Decreto del Presidente de la Rep\u00fablica del 11 de julio de 1980, n. 382, titulares de cargos y contratos de acuerdo con el art\u00edculo 1, p\u00e1rrafos 12 y 14, de la ley del 4 de noviembre de 2005, n. 230, y de acuerdo con la ley del 30 de diciembre de 2010, n. 240, que se encuentren prestando servicios en institutos universitarios y de investigaci\u00f3n en el extranjero durante al menos seis meses y que, a la fecha del decreto del Presidente de la Rep\u00fablica que convoque las elecciones, hayan estado en el extranjero durante al menos tres meses. Tambi\u00e9n se incluyen los familiares convivientes de estos profesores e investigadores, en caso de no estar inscriptos en los registros de ciudadanos italianos residentes en el extranjero.<\/li>\n<\/ul>\n<p>&nbsp;<\/p>\n<div class=\"flex flex-grow flex-col gap-3\">\n<div class=\"min-h-[20px] flex items-start overflow-x-auto whitespace-pre-wrap break-words flex-col gap-4\">\n<div class=\"markdown prose w-full break-words dark:prose-invert light\">\n<p><strong>Estados con y sin acuerdos para el voto por correspondencia<\/strong><\/p>\n<p>El voto se realiza exclusivamente por correspondencia en aquellos estados con los cuales el Gobierno italiano ha celebrado acuerdos espec\u00edficos, cuya lista se publica en el sitio web <a href=\"http:\/\/www.esteri.it\" target=\"_new\" rel=\"noopener\">www.esteri.it<\/a> en cada consulta electoral.<\/p>\n<p>En los estados donde no se han celebrado dichos acuerdos o donde han surgido situaciones que impiden el ejercicio del voto por correspondencia, los electores residentes e inscriptos en el A.I.R.E. no podr\u00e1n ejercer el voto por correspondencia y deber\u00e1n viajar a Italia para votar. Estos electores tienen derecho al reembolso del 75% del costo del pasaje de avi\u00f3n presentando la documentaci\u00f3n correspondiente en el Consulado competente.<\/p>\n<p>&nbsp;<\/p>\n<p><strong>Modalidades del voto por correspondencia<\/strong><\/p>\n<p>Los electores residentes en el extranjero reciben en su domicilio, por parte del Consulado correspondiente, el sobre electoral que contiene las fichas y las instrucciones sobre c\u00f3mo votar.<\/p>\n<p>El elector que no haya recibido el sobre electoral antes del d\u00eda 14 anterior a la fecha de las elecciones en Italia puede acudir personalmente al Consulado correspondiente para verificar su situaci\u00f3n electoral y solicitar una copia del sobre (art\u00edculo 12, p\u00e1rrafo 5, ley 459\/2001).<\/p>\n<p>El Consulado tambi\u00e9n est\u00e1 autorizado a permitir el voto por correspondencia en el extranjero a todos los ciudadanos cuyos nombres hayan sido omitidos por cualquier motivo en la lista de electores preparada por el Ministerio del Interior, si demuestran estar inscriptos en el A.I.R.E. o si su inscripci\u00f3n fue solicitada al Consulado antes del 31 de diciembre del a\u00f1o anterior. La solicitud de admisi\u00f3n al voto debe llegar al Consulado antes del d\u00eda 11 anterior a las elecciones en Italia y est\u00e1 sujeta a la emisi\u00f3n por parte del Municipio italiano de una declaraci\u00f3n de inexistencia de causas que impidan el voto.<\/p>\n<p>Luego de efectuar la votaci\u00f3n, el elector devuelve el material electoral al Consulado utilizando el sobre prefranqueado incluido en el sobre electoral.<\/p>\n<p>Una vez concluidas las operaciones, el material electoral devuelto por los italianos residentes en el extranjero que lleguen a los Consulados antes de las 16:00 horas del jueves anterior a la fecha de las elecciones en Italia se env\u00edan a Italia, donde se lleva a cabo el escrutinio a cargo de la Oficina Central para la Circunscripci\u00f3n Exterior establecida en la Corte de Apelaci\u00f3n de Roma.<\/p>\n<p>&nbsp;<\/p>\n<p><strong>Opci\u00f3n de voto en Italia<\/strong><\/p>\n<p>El elector residente en el extranjero e inscripto en el A.I.R.E. que desee optar por votar en Italia debe enviar una comunicaci\u00f3n por escrito al Consulado correspondiente antes del 31 de diciembre del a\u00f1o anterior al previsto para la expiraci\u00f3n natural de la legislatura (art\u00edculo 4, p\u00e1rrafo 1, ley 459\/2001). En caso de elecciones anticipadas o referendos, el elector puede optar por votar en Italia dentro de los 10 d\u00edas siguientes a la convocatoria de las elecciones (art\u00edculo 4, p\u00e1rrafo 2, ley 459\/2001).<\/p>\n<p>&nbsp;<\/p>\n<\/div>\n<ul>\n<li><a href=\"https:\/\/consbuenosaires.esteri.it\/es\/servizi-consolari-e-visti\/servizi-per-il-cittadino-italiano\/servizi-elettorali\/elecciones-politicas-2022-todas-las-informaciones-para-el-voto-en-el-extranjero\/\"><strong>Elecciones Pol\u00edticas 2022<\/strong><\/a><\/li>\n<li><strong><a href=\"https:\/\/consbuenosaires.esteri.it\/it\/servizi-consolari-e-visti\/servizi-per-il-cittadino-italiano\/servizi-elettorali\/elezioni-politiche-e-referendum\/referendum-abrogativi-2025\/\">Refer\u00e9ndums Derogatorios 2025<\/a><\/strong><\/li>\n<\/ul>\n<\/div>\n<\/div>\n","protected":false},"excerpt":{"rendered":"De acuerdo con la ley 459\/2001 y el Decreto de ejecuci\u00f3n DPR 104\/2003, los ciudadanos italianos residentes en el extranjero e inscritos en el AIRE (Anagrafe degli Italiani Residenti all&#8217;Estero) votan en la circunscripci\u00f3n Exterior para la elecci\u00f3n de la C\u00e1mara de Diputados y el Senado de la Rep\u00fablica, as\u00ed como para los referendos populares [&hellip;]","protected":false},"author":5,"featured_media":0,"parent":204,"menu_order":0,"comment_status":"closed","ping_status":"closed","template":"","meta":{"footnotes":""},"class_list":["post-1695","page","type-page","status-publish","hentry"],"_links":{"self":[{"href":"https:\/\/consbuenosaires.esteri.it\/es\/wp-json\/wp\/v2\/pages\/1695","targetHints":{"allow":["GET"]}}],"collection":[{"href":"https:\/\/consbuenosaires.esteri.it\/es\/wp-json\/wp\/v2\/pages"}],"about":[{"href":"https:\/\/consbuenosaires.esteri.it\/es\/wp-json\/wp\/v2\/types\/page"}],"author":[{"embeddable":true,"href":"https:\/\/consbuenosaires.esteri.it\/es\/wp-json\/wp\/v2\/users\/5"}],"replies":[{"embeddable":true,"href":"https:\/\/consbuenosaires.esteri.it\/es\/wp-json\/wp\/v2\/comments?post=1695"}],"version-history":[{"count":1,"href":"https:\/\/consbuenosaires.esteri.it\/es\/wp-json\/wp\/v2\/pages\/1695\/revisions"}],"predecessor-version":[{"id":6750,"href":"https:\/\/consbuenosaires.esteri.it\/es\/wp-json\/wp\/v2\/pages\/1695\/revisions\/6750"}],"up":[{"embeddable":true,"href":"https:\/\/consbuenosaires.esteri.it\/es\/wp-json\/wp\/v2\/pages\/204"}],"wp:attachment":[{"href":"https:\/\/consbuenosaires.esteri.it\/es\/wp-json\/wp\/v2\/media?parent=1695"}],"curies":[{"name":"wp","href":"https:\/\/api.w.org\/{rel}","templated":true}]}}