{"id":1683,"date":"2023-06-08T14:13:50","date_gmt":"2023-06-08T12:13:50","guid":{"rendered":"https:\/\/consbuenosaires.esteri.it\/?page_id=1683"},"modified":"2023-09-07T15:57:44","modified_gmt":"2023-09-07T13:57:44","slug":"asistencia-a-detenidos","status":"publish","type":"page","link":"https:\/\/consbuenosaires.esteri.it\/es\/servizi-consolari-e-visti\/servizi-per-il-cittadino-italiano\/assistenza-ai-cittadini-allestero\/asistencia-a-detenidos\/","title":{"rendered":"Asistencia a Detenidos"},"content":{"rendered":"<p>En caso de que un ciudadano se enfrente a problemas legales en el pa\u00eds y sea detenido en una instituci\u00f3n penitenciaria ubicada dentro de la circunscripci\u00f3n consular de este Consulado General, la Oficina de Asistencia puede:<\/p>\n<ul>\n<li>visitar al detenido peri\u00f3dicamente o en casos de necesidad especial;<\/li>\n<li>proporcionar nombres de abogados locales;<\/li>\n<li>facilitar el contacto con los familiares;<\/li>\n<li>brindar, cuando sea necesario y permitido por las normas locales, asistencia m\u00e9dica y art\u00edculos de confort al detenido;<\/li>\n<li>intervenir, en casos especiales, para respaldar solicitudes de indulto.<\/li>\n<\/ul>\n<p>&nbsp;<\/p>\n<p>Por otro lado, <u>el Consulado no puede<\/u>:<\/p>\n<ul>\n<li>intervenir en procesos judiciales en nombre del ciudadano;<\/li>\n<li>hacerse cargo de los gastos legales.<\/li>\n<\/ul>\n<p>&nbsp;<\/p>\n<p><u>Se recomienda en particular:<\/u><\/p>\n<ul>\n<li><span style=\"text-decoration: underline;\">no enviar paquetes directamente a la instituci\u00f3n penitenciaria<\/span>;<\/li>\n<li>contactar a este Consulado General antes de emprender un viaje para visitar al detenido o comprar alimentos, objetos, prendas de vestir, etc., para enviar al detenido. En general, gran parte del contenido de los paquetes es retenido por el servicio de control en la entrada de la prisi\u00f3n (por no ser adecuados, no estar permitidos o por otras razones).<\/li>\n<\/ul>\n<p>&nbsp;<\/p>\n<p><a href=\"https:\/\/www.esteri.it\/it\/servizi-consolari-e-visti\/italiani-all-estero\/assistenzacittadiniestero\/assistenza_detenuti\/\"><strong>Mayor informaci\u00f3n<\/strong><\/a><\/p>\n<p><strong>\u00a0<\/strong><\/p>\n","protected":false},"excerpt":{"rendered":"En caso de que un ciudadano se enfrente a problemas legales en el pa\u00eds y sea detenido en una instituci\u00f3n penitenciaria ubicada dentro de la circunscripci\u00f3n consular de este Consulado General, la Oficina de Asistencia puede: visitar al detenido peri\u00f3dicamente o en casos de necesidad especial; proporcionar nombres de abogados locales; facilitar el contacto con [&hellip;]","protected":false},"author":5,"featured_media":0,"parent":203,"menu_order":0,"comment_status":"closed","ping_status":"closed","template":"","meta":{"footnotes":""},"class_list":["post-1683","page","type-page","status-publish","hentry"],"_links":{"self":[{"href":"https:\/\/consbuenosaires.esteri.it\/es\/wp-json\/wp\/v2\/pages\/1683","targetHints":{"allow":["GET"]}}],"collection":[{"href":"https:\/\/consbuenosaires.esteri.it\/es\/wp-json\/wp\/v2\/pages"}],"about":[{"href":"https:\/\/consbuenosaires.esteri.it\/es\/wp-json\/wp\/v2\/types\/page"}],"author":[{"embeddable":true,"href":"https:\/\/consbuenosaires.esteri.it\/es\/wp-json\/wp\/v2\/users\/5"}],"replies":[{"embeddable":true,"href":"https:\/\/consbuenosaires.esteri.it\/es\/wp-json\/wp\/v2\/comments?post=1683"}],"version-history":[{"count":1,"href":"https:\/\/consbuenosaires.esteri.it\/es\/wp-json\/wp\/v2\/pages\/1683\/revisions"}],"predecessor-version":[{"id":1957,"href":"https:\/\/consbuenosaires.esteri.it\/es\/wp-json\/wp\/v2\/pages\/1683\/revisions\/1957"}],"up":[{"embeddable":true,"href":"https:\/\/consbuenosaires.esteri.it\/es\/wp-json\/wp\/v2\/pages\/203"}],"wp:attachment":[{"href":"https:\/\/consbuenosaires.esteri.it\/es\/wp-json\/wp\/v2\/media?parent=1683"}],"curies":[{"name":"wp","href":"https:\/\/api.w.org\/{rel}","templated":true}]}}