{"id":1680,"date":"2023-06-08T14:03:39","date_gmt":"2023-06-08T12:03:39","guid":{"rendered":"https:\/\/consbuenosaires.esteri.it\/?page_id=1680"},"modified":"2023-09-07T15:54:40","modified_gmt":"2023-09-07T13:54:40","slug":"asistencia-a-indigentes","status":"publish","type":"page","link":"https:\/\/consbuenosaires.esteri.it\/es\/servizi-consolari-e-visti\/servizi-per-il-cittadino-italiano\/assistenza-ai-cittadini-allestero\/asistencia-a-indigentes\/","title":{"rendered":"Asistencia a Indigentes"},"content":{"rendered":"<p>Los connacionales que se encuentran en una situaci\u00f3n de indigencia pueden recibir asistencia econ\u00f3mica (llamada \u00absubsidio\u00bb) u otra forma de ayuda (alojamiento en una instituci\u00f3n geri\u00e1trica, asistencia m\u00e9dica, etc.) por parte del Consulado General, siempre y cuando los fondos destinados a este fin lo permitan y sean compatibles con los convenios vigentes, as\u00ed como con la disponibilidad dentro de las instalaciones.<\/p>\n<p>&nbsp;<\/p>\n<p><strong>Requisitos<\/strong><\/p>\n<p>Los requisitos para recibir asistencia son:<\/p>\n<ul>\n<li>ser ciudadano italiano;<\/li>\n<li>estar en una situaci\u00f3n real de indigencia;<\/li>\n<li>tener residencia regular en la circunscripci\u00f3n consular de este Consulado General (por lo tanto, contar con un DNI regular);<\/li>\n<li>estar registrado en el AIRE (Anagrafe degli Italiani Residenti all&#8217;Estero).<\/li>\n<\/ul>\n<p>&nbsp;<\/p>\n<p><strong>Documentaci\u00f3n <\/strong><\/p>\n<p>Para evaluar la situaci\u00f3n de indigencia, el connacional debe presentar en la Oficina de Asistencia la siguiente documentaci\u00f3n:<\/p>\n<ul>\n<li>originales de los \u00faltimos tres comprobantes de todos los pagos realizados para la vivienda: servicios (gas, luz, agua, tel\u00e9fono fijo y celular) y tasas provinciales y municipales;<\/li>\n<li>comprobantes de ingresos de todo el grupo familiar que convive: salarios, pensiones argentinas o extranjeras, alquileres, etc.;<\/li>\n<li>CUIL (Clave \u00danica de Identificaci\u00f3n Laboral) de todos los adultos que conviven y no tienen comprobante de ingresos propios;<\/li>\n<li>pasaporte (si est\u00e1 vigente, NO es necesario solicitar un pasaporte nuevo);<\/li>\n<li>tickets de compra de medicamentos realizados durante todo el mes y su correspondiente receta m\u00e9dica.<\/li>\n<\/ul>\n<p>*En caso de que el connacional no pueda acudir al Consulado por s\u00ed mismo, la solicitud de asistencia puede ser realizada por un familiar u otra persona involucrada en el caso.<\/p>\n<p>&nbsp;<\/p>\n<p>El Consulado concentra sus recursos en la asistencia a los compatriotas m\u00e1s pobres, en base a los siguientes criterios:<\/p>\n<ul>\n<li>ingresos (prioridad a aquellos que carecen totalmente de ingresos, que no reciben pensi\u00f3n u otros subsidios o que solo tienen la pensi\u00f3n m\u00ednima argentina);<\/li>\n<li>edad (prioridad a los m\u00e1s mayores);<\/li>\n<li>situaci\u00f3n familiar (prioridad a las personas que no tienen vivienda o no cuentan con familiares que puedan ayudarlos);<\/li>\n<li>salud (prioridad a aquellos que necesitan cuidados prolongados y\/o costosos);<\/li>\n<li>familiares a cargo con discapacidades f\u00edsicas o mentales.<\/li>\n<\/ul>\n<p>&nbsp;<\/p>\n<p>La asistencia se brinda principalmente a trav\u00e9s de los siguientes instrumentos:<\/p>\n<ul>\n<li>concesi\u00f3n de subsidios econ\u00f3micos: consiste en la entrega de sumas de dinero destinadas a cubrir las necesidades m\u00e1s urgentes de \u00edndole material. Estos subsidios se otorgan en funci\u00f3n de la disponibilidad presupuestaria y no pueden representar de ninguna manera una prestaci\u00f3n continua, obligatoria o de naturaleza pensional;<\/li>\n<li>convenios m\u00e9dico-sanitarios: a trav\u00e9s de los convenios existentes con instituciones adecuadas, los ciudadanos italianos en situaci\u00f3n de indigencia que residen en nuestra Circunscripci\u00f3n pueden acceder a asistencia m\u00e9dico-sanitaria;<\/li>\n<li>convenios con instituciones de atenci\u00f3n para personas mayores: mediante los convenios existentes con instituciones adecuadas, el Consulado garantiza el cuidado y alojamiento para los connacionales mayores en situaci\u00f3n de indigencia que, al no poder valerse por s\u00ed mismos o no contar con una soluci\u00f3n habitacional adecuada debido a la falta de recursos y\/o apoyo familiar, necesitan un lugar que les brinde no solo subsistencia b\u00e1sica, sino tambi\u00e9n asistencia de enfermer\u00eda, apoyo psicol\u00f3gico y afectivo continuo;<\/li>\n<li>repatriaci\u00f3n definitiva a Italia: la repatriaci\u00f3n de connacionales residentes en el extranjero, a cargo de las autoridades fiscales, solo se llevar\u00e1 a cabo en favor de personas en situaci\u00f3n de indigencia, generalmente emigrados de Italia desde hace muchos a\u00f1os, cuyas condiciones de vida sean extremadamente precarias y sin perspectivas de mejora en el pa\u00eds de residencia. El interesado deber\u00e1 proporcionar una declaraci\u00f3n de familiares dispuestos a acoger al familiar en Italia y asumir las responsabilidades relacionadas con su manutenci\u00f3n y asistencia a trav\u00e9s de una declaraci\u00f3n realizada en el Municipio o la Questura de residencia de los propios familiares. Esta declaraci\u00f3n es un requisito indispensable para obtener la repatriaci\u00f3n a cargo del Fisco.<\/li>\n<\/ul>\n<p>&nbsp;<\/p>\n<p><a href=\"https:\/\/www.esteri.it\/it\/servizi-consolari-e-visti\/italiani-all-estero\/assistenzacittadiniestero\/assistenza_economica\/\"><strong>Mayor informaci\u00f3n<\/strong><\/a><\/p>\n","protected":false},"excerpt":{"rendered":"Los connacionales que se encuentran en una situaci\u00f3n de indigencia pueden recibir asistencia econ\u00f3mica (llamada \u00absubsidio\u00bb) u otra forma de ayuda (alojamiento en una instituci\u00f3n geri\u00e1trica, asistencia m\u00e9dica, etc.) por parte del Consulado General, siempre y cuando los fondos destinados a este fin lo permitan y sean compatibles con los convenios vigentes, as\u00ed como con [&hellip;]","protected":false},"author":5,"featured_media":0,"parent":203,"menu_order":0,"comment_status":"closed","ping_status":"closed","template":"","meta":{"footnotes":""},"class_list":["post-1680","page","type-page","status-publish","hentry"],"_links":{"self":[{"href":"https:\/\/consbuenosaires.esteri.it\/es\/wp-json\/wp\/v2\/pages\/1680","targetHints":{"allow":["GET"]}}],"collection":[{"href":"https:\/\/consbuenosaires.esteri.it\/es\/wp-json\/wp\/v2\/pages"}],"about":[{"href":"https:\/\/consbuenosaires.esteri.it\/es\/wp-json\/wp\/v2\/types\/page"}],"author":[{"embeddable":true,"href":"https:\/\/consbuenosaires.esteri.it\/es\/wp-json\/wp\/v2\/users\/5"}],"replies":[{"embeddable":true,"href":"https:\/\/consbuenosaires.esteri.it\/es\/wp-json\/wp\/v2\/comments?post=1680"}],"version-history":[{"count":1,"href":"https:\/\/consbuenosaires.esteri.it\/es\/wp-json\/wp\/v2\/pages\/1680\/revisions"}],"predecessor-version":[{"id":1956,"href":"https:\/\/consbuenosaires.esteri.it\/es\/wp-json\/wp\/v2\/pages\/1680\/revisions\/1956"}],"up":[{"embeddable":true,"href":"https:\/\/consbuenosaires.esteri.it\/es\/wp-json\/wp\/v2\/pages\/203"}],"wp:attachment":[{"href":"https:\/\/consbuenosaires.esteri.it\/es\/wp-json\/wp\/v2\/media?parent=1680"}],"curies":[{"name":"wp","href":"https:\/\/api.w.org\/{rel}","templated":true}]}}