{"id":1672,"date":"2023-05-31T18:04:07","date_gmt":"2023-05-31T16:04:07","guid":{"rendered":"https:\/\/consbuenosaires.esteri.it\/?page_id=1672"},"modified":"2023-07-13T17:42:59","modified_gmt":"2023-07-13T15:42:59","slug":"navegacion","status":"publish","type":"page","link":"https:\/\/consbuenosaires.esteri.it\/es\/servizi-consolari-e-visti\/servizi-per-il-cittadino-italiano\/servizi-notarili\/navegacion\/","title":{"rendered":"Navegaci\u00f3n"},"content":{"rendered":"<p>El embarque de marinos extranjeros en barcos italianos se realiza despu\u00e9s de la emisi\u00f3n de un <u>certificado de validaci\u00f3n (endorsement)<\/u> en un formulario antifraude.<\/p>\n<p><strong>\u00a0<\/strong><\/p>\n<p><strong>Documentaci\u00f3n <\/strong><\/p>\n<p>El trabajador marino extranjero deber\u00e1 presentar en la Representaci\u00f3n Diplom\u00e1tico-Consular presente en el pa\u00eds que emiti\u00f3 la certificaci\u00f3n STW78 la siguiente documentaci\u00f3n:<\/p>\n<ul>\n<li>solicitud de validaci\u00f3n del certificado IMO STCW95 (a completar en el formulario preestablecido \u00abAnexo 14 quater Punto L.1.8 &#8211; Modelo de Solicitud de Endorsement\u00bb, disponible en la Circular &#8211; Gente de Mar &#8211; Serie XIII &#8211; Prot. n. 20963 del 17 de diciembre de 2008);<\/li>\n<li>fotocopia del documento de identificaci\u00f3n del marino (Libreta de Navegaci\u00f3n y Documento de Identidad);<\/li>\n<li>2 fotograf\u00edas, preferiblemente iguales a las del documento de identificaci\u00f3n, del marino que solicita la validaci\u00f3n;<\/li>\n<li>original y copia del certificado correspondiente para el cual se solicita la validaci\u00f3n, con la \u00abApostilla de La Haya\u00bb emitida por el Ministerio de Relaciones Exteriores (ubicado en la Calle Arenales 819 &#8211; Buenos Aires &#8211; el horario de recepci\u00f3n se puede verificar en el sitio web <strong><a title=\"www.mrecic.gov.ar\" href=\"http:\/\/www.mrecic.gov.ar\/\" target=\"_blank\" rel=\"noopener\">www.mrecic.gov.ar<\/a><\/strong>).<\/li>\n<\/ul>\n<p>La Representaci\u00f3n que recibe la solicitud emitir\u00e1 una copia sellada de la solicitud (L.1.8) para su aceptaci\u00f3n y proceder\u00e1 a emitir la validaci\u00f3n del reconocimiento (Endorsement) despu\u00e9s de verificar, ante la autoridad del pa\u00eds que lo emiti\u00f3, la autenticidad y veracidad del certificado que habilita al marino para realizar las funciones requeridas.<\/p>\n<p><u>La validez del Endorsement es de 5 a\u00f1os a partir de la fecha de emisi\u00f3n, pero en cualquier caso no puede exceder la fecha de vencimiento del certificado reconocido.<\/u><\/p>\n<p>&nbsp;<\/p>\n<p><strong><a href=\"https:\/\/www.esteri.it\/it\/servizi-consolari-e-visti\/italiani-all-estero\/navigazione\/\">Mayor informaci\u00f3n<\/a> <\/strong><\/p>\n","protected":false},"excerpt":{"rendered":"El embarque de marinos extranjeros en barcos italianos se realiza despu\u00e9s de la emisi\u00f3n de un certificado de validaci\u00f3n (endorsement) en un formulario antifraude. \u00a0 Documentaci\u00f3n El trabajador marino extranjero deber\u00e1 presentar en la Representaci\u00f3n Diplom\u00e1tico-Consular presente en el pa\u00eds que emiti\u00f3 la certificaci\u00f3n STW78 la siguiente documentaci\u00f3n: solicitud de validaci\u00f3n del certificado IMO STCW95 [&hellip;]","protected":false},"author":5,"featured_media":0,"parent":205,"menu_order":0,"comment_status":"closed","ping_status":"closed","template":"","meta":{"footnotes":""},"class_list":["post-1672","page","type-page","status-publish","hentry"],"_links":{"self":[{"href":"https:\/\/consbuenosaires.esteri.it\/es\/wp-json\/wp\/v2\/pages\/1672","targetHints":{"allow":["GET"]}}],"collection":[{"href":"https:\/\/consbuenosaires.esteri.it\/es\/wp-json\/wp\/v2\/pages"}],"about":[{"href":"https:\/\/consbuenosaires.esteri.it\/es\/wp-json\/wp\/v2\/types\/page"}],"author":[{"embeddable":true,"href":"https:\/\/consbuenosaires.esteri.it\/es\/wp-json\/wp\/v2\/users\/5"}],"replies":[{"embeddable":true,"href":"https:\/\/consbuenosaires.esteri.it\/es\/wp-json\/wp\/v2\/comments?post=1672"}],"version-history":[{"count":0,"href":"https:\/\/consbuenosaires.esteri.it\/es\/wp-json\/wp\/v2\/pages\/1672\/revisions"}],"up":[{"embeddable":true,"href":"https:\/\/consbuenosaires.esteri.it\/es\/wp-json\/wp\/v2\/pages\/205"}],"wp:attachment":[{"href":"https:\/\/consbuenosaires.esteri.it\/es\/wp-json\/wp\/v2\/media?parent=1672"}],"curies":[{"name":"wp","href":"https:\/\/api.w.org\/{rel}","templated":true}]}}