{"id":1670,"date":"2023-05-31T18:06:50","date_gmt":"2023-05-31T16:06:50","guid":{"rendered":"https:\/\/consbuenosaires.esteri.it\/?page_id=1670"},"modified":"2023-08-09T19:47:36","modified_gmt":"2023-08-09T17:47:36","slug":"repatriacion-de-restos-y-cenizas-en-italia","status":"publish","type":"page","link":"https:\/\/consbuenosaires.esteri.it\/es\/servizi-consolari-e-visti\/servizi-per-il-cittadino-italiano\/servizi-notarili\/repatriacion-de-restos-y-cenizas-en-italia\/","title":{"rendered":"Repatriaci\u00f3n de restos y cenizas en Italia"},"content":{"rendered":"<p>El solicitante, o un apoderado, deber\u00e1 presentarse, habiendo previamente solicitado un turno, en la Oficina Notarial para llevar a cabo los tr\u00e1mites relacionados con el traslado de cenizas\/restos a Italia.<\/p>\n<p><strong>Documentaci\u00f3n<\/strong><\/p>\n<ul>\n<li>dos actas de defunci\u00f3n originales, una de ellas con \u00abApostilla de La Haya\u00bb emitida por el Ministerio de Relaciones Exteriores o el Colegio de Escribanos, ambas con su correspondiente traducci\u00f3n al italiano (si es necesario encontrar un traductor, consulte el siguiente sitio web: <strong><a class=\"\" title=\"www.traductores.org.ar\" href=\"http:\/\/www.traductores.org.ar\/\" target=\"_blank\" rel=\"noopener\" data-focus-mouse=\"false\">www.traductores.org.ar<\/a><\/strong>) + una copia;<\/li>\n<li>autorizaci\u00f3n para la sepultura de los restos mortales\/cenizas emitida por el municipio competente;<\/li>\n<li>(<u>en caso de cenizas<\/u>) certificado de cremaci\u00f3n (sin traducci\u00f3n);<\/li>\n<li>(<u>en caso de restos<\/u>) certificado m\u00e9dico (sin traducci\u00f3n) que indique que el fallecimiento no fue causado por una enfermedad infectocontagiosa. La firma del m\u00e9dico deber\u00e1 estar legalizada por el \u00abMinisterio de Salud\u00bb. En caso de fallecimiento reciente (24\/48 horas), tambi\u00e9n se requiere el \u00abCertificado de Tanatopraxia\u00bb emitido por la empresa funeraria, que indique que el cuerpo ha sido tratado seg\u00fan las normas internacionales vigentes en la actualidad. Pasadas 48 horas desde el fallecimiento, el certificado emitido por el m\u00e9dico tambi\u00e9n deber\u00e1 indicar que los restos mortales han sido sometidos a un tratamiento antiputrefacci\u00f3n mediante la introducci\u00f3n de al menos 500 ml de formalina en las cavidades corporales, despu\u00e9s de haber transcurrido el per\u00edodo de observaci\u00f3n correspondiente;<\/li>\n<li>indicar la aerol\u00ednea, vuelo, fecha de llegada a Italia y punto de entrada en la frontera.<\/li>\n<\/ul>\n<p>*La Oficina de competencia comunicar\u00e1 las instrucciones para la entrega de las cenizas\/restos.<\/p>\n<p>Una vez presentada la documentaci\u00f3n mencionada anteriormente, el Consulado solicitar\u00e1 al municipio el permiso para el ingreso de las cenizas\/restos mortales. Luego, se proceder\u00e1 a colocar los sellos correspondientes y entregar el pasaporte mortuorio junto con el acta de defunci\u00f3n legalizada.<\/p>\n<p>&nbsp;<\/p>\n<p><a href=\"https:\/\/www.esteri.it\/it\/servizi-consolari-e-visti\/italiani-all-estero\/assistenzacittadiniestero\/rimpatrio_salme\/\"><strong>Mayor informaci\u00f3n <\/strong><\/a><\/p>\n","protected":false},"excerpt":{"rendered":"El solicitante, o un apoderado, deber\u00e1 presentarse, habiendo previamente solicitado un turno, en la Oficina Notarial para llevar a cabo los tr\u00e1mites relacionados con el traslado de cenizas\/restos a Italia. Documentaci\u00f3n dos actas de defunci\u00f3n originales, una de ellas con \u00abApostilla de La Haya\u00bb emitida por el Ministerio de Relaciones Exteriores o el Colegio de [&hellip;]","protected":false},"author":5,"featured_media":0,"parent":205,"menu_order":0,"comment_status":"closed","ping_status":"closed","template":"","meta":{"footnotes":""},"class_list":["post-1670","page","type-page","status-publish","hentry"],"_links":{"self":[{"href":"https:\/\/consbuenosaires.esteri.it\/es\/wp-json\/wp\/v2\/pages\/1670","targetHints":{"allow":["GET"]}}],"collection":[{"href":"https:\/\/consbuenosaires.esteri.it\/es\/wp-json\/wp\/v2\/pages"}],"about":[{"href":"https:\/\/consbuenosaires.esteri.it\/es\/wp-json\/wp\/v2\/types\/page"}],"author":[{"embeddable":true,"href":"https:\/\/consbuenosaires.esteri.it\/es\/wp-json\/wp\/v2\/users\/5"}],"replies":[{"embeddable":true,"href":"https:\/\/consbuenosaires.esteri.it\/es\/wp-json\/wp\/v2\/comments?post=1670"}],"version-history":[{"count":0,"href":"https:\/\/consbuenosaires.esteri.it\/es\/wp-json\/wp\/v2\/pages\/1670\/revisions"}],"up":[{"embeddable":true,"href":"https:\/\/consbuenosaires.esteri.it\/es\/wp-json\/wp\/v2\/pages\/205"}],"wp:attachment":[{"href":"https:\/\/consbuenosaires.esteri.it\/es\/wp-json\/wp\/v2\/media?parent=1670"}],"curies":[{"name":"wp","href":"https:\/\/api.w.org\/{rel}","templated":true}]}}